{"id":10093,"date":"2024-07-08T17:33:49","date_gmt":"2024-07-08T15:33:49","guid":{"rendered":"https:\/\/tsvkuppingen.de\/lauftreff\/site\/?page_id=10093"},"modified":"2026-02-10T11:37:41","modified_gmt":"2026-02-10T10:37:41","slug":"leuchtende-mondfanger","status":"publish","type":"page","link":"https:\/\/tsvkuppingen.de\/lauftreff\/site\/?page_id=10093","title":{"rendered":"Leuchtende Mondf\u00e4nger"},"content":{"rendered":"<p><strong><strong>Beleuchtet laufen beim Mondf\u00e4ngerlauf<\/strong><\/strong><\/p>\n<p><img decoding=\"async\" src=\"https:\/\/tsvkuppingen.de\/lauftreff\/site\/wp-content\/uploads\/2026\/02\/Leuchtende-Mondfaenger-Banner-1026.png\" alt=\"LeuchtendeMondfaenger\" width=\"585\" class=\"alignnone size-full wp-image-1081\" \/><\/p>\n<p>Wie w\u00e4re es mit laufend leuchten oder leuchtend laufen beim <strong>Kuppinger Mondf\u00e4ngerlauf 2026<\/strong>?<\/p>\n<p>Wir suchen die L\u00e4uferin oder den L\u00e4ufer mit der <strong>originellsten Beleuchtung<\/strong>!<\/p>\n<p>Der Mondf\u00e4ngerlauf geht in die Nacht hinein. Am Streckenrand gibt es stimmungsvolle Beleuchtungen. Du kannst diese besondere Stimmung auch auf die Laufstrecke bringen &#8211; <strong>werde kreativ und leuchte<\/strong>!  Es gibt viele M\u00f6glichkeiten, von Knicklichtern, Weihnachtsbeleuchtung, \u00fcber fluoreszierende Kleidung bis hin zu elektronischen Basteleien.<br \/>\nEine Jury bewertet die <strong>\u201eBeleuchtungen\u201c<\/strong> &#8211; die kreativsten erhalten bei der Siegerehrung einen <strong>Sonderpreis<\/strong>. <\/p>\n<p>Also, schnapp dir deine <strong>leuchtenden Accessoires und sei dabei<\/strong> \u2013 der Kuppinger Mondf\u00e4ngerlauf verspricht ein leuchtendes Lauferlebnis! <\/p>\n","protected":false},"excerpt":{"rendered":"<p>Beleuchtet laufen beim Mondf\u00e4ngerlauf Wie w\u00e4re es mit laufend leuchten oder leuchtend laufen beim Kuppinger Mondf\u00e4ngerlauf 2026? Wir suchen die L\u00e4uferin oder den L\u00e4ufer mit der originellsten Beleuchtung! Der Mondf\u00e4ngerlauf geht in die Nacht hinein. Am Streckenrand gibt es stimmungsvolle Beleuchtungen. Du kannst diese besondere Stimmung auch auf die Laufstrecke bringen &#8211; werde kreativ und [&hellip;]<\/p>\n","protected":false},"author":4,"featured_media":0,"parent":11,"menu_order":2,"comment_status":"open","ping_status":"open","template":"","meta":{"ngg_post_thumbnail":0,"footnotes":""},"class_list":["post-10093","page","type-page","status-publish","hentry"],"_links":{"self":[{"href":"https:\/\/tsvkuppingen.de\/lauftreff\/site\/index.php?rest_route=\/wp\/v2\/pages\/10093","targetHints":{"allow":["GET"]}}],"collection":[{"href":"https:\/\/tsvkuppingen.de\/lauftreff\/site\/index.php?rest_route=\/wp\/v2\/pages"}],"about":[{"href":"https:\/\/tsvkuppingen.de\/lauftreff\/site\/index.php?rest_route=\/wp\/v2\/types\/page"}],"author":[{"embeddable":true,"href":"https:\/\/tsvkuppingen.de\/lauftreff\/site\/index.php?rest_route=\/wp\/v2\/users\/4"}],"replies":[{"embeddable":true,"href":"https:\/\/tsvkuppingen.de\/lauftreff\/site\/index.php?rest_route=%2Fwp%2Fv2%2Fcomments&post=10093"}],"version-history":[{"count":25,"href":"https:\/\/tsvkuppingen.de\/lauftreff\/site\/index.php?rest_route=\/wp\/v2\/pages\/10093\/revisions"}],"predecessor-version":[{"id":11621,"href":"https:\/\/tsvkuppingen.de\/lauftreff\/site\/index.php?rest_route=\/wp\/v2\/pages\/10093\/revisions\/11621"}],"up":[{"embeddable":true,"href":"https:\/\/tsvkuppingen.de\/lauftreff\/site\/index.php?rest_route=\/wp\/v2\/pages\/11"}],"wp:attachment":[{"href":"https:\/\/tsvkuppingen.de\/lauftreff\/site\/index.php?rest_route=%2Fwp%2Fv2%2Fmedia&parent=10093"}],"curies":[{"name":"wp","href":"https:\/\/api.w.org\/{rel}","templated":true}]}}