{"id":1012,"date":"2009-10-18T21:12:29","date_gmt":"2009-10-18T19:12:29","guid":{"rendered":"http:\/\/tsvkuppingen.de\/lauftreff\/site\/?page_id=1012"},"modified":"2019-09-20T22:48:14","modified_gmt":"2019-09-20T20:48:14","slug":"18-10-2009","status":"publish","type":"page","link":"https:\/\/tsvkuppingen.de\/lauftreff\/site\/?page_id=1012","title":{"rendered":"18.10.2009"},"content":{"rendered":"<p><strong>Bottwartal-Marathon<\/strong><\/p>\n<p>Der TSV hat Nachwuchs bei den Langstrecklern bekommen. Bei optimalem kalten Wetter hat R\u00fcdiger G\u00f6ser beim Bottwartal-Marathon f\u00fcr seinen erst zweiten Marathon-Lauf hervorragend zugeschlagen und in der Altersklasse M 35 hervorragende Ergebnisse gebracht. Er erreichte mit einer Zeit von 02:59:29 den 6.Platz in der Altersklasse und den 25. Platz in der Gesamtwertung M\u00e4nner. Michael hat seinen Frust vom Berlin-Marathon von 3:43 \u00fcberwunden und st\u00fcrmte mit kurzer Laufkleidung in einer Zeit von 03:24:50 auf den 2. Platz in der Altersklasse M 60 und erreichte noch den 110 Platz in der Gesamtwertung von 477 M\u00e4nnern. In der Frauenwertung gab es 62 Teilnehmerinnen beim Marathon. Die schnellste Frau, die Kenianerin Pamela Jemeli Kipchonge lief eine Zeit von 2:42:16. Der Gesamtsieger des Laufs war der Kenianer Titus Kipchumba Kosgei in einer Zeit von 02:29:05.<br \/>\nAnzumerken w\u00e4re noch, dass Michael  w\u00e4hrend des Laufes  Stefan Schmid von den Stichlingen aus Nebringen kennen gelernt hat. Leider hat er ihn nicht gefragt, ob die Stichlinge nicht zusammen f\u00fcr den TSV laufen m\u00f6chten.<br \/>\n<a href=\"https:\/\/tsvkuppingen.de\/lauftreff\/site\/?page_id=354&#038;album=all&#038;gallery=13\">Zu den Bildern<\/a><\/p>\n","protected":false},"excerpt":{"rendered":"<p>Bottwartal-Marathon Der TSV hat Nachwuchs bei den Langstrecklern bekommen. Bei optimalem kalten Wetter hat R\u00fcdiger G\u00f6ser beim Bottwartal-Marathon f\u00fcr seinen erst zweiten Marathon-Lauf hervorragend zugeschlagen und in der Altersklasse M 35 hervorragende Ergebnisse gebracht. Er erreichte mit einer Zeit von 02:59:29 den 6.Platz in der Altersklasse und den 25. Platz in der Gesamtwertung M\u00e4nner. Michael [&hellip;]<\/p>\n","protected":false},"author":2,"featured_media":0,"parent":32,"menu_order":99850000,"comment_status":"open","ping_status":"open","template":"","meta":{"ngg_post_thumbnail":0,"footnotes":""},"class_list":["post-1012","page","type-page","status-publish","hentry"],"_links":{"self":[{"href":"https:\/\/tsvkuppingen.de\/lauftreff\/site\/index.php?rest_route=\/wp\/v2\/pages\/1012","targetHints":{"allow":["GET"]}}],"collection":[{"href":"https:\/\/tsvkuppingen.de\/lauftreff\/site\/index.php?rest_route=\/wp\/v2\/pages"}],"about":[{"href":"https:\/\/tsvkuppingen.de\/lauftreff\/site\/index.php?rest_route=\/wp\/v2\/types\/page"}],"author":[{"embeddable":true,"href":"https:\/\/tsvkuppingen.de\/lauftreff\/site\/index.php?rest_route=\/wp\/v2\/users\/2"}],"replies":[{"embeddable":true,"href":"https:\/\/tsvkuppingen.de\/lauftreff\/site\/index.php?rest_route=%2Fwp%2Fv2%2Fcomments&post=1012"}],"version-history":[{"count":11,"href":"https:\/\/tsvkuppingen.de\/lauftreff\/site\/index.php?rest_route=\/wp\/v2\/pages\/1012\/revisions"}],"predecessor-version":[{"id":7983,"href":"https:\/\/tsvkuppingen.de\/lauftreff\/site\/index.php?rest_route=\/wp\/v2\/pages\/1012\/revisions\/7983"}],"up":[{"embeddable":true,"href":"https:\/\/tsvkuppingen.de\/lauftreff\/site\/index.php?rest_route=\/wp\/v2\/pages\/32"}],"wp:attachment":[{"href":"https:\/\/tsvkuppingen.de\/lauftreff\/site\/index.php?rest_route=%2Fwp%2Fv2%2Fmedia&parent=1012"}],"curies":[{"name":"wp","href":"https:\/\/api.w.org\/{rel}","templated":true}]}}