{"id":10437,"date":"2025-02-02T21:42:25","date_gmt":"2025-02-02T20:42:25","guid":{"rendered":"https:\/\/tsvkuppingen.de\/lauftreff\/site\/?page_id=10437"},"modified":"2025-02-02T21:42:25","modified_gmt":"2025-02-02T20:42:25","slug":"28-02-2025","status":"publish","type":"page","link":"https:\/\/tsvkuppingen.de\/lauftreff\/site\/?page_id=10437","title":{"rendered":"28.02.2025"},"content":{"rendered":"<p><H3>ABTEILUNGSVERSAMMLUNG 2025 <\/H3><br \/>\n<H3>Freitag, 28.02.2025 im TSV Sportheim, Beginn 20:00 Uhr<\/H3><\/p>\n<p>Zu unserer diesj\u00e4hrigen <strong>Abteilungsversammlung<\/strong> laden wir alle <strong>Mitglieder und Interessierte<\/strong> herzlich ein:<\/p>\n<p><strong>Tagesordnung<\/strong>:<br \/>\n&#8211; Begr\u00fc\u00dfung<br \/>\n&#8211; Berichte des Abteilungsrates in Bildern, Kassenbericht<br \/>\n&#8211; Entlastungen \/ Wahlen<br \/>\n&#8211; Ausblick 2025<br \/>\n&#8211; Sonstiges<\/p>\n<p>Antr\u00e4ge zur Tagesordnung sind bis 13.02.2025 schriftlich einzureichen an<br \/>\nClivia Schuker, Taunusstr. 14, 71083 Herrenberg oder per Email an<br \/>\nClivia.Schuker@t-online.de <\/p>\n","protected":false},"excerpt":{"rendered":"<p>ABTEILUNGSVERSAMMLUNG 2025 Freitag, 28.02.2025 im TSV Sportheim, Beginn 20:00 Uhr Zu unserer diesj\u00e4hrigen Abteilungsversammlung laden wir alle Mitglieder und Interessierte herzlich ein: Tagesordnung: &#8211; Begr\u00fc\u00dfung &#8211; Berichte des Abteilungsrates in Bildern, Kassenbericht &#8211; Entlastungen \/ Wahlen &#8211; Ausblick 2025 &#8211; Sonstiges Antr\u00e4ge zur Tagesordnung sind bis 13.02.2025 schriftlich einzureichen an Clivia Schuker, Taunusstr. 14, 71083 [&hellip;]<\/p>\n","protected":false},"author":4,"featured_media":0,"parent":32,"menu_order":9909000,"comment_status":"closed","ping_status":"closed","template":"","meta":{"ngg_post_thumbnail":0,"footnotes":""},"class_list":["post-10437","page","type-page","status-publish","hentry"],"_links":{"self":[{"href":"https:\/\/tsvkuppingen.de\/lauftreff\/site\/index.php?rest_route=\/wp\/v2\/pages\/10437","targetHints":{"allow":["GET"]}}],"collection":[{"href":"https:\/\/tsvkuppingen.de\/lauftreff\/site\/index.php?rest_route=\/wp\/v2\/pages"}],"about":[{"href":"https:\/\/tsvkuppingen.de\/lauftreff\/site\/index.php?rest_route=\/wp\/v2\/types\/page"}],"author":[{"embeddable":true,"href":"https:\/\/tsvkuppingen.de\/lauftreff\/site\/index.php?rest_route=\/wp\/v2\/users\/4"}],"replies":[{"embeddable":true,"href":"https:\/\/tsvkuppingen.de\/lauftreff\/site\/index.php?rest_route=%2Fwp%2Fv2%2Fcomments&post=10437"}],"version-history":[{"count":1,"href":"https:\/\/tsvkuppingen.de\/lauftreff\/site\/index.php?rest_route=\/wp\/v2\/pages\/10437\/revisions"}],"predecessor-version":[{"id":10438,"href":"https:\/\/tsvkuppingen.de\/lauftreff\/site\/index.php?rest_route=\/wp\/v2\/pages\/10437\/revisions\/10438"}],"up":[{"embeddable":true,"href":"https:\/\/tsvkuppingen.de\/lauftreff\/site\/index.php?rest_route=\/wp\/v2\/pages\/32"}],"wp:attachment":[{"href":"https:\/\/tsvkuppingen.de\/lauftreff\/site\/index.php?rest_route=%2Fwp%2Fv2%2Fmedia&parent=10437"}],"curies":[{"name":"wp","href":"https:\/\/api.w.org\/{rel}","templated":true}]}}