{"id":10533,"date":"2025-07-14T17:31:24","date_gmt":"2025-07-14T15:31:24","guid":{"rendered":"https:\/\/tsvkuppingen.de\/lauftreff\/site\/?page_id=10533"},"modified":"2025-11-25T11:34:48","modified_gmt":"2025-11-25T10:34:48","slug":"2025-2","status":"publish","type":"page","link":"https:\/\/tsvkuppingen.de\/lauftreff\/site\/?page_id=10533","title":{"rendered":"2025"},"content":{"rendered":"<h4>21.11.2025  Sch\u00f6nbuch-Cup Jubil\u00e4um und Siegerehrung mit D. Baumann<\/h4>\nngg_shortcode_0_placeholder\n<h4>11.10.2025  15. Kuppinger Mondf\u00e4ngerlauf (TSV L\u00e4ufer*innen)<\/h4>\nngg_shortcode_1_placeholder\n<h4>11.10.2025  15. Kuppinger Mondf\u00e4ngerlauf <\/h4>\nngg_shortcode_2_placeholder\n<h4>13.09.2025  38. Dagersheimer Waldlauf Speedrace<\/h4>\nngg_shortcode_3_placeholder\n<h4> 27.07.2025  37. Mercaden B\u00f6blingen Stadtlauf<\/h4>\nngg_shortcode_4_placeholder\n<h4>13.07.2025  Staffellauf in Haslach<\/h4>\nngg_shortcode_5_placeholder\n<h4>27.04.2025  10. Riedlauf &#8211; Weil der Stadt-Merklingen<\/h4>\n<p>ngg_shortcode_6_placeholder<br \/>\n<!-- 11.10.2025 <a href=\"https:\/\/c.web.de\/@337206522373215861\/HbgcRY7I79SClmFFdGMiBw\" target=\"_blank\" rel=\"noopener\">15. Kuppinger Mondf\u00e4ngerlauf<\/a> --><br \/>\n<!-- 13.09.2025 <a href=\"https:\/\/c.web.de\/@337206522373215861\/GJSzpGvbFiJE2rzGPsEP6Q\" target=\"_blank\" rel=\"noopener\">38. Dagersheimer Waldlauf Speedrace<\/a> --><br \/>\n<!-- 27.07.2025 <a href=\"https:\/\/c.web.de\/@337206522373215861\/ZcrPptuPXai4AMXmn3rydg\" target=\"_blank\" rel=\"noopener\">37. Mercaden B\u00f6blingen Stadtlauf<\/a> --><br \/>\n<!-- 13.07.2025 <a href=\"https:\/\/c.web.de\/@337206522373215861\/0XmVmNuotlfHFc0dwhDygg\" target=\"_blank\" rel=\"noopener\">Staffellauf in Haslach<\/a> --><br \/>\n<!-- 27.04.2025 <a href=\"https:\/\/c.web.de\/@337206522373215861\/WsPyPA5JLEqPgzG-Pk1-Kg\" target=\"_blank\" rel=\"noopener\">10. Riedlauf - Weil der Stadt-Merklingen<\/a> --><\/p>\n","protected":false},"excerpt":{"rendered":"<p>21.11.2025 Sch\u00f6nbuch-Cup Jubil\u00e4um und Siegerehrung mit D. Baumann 11.10.2025 15. Kuppinger Mondf\u00e4ngerlauf (TSV L\u00e4ufer*innen) 11.10.2025 15. Kuppinger Mondf\u00e4ngerlauf 13.09.2025 38. Dagersheimer Waldlauf Speedrace 27.07.2025 37. Mercaden B\u00f6blingen Stadtlauf 13.07.2025 Staffellauf in Haslach 27.04.2025 10. Riedlauf &#8211; Weil der Stadt-Merklingen<\/p>\n","protected":false},"author":4,"featured_media":0,"parent":99,"menu_order":84,"comment_status":"closed","ping_status":"closed","template":"","meta":{"ngg_post_thumbnail":0,"footnotes":""},"class_list":["post-10533","page","type-page","status-publish","hentry"],"_links":{"self":[{"href":"https:\/\/tsvkuppingen.de\/lauftreff\/site\/index.php?rest_route=\/wp\/v2\/pages\/10533","targetHints":{"allow":["GET"]}}],"collection":[{"href":"https:\/\/tsvkuppingen.de\/lauftreff\/site\/index.php?rest_route=\/wp\/v2\/pages"}],"about":[{"href":"https:\/\/tsvkuppingen.de\/lauftreff\/site\/index.php?rest_route=\/wp\/v2\/types\/page"}],"author":[{"embeddable":true,"href":"https:\/\/tsvkuppingen.de\/lauftreff\/site\/index.php?rest_route=\/wp\/v2\/users\/4"}],"replies":[{"embeddable":true,"href":"https:\/\/tsvkuppingen.de\/lauftreff\/site\/index.php?rest_route=%2Fwp%2Fv2%2Fcomments&post=10533"}],"version-history":[{"count":32,"href":"https:\/\/tsvkuppingen.de\/lauftreff\/site\/index.php?rest_route=\/wp\/v2\/pages\/10533\/revisions"}],"predecessor-version":[{"id":11540,"href":"https:\/\/tsvkuppingen.de\/lauftreff\/site\/index.php?rest_route=\/wp\/v2\/pages\/10533\/revisions\/11540"}],"up":[{"embeddable":true,"href":"https:\/\/tsvkuppingen.de\/lauftreff\/site\/index.php?rest_route=\/wp\/v2\/pages\/99"}],"wp:attachment":[{"href":"https:\/\/tsvkuppingen.de\/lauftreff\/site\/index.php?rest_route=%2Fwp%2Fv2%2Fmedia&parent=10533"}],"curies":[{"name":"wp","href":"https:\/\/api.w.org\/{rel}","templated":true}]}}