{"id":11,"date":"2009-05-11T21:35:31","date_gmt":"2009-05-11T19:35:31","guid":{"rendered":"http:\/\/tsvkuppingen.de\/lauftreff\/site\/?page_id=11"},"modified":"2026-02-06T17:55:34","modified_gmt":"2026-02-06T16:55:34","slug":"mondfangerlauf","status":"publish","type":"page","link":"https:\/\/tsvkuppingen.de\/lauftreff\/site\/?page_id=11","title":{"rendered":"Mondf\u00e4ngerlauf"},"content":{"rendered":"<table border=\"0\" width=\"624\" cellspacing=\"1\" cellpadding=\"10\">\n<tbody>\n<tr style=\"background-color: #ffffff;\">\n<td valign=\"middle;\" width=\"82;\" height=\"56&quot;\"><a href=\"https:\/\/www.grafwohnbau.de\"><img loading=\"lazy\" decoding=\"async\" src=\"https:\/\/tsvkuppingen.de\/lauftreff\/site\/wp-content\/uploads\/2022\/09\/L-GrafWB.jpg\" alt=\"\" width=\"74\" height=\"51\"><\/a><\/td>\n<td valign=\"middle;\" width=\"82;\" height=\"56&quot;\"><a href=\"https:\/\/www.karosserieneuffer.de\"><img loading=\"lazy\" decoding=\"async\" src=\"https:\/\/tsvkuppingen.de\/lauftreff\/site\/wp-content\/uploads\/2022\/09\/L-KNeuffer.jpg\" alt=\"\" width=\"74\" height=\"51\"><\/a><\/td>\n<td valign=\"middle;\" width=\"82\" height=\"56&quot;\"><a href=\"https:\/\/www.krone-kuppingen.de\"><img loading=\"lazy\" decoding=\"async\" src=\"https:\/\/tsvkuppingen.de\/lauftreff\/site\/wp-content\/uploads\/2022\/10\/L-Krone1.jpg\" alt=\"krone\" width=\"74\" height=\"51\"><\/a><\/td>\n<td valign=\"middle;\" width=\"82;\" height=\"56&quot;\"><a href=\"https:\/\/www.stahlsportshop.de\"><img loading=\"lazy\" decoding=\"async\" src=\"https:\/\/tsvkuppingen.de\/lauftreff\/site\/wp-content\/uploads\/2022\/10\/L-SSShop.jpg\" alt=\"stahl\" width=\"74\" height=\"51\"><\/a><\/td>\n<td valign=\"middle;\" width=\"82;\" height=\"56&quot;\"><a href=\"https:\/\/ibmohr.de\"><img loading=\"lazy\" decoding=\"async\" src=\"https:\/\/tsvkuppingen.de\/lauftreff\/site\/wp-content\/uploads\/2022\/09\/L-TMohr.jpg\" alt=\"\" width=\"74\" height=\"51\"><\/a><\/td>\n<td valign=\"middle;\" width=\"82;\" height=\"56&quot;\"><a href=\"https:\/\/www.oeffnungszeitenbuch.de\/filiale\/Gaeufelden-RG-Malerdesign%2520Fritz%2520%2526%2520Garthoff-3069116M.html\"><img loading=\"lazy\" decoding=\"async\" src=\"https:\/\/tsvkuppingen.de\/lauftreff\/site\/wp-content\/uploads\/2022\/10\/L-RG\" alt=\"\" width=\"74\" height=\"51\"><\/a><\/td>\n<td valign=\"middle;\" width=\"82;\" height=\"56&quot;\"><img loading=\"lazy\" decoding=\"async\" src=\"https:\/\/tsvkuppingen.de\/lauftreff\/site\/wp-content\/uploads\/2022\/10\/L-TMarquardt\" alt=\"\" width=\"74\" height=\"51\"><\/td>\n<td valign=\"middle;\" width=\"82;\" height=\"56&quot;\"><a href=\"https:\/\/firmeneintrag.creditreform.de\/71083\/7330825340\/DIETER_HERRMANN_MONTAGEBAU_UND_BODENVERLEGUNG\"><img loading=\"lazy\" decoding=\"async\" src=\"https:\/\/tsvkuppingen.de\/lauftreff\/site\/wp-content\/uploads\/2022\/12\/L-DHermann.jpg\" alt=\"\" width=\"74\" height=\"51\"><\/a><\/td>\n<\/tr>\n<\/tbody>\n<\/table>\n<p><!--\n\n\n<p style=\"color: #ff0000; text-align: left-align;\"X<strongXACHTUNG, bitte beachten: Aufgrund der pandemischen Lage kann es zu gravierenden \u00c4nderungen des geplanten Laufes kommen. Wir sind bem\u00fcht zeitnah und regelkonform zu reagieren. Deshalb empfehlen wir dringend hin und wieder einen Blick auf die Ausschreibung zu werfen!<\/strongX<\/pX --> <!--<\/p>\n\n\n\n\n<p style=\"color: #ff0000; text-align: center;\"X<strongX- - - A B G E S A G T\u00a0 - - -<\/strongX><\/pX\n\n\n<p style=\"color: #ff0000; text-align: center;\"X<strongXDie aktuelle Veranstaltung am 10.10.2020 ist aufgrund der Corona-Pandemie abgesagt!<\/strongX<\/pX\n\n\n<p style=\"color: #ff0000; text-align: center;\"X<strongX- - - A B G E S A G T  - - -<\/strongX<\/pX -->\n<p style=\"text-align: center;\"><a href=\"https:\/\/tsvkuppingen.de\/lauftreff\/site\/wp-content\/uploads\/2026\/02\/Ortsschild26.jpg\"><img loading=\"lazy\" decoding=\"async\" class=\"alignnone size-medium wp-image-2987\" title=\"MFL'24\" src=\"https:\/\/tsvkuppingen.de\/lauftreff\/site\/wp-content\/uploads\/2026\/02\/Ortsschild26.jpg\" alt=\"MFL'26\" width=\"300\" height=\"300\"><\/a><\/p>\n<p style=\"text-align: left;\">Im Jahr 2009 l\u00f6ste der <strong>1. Kuppinger Mondf\u00e4ngerlauf<\/strong> nach 15 Jahren den \u00fcberregional bekannten Zigeunerberglauf ab.<\/p>\n<p><strong>\u201eDer Mondf\u00e4ngerlauf\u201c<\/strong>, \u00fcbrigens eine Anspielung auf den Ortsnecknamen der Kuppinger <strong>\u201eDie Maof\u00e4nger\u201c<\/strong>, ist ein Lauf in die Nacht hinein und sorgt durch <strong>illuminierte Streckenabschnitte<\/strong> f\u00fcr eine besondere Lauf-Stimmung.<\/p>\n<p>Der Mondf\u00e4ngerlauf ist der sechste und damit letzte Lauf der <strong>Sch\u00f6nbuch-Cup<\/strong> Serie. Er findet immer am <strong>zweiten Samstag im Oktober<\/strong> statt.<\/p>\n<p>Die <strong>Anmeldung <\/strong>und das Abrufen von <strong>Ergebnissen<\/strong> erfolgt zentral \u00fcber die <a href=\"https:\/\/www.schoenbuch-cup.de\/\" target=\"_blank\" rel=\"noopener\">Home page des Sch\u00f6nbuch-Cups<\/a>.<\/p>\n<table border=\"0\" width=\"624\" cellspacing=\"1\" cellpadding=\"10\">\n<tbody>\n<tr style=\"background-color: #ffffff;\">\n<td valign=\"middle;\" width=\"82;\" height=\"56&quot;\"><a href=\"https:\/\/www.grafwohnbau.de\"><img loading=\"lazy\" decoding=\"async\" src=\"https:\/\/tsvkuppingen.de\/lauftreff\/site\/wp-content\/uploads\/2022\/09\/L-GrafWB.jpg\" alt=\"\" width=\"74\" height=\"51\"><\/a><\/td>\n<td valign=\"middle;\" width=\"82;\" height=\"56&quot;\"><a href=\"https:\/\/www.karosserieneuffer.de\"><img loading=\"lazy\" decoding=\"async\" src=\"https:\/\/tsvkuppingen.de\/lauftreff\/site\/wp-content\/uploads\/2022\/09\/L-KNeuffer.jpg\" alt=\"\" width=\"74\" height=\"51\"><\/a><\/td>\n<td valign=\"middle;\" width=\"82\" height=\"56&quot;\"><a href=\"https:\/\/www.krone-kuppingen.de\"><img loading=\"lazy\" decoding=\"async\" src=\"https:\/\/tsvkuppingen.de\/lauftreff\/site\/wp-content\/uploads\/2022\/10\/L-Krone1.jpg\" alt=\"krone\" width=\"74\" height=\"51\"><\/a><\/td>\n<td valign=\"middle;\" width=\"82;\" height=\"56&quot;\"><a href=\"https:\/\/www.stahlsportshop.de\"><img loading=\"lazy\" decoding=\"async\" src=\"https:\/\/tsvkuppingen.de\/lauftreff\/site\/wp-content\/uploads\/2022\/10\/L-SSShop.jpg\" alt=\"stahl\" width=\"74\" height=\"51\"><\/a><\/td>\n<td valign=\"middle;\" width=\"82;\" height=\"56&quot;\"><a href=\"https:\/\/ibmohr.de\"><img loading=\"lazy\" decoding=\"async\" src=\"https:\/\/tsvkuppingen.de\/lauftreff\/site\/wp-content\/uploads\/2022\/09\/L-TMohr.jpg\" alt=\"\" width=\"74\" height=\"51\"><\/a><\/td>\n<td valign=\"middle;\" width=\"82;\" height=\"56&quot;\"><a href=\"https:\/\/www.oeffnungszeitenbuch.de\/filiale\/Gaeufelden-RG-Malerdesign%2520Fritz%2520%2526%2520Garthoff-3069116M.html\"><img loading=\"lazy\" decoding=\"async\" src=\"https:\/\/tsvkuppingen.de\/lauftreff\/site\/wp-content\/uploads\/2022\/10\/L-RG\" alt=\"\" width=\"74\" height=\"51\"><\/a><\/td>\n<td valign=\"middle;\" width=\"82;\" height=\"56&quot;\"><img loading=\"lazy\" decoding=\"async\" src=\"https:\/\/tsvkuppingen.de\/lauftreff\/site\/wp-content\/uploads\/2022\/10\/L-TMarquardt\" alt=\"\" width=\"74\" height=\"51\"><\/td>\n<td valign=\"middle;\" width=\"82;\" height=\"56&quot;\"><a href=\"https:\/\/firmeneintrag.creditreform.de\/71083\/7330825340\/DIETER_HERRMANN_MONTAGEBAU_UND_BODENVERLEGUNG\"><img loading=\"lazy\" decoding=\"async\" src=\"https:\/\/tsvkuppingen.de\/lauftreff\/site\/wp-content\/uploads\/2022\/12\/L-DHermann.jpg\" alt=\"\" width=\"74\" height=\"51\"><\/a><\/td>\n<\/tr>\n<\/tbody>\n<\/table>\n<p style=\"text-align: left;\">&nbsp;<\/p>\n","protected":false},"excerpt":{"rendered":"<p>Im Jahr 2009 l\u00f6ste der 1. Kuppinger Mondf\u00e4ngerlauf nach 15 Jahren den \u00fcberregional bekannten Zigeunerberglauf ab. \u201eDer Mondf\u00e4ngerlauf\u201c, \u00fcbrigens eine Anspielung auf den Ortsnecknamen der Kuppinger \u201eDie Maof\u00e4nger\u201c, ist ein Lauf in die Nacht hinein und sorgt durch illuminierte Streckenabschnitte f\u00fcr eine besondere Lauf-Stimmung. Der Mondf\u00e4ngerlauf ist der sechste und damit letzte Lauf der Sch\u00f6nbuch-Cup [&hellip;]<\/p>\n","protected":false},"author":1,"featured_media":0,"parent":2,"menu_order":2,"comment_status":"closed","ping_status":"closed","template":"","meta":{"ngg_post_thumbnail":0,"footnotes":""},"class_list":["post-11","page","type-page","status-publish","hentry"],"_links":{"self":[{"href":"https:\/\/tsvkuppingen.de\/lauftreff\/site\/index.php?rest_route=\/wp\/v2\/pages\/11","targetHints":{"allow":["GET"]}}],"collection":[{"href":"https:\/\/tsvkuppingen.de\/lauftreff\/site\/index.php?rest_route=\/wp\/v2\/pages"}],"about":[{"href":"https:\/\/tsvkuppingen.de\/lauftreff\/site\/index.php?rest_route=\/wp\/v2\/types\/page"}],"author":[{"embeddable":true,"href":"https:\/\/tsvkuppingen.de\/lauftreff\/site\/index.php?rest_route=\/wp\/v2\/users\/1"}],"replies":[{"embeddable":true,"href":"https:\/\/tsvkuppingen.de\/lauftreff\/site\/index.php?rest_route=%2Fwp%2Fv2%2Fcomments&post=11"}],"version-history":[{"count":63,"href":"https:\/\/tsvkuppingen.de\/lauftreff\/site\/index.php?rest_route=\/wp\/v2\/pages\/11\/revisions"}],"predecessor-version":[{"id":11608,"href":"https:\/\/tsvkuppingen.de\/lauftreff\/site\/index.php?rest_route=\/wp\/v2\/pages\/11\/revisions\/11608"}],"up":[{"embeddable":true,"href":"https:\/\/tsvkuppingen.de\/lauftreff\/site\/index.php?rest_route=\/wp\/v2\/pages\/2"}],"wp:attachment":[{"href":"https:\/\/tsvkuppingen.de\/lauftreff\/site\/index.php?rest_route=%2Fwp%2Fv2%2Fmedia&parent=11"}],"curies":[{"name":"wp","href":"https:\/\/api.w.org\/{rel}","templated":true}]}}