{"id":1107,"date":"2009-11-09T23:31:50","date_gmt":"2009-11-09T21:31:50","guid":{"rendered":"http:\/\/tsvkuppingen.de\/lauftreff\/site\/?page_id=1107"},"modified":"2019-09-20T22:47:54","modified_gmt":"2019-09-20T20:47:54","slug":"07-11-2009","status":"publish","type":"page","link":"https:\/\/tsvkuppingen.de\/lauftreff\/site\/?page_id=1107","title":{"rendered":"07.11.2009"},"content":{"rendered":"<p><strong>Kids beweisen Ausdauer<\/strong><\/p>\n<p>Dass Kinder nicht nur bei Computerspielen Ausdauer haben, bewiesen zehn der Kuppinger Laufkids sehr eindr\u00fccklich.<br \/>\nLaufen ohne Pause, unabh\u00e4ngig von Distanz und Geschwindigkeit, laufen \u00fcber eine vorgegebene Zeitspanne, das ist das Ziel des Laufabzeichens. 30, 60 und sogar 90 Minuten lang hielten die Nachwuchsl\u00e4ufer scheinbar m\u00fchelos durch. Zwischen acht und elf Jahren waren fast alle der jungen Teilnehmer.<\/p>\n<div id=\"attachment_1108\" style=\"width: 570px\" class=\"wp-caption alignnone\"><a href=\"https:\/\/tsvkuppingen.de\/lauftreff\/site\/wp-content\/uploads\/2009\/11\/Laufabzeichen.JPG\"><img decoding=\"async\" aria-describedby=\"caption-attachment-1108\" class=\"size-full wp-image-1108\" title=\"Laufabzeichen\" src=\"https:\/\/tsvkuppingen.de\/lauftreff\/site\/wp-content\/uploads\/2009\/11\/Laufabzeichen.JPG\" alt=\"Laufkids vor dem Start\" width=\"560\" srcset=\"https:\/\/tsvkuppingen.de\/lauftreff\/site\/wp-content\/uploads\/2009\/11\/Laufabzeichen.JPG 640w, https:\/\/tsvkuppingen.de\/lauftreff\/site\/wp-content\/uploads\/2009\/11\/Laufabzeichen-300x200.jpg 300w\" sizes=\"(max-width: 640px) 100vw, 640px\" \/><\/a><p id=\"caption-attachment-1108\" class=\"wp-caption-text\">Kids beweisen Ausdauer<\/p><\/div>\n<p><strong>Das Laufabzeichen \u00fcber 30 Minuten erhalten:<\/strong><br \/>\nKim Raschbacher<br \/>\nChantal St\u00fcmpel<br \/>\nLuca Sautter<br \/>\nPascal Schmid<br \/>\nDominique St\u00fcmpel und<br \/>\nYannick Funk.<\/p>\n<p><strong>\u00dcber 60 Minuten d\u00fcrfen sich<\/strong><br \/>\nLea Schuker<br \/>\nHannah Wagenknecht und<br \/>\nJulian Schmid freuen.<\/p>\n<p>Bereits <strong>90 Minuten<\/strong> laufen (ohne mit der Wimper zu zucken) kann der Sechstkl\u00e4ssler Jonas Wagenknecht!<\/p>\n<p>Den Rest der gut 50 Bewegungsbegeisterten stellten am vergangenen Samstag die erwachsenen L\u00e4ufer und die Walker. Gemeinsam mit den Kindern gingen sie auf die Strecken des Kuppinger Laufparks.<br \/>\nUnterst\u00fctzt wird die Abnahme des Lauf- und Walkingabzeichens von einigen Krankenkassen, die diese vorbeugenden Leistungen innerhalb der Bonus-Programme anerkennen.<br \/>\nDer Lauftreff bietet diese Abnahme j\u00e4hrlich zum Saisonende an.<\/p>\n<p><strong>Saisonabschlussfeier des TSV Kuppingen<\/strong><br \/>\nTraditionell findet der Saisonabschluss der Abteilung Lauftreff nach der Abnahme des Laufabzeichens statt.<br \/>\nIm Rahmen der Saisonabschlussfeier werden die Teilnehmer, die 30\/60\/90 oder 120 Minuten gelaufen oder gewalkt sind, geehrt.<br \/>\nZu Beginn des Abends bedankte sich Abteilungsleiterin Clivia Schuker f\u00fcr die gute Zusammenarbeit der L\u00e4ufer und Walker die unter dem Dach des Lauftreffs eine Einheit bilden. Hervorzuheben war, dass es im vergangenen Jahr wieder zahlreiche Veranstaltungen gab, die sowohl L\u00e4ufer als auch Walker besuchten und unterst\u00fctzten. Beim B\u00fcffet wurde dann schon \u00fcber weiter anstehende Veranstaltungen gesprochen, denn eigentlich gibt es keinen Saisonabschluss f\u00fcr die Mitglieder des Lauftreff, trotz eingesperrter Joggingschuhe (von Bruno)stehen f\u00fcr einige L\u00e4ufer noch Wettk\u00e4mpfe an.<br \/>\nAuch ein kleiner Ausblick auf das Jahr 2010 l\u00e4utete fast schon die neue Saison ein, ganz nach dem Motto \u201enach dem Lauf ist vor dem Lauf\u201c.<\/p>\n<div id=\"attachment_1109\" style=\"width: 570px\" class=\"wp-caption alignnone\"><a href=\"https:\/\/tsvkuppingen.de\/lauftreff\/site\/wp-content\/uploads\/2009\/11\/Saisonabschluss.JPG\"><img decoding=\"async\" aria-describedby=\"caption-attachment-1109\" class=\"size-full wp-image-1109\" title=\"Saisonabschluss\" src=\"https:\/\/tsvkuppingen.de\/lauftreff\/site\/wp-content\/uploads\/2009\/11\/Saisonabschluss.JPG\" alt=\"Saisonabschluss\" width=\"560\" srcset=\"https:\/\/tsvkuppingen.de\/lauftreff\/site\/wp-content\/uploads\/2009\/11\/Saisonabschluss.JPG 640w, https:\/\/tsvkuppingen.de\/lauftreff\/site\/wp-content\/uploads\/2009\/11\/Saisonabschluss-300x200.jpg 300w\" sizes=\"(max-width: 640px) 100vw, 640px\" \/><\/a><p id=\"caption-attachment-1109\" class=\"wp-caption-text\">Saisonabschluss<\/p><\/div>\n","protected":false},"excerpt":{"rendered":"<p>Kids beweisen Ausdauer Dass Kinder nicht nur bei Computerspielen Ausdauer haben, bewiesen zehn der Kuppinger Laufkids sehr eindr\u00fccklich. Laufen ohne Pause, unabh\u00e4ngig von Distanz und Geschwindigkeit, laufen \u00fcber eine vorgegebene Zeitspanne, das ist das Ziel des Laufabzeichens. 30, 60 und sogar 90 Minuten lang hielten die Nachwuchsl\u00e4ufer scheinbar m\u00fchelos durch. Zwischen acht und elf Jahren [&hellip;]<\/p>\n","protected":false},"author":2,"featured_media":0,"parent":32,"menu_order":99830000,"comment_status":"open","ping_status":"open","template":"","meta":{"ngg_post_thumbnail":0,"footnotes":""},"class_list":["post-1107","page","type-page","status-publish","hentry"],"_links":{"self":[{"href":"https:\/\/tsvkuppingen.de\/lauftreff\/site\/index.php?rest_route=\/wp\/v2\/pages\/1107","targetHints":{"allow":["GET"]}}],"collection":[{"href":"https:\/\/tsvkuppingen.de\/lauftreff\/site\/index.php?rest_route=\/wp\/v2\/pages"}],"about":[{"href":"https:\/\/tsvkuppingen.de\/lauftreff\/site\/index.php?rest_route=\/wp\/v2\/types\/page"}],"author":[{"embeddable":true,"href":"https:\/\/tsvkuppingen.de\/lauftreff\/site\/index.php?rest_route=\/wp\/v2\/users\/2"}],"replies":[{"embeddable":true,"href":"https:\/\/tsvkuppingen.de\/lauftreff\/site\/index.php?rest_route=%2Fwp%2Fv2%2Fcomments&post=1107"}],"version-history":[{"count":9,"href":"https:\/\/tsvkuppingen.de\/lauftreff\/site\/index.php?rest_route=\/wp\/v2\/pages\/1107\/revisions"}],"predecessor-version":[{"id":7982,"href":"https:\/\/tsvkuppingen.de\/lauftreff\/site\/index.php?rest_route=\/wp\/v2\/pages\/1107\/revisions\/7982"}],"up":[{"embeddable":true,"href":"https:\/\/tsvkuppingen.de\/lauftreff\/site\/index.php?rest_route=\/wp\/v2\/pages\/32"}],"wp:attachment":[{"href":"https:\/\/tsvkuppingen.de\/lauftreff\/site\/index.php?rest_route=%2Fwp%2Fv2%2Fmedia&parent=1107"}],"curies":[{"name":"wp","href":"https:\/\/api.w.org\/{rel}","templated":true}]}}