{"id":11610,"date":"2026-02-06T21:23:07","date_gmt":"2026-02-06T20:23:07","guid":{"rendered":"https:\/\/tsvkuppingen.de\/lauftreff\/site\/?page_id=11610"},"modified":"2026-02-06T22:32:59","modified_gmt":"2026-02-06T21:32:59","slug":"13-02-2026","status":"publish","type":"page","link":"https:\/\/tsvkuppingen.de\/lauftreff\/site\/?page_id=11610","title":{"rendered":"13.02.2026"},"content":{"rendered":"<p><H3>ABTEILUNGSVERSAMMLUNG 2026 <\/H3><br \/>\n<H3>Freitag, 13.02.2026 im TSV Sportheim, Beginn 20:00 Uhr<\/H3><\/p>\n<p>Zu unserer diesj\u00e4hrigen <strong>Abteilungsversammlung<\/strong> laden wir alle <strong>Mitglieder und Interessierte<\/strong> herzlich ein:<\/p>\n<p><strong>Tagesordnung<\/strong>:<br \/>\n&#8211; Begr\u00fc\u00dfung<br \/>\n&#8211; Berichte des Abteilungsrates in Bildern, Kassenbericht<br \/>\n&#8211; Entlastungen \/ Wahlen<br \/>\n&#8211; Ausblick 2026<br \/>\n&#8211; Sonstiges<\/p>\n<p>Antr\u00e4ge zur Tagesordnung sind bis 05.02.2026 schriftlich einzureichen an<br \/>\nClivia Schuker, Taunusstr. 14, 71083 Herrenberg oder per Email an<br \/>\nClivia.Schuker@t-online.de <\/p>\n","protected":false},"excerpt":{"rendered":"<p>ABTEILUNGSVERSAMMLUNG 2026 Freitag, 13.02.2026 im TSV Sportheim, Beginn 20:00 Uhr Zu unserer diesj\u00e4hrigen Abteilungsversammlung laden wir alle Mitglieder und Interessierte herzlich ein: Tagesordnung: &#8211; Begr\u00fc\u00dfung &#8211; Berichte des Abteilungsrates in Bildern, Kassenbericht &#8211; Entlastungen \/ Wahlen &#8211; Ausblick 2026 &#8211; Sonstiges Antr\u00e4ge zur Tagesordnung sind bis 05.02.2026 schriftlich einzureichen an Clivia Schuker, Taunusstr. 14, 71083 [&hellip;]<\/p>\n","protected":false},"author":4,"featured_media":0,"parent":32,"menu_order":9908999,"comment_status":"closed","ping_status":"closed","template":"","meta":{"ngg_post_thumbnail":0,"footnotes":""},"class_list":["post-11610","page","type-page","status-publish","hentry"],"_links":{"self":[{"href":"https:\/\/tsvkuppingen.de\/lauftreff\/site\/index.php?rest_route=\/wp\/v2\/pages\/11610","targetHints":{"allow":["GET"]}}],"collection":[{"href":"https:\/\/tsvkuppingen.de\/lauftreff\/site\/index.php?rest_route=\/wp\/v2\/pages"}],"about":[{"href":"https:\/\/tsvkuppingen.de\/lauftreff\/site\/index.php?rest_route=\/wp\/v2\/types\/page"}],"author":[{"embeddable":true,"href":"https:\/\/tsvkuppingen.de\/lauftreff\/site\/index.php?rest_route=\/wp\/v2\/users\/4"}],"replies":[{"embeddable":true,"href":"https:\/\/tsvkuppingen.de\/lauftreff\/site\/index.php?rest_route=%2Fwp%2Fv2%2Fcomments&post=11610"}],"version-history":[{"count":2,"href":"https:\/\/tsvkuppingen.de\/lauftreff\/site\/index.php?rest_route=\/wp\/v2\/pages\/11610\/revisions"}],"predecessor-version":[{"id":11612,"href":"https:\/\/tsvkuppingen.de\/lauftreff\/site\/index.php?rest_route=\/wp\/v2\/pages\/11610\/revisions\/11612"}],"up":[{"embeddable":true,"href":"https:\/\/tsvkuppingen.de\/lauftreff\/site\/index.php?rest_route=\/wp\/v2\/pages\/32"}],"wp:attachment":[{"href":"https:\/\/tsvkuppingen.de\/lauftreff\/site\/index.php?rest_route=%2Fwp%2Fv2%2Fmedia&parent=11610"}],"curies":[{"name":"wp","href":"https:\/\/api.w.org\/{rel}","templated":true}]}}