{"id":135,"date":"2009-06-14T14:19:46","date_gmt":"2009-06-14T12:19:46","guid":{"rendered":"http:\/\/tsvkuppingen.de\/lauftreff\/site\/?page_id=135"},"modified":"2024-07-08T17:45:41","modified_gmt":"2024-07-08T15:45:41","slug":"anmeldung","status":"publish","type":"page","link":"https:\/\/tsvkuppingen.de\/lauftreff\/site\/?page_id=135","title":{"rendered":"Anmeldung"},"content":{"rendered":"<p>Der Kuppinger Mondf\u00e4ngerlauf ist der sechste und damit abschlie\u00dfende Lauf der Sch\u00f6nbuchCup-Laufserie.<\/p>\n<p>Die Anmeldung erfolgt \u00fcber die <a href=\"https:\/\/www.schoenbuch-cup.de\" target=\"_blank\">Sch\u00f6nbuch Cup Homepage<\/a><\/p>\n","protected":false},"excerpt":{"rendered":"<p>Der Kuppinger Mondf\u00e4ngerlauf ist der sechste und damit abschlie\u00dfende Lauf der Sch\u00f6nbuchCup-Laufserie. Die Anmeldung erfolgt \u00fcber die Sch\u00f6nbuch Cup Homepage<\/p>\n","protected":false},"author":1,"featured_media":0,"parent":11,"menu_order":3,"comment_status":"open","ping_status":"open","template":"","meta":{"ngg_post_thumbnail":0,"footnotes":""},"class_list":["post-135","page","type-page","status-publish","hentry"],"_links":{"self":[{"href":"https:\/\/tsvkuppingen.de\/lauftreff\/site\/index.php?rest_route=\/wp\/v2\/pages\/135","targetHints":{"allow":["GET"]}}],"collection":[{"href":"https:\/\/tsvkuppingen.de\/lauftreff\/site\/index.php?rest_route=\/wp\/v2\/pages"}],"about":[{"href":"https:\/\/tsvkuppingen.de\/lauftreff\/site\/index.php?rest_route=\/wp\/v2\/types\/page"}],"author":[{"embeddable":true,"href":"https:\/\/tsvkuppingen.de\/lauftreff\/site\/index.php?rest_route=\/wp\/v2\/users\/1"}],"replies":[{"embeddable":true,"href":"https:\/\/tsvkuppingen.de\/lauftreff\/site\/index.php?rest_route=%2Fwp%2Fv2%2Fcomments&post=135"}],"version-history":[{"count":17,"href":"https:\/\/tsvkuppingen.de\/lauftreff\/site\/index.php?rest_route=\/wp\/v2\/pages\/135\/revisions"}],"predecessor-version":[{"id":10111,"href":"https:\/\/tsvkuppingen.de\/lauftreff\/site\/index.php?rest_route=\/wp\/v2\/pages\/135\/revisions\/10111"}],"up":[{"embeddable":true,"href":"https:\/\/tsvkuppingen.de\/lauftreff\/site\/index.php?rest_route=\/wp\/v2\/pages\/11"}],"wp:attachment":[{"href":"https:\/\/tsvkuppingen.de\/lauftreff\/site\/index.php?rest_route=%2Fwp%2Fv2%2Fmedia&parent=135"}],"curies":[{"name":"wp","href":"https:\/\/api.w.org\/{rel}","templated":true}]}}