{"id":1503,"date":"2010-08-16T20:10:52","date_gmt":"2010-08-16T18:10:52","guid":{"rendered":"http:\/\/tsvkuppingen.de\/lauftreff\/site\/?page_id=1503"},"modified":"2019-09-20T22:44:41","modified_gmt":"2019-09-20T20:44:41","slug":"15-08-2010","status":"publish","type":"page","link":"https:\/\/tsvkuppingen.de\/lauftreff\/site\/?page_id=1503","title":{"rendered":"15.08.2010"},"content":{"rendered":"<p><strong>Immenstadt Alpseelauf<\/strong><\/p>\n<p>Wenn man schon mal im Allg\u00e4u ist, kann man doch auch gleich mal einen Fitness-Test in fremder Umgebung machen. So zumindest dachte Thomas Schuker vom Lauftreff Kuppingen.  In Immenstadt im Ostallg\u00e4u fand letzten Sonntag zum 12. mal der Alpseelauf statt. Unweit davon verbringt er seinen diesj\u00e4hrigen Familienurlaub und las in einem Magazin f\u00fcr Urlauber vom Lauf.  16 km rund um den kleinen und gro\u00dfen Alpsee mit interessantem H\u00f6henprofil. Landschaftlich unter der Kategorie absolut wertvoll einzuordnen und alles andere als ein gewohnter Stra\u00dfenlauf. &#8222;Die Streckenposten waren Kuhhirten, die uns die Viecher vom Leib hielten und aufpassten, dass keins mitrennt&#8220; so Thomas Schuker am\u00fcsiert. Die Strecke f\u00fchrte zeitweise tats\u00e4chlich \u00fcber wurzelige Trampelpfade, Wanderwege und eben Kuhweiden. Obwohl das Ergebnis f\u00fcr ihn eher im Hintergrund stand, war Thomas am Ende mit 1:14:30 h unter den 310 Finishern doch weit in der ersten H\u00e4lfte zu finden. Fitness-Test bestanden!<br \/>\n<div id=\"attachment_1504\" style=\"width: 291px\" class=\"wp-caption alignnone\"><a href=\"https:\/\/tsvkuppingen.de\/lauftreff\/site\/wp-content\/uploads\/2010\/08\/TSchukerAlpseelauf.jpg\"><img loading=\"lazy\" decoding=\"async\" aria-describedby=\"caption-attachment-1504\" src=\"https:\/\/tsvkuppingen.de\/lauftreff\/site\/wp-content\/uploads\/2010\/08\/TSchukerAlpseelauf-281x300.jpg\" alt=\"Thomas Schuker rennt durch die Berge\" title=\"ThomasSchukerAlpseelauf\" width=\"281\" height=\"300\" class=\"size-medium wp-image-1504\" srcset=\"https:\/\/tsvkuppingen.de\/lauftreff\/site\/wp-content\/uploads\/2010\/08\/TSchukerAlpseelauf-281x300.jpg 281w, https:\/\/tsvkuppingen.de\/lauftreff\/site\/wp-content\/uploads\/2010\/08\/TSchukerAlpseelauf.jpg 937w\" sizes=\"auto, (max-width: 281px) 100vw, 281px\" \/><\/a><p id=\"caption-attachment-1504\" class=\"wp-caption-text\">Thomas Schuker rennt durch die Berge<\/p><\/div><\/p>\n","protected":false},"excerpt":{"rendered":"<p>Immenstadt Alpseelauf Wenn man schon mal im Allg\u00e4u ist, kann man doch auch gleich mal einen Fitness-Test in fremder Umgebung machen. So zumindest dachte Thomas Schuker vom Lauftreff Kuppingen. In Immenstadt im Ostallg\u00e4u fand letzten Sonntag zum 12. mal der Alpseelauf statt. Unweit davon verbringt er seinen diesj\u00e4hrigen Familienurlaub und las in einem Magazin f\u00fcr [&hellip;]<\/p>\n","protected":false},"author":2,"featured_media":0,"parent":32,"menu_order":99760000,"comment_status":"open","ping_status":"open","template":"","meta":{"ngg_post_thumbnail":0,"footnotes":""},"class_list":["post-1503","page","type-page","status-publish","hentry"],"_links":{"self":[{"href":"https:\/\/tsvkuppingen.de\/lauftreff\/site\/index.php?rest_route=\/wp\/v2\/pages\/1503","targetHints":{"allow":["GET"]}}],"collection":[{"href":"https:\/\/tsvkuppingen.de\/lauftreff\/site\/index.php?rest_route=\/wp\/v2\/pages"}],"about":[{"href":"https:\/\/tsvkuppingen.de\/lauftreff\/site\/index.php?rest_route=\/wp\/v2\/types\/page"}],"author":[{"embeddable":true,"href":"https:\/\/tsvkuppingen.de\/lauftreff\/site\/index.php?rest_route=\/wp\/v2\/users\/2"}],"replies":[{"embeddable":true,"href":"https:\/\/tsvkuppingen.de\/lauftreff\/site\/index.php?rest_route=%2Fwp%2Fv2%2Fcomments&post=1503"}],"version-history":[{"count":5,"href":"https:\/\/tsvkuppingen.de\/lauftreff\/site\/index.php?rest_route=\/wp\/v2\/pages\/1503\/revisions"}],"predecessor-version":[{"id":7973,"href":"https:\/\/tsvkuppingen.de\/lauftreff\/site\/index.php?rest_route=\/wp\/v2\/pages\/1503\/revisions\/7973"}],"up":[{"embeddable":true,"href":"https:\/\/tsvkuppingen.de\/lauftreff\/site\/index.php?rest_route=\/wp\/v2\/pages\/32"}],"wp:attachment":[{"href":"https:\/\/tsvkuppingen.de\/lauftreff\/site\/index.php?rest_route=%2Fwp%2Fv2%2Fmedia&parent=1503"}],"curies":[{"name":"wp","href":"https:\/\/api.w.org\/{rel}","templated":true}]}}