{"id":1537,"date":"2010-09-13T20:00:22","date_gmt":"2010-09-13T18:00:22","guid":{"rendered":"http:\/\/tsvkuppingen.de\/lauftreff\/site\/?page_id=1537"},"modified":"2019-09-20T22:44:25","modified_gmt":"2019-09-20T20:44:25","slug":"12-09-2010","status":"publish","type":"page","link":"https:\/\/tsvkuppingen.de\/lauftreff\/site\/?page_id=1537","title":{"rendered":"12.09.2010"},"content":{"rendered":"<p><strong>1. Sterntour Heckeng\u00e4u<\/strong><br \/>\n<div id=\"attachment_1538\" style=\"width: 310px\" class=\"wp-caption alignnone\"><a href=\"https:\/\/tsvkuppingen.de\/lauftreff\/site\/wp-content\/uploads\/2010\/09\/Sterntour.jpg\"><img loading=\"lazy\" decoding=\"async\" aria-describedby=\"caption-attachment-1538\" src=\"https:\/\/tsvkuppingen.de\/lauftreff\/site\/wp-content\/uploads\/2010\/09\/Sterntour-300x225.jpg\" alt=\"L\u00e4ufer trifft auf ...\" title=\"Sterntour\" width=\"300\" height=\"225\" class=\"size-medium wp-image-1538\" srcset=\"https:\/\/tsvkuppingen.de\/lauftreff\/site\/wp-content\/uploads\/2010\/09\/Sterntour-300x225.jpg 300w, https:\/\/tsvkuppingen.de\/lauftreff\/site\/wp-content\/uploads\/2010\/09\/Sterntour.jpg 1000w\" sizes=\"auto, (max-width: 300px) 100vw, 300px\" \/><\/a><p id=\"caption-attachment-1538\" class=\"wp-caption-text\">L\u00e4ufer trifft auf ...<\/p><\/div><\/p>\n<p>Von sechs Standorten (Herrenberg, Leonberg, D\u00e4tzingen, B\u00f6blingen, Calw ,Holzgerlingen)aus bewegten sich, L\u00e4ufer, Walker und Radfahrer \u00fcber das Heckeng\u00e4u nach G\u00e4rtringen. Mit von der Partie war auch der Herrenberger Oberb\u00fcrgermeister Thomas Spri\u00dfler.<br \/>\nJeder Heckeng\u00e4u-Ausgangspunkt hatte ein Teilziel, so zum Beispiel die von Herrenberg aus gestarteten L\u00e4ufer im Tennental. Dort gab es dann Verpflegung mit hausgemachtem Holundersirup und Biokeksen sowie eine F\u00fchrung durch das Anwesen der Dorfgemeinschaft. Holger Wilms erkl\u00e4rte den L\u00e4ufern die Entstehung der dortigen Dorfgemeinschaft und den Bezug zum Heckeng\u00e4u. Danach ging es weiter Richtung G\u00e4rtringer,  Ziel war die dortige Schwarzwaldhalle. Geplant war eine gemeinsame Ankunft der Sterntourl\u00e4ufer gegen 12:40 Uhr, allerdings waren einige Trupps schneller, andere dagegen langsamer, sodass sich die Halle nach und nach f\u00fcllte. Zuletzt kamen die in Leonberg gestarteten Walker an.<\/p>\n","protected":false},"excerpt":{"rendered":"<p>1. Sterntour Heckeng\u00e4u Von sechs Standorten (Herrenberg, Leonberg, D\u00e4tzingen, B\u00f6blingen, Calw ,Holzgerlingen)aus bewegten sich, L\u00e4ufer, Walker und Radfahrer \u00fcber das Heckeng\u00e4u nach G\u00e4rtringen. Mit von der Partie war auch der Herrenberger Oberb\u00fcrgermeister Thomas Spri\u00dfler. Jeder Heckeng\u00e4u-Ausgangspunkt hatte ein Teilziel, so zum Beispiel die von Herrenberg aus gestarteten L\u00e4ufer im Tennental. Dort gab es dann Verpflegung [&hellip;]<\/p>\n","protected":false},"author":2,"featured_media":0,"parent":32,"menu_order":99750000,"comment_status":"open","ping_status":"open","template":"","meta":{"ngg_post_thumbnail":0,"footnotes":""},"class_list":["post-1537","page","type-page","status-publish","hentry"],"_links":{"self":[{"href":"https:\/\/tsvkuppingen.de\/lauftreff\/site\/index.php?rest_route=\/wp\/v2\/pages\/1537","targetHints":{"allow":["GET"]}}],"collection":[{"href":"https:\/\/tsvkuppingen.de\/lauftreff\/site\/index.php?rest_route=\/wp\/v2\/pages"}],"about":[{"href":"https:\/\/tsvkuppingen.de\/lauftreff\/site\/index.php?rest_route=\/wp\/v2\/types\/page"}],"author":[{"embeddable":true,"href":"https:\/\/tsvkuppingen.de\/lauftreff\/site\/index.php?rest_route=\/wp\/v2\/users\/2"}],"replies":[{"embeddable":true,"href":"https:\/\/tsvkuppingen.de\/lauftreff\/site\/index.php?rest_route=%2Fwp%2Fv2%2Fcomments&post=1537"}],"version-history":[{"count":4,"href":"https:\/\/tsvkuppingen.de\/lauftreff\/site\/index.php?rest_route=\/wp\/v2\/pages\/1537\/revisions"}],"predecessor-version":[{"id":7972,"href":"https:\/\/tsvkuppingen.de\/lauftreff\/site\/index.php?rest_route=\/wp\/v2\/pages\/1537\/revisions\/7972"}],"up":[{"embeddable":true,"href":"https:\/\/tsvkuppingen.de\/lauftreff\/site\/index.php?rest_route=\/wp\/v2\/pages\/32"}],"wp:attachment":[{"href":"https:\/\/tsvkuppingen.de\/lauftreff\/site\/index.php?rest_route=%2Fwp%2Fv2%2Fmedia&parent=1537"}],"curies":[{"name":"wp","href":"https:\/\/api.w.org\/{rel}","templated":true}]}}