{"id":1592,"date":"2010-10-13T21:04:30","date_gmt":"2010-10-13T19:04:30","guid":{"rendered":"http:\/\/tsvkuppingen.de\/lauftreff\/site\/?page_id=1592"},"modified":"2019-09-20T22:37:04","modified_gmt":"2019-09-20T20:37:04","slug":"09-10-2010","status":"publish","type":"page","link":"https:\/\/tsvkuppingen.de\/lauftreff\/site\/?page_id=1592","title":{"rendered":"09.10.2010"},"content":{"rendered":"<p><strong>Kuppinger Mondf\u00e4ngerlauf<\/strong><\/p>\n<p><strong>Gute Stimmung \u00fcberall<\/strong><br \/>\nDer zweite Kuppinger Mondf\u00e4ngerlauf h\u00e4lt die Kuppinger in Atem. Nicht nur dass rund 800 Paar laufende Beine unterwegs waren. Der Ort war voll mit Zuschauern, die die L\u00e4ufer anfeuerten und ordentlich einheizten. Das war nat\u00fcrlich vor allem in den Stimmungs-Neschtle der Fall. Treff am Eck, zum ersten mal dabei, peitschten die L\u00e4ufer mit guter Musik die B296 hoch. Viele Kuppinger nutzten diese Gelegenheiten um sich das sportliche Laufereignis in ihrem Ort anzuschauen. Ein spontanes Neschtle entstand in der Stefanusstra\u00dfe bei Familie Stroh\u00e4ker, die umleitungsbedingt direkt an der Strecke wohnen. Anfeuerungsrufe, Bergwertung, Lichterketten, die L\u00e4ufer f\u00fchlten sich wie bei der Tour de France. Cornelia Jahncke, eine der schnellsten Frauen im Rennen war \u00fcberw\u00e4ltigt was Kuppingen zu Stande bringt. \u201eIn Kuppingen ist es immer toll zu laufen. Die Leinwand mit dem Live-Film unterwegs und der eingeblendeten Zeit, hat mich total begeistert\u201c. Das hatte sich die Truppe um Stefan Brenner von der ev. Methodistischen Kirche einfallen lassen. \u201eWieder eine Schippe oben drauf\u201c umschrieb Moderator Axel Stahl den Lauf. Eine mit Fackeln, Kerzen und Lampions stimmungsvoll und sicher beleuchtete Laufstrecke &#8211; der Lauftreff bietet der Laufszene mit dem Mondf\u00e4ngerlauf ein einzigartiges Erlebnis in der Region.<\/p>\n<p><strong>Teilnehmerrekord<\/strong><br \/>\nW\u00e4hrend die Teilnehmerzahl im Haupt- und Jedermannlauf mit 450 bzw. 31 L\u00e4ufern weitgehend stabil blieb, ist sie im Sch\u00fcler und Jugendbereich deutlich nach oben gegangen. Das liegt vor allem an der Motivation der Sportlehrer der Jerg Ratgeb Realschule in Herrenberg. Viele Sch\u00fcler der Sportklassen waren gemeldet und konnten ihre Fitness unter Beweis stellen. Sara Namouchi aus der Klasse 6c holte sich den Sieg der Alterklasse W11. In nur 4:12 min rannte sie die 1,1 km lange Strecke!<\/p>\n<p><strong>Schnelle L\u00e4uferbeine<\/strong><br \/>\nBastian Franz, Vorjahreszweiter, entschied den Hauptlauf f\u00fcr sich. 10,2 km in 33:53 Minuten. Somit steht er auch als Gewinner der Sch\u00f6nbuch-Cup Serie 2010 fest. Bei den Frauen dominierte Kathrin Paetzold von Anfang an das Rennen und lief mit 37:58 min \u00fcber die Ziellinie. Zum ersten mal hatten die Frauen sogar ihr eigenes F\u00fchrungsfahrrad, was Peter Klausen souver\u00e4n gemeistert hat! Der Gesamtsieg des Cups geht an Silvia Fr\u00f6lich, die wider Erwarten nicht an den Start ging, aber dennoch nicht mehr geschlagen werden konnte.<br \/>\n28 L\u00e4uferinnen und L\u00e4ufer vom TSV Kuppingen waren im Hauptlauf mit von der Partie. Und manch einer davon war vorher und nachher beim Arbeitseinsatz. Thomas Lohrer und Thomas Schuker, verantwortlich f\u00fcr die Streckensicherung und Beschilderung wechselten kurz vor dem Startschuss die Arbeits- gegen Laufklamotten. Nat\u00fcrlich wollten sie die Strecke auch aus Sicht eines L\u00e4ufers begutachten&#8230;<br \/>\nIn der Altersklassenwertung r\u00e4umten vor allem die Frauen ab. Matthia Kienle, Kirsten Baumann und Annette Sasse gingen alle als Drittplatzierte auf die B\u00fchne, Anna Maria Volk, bei allen L\u00e4ufen erfolgreich, als Zweitplatzierte.<br \/>\nAuch der Kuppinger Nachwuchs war stark vertreten. 10 Junioren, 20 Sch\u00fcler und einige Bambini vertraten den TSV Kuppingen in ihren Altersklassen.<\/p>\n<p><strong>DANKE<\/strong><br \/>\nEin Lauf dieser Kategorie braucht viele helfende H\u00e4nde, Verst\u00e4ndnis und Unterst\u00fctzung von vielen Seiten.<br \/>\nEin herzliches Dankesch\u00f6n allen Helfern des Lauftreffs. Ohne ein so schlagfertiges Team w\u00e4re DAS nicht m\u00f6glich. Danke den FFW Affst\u00e4tt und Kuppingen f\u00fcr die professionelle Ausleuchtung, den Sponsoren f\u00fcr alle Unterst\u00fctzung, den Stimmungs-Neschtle f\u00fcr ihren beispielhaften Einsatz, dem DRK, der Polizei und der Stadt Herrenberg.<br \/>\nDanke allen Kuppingern f\u00fcr ihr entgegengebrachtes Verst\u00e4ndnis, dass der Lauftreff einmal im Jahr f\u00fcr 2 Stunden den Flecken zur autofreien Zone macht.<br \/>\n<div id=\"attachment_1593\" style=\"width: 310px\" class=\"wp-caption alignnone\"><a href=\"https:\/\/tsvkuppingen.de\/lauftreff\/site\/wp-content\/uploads\/2010\/10\/Bild+2010.jpg\"><img loading=\"lazy\" decoding=\"async\" aria-describedby=\"caption-attachment-1593\" src=\"https:\/\/tsvkuppingen.de\/lauftreff\/site\/wp-content\/uploads\/2010\/10\/Bild+2010-300x199.jpg\" alt=\"Drei mal Drei = Gro\u00dfartig (vlnr. Matthia Kienle 3.W19 - Kirsten Baumann 3.W30 - Annette Sasse 3.W35)\" title=\"MFL2010\" width=\"300\" height=\"199\" class=\"size-medium wp-image-1593\" srcset=\"https:\/\/tsvkuppingen.de\/lauftreff\/site\/wp-content\/uploads\/2010\/10\/Bild+2010-300x199.jpg 300w, https:\/\/tsvkuppingen.de\/lauftreff\/site\/wp-content\/uploads\/2010\/10\/Bild+2010-1023x682.jpg 1023w, https:\/\/tsvkuppingen.de\/lauftreff\/site\/wp-content\/uploads\/2010\/10\/Bild+2010.jpg 1916w\" sizes=\"auto, (max-width: 300px) 100vw, 300px\" \/><\/a><p id=\"caption-attachment-1593\" class=\"wp-caption-text\">Drei mal Drei = Gro\u00dfartig (vlnr. Matthia Kienle 3.W19 - Kirsten Baumann 3.W30 - Annette Sasse 3.W35)<\/p><\/div><\/p>\n<table style=\"text-align: left; width: 80%;\" border=\"0\\ncellpadding=\"0\" cellspacing=\"0\">\n<tbody>\n<tr>\n<td colspan=\"4\">\n      <strong>Hauptlauf \u00fcber 10,0 km<\/strong>\n    <\/td>\n<\/tr>\n<tr>\n<td style=\"width: 10%;\">035<\/td>\n<td style=\"width: 40%;\">Kapp, Volker<\/td>\n<td style=\"width: 15%;\">0:38:52<\/td>\n<td style=\"width: 15%;\">05 M45<\/td>\n<\/tr>\n<tr>\n<td style=\"width: 10%;\">046<\/td>\n<td style=\"width: 40%;\">Eichler, Georg<\/td>\n<td style=\"width: 15%;\">0:40:07<\/td>\n<td style=\"width: 15%;\">04 M19<\/td>\n<\/tr>\n<tr>\n<td style=\"width: 10%;\">062<\/td>\n<td style=\"width: 40%;\">Bruckner, Ralf<\/td>\n<td style=\"width: 15%;\">0:41:26<\/td>\n<td style=\"width: 15%;\">12 M45<\/td>\n<\/tr>\n<tr>\n<td style=\"width: 10%;\">081<\/td>\n<td style=\"width: 40%;\">Schuker, Thomas<\/td>\n<td style=\"width: 15%;\">0:42:38<\/td>\n<td style=\"width: 15%;\">09 M40<\/td>\n<\/tr>\n<tr>\n<td style=\"width: 10%;\">121<\/td>\n<td style=\"width: 40%;\">M\u00fcller, Steffen<\/td>\n<td style=\"width: 15%;\">0:44:34<\/td>\n<td style=\"width: 15%;\">28 M20<\/td>\n<\/tr>\n<tr>\n<td style=\"width: 10%;\">126<\/td>\n<td style=\"width: 40%;\">Funk, Markus<\/td>\n<td style=\"width: 15%;\">0:44:47<\/td>\n<td style=\"width: 15%;\">16 M40<\/td>\n<\/tr>\n<tr>\n<td style=\"width: 10%;\">145<\/td>\n<td style=\"width: 40%;\">Kapp, Alexander<\/td>\n<td style=\"width: 15%;\">0:45:48<\/td>\n<td style=\"width: 15%;\">14 M19<\/td>\n<\/tr>\n<tr>\n<td style=\"width: 10%;\">172<\/td>\n<td style=\"width: 40%;\">Lohrer, Thomas<\/td>\n<td style=\"width: 15%;\">0:46:50<\/td>\n<td style=\"width: 15%;\">24 M40<\/td>\n<\/tr>\n<tr>\n<td style=\"width: 10%;\">173<\/td>\n<td style=\"width: 40%;\">Baumann, Kirsten<\/td>\n<td style=\"width: 15%;\">0:46:53<\/td>\n<td style=\"width: 15%;\">03 W30<\/td>\n<\/tr>\n<tr>\n<td style=\"width: 10%;\">180<\/td>\n<td style=\"width: 40%;\">Kienle, Matthia<\/td>\n<td style=\"width: 15%;\">0:47:06<\/td>\n<td style=\"width: 15%;\">03 W19<\/td>\n<\/tr>\n<tr>\n<td style=\"width: 10%;\">202<\/td>\n<td style=\"width: 40%;\">Sasse, Annette<\/td>\n<td style=\"width: 15%;\">0:47:43<\/td>\n<td style=\"width: 15%;\">03 W35<\/td>\n<\/tr>\n<tr>\n<td style=\"width: 10%;\">210<\/td>\n<td style=\"width: 40%;\">Beck, Roland<\/td>\n<td style=\"width: 15%;\">0:47:59<\/td>\n<td style=\"width: 15%;\">39 M45<\/td>\n<\/tr>\n<tr>\n<td style=\"width: 10%;\">221<\/td>\n<td style=\"width: 40%;\">Neubauer, Bernhard<\/td>\n<td style=\"width: 15%;\">0:48:31<\/td>\n<td style=\"width: 15%;\">12 M55<\/td>\n<\/tr>\n<tr>\n<td style=\"width: 10%;\">223<\/td>\n<td style=\"width: 40%;\">Kohler, Wolfgang<\/td>\n<td style=\"width: 15%;\">0:48:33<\/td>\n<td style=\"width: 15%;\">42 M45<\/td>\n<\/tr>\n<tr>\n<td style=\"width: 10%;\">245<\/td>\n<td style=\"width: 40%;\">Groeper, Uta<\/td>\n<td style=\"width: 15%;\">0:49:49<\/td>\n<td style=\"width: 15%;\">04 W35<\/td>\n<\/tr>\n<tr>\n<td style=\"width: 10%;\">280<\/td>\n<td style=\"width: 40%;\">Krai\u00df, Andreas<\/td>\n<td style=\"width: 15%;\">0:50:58<\/td>\n<td style=\"width: 15%;\">27 M35<\/td>\n<\/tr>\n<tr>\n<td style=\"width: 10%;\">288<\/td>\n<td style=\"width: 40%;\">Aichele, Manfred<\/td>\n<td style=\"width: 15%;\">0:51:04<\/td>\n<td style=\"width: 15%;\">32 M50<\/td>\n<\/tr>\n<tr>\n<td style=\"width: 10%;\">334<\/td>\n<td style=\"width: 40%;\">Lohrer, Ute<\/td>\n<td style=\"width: 15%;\">0:53:10<\/td>\n<td style=\"width: 15%;\">14 W45<\/td>\n<\/tr>\n<tr>\n<td style=\"width: 10%;\">352<\/td>\n<td style=\"width: 40%;\">von Sluyterman, Katharina<\/td>\n<td style=\"width: 15%;\">0:54:01<\/td>\n<td style=\"width: 15%;\">06 W19<\/td>\n<\/tr>\n<tr>\n<td style=\"width: 10%;\">353<\/td>\n<td style=\"width: 40%;\">Skarke, Alexander<\/td>\n<td style=\"width: 15%;\">0:54:01<\/td>\n<td style=\"width: 15%;\">43 M20<\/td>\n<\/tr>\n<tr>\n<td style=\"width: 10%;\">359<\/td>\n<td style=\"width: 40%;\">Braitmayer, Ana<\/td>\n<td style=\"width: 15%;\">0:54:39<\/td>\n<td style=\"width: 15%;\">07 W19<\/td>\n<\/tr>\n<tr>\n<td style=\"width: 10%;\">392<\/td>\n<td style=\"width: 40%;\">Mester, Stephanie<\/td>\n<td style=\"width: 15%;\">0:56:50<\/td>\n<td style=\"width: 15%;\">13 W35<\/td>\n<\/tr>\n<tr>\n<td style=\"width: 10%;\">393<\/td>\n<td style=\"width: 40%;\">Kempf, Stefanie<\/td>\n<td style=\"width: 15%;\">0:56:50<\/td>\n<td style=\"width: 15%;\">14 W35<\/td>\n<\/tr>\n<tr>\n<td style=\"width: 10%;\">402<\/td>\n<td style=\"width: 40%;\">Volk, Anna-Maria<\/td>\n<td style=\"width: 15%;\">0:57:42<\/td>\n<td style=\"width: 15%;\">02 W65<\/td>\n<\/tr>\n<tr>\n<td style=\"width: 10%;\">420<\/td>\n<td style=\"width: 40%;\">Sautter, Elke<\/td>\n<td style=\"width: 15%;\">0:59:08<\/td>\n<td style=\"width: 15%;\">25 W45<\/td>\n<\/tr>\n<tr>\n<td style=\"width: 10%;\">428<\/td>\n<td style=\"width: 40%;\">Sch\u00f6llkopf, Andrea<\/td>\n<td style=\"width: 15%;\">1:00:30<\/td>\n<td style=\"width: 15%;\">14 W40<\/td>\n<\/tr>\n<tr>\n<td style=\"width: 10%;\">441<\/td>\n<td style=\"width: 40%;\">Gudath, Alexandra<\/td>\n<td style=\"width: 15%;\">1:03:01<\/td>\n<td style=\"width: 15%;\">16 W40<\/td>\n<\/tr>\n<tr>\n<td style=\"width: 10%;\">442<\/td>\n<td style=\"width: 40%;\">M\u00fcnchinger, Marina<\/td>\n<td style=\"width: 15%;\">1:03:02<\/td>\n<td style=\"width: 15%;\">17 W40<\/td>\n<\/tr>\n<tr>\n<td style=\"width: 10%;\">450<\/td>\n<td style=\"width: 40%;\">Gwinner, Florian<\/td>\n<td style=\"width: 15%;\">1:11:46<\/td>\n<td style=\"width: 15%;\">27 M30<\/td>\n<\/tr>\n<\/tbody>\n<\/table>\n<p><\/p>\n<p><\/p>\n<table style=\"text-align: left; width: 80%;\" border=\"0\\ncellpadding=\"0\" cellspacing=\"0\">\n<tbody>\n<tr>\n<td colspan=\"4\">\n      <strong>Jedermannlauf \u00fcber 6,6 km<\/strong>\n    <\/td>\n<\/tr>\n<tr>\n<td style=\"width: 10%;\">02<\/td>\n<td style=\"width: 40%;\">H\u00f6rrmann, Thomas<\/td>\n<td style=\"width: 15%;\">33:08<\/td>\n<td style=\"width: 15%;\">2 MK<\/td>\n<\/tr>\n<tr>\n<td style=\"width: 10%;\">03<\/td>\n<td style=\"width: 40%;\">Haarer, Matthias<\/td>\n<td style=\"width: 15%;\">33:09<\/td>\n<td style=\"width: 15%;\">3 MK<\/td>\n<\/tr>\n<\/tbody>\n<\/table>\n<p><\/p>\n<p><\/p>\n<table style=\"text-align: left; width: 80%;\" border=\"0\\ncellpadding=\"0\" cellspacing=\"0\">\n<tbody>\n<tr>\n<td colspan=\"4\">\n      <strong>Juniorlauf (M\u00e4nnliche Jugend B) \u00fcber 6,6 km<\/strong>\n    <\/td>\n<\/tr>\n<tr>\n<td style=\"width: 10%;\">04<\/td>\n<td style=\"width: 40%;\">Scheermaier, Heiko<\/td>\n<td style=\"width: 15%;\">28:20<\/td>\n<td style=\"width: 15%;\">04 M17<\/td>\n<\/tr>\n<tr>\n<td style=\"width: 10%;\">06<\/td>\n<td style=\"width: 40%;\">Raabe, Maxi<\/td>\n<td style=\"width: 15%;\">30:19<\/td>\n<td style=\"width: 15%;\">06 M17<\/td>\n<\/tr>\n<tr>\n<td style=\"width: 10%;\">08<\/td>\n<td style=\"width: 40%;\">Buschek, Bastian<\/td>\n<td style=\"width: 15%;\">32:08<\/td>\n<td style=\"width: 15%;\">08 M17<\/td>\n<\/tr>\n<tr>\n<td style=\"width: 10%;\">09<\/td>\n<td style=\"width: 40%;\">Breitling, Timo<\/td>\n<td style=\"width: 15%;\">32:35<\/td>\n<td style=\"width: 15%;\">09 M17<\/td>\n<\/tr>\n<tr>\n<td style=\"width: 10%;\">10<\/td>\n<td style=\"width: 40%;\">Kohler, Tobias<\/td>\n<td style=\"width: 15%;\">32:41<\/td>\n<td style=\"width: 15%;\">10 M17<\/td>\n<\/tr>\n<\/tbody>\n<\/table>\n<p><\/p>\n<p><\/p>\n<table style=\"text-align: left; width: 80%;\" border=\"0\\ncellpadding=\"0\" cellspacing=\"0\">\n<tbody>\n<tr>\n<td colspan=\"4\">\n      <strong>Juniorlauf (Weibliche Jugend B) \u00fcber 6,6 km<\/strong>\n    <\/td>\n<\/tr>\n<tr>\n<td style=\"width: 10%;\">03<\/td>\n<td style=\"width: 40%;\">Ruppert, Tanja<\/td>\n<td style=\"width: 15%;\">35:23<\/td>\n<td style=\"width: 15%;\">3 W17<\/td>\n<\/tr>\n<tr>\n<td style=\"width: 10%;\">04<\/td>\n<td style=\"width: 40%;\">Riethm\u00fcller, Elke<\/td>\n<td style=\"width: 15%;\">35:24<\/td>\n<td style=\"width: 15%;\">4 W17<\/td>\n<\/tr>\n<\/tbody>\n<\/table>\n<p><\/p>\n<p><\/p>\n<table style=\"text-align: left; width: 80%;\" border=\"0\\ncellpadding=\"0\" cellspacing=\"0\">\n<tbody>\n<tr>\n<td colspan=\"4\">\n      <strong>Juniorlauf (Sch\u00fcler A) \u00fcber 6,6 km<\/strong>\n    <\/td>\n<\/tr>\n<tr>\n<td style=\"width: 10%;\">03<\/td>\n<td style=\"width: 40%;\">Kocholl, Tobias<\/td>\n<td style=\"width: 15%;\">25:54<\/td>\n<td style=\"width: 15%;\">03 M15<\/td>\n<\/tr>\n<tr>\n<td style=\"width: 10%;\">07<\/td>\n<td style=\"width: 40%;\">Zel\u00dfmann, Oliver<\/td>\n<td style=\"width: 15%;\">29:15<\/td>\n<td style=\"width: 15%;\">07 M15<\/td>\n<\/tr>\n<tr>\n<td style=\"width: 10%;\">09<\/td>\n<td style=\"width: 40%;\">Eichler, Stephan<\/td>\n<td style=\"width: 15%;\">31:31<\/td>\n<td style=\"width: 15%;\">09 M15<\/td>\n<\/tr>\n<tr>\n<td style=\"width: 10%;\">20<\/td>\n<td style=\"width: 40%;\">Pioch, David<\/td>\n<td style=\"width: 15%;\">37:35<\/td>\n<td style=\"width: 15%;\">20 M15<\/td>\n<\/tr>\n<\/tbody>\n<\/table>\n<p><\/p>\n<p><\/p>\n<table style=\"text-align: left; width: 80%;\" border=\"0\\ncellpadding=\"0\" cellspacing=\"0\">\n<tbody>\n<tr>\n<td colspan=\"4\">\n      <strong>Sch\u00fclerlauf (Sch\u00fcler B) \u00fcber 2,3 km<\/strong>\n    <\/td>\n<\/tr>\n<tr>\n<td style=\"width: 10%;\">44<\/td>\n<td style=\"width: 40%;\">St\u00fcmpel, Dominique<\/td>\n<td style=\"width: 15%;\">12:26<\/td>\n<td style=\"width: 15%;\">44 M13<\/td>\n<\/tr>\n<\/tbody>\n<\/table>\n<p><\/p>\n<p><\/p>\n<table style=\"text-align: left; width: 80%;\" border=\"0\\ncellpadding=\"0\" cellspacing=\"0\">\n<tbody>\n<tr>\n<td colspan=\"4\">\n      <strong>Sch\u00fclerlauf (Sch\u00fclerinnen B) \u00fcber 2,3 km<\/strong>\n    <\/td>\n<\/tr>\n<tr>\n<td style=\"width: 10%;\">07<\/td>\n<td style=\"width: 40%;\">Zel\u00dfmann, Christine<\/td>\n<td style=\"width: 15%;\">10:20<\/td>\n<td style=\"width: 15%;\">07 W13<\/td>\n<\/tr>\n<tr>\n<td style=\"width: 10%;\">28<\/td>\n<td style=\"width: 40%;\">Siegert, Anna<\/td>\n<td style=\"width: 15%;\">12:45<\/td>\n<td style=\"width: 15%;\">28 W13<\/td>\n<\/tr>\n<\/tbody>\n<\/table>\n<p><\/p>\n<p><\/p>\n<table style=\"text-align: left; width: 80%;\" border=\"0\\ncellpadding=\"0\" cellspacing=\"0\">\n<tbody>\n<tr>\n<td colspan=\"4\">\n      <strong>Sch\u00fclerlauf (Sch\u00fcler C) \u00fcber 1,15 km<\/strong>\n    <\/td>\n<\/tr>\n<tr>\n<td style=\"width: 10%;\">06<\/td>\n<td style=\"width: 40%;\">Schmid, Julian<\/td>\n<td style=\"width: 15%;\">4:12<\/td>\n<td style=\"width: 15%;\">06 M11<\/td>\n<\/tr>\n<tr>\n<td style=\"width: 10%;\">24<\/td>\n<td style=\"width: 40%;\">Sautter, Luca<\/td>\n<td style=\"width: 15%;\">4:56<\/td>\n<td style=\"width: 15%;\">24 M11<\/td>\n<\/tr>\n<tr>\n<td style=\"width: 10%;\">26<\/td>\n<td style=\"width: 40%;\">Zel\u00dfmann, Matthias<\/td>\n<td style=\"width: 15%;\">5:06<\/td>\n<td style=\"width: 15%;\">26 M11<\/td>\n<\/tr>\n<tr>\n<td style=\"width: 10%;\">32<\/td>\n<td style=\"width: 40%;\">Garrels, Jonathan<\/td>\n<td style=\"width: 15%;\">6:02<\/td>\n<td style=\"width: 15%;\">32 M11<\/td>\n<\/tr>\n<\/tbody>\n<\/table>\n<p><\/p>\n<p><\/p>\n<table style=\"text-align: left; width: 80%;\" border=\"0\\ncellpadding=\"0\" cellspacing=\"0\">\n<tbody>\n<tr>\n<td colspan=\"4\">\n      <strong>Sch\u00fclerlauf (Sch\u00fclerinnen C) \u00fcber 1,15 km<\/strong>\n    <\/td>\n<\/tr>\n<tr>\n<td style=\"width: 10%;\">05<\/td>\n<td style=\"width: 40%;\">Schuker, Lea<\/td>\n<td style=\"width: 15%;\">4:30<\/td>\n<td style=\"width: 15%;\">05 W11<\/td>\n<\/tr>\n<tr>\n<td style=\"width: 10%;\">07<\/td>\n<td style=\"width: 40%;\">Zel\u00dfmann, Viktoria<\/td>\n<td style=\"width: 15%;\">4:32<\/td>\n<td style=\"width: 15%;\">07 W11<\/td>\n<\/tr>\n<tr>\n<td style=\"width: 10%;\">09<\/td>\n<td style=\"width: 40%;\">Wesche, Ann-Katrin<\/td>\n<td style=\"width: 15%;\">4:34<\/td>\n<td style=\"width: 15%;\">09 W11<\/td>\n<\/tr>\n<tr>\n<td style=\"width: 10%;\">18<\/td>\n<td style=\"width: 40%;\">Speer, Ann-Madleen<\/td>\n<td style=\"width: 15%;\">5:05<\/td>\n<td style=\"width: 15%;\">18 W11<\/td>\n<\/tr>\n<tr>\n<td style=\"width: 10%;\">20<\/td>\n<td style=\"width: 40%;\">Oesterlen, Franziska<\/td>\n<td style=\"width: 15%;\">5:07<\/td>\n<td style=\"width: 15%;\">20 W11<\/td>\n<\/tr>\n<\/tbody>\n<\/table>\n<p><\/p>\n<p><\/p>\n<table style=\"text-align: left; width: 80%;\" border=\"0\\ncellpadding=\"0\" cellspacing=\"0\">\n<tbody>\n<tr>\n<td colspan=\"4\">\n      <strong>Sch\u00fclerlauf (Sch\u00fcler D) \u00fcber 1,15 km<\/strong>\n    <\/td>\n<\/tr>\n<tr>\n<td style=\"width: 10%;\">03<\/td>\n<td style=\"width: 40%;\">Schmid, Pascal<\/td>\n<td style=\"width: 15%;\">4:16<\/td>\n<td style=\"width: 15%;\">03 M9<\/td>\n<\/tr>\n<tr>\n<td style=\"width: 10%;\">09<\/td>\n<td style=\"width: 40%;\">Landenberger, Maximilian<\/td>\n<td style=\"width: 15%;\">4:43<\/td>\n<td style=\"width: 15%;\">09 M9<\/td>\n<\/tr>\n<tr>\n<td style=\"width: 10%;\">16<\/td>\n<td style=\"width: 40%;\">Dietrich, Lukas<\/td>\n<td style=\"width: 15%;\">5:01<\/td>\n<td style=\"width: 15%;\">16 M9<\/td>\n<\/tr>\n<tr>\n<td style=\"width: 10%;\">22<\/td>\n<td style=\"width: 40%;\">Jost, Julian<\/td>\n<td style=\"width: 15%;\">5:20<\/td>\n<td style=\"width: 15%;\">22 M9<\/td>\n<\/tr>\n<tr>\n<td style=\"width: 10%;\">23<\/td>\n<td style=\"width: 40%;\">Schuker, Moritz<\/td>\n<td style=\"width: 15%;\">5:22<\/td>\n<td style=\"width: 15%;\">23 M9<\/td>\n<\/tr>\n<\/tbody>\n<\/table>\n<p><\/p>\n<p><\/p>\n<table style=\"text-align: left; width: 80%;\" border=\"0\\ncellpadding=\"0\" cellspacing=\"0\">\n<tbody>\n<tr>\n<td colspan=\"4\">\n      <strong>Sch\u00fclerlauf (Sch\u00fclerinnen D) \u00fcber 1,15 km<\/strong>\n    <\/td>\n<\/tr>\n<tr>\n<td style=\"width: 10%;\">13<\/td>\n<td style=\"width: 40%;\">Lohrer, Luisa<\/td>\n<td style=\"width: 15%;\">5:17<\/td>\n<td style=\"width: 15%;\">13 W9<\/td>\n<\/tr>\n<tr>\n<td style=\"width: 10%;\">16<\/td>\n<td style=\"width: 40%;\">Koch, Hannah<\/td>\n<td style=\"width: 15%;\">5:23<\/td>\n<td style=\"width: 15%;\">16 W9<\/td>\n<\/tr>\n<tr>\n<td style=\"width: 10%;\">24<\/td>\n<td style=\"width: 40%;\">St\u00fcmpel, Chantal<\/td>\n<td style=\"width: 15%;\">5:54<\/td>\n<td style=\"width: 15%;\">24 W9<\/td>\n<\/tr>\n<\/tbody>\n<\/table>\n<p><\/p>\n<p><\/p>\n<p><strong>Bambini \u00fcber 250m<\/strong><br \/>\nAhlert, Annalena<br \/>\nGroeper, Bastian<br \/>\nKempf, Jule<br \/>\nKempf, Malin<br \/>\nLudwig, Julie<br \/>\nLudwig, Lars<br \/>\nL\u00fcbbe, David<br \/>\nMayer, Moritz<br \/>\nMester, Annika<br \/>\nMester, Philipp<br \/>\nSch\u00f6ll, Fabrice<br \/>\nSch\u00f6ll, Milena<br \/>\nSchuker, Amelie<br \/>\nStroh\u00e4ker, Finn<br \/>\nTiede, Frederik<br \/>\nTiede, Mika<\/p>\n","protected":false},"excerpt":{"rendered":"<p>Kuppinger Mondf\u00e4ngerlauf Gute Stimmung \u00fcberall Der zweite Kuppinger Mondf\u00e4ngerlauf h\u00e4lt die Kuppinger in Atem. Nicht nur dass rund 800 Paar laufende Beine unterwegs waren. Der Ort war voll mit Zuschauern, die die L\u00e4ufer anfeuerten und ordentlich einheizten. Das war nat\u00fcrlich vor allem in den Stimmungs-Neschtle der Fall. Treff am Eck, zum ersten mal dabei, peitschten [&hellip;]<\/p>\n","protected":false},"author":2,"featured_media":0,"parent":32,"menu_order":99730000,"comment_status":"open","ping_status":"open","template":"","meta":{"ngg_post_thumbnail":0,"footnotes":""},"class_list":["post-1592","page","type-page","status-publish","hentry"],"_links":{"self":[{"href":"https:\/\/tsvkuppingen.de\/lauftreff\/site\/index.php?rest_route=\/wp\/v2\/pages\/1592","targetHints":{"allow":["GET"]}}],"collection":[{"href":"https:\/\/tsvkuppingen.de\/lauftreff\/site\/index.php?rest_route=\/wp\/v2\/pages"}],"about":[{"href":"https:\/\/tsvkuppingen.de\/lauftreff\/site\/index.php?rest_route=\/wp\/v2\/types\/page"}],"author":[{"embeddable":true,"href":"https:\/\/tsvkuppingen.de\/lauftreff\/site\/index.php?rest_route=\/wp\/v2\/users\/2"}],"replies":[{"embeddable":true,"href":"https:\/\/tsvkuppingen.de\/lauftreff\/site\/index.php?rest_route=%2Fwp%2Fv2%2Fcomments&post=1592"}],"version-history":[{"count":7,"href":"https:\/\/tsvkuppingen.de\/lauftreff\/site\/index.php?rest_route=\/wp\/v2\/pages\/1592\/revisions"}],"predecessor-version":[{"id":7967,"href":"https:\/\/tsvkuppingen.de\/lauftreff\/site\/index.php?rest_route=\/wp\/v2\/pages\/1592\/revisions\/7967"}],"up":[{"embeddable":true,"href":"https:\/\/tsvkuppingen.de\/lauftreff\/site\/index.php?rest_route=\/wp\/v2\/pages\/32"}],"wp:attachment":[{"href":"https:\/\/tsvkuppingen.de\/lauftreff\/site\/index.php?rest_route=%2Fwp%2Fv2%2Fmedia&parent=1592"}],"curies":[{"name":"wp","href":"https:\/\/api.w.org\/{rel}","templated":true}]}}