{"id":1635,"date":"2010-11-09T20:00:22","date_gmt":"2010-11-09T18:00:22","guid":{"rendered":"http:\/\/tsvkuppingen.de\/lauftreff\/site\/?page_id=1635"},"modified":"2019-09-20T23:05:17","modified_gmt":"2019-09-20T21:05:17","slug":"01-11-2010","status":"publish","type":"page","link":"https:\/\/tsvkuppingen.de\/lauftreff\/site\/?page_id=1635","title":{"rendered":"01.11.2010"},"content":{"rendered":"<p><strong>Hockenheimringlauf<\/strong><\/p>\n<p>Am Montag den 01. November war die Anfahrt zu einem Lauf mal ein wenig weiter, es ging zum Hockenheimring. Ein Freund von Annette, Mitglied bei der ASG Triathlon Hockenheim, hatte uns auf diesen Lauf aufmerksam gemacht. Im Angebot L\u00e4ufe \u00fcber 5 und 10 Km, sowie Kinderl\u00e4ufe direkt auf der Formel Eins Rennstrecke. Diese ist flach, ohne enge Kurven und nat\u00fcrlich breit genug auch f\u00fcr ein Starterfeld von ca. 1200 L\u00e4ufern beim Hauptlauf \u00fcber 10 Km.<br \/>\nDa an diesem Tag das Wetter auch noch mitspielte, kein Wind, leicht bew\u00f6lkt und um die 13 Grad, waren allgemein gute Leistungen zu erwarten. Und die gab es dann auch. Hervorzuheben hierbei der Weltrekord in der w 75 \u00fcber 10 Km von Elfriede Hodapp (SC \u00d6nsbach) in 49:35! Respekt!<br \/>\nAls vor dem 10 Km Lauf die Asphalttemperatur mit 10 Grad angegeben wurde (ist eben eine Autorennstrecke) wussten die beiden Kuppinger Starter&#8230;die richtige Bereifung (Schuhe) gew\u00e4hlt. \ud83d\ude09<br \/>\nDenn mit von der Partie war auch noch Ralf Bruckner, der schon letztes Jahr hier hervorragend gelaufen war. Annette schaffte die gut zwei Runden in hervorragenden 45:46, wie zuletzt fast schon gewohnt, neue Bestzeit. Das brachte ihr den 347. Gesamtplatz, den Platz 35 bei den Frauen und den 3. Platz in der Altersklasse w 35 ein.<br \/>\nRalf Bruckner erzielte mit 40:01 ebenfalls eine sehr gute Zeit, Gesamtplatz 111 und 12. in der m 45.<br \/>\nZum Lauf im Allgemeinen kann man sagen das er gut organisiert ist, kurze Wege (die Autos parken im Fahrerlager), ein sehr gro\u00dfes Angebot zur St\u00e4rkung nach dem Lauf (zu fairen Preisen, einzunehmen in den Rennboxen), die M\u00f6glichkeit g\u00fcnstig Laufutensilien an mehreren Verkaufsst\u00e4nden zu erwerben und sehr moderate Startgelder.<br \/>\nVielleicht also f\u00fcr den ein oder anderen Kuppinger L\u00e4ufer eine \u00dcberlegung wert, den 1. November 2011 auch ein wenig sportlich zu verbringen.<\/p>\n<p><strong>Hauptlauf \u00fcber 10 Km<\/strong><\/p>\n<table style=\"text-align: left; width: 80%;\" border=\"0\\ncellpadding=\"0\" cellspacing=\"0\">\n<tbody>\n<tr>\n<td style=\"width: 10%;\">111<\/td>\n<td style=\"width: 40%;\">Bruckner, Ralf<\/td>\n<td style=\"width: 15%;\">40:01<\/td>\n<td style=\"width: 15%;\">12. M45<\/td>\n<\/tr>\n<tr>\n<td style=\"width: 10%;\">347<\/td>\n<td style=\"width: 40%;\">Sasse, Annette<\/td>\n<td style=\"width: 15%;\">45:46<\/td>\n<td style=\"width: 15%;\">3. W35<\/td>\n<\/tr>\n<\/tbody>\n<\/table>\n<p><\/p>\n<p><strong>Volkslauf \u00fcber 5 Km<\/strong><\/p>\n<table style=\"text-align: left; width: 80%;\" border=\"0\\ncellpadding=\"0\" cellspacing=\"0\">\n<tbody>\n<tr>\n<td style=\"width: 10%;\">114<\/td>\n<td style=\"width: 40%;\">R\u00fcdiger, Rainer<\/td>\n<td style=\"width: 15%;\">24:19<\/td>\n<td style=\"width: 15%;\">89. MVL<\/td>\n<\/tr>\n<\/tbody>\n<\/table>\n<div id=\"attachment_1641\" style=\"width: 310px\" class=\"wp-caption alignnone\"><a href=\"https:\/\/tsvkuppingen.de\/lauftreff\/site\/wp-content\/uploads\/2010\/11\/Hockenheimring.jpg\"><img loading=\"lazy\" decoding=\"async\" aria-describedby=\"caption-attachment-1641\" src=\"https:\/\/tsvkuppingen.de\/lauftreff\/site\/wp-content\/uploads\/2010\/11\/Hockenheimring-300x225.jpg\" alt=\"Hockenheimring\" title=\"Hockenheimring\" width=\"300\" height=\"225\" class=\"size-medium wp-image-1641\" srcset=\"https:\/\/tsvkuppingen.de\/lauftreff\/site\/wp-content\/uploads\/2010\/11\/Hockenheimring-300x225.jpg 300w, https:\/\/tsvkuppingen.de\/lauftreff\/site\/wp-content\/uploads\/2010\/11\/Hockenheimring.jpg 1000w\" sizes=\"auto, (max-width: 300px) 100vw, 300px\" \/><\/a><p id=\"caption-attachment-1641\" class=\"wp-caption-text\">Hockenheimring<\/p><\/div>\n<div id=\"attachment_1638\" style=\"width: 310px\" class=\"wp-caption alignnone\"><a href=\"https:\/\/tsvkuppingen.de\/lauftreff\/site\/wp-content\/uploads\/2010\/11\/da-mu\u00df-man-hinter-bleiben.jpg\"><img loading=\"lazy\" decoding=\"async\" aria-describedby=\"caption-attachment-1638\" src=\"https:\/\/tsvkuppingen.de\/lauftreff\/site\/wp-content\/uploads\/2010\/11\/da-mu\u00df-man-hinter-bleiben-300x225.jpg\" alt=\"Da muss man hinter bleiben\" title=\"da muss man hinter bleiben\" width=\"300\" height=\"225\" class=\"size-medium wp-image-1638\" srcset=\"https:\/\/tsvkuppingen.de\/lauftreff\/site\/wp-content\/uploads\/2010\/11\/da-mu\u00df-man-hinter-bleiben-300x225.jpg 300w, https:\/\/tsvkuppingen.de\/lauftreff\/site\/wp-content\/uploads\/2010\/11\/da-mu\u00df-man-hinter-bleiben.jpg 1000w\" sizes=\"auto, (max-width: 300px) 100vw, 300px\" \/><\/a><p id=\"caption-attachment-1638\" class=\"wp-caption-text\">Da muss man hinter bleiben<\/p><\/div>\n<div id=\"attachment_1639\" style=\"width: 310px\" class=\"wp-caption alignnone\"><a href=\"https:\/\/tsvkuppingen.de\/lauftreff\/site\/wp-content\/uploads\/2010\/11\/Einlauf-1.-Runde-Motodrom.jpg\"><img loading=\"lazy\" decoding=\"async\" aria-describedby=\"caption-attachment-1639\" src=\"https:\/\/tsvkuppingen.de\/lauftreff\/site\/wp-content\/uploads\/2010\/11\/Einlauf-1.-Runde-Motodrom-300x225.jpg\" alt=\"Einlauf 1. Runde Motodrom\" title=\"Einlauf 1. Runde Motodrom\" width=\"300\" height=\"225\" class=\"size-medium wp-image-1639\" srcset=\"https:\/\/tsvkuppingen.de\/lauftreff\/site\/wp-content\/uploads\/2010\/11\/Einlauf-1.-Runde-Motodrom-300x225.jpg 300w, https:\/\/tsvkuppingen.de\/lauftreff\/site\/wp-content\/uploads\/2010\/11\/Einlauf-1.-Runde-Motodrom.jpg 1000w\" sizes=\"auto, (max-width: 300px) 100vw, 300px\" \/><\/a><p id=\"caption-attachment-1639\" class=\"wp-caption-text\">Einlauf 1. Runde Motodrom<\/p><\/div>\n<div id=\"attachment_1640\" style=\"width: 310px\" class=\"wp-caption alignnone\"><a href=\"https:\/\/tsvkuppingen.de\/lauftreff\/site\/wp-content\/uploads\/2010\/11\/falls-man-zu-schnell-wird-Auslaufzone-vorhanden.jpg\"><img loading=\"lazy\" decoding=\"async\" aria-describedby=\"caption-attachment-1640\" src=\"https:\/\/tsvkuppingen.de\/lauftreff\/site\/wp-content\/uploads\/2010\/11\/falls-man-zu-schnell-wird-Auslaufzone-vorhanden-300x225.jpg\" alt=\"Falls man zu schnell wird, Auslaufzone vorhanden\" title=\"falls man zu schnell wird, Auslaufzone vorhanden\" width=\"300\" height=\"225\" class=\"size-medium wp-image-1640\" srcset=\"https:\/\/tsvkuppingen.de\/lauftreff\/site\/wp-content\/uploads\/2010\/11\/falls-man-zu-schnell-wird-Auslaufzone-vorhanden-300x225.jpg 300w, https:\/\/tsvkuppingen.de\/lauftreff\/site\/wp-content\/uploads\/2010\/11\/falls-man-zu-schnell-wird-Auslaufzone-vorhanden.jpg 1000w\" sizes=\"auto, (max-width: 300px) 100vw, 300px\" \/><\/a><p id=\"caption-attachment-1640\" class=\"wp-caption-text\">Falls man zu schnell wird, Auslaufzone vorhanden<\/p><\/div>\n<div id=\"attachment_1642\" style=\"width: 310px\" class=\"wp-caption alignnone\"><a href=\"https:\/\/tsvkuppingen.de\/lauftreff\/site\/wp-content\/uploads\/2010\/11\/im-Motodrom.jpg\"><img loading=\"lazy\" decoding=\"async\" aria-describedby=\"caption-attachment-1642\" src=\"https:\/\/tsvkuppingen.de\/lauftreff\/site\/wp-content\/uploads\/2010\/11\/im-Motodrom-300x225.jpg\" alt=\"Ralf im Motodrom\" title=\"Kuppinger im Motodrom\" width=\"300\" height=\"225\" class=\"size-medium wp-image-1642\" srcset=\"https:\/\/tsvkuppingen.de\/lauftreff\/site\/wp-content\/uploads\/2010\/11\/im-Motodrom-300x225.jpg 300w, https:\/\/tsvkuppingen.de\/lauftreff\/site\/wp-content\/uploads\/2010\/11\/im-Motodrom.jpg 1000w\" sizes=\"auto, (max-width: 300px) 100vw, 300px\" \/><\/a><p id=\"caption-attachment-1642\" class=\"wp-caption-text\">Ralf im Motodrom<\/p><\/div>\n<div id=\"attachment_1643\" style=\"width: 310px\" class=\"wp-caption alignnone\"><a href=\"https:\/\/tsvkuppingen.de\/lauftreff\/site\/wp-content\/uploads\/2010\/11\/im-Ziel.jpg\"><img loading=\"lazy\" decoding=\"async\" aria-describedby=\"caption-attachment-1643\" src=\"https:\/\/tsvkuppingen.de\/lauftreff\/site\/wp-content\/uploads\/2010\/11\/im-Ziel-300x225.jpg\" alt=\"Annette und Ralf im Ziel, in der Boxengasse\" title=\"im Ziel\" width=\"300\" height=\"225\" class=\"size-medium wp-image-1643\" srcset=\"https:\/\/tsvkuppingen.de\/lauftreff\/site\/wp-content\/uploads\/2010\/11\/im-Ziel-300x225.jpg 300w, https:\/\/tsvkuppingen.de\/lauftreff\/site\/wp-content\/uploads\/2010\/11\/im-Ziel.jpg 1000w\" sizes=\"auto, (max-width: 300px) 100vw, 300px\" \/><\/a><p id=\"caption-attachment-1643\" class=\"wp-caption-text\">Annette und Ralf im Ziel, in der Boxengasse<\/p><\/div>\n<div id=\"attachment_1645\" style=\"width: 310px\" class=\"wp-caption alignnone\"><a href=\"https:\/\/tsvkuppingen.de\/lauftreff\/site\/wp-content\/uploads\/2010\/11\/3.Platz-w351.jpg\"><img loading=\"lazy\" decoding=\"async\" aria-describedby=\"caption-attachment-1645\" src=\"https:\/\/tsvkuppingen.de\/lauftreff\/site\/wp-content\/uploads\/2010\/11\/3.Platz-w351-300x225.jpg\" alt=\"3. Platz w35 f\u00fcr Annette\" title=\"3.Platz w35\" width=\"300\" height=\"225\" class=\"size-medium wp-image-1645\" srcset=\"https:\/\/tsvkuppingen.de\/lauftreff\/site\/wp-content\/uploads\/2010\/11\/3.Platz-w351-300x225.jpg 300w, https:\/\/tsvkuppingen.de\/lauftreff\/site\/wp-content\/uploads\/2010\/11\/3.Platz-w351.jpg 1000w\" sizes=\"auto, (max-width: 300px) 100vw, 300px\" \/><\/a><p id=\"caption-attachment-1645\" class=\"wp-caption-text\">3. Platz w35 f\u00fcr Annette<\/p><\/div>\n<div id=\"attachment_1646\" style=\"width: 310px\" class=\"wp-caption alignnone\"><a href=\"https:\/\/tsvkuppingen.de\/lauftreff\/site\/wp-content\/uploads\/2010\/11\/Weltrekord-w75.jpg\"><img loading=\"lazy\" decoding=\"async\" aria-describedby=\"caption-attachment-1646\" src=\"https:\/\/tsvkuppingen.de\/lauftreff\/site\/wp-content\/uploads\/2010\/11\/Weltrekord-w75-300x225.jpg\" alt=\"Weltrekord w75\" title=\"Weltrekord w75\" width=\"300\" height=\"225\" class=\"size-medium wp-image-1646\" srcset=\"https:\/\/tsvkuppingen.de\/lauftreff\/site\/wp-content\/uploads\/2010\/11\/Weltrekord-w75-300x225.jpg 300w, https:\/\/tsvkuppingen.de\/lauftreff\/site\/wp-content\/uploads\/2010\/11\/Weltrekord-w75.jpg 1000w\" sizes=\"auto, (max-width: 300px) 100vw, 300px\" \/><\/a><p id=\"caption-attachment-1646\" class=\"wp-caption-text\">Weltrekord w75<\/p><\/div>\n","protected":false},"excerpt":{"rendered":"<p>Hockenheimringlauf Am Montag den 01. November war die Anfahrt zu einem Lauf mal ein wenig weiter, es ging zum Hockenheimring. Ein Freund von Annette, Mitglied bei der ASG Triathlon Hockenheim, hatte uns auf diesen Lauf aufmerksam gemacht. Im Angebot L\u00e4ufe \u00fcber 5 und 10 Km, sowie Kinderl\u00e4ufe direkt auf der Formel Eins Rennstrecke. Diese ist [&hellip;]<\/p>\n","protected":false},"author":2,"featured_media":0,"parent":32,"menu_order":99720000,"comment_status":"open","ping_status":"open","template":"","meta":{"ngg_post_thumbnail":0,"footnotes":""},"class_list":["post-1635","page","type-page","status-publish","hentry"],"_links":{"self":[{"href":"https:\/\/tsvkuppingen.de\/lauftreff\/site\/index.php?rest_route=\/wp\/v2\/pages\/1635","targetHints":{"allow":["GET"]}}],"collection":[{"href":"https:\/\/tsvkuppingen.de\/lauftreff\/site\/index.php?rest_route=\/wp\/v2\/pages"}],"about":[{"href":"https:\/\/tsvkuppingen.de\/lauftreff\/site\/index.php?rest_route=\/wp\/v2\/types\/page"}],"author":[{"embeddable":true,"href":"https:\/\/tsvkuppingen.de\/lauftreff\/site\/index.php?rest_route=\/wp\/v2\/users\/2"}],"replies":[{"embeddable":true,"href":"https:\/\/tsvkuppingen.de\/lauftreff\/site\/index.php?rest_route=%2Fwp%2Fv2%2Fcomments&post=1635"}],"version-history":[{"count":10,"href":"https:\/\/tsvkuppingen.de\/lauftreff\/site\/index.php?rest_route=\/wp\/v2\/pages\/1635\/revisions"}],"predecessor-version":[{"id":8013,"href":"https:\/\/tsvkuppingen.de\/lauftreff\/site\/index.php?rest_route=\/wp\/v2\/pages\/1635\/revisions\/8013"}],"up":[{"embeddable":true,"href":"https:\/\/tsvkuppingen.de\/lauftreff\/site\/index.php?rest_route=\/wp\/v2\/pages\/32"}],"wp:attachment":[{"href":"https:\/\/tsvkuppingen.de\/lauftreff\/site\/index.php?rest_route=%2Fwp%2Fv2%2Fmedia&parent=1635"}],"curies":[{"name":"wp","href":"https:\/\/api.w.org\/{rel}","templated":true}]}}