{"id":1759,"date":"2011-02-11T21:27:00","date_gmt":"2011-02-11T19:27:00","guid":{"rendered":"http:\/\/tsvkuppingen.de\/lauftreff\/site\/?page_id=1759"},"modified":"2019-09-20T22:35:31","modified_gmt":"2019-09-20T20:35:31","slug":"04-02-2011","status":"publish","type":"page","link":"https:\/\/tsvkuppingen.de\/lauftreff\/site\/?page_id=1759","title":{"rendered":"04.02.2011"},"content":{"rendered":"<p><strong>Hauptversammlung 2011<\/strong><br \/>\nLauftreff \u2013 ein best\u00e4ndiges Team<\/p>\n<p>Dass die L\u00e4ufer und Walker des Lauftreffs nicht nur bei Sport Ausdauer beweisen, zeigte sich an der diesj\u00e4hrigen Hauptversammlung. Der Abteilungsrat wurde von den 45 anwesenden Mitgliedern einstimmig entlastet. Die neu zu w\u00e4hlenden Positionen wurden alle durch die bisherigen Amtsinhabern besetzt. Der Lauftreff-Abteilungsrat besteht somit weiterhin aus:<\/p>\n<p>Clivia Schuker (Abteilungsleiterin)<br \/>\nErich Kienle (stv. Abteilungsleiter)<br \/>\nThomas Klisch (Kassier)<br \/>\nIsolde Weisse (Pressearbeit)<br \/>\nChristoph Kopp (Jugendleiter)<br \/>\nKlaus Wunschik (Breitensport)<br \/>\nPetra Mikolaizak (Walking)<br \/>\nKarin Kussmaul (Schriftf\u00fchrerin) und<br \/>\nUte Lohrer (Veranstaltungen).<\/p>\n<p>Markus Weisse f\u00fchrt weiterhin die Wettkampf-Statistik und zeichnet sich zust\u00e4ndig f\u00fcr die Homepage. Damit steht auch f\u00fcr die kommende Saison ein erfahrenes, tatkr\u00e4ftiges Team f\u00fcr alle Belange des Lauftreffs zur Verf\u00fcgung. Arthur Kohler, 1. Vorsitzender des TSV Kuppingen, freute sich \u00fcber das best\u00e4ndig hohe Niveau des Lauftreffs und best\u00e4tigt auch eine gute Au\u00dfenwirkung der Abteilung.<\/p>\n<p>Berichtet wurde bei der Hauptversammlung \u00fcber die Aktivit\u00e4ten des vergangenen Jahres. Viele davon, wie z.B. das Intervall-Training, gesellige Laufveranstaltungen, Marathon-Ausfahrten oder Einsteigerkurse sind schon zum Lauftreff-Standard geworden.<br \/>\nAnderes hatten die r\u00fchrigen Sportler neu oder einmalig auf dem Programm. Die Abnahme des deutschen Sportabzeichens z\u00e4hlt zwar schon \u00fcber Jahre zum festen Bestandteil in den Kinder- und Jugendbereichen des Lauftreffs. 2010 wurde das Angebot jedoch neu auf die Erwachsenen ausgedehnt. Gisela Funk und Thomas Schuker besuchten Lehrg\u00e4nge des W\u00fcrttembergischen Leichtathletik-Verbandes und erhielten die Lizenz zum Sportabzeichen-Pr\u00fcfer. 15 Erwachsene machten von diesem Angebot Gebrauch.<br \/>\nAls einzigartiges Ereignis blickte der Lauftreff auf den Staffellauf von Herrenberg nach Tarare zur\u00fcck. Zum 50 j\u00e4hrigen Jubil\u00e4um der St\u00e4dtepartnerschaft machte sich eine Mannschaft von knapp 40 L\u00e4ufern in sechs Teams auf den Weg. Jeweils zu zweit, abwechselnd, rund um die Uhr, bei sengender Hitze schlugen sich die L\u00e4ufer durch den Schwarzwald, am Rhein-Rhone-Kanal und der Sa\u00f4ne entlang bis nach Tarare durch. Das gemeinsame Einlaufen in die Altstadt von Tarare war f\u00fcr die Teilnehmer der H\u00f6hepunkt dieser Tage. In einem von Karl Sammet erstellten Muvee konnten sich alle Teilnehmer der Hauptversammlung ein Bild der Stimmung dieses Erlebnisses machen.<\/p>\n<p>Ebenso erfolgreich war auch die zweite Auflage des Mondf\u00e4ngerlaufes. Verbesserung der Beleuchtung im Zielkanal, ver\u00e4nderte Absperrungen und kreative Preise kamen bei den L\u00e4ufern gut an. Was aber diesen Lauf zur Besonderheit bei vielen Teilnehmern macht, ist die Tatsache der Dunkelheit, der stimmungsvollen Beleuchtung und die Stimmungs-Nestle, die \u00fcberall an der Strecke warten und kr\u00e4ftig anfeuern. Dank der vielen Helfer und dem Mitschaffen von s\u00e4mtlichen Gruppierungen in Kuppingen hat der Lauftreff ein Sportereignis der besonderen Art geschaffen.<\/p>\n<p>Im Ausblick auf das laufende Jahr legte Clivia Schuker ihr Augenmerk auf die drei Gro\u00df-Ereignisse. Das Festwochenende 1050 Jahre Kuppingen (bzw. 75 Jahre TSV) im Mai, den Altstadtlauf am 23. Juli und den Mondf\u00e4ngerlauf am 08. Oktober 2010 erfordern wieder alle Kr\u00e4fte der Lauftreff-Freunde.<\/p>\n<div id=\"attachment_1760\" style=\"width: 247px\" class=\"wp-caption alignnone\"><a href=\"https:\/\/tsvkuppingen.de\/lauftreff\/site\/wp-content\/uploads\/2011\/02\/Thomas-Klisch.jpg\"><img loading=\"lazy\" decoding=\"async\" aria-describedby=\"caption-attachment-1760\" src=\"https:\/\/tsvkuppingen.de\/lauftreff\/site\/wp-content\/uploads\/2011\/02\/Thomas-Klisch-237x300.jpg\" alt=\"\u00dcberblick einer stabilen Finanzlage durch Thomas Klisch\" title=\"Thomas Klisch\" width=\"237\" height=\"300\" class=\"size-medium wp-image-1760\" srcset=\"https:\/\/tsvkuppingen.de\/lauftreff\/site\/wp-content\/uploads\/2011\/02\/Thomas-Klisch-237x300.jpg 237w, https:\/\/tsvkuppingen.de\/lauftreff\/site\/wp-content\/uploads\/2011\/02\/Thomas-Klisch.jpg 790w\" sizes=\"auto, (max-width: 237px) 100vw, 237px\" \/><\/a><p id=\"caption-attachment-1760\" class=\"wp-caption-text\">\u00dcberblick einer stabilen Finanzlage durch Thomas Klisch<\/p><\/div>\n","protected":false},"excerpt":{"rendered":"<p>Hauptversammlung 2011 Lauftreff \u2013 ein best\u00e4ndiges Team Dass die L\u00e4ufer und Walker des Lauftreffs nicht nur bei Sport Ausdauer beweisen, zeigte sich an der diesj\u00e4hrigen Hauptversammlung. Der Abteilungsrat wurde von den 45 anwesenden Mitgliedern einstimmig entlastet. Die neu zu w\u00e4hlenden Positionen wurden alle durch die bisherigen Amtsinhabern besetzt. Der Lauftreff-Abteilungsrat besteht somit weiterhin aus: Clivia [&hellip;]<\/p>\n","protected":false},"author":2,"featured_media":0,"parent":32,"menu_order":99690000,"comment_status":"open","ping_status":"open","template":"","meta":{"ngg_post_thumbnail":0,"footnotes":""},"class_list":["post-1759","page","type-page","status-publish","hentry"],"_links":{"self":[{"href":"https:\/\/tsvkuppingen.de\/lauftreff\/site\/index.php?rest_route=\/wp\/v2\/pages\/1759","targetHints":{"allow":["GET"]}}],"collection":[{"href":"https:\/\/tsvkuppingen.de\/lauftreff\/site\/index.php?rest_route=\/wp\/v2\/pages"}],"about":[{"href":"https:\/\/tsvkuppingen.de\/lauftreff\/site\/index.php?rest_route=\/wp\/v2\/types\/page"}],"author":[{"embeddable":true,"href":"https:\/\/tsvkuppingen.de\/lauftreff\/site\/index.php?rest_route=\/wp\/v2\/users\/2"}],"replies":[{"embeddable":true,"href":"https:\/\/tsvkuppingen.de\/lauftreff\/site\/index.php?rest_route=%2Fwp%2Fv2%2Fcomments&post=1759"}],"version-history":[{"count":8,"href":"https:\/\/tsvkuppingen.de\/lauftreff\/site\/index.php?rest_route=\/wp\/v2\/pages\/1759\/revisions"}],"predecessor-version":[{"id":7963,"href":"https:\/\/tsvkuppingen.de\/lauftreff\/site\/index.php?rest_route=\/wp\/v2\/pages\/1759\/revisions\/7963"}],"up":[{"embeddable":true,"href":"https:\/\/tsvkuppingen.de\/lauftreff\/site\/index.php?rest_route=\/wp\/v2\/pages\/32"}],"wp:attachment":[{"href":"https:\/\/tsvkuppingen.de\/lauftreff\/site\/index.php?rest_route=%2Fwp%2Fv2%2Fmedia&parent=1759"}],"curies":[{"name":"wp","href":"https:\/\/api.w.org\/{rel}","templated":true}]}}