{"id":1892,"date":"2011-04-12T19:25:41","date_gmt":"2011-04-12T17:25:41","guid":{"rendered":"http:\/\/tsvkuppingen.de\/lauftreff\/site\/?page_id=1892"},"modified":"2019-09-20T22:34:39","modified_gmt":"2019-09-20T20:34:39","slug":"08-05-2011","status":"publish","type":"page","link":"https:\/\/tsvkuppingen.de\/lauftreff\/site\/?page_id=1892","title":{"rendered":"08.05.2011"},"content":{"rendered":"<p><strong>Hannover Marathon<\/strong><\/p>\n<p>Es ist 08.00 Uhr und Nicole St\u00fcmpel steht in Laufklamotten im Wohnzimmer ihrer Schwester Katharina. Brezeln und Br\u00f6tchen zum Fr\u00fchst\u00fcck ist eins der Muttertagsgeschenke ihrer lieben und braven Kinder. Um 08.30 Uhr kommt ihr Vater Roger St\u00fcmpel um sie beim Lauf anzufeuern.<br \/>\n\u201e Klaus hast du den Personalausweis? Dominique, Chantal seid ihr eingecremt. Hier ist das Geld f\u00fcr die Kinder.\u201c Dieses und anderes waren in der letzten halben Stunde zu h\u00f6ren.<br \/>\nKlaus wie geht es dir denn: Gut, sagt er mit einem l\u00e4cheln. Nicole bist du arg aufgeregt: Nee. Ich hab nur Angst vor der Hitze. Aber mit meiner Taktik < ins Ziel kommen > schaffe ich es garantiert. 09.32 Uhr fahren wir mit dem Bus  zur Stra\u00dfenbahn und mit der geht es in Richtung Rathaus wo die Startunterlagen geholt werden. Rund 3 Stunden vor den Hauptl\u00e4ufen ist es mehr als doppelt so voll wie bei uns.<br \/>\n13.25 Uhr kamen Nicole und ihr Mann Klaus nach 2km l\u00e4chelnd an der Ecke vom Sch\u00fctzenplatz an. Zwei Fotos wurden gemacht dann waren sie wieder weg. Zweimal trinken einmal aufs Klo und ins Ziel. Als Belohnung gab es eine Medaille und ein Alkoholfreies Bier. (Dominique St\u00fcmpel)<\/p>\n<div id=\"attachment_1919\" style=\"width: 310px\" class=\"wp-caption alignnone\"><a href=\"https:\/\/tsvkuppingen.de\/lauftreff\/site\/wp-content\/uploads\/2011\/05\/Nicole-und-Klaus.jpg\"><img loading=\"lazy\" decoding=\"async\" aria-describedby=\"caption-attachment-1919\" src=\"https:\/\/tsvkuppingen.de\/lauftreff\/site\/wp-content\/uploads\/2011\/05\/Nicole-und-Klaus-300x225.jpg\" alt=\"Nicole und Klaus beim Hannover Marathon\" title=\"Nicole und Klaus\" width=\"300\" height=\"225\" class=\"size-medium wp-image-1919\" srcset=\"https:\/\/tsvkuppingen.de\/lauftreff\/site\/wp-content\/uploads\/2011\/05\/Nicole-und-Klaus-300x225.jpg 300w, https:\/\/tsvkuppingen.de\/lauftreff\/site\/wp-content\/uploads\/2011\/05\/Nicole-und-Klaus.jpg 1000w\" sizes=\"auto, (max-width: 300px) 100vw, 300px\" \/><\/a><p id=\"caption-attachment-1919\" class=\"wp-caption-text\">Nicole und Klaus beim Hannover Marathon<\/p><\/div>\n","protected":false},"excerpt":{"rendered":"<p>Hannover Marathon Es ist 08.00 Uhr und Nicole St\u00fcmpel steht in Laufklamotten im Wohnzimmer ihrer Schwester Katharina. Brezeln und Br\u00f6tchen zum Fr\u00fchst\u00fcck ist eins der Muttertagsgeschenke ihrer lieben und braven Kinder. Um 08.30 Uhr kommt ihr Vater Roger St\u00fcmpel um sie beim Lauf anzufeuern. \u201e Klaus hast du den Personalausweis? Dominique, Chantal seid ihr eingecremt. [&hellip;]<\/p>\n","protected":false},"author":2,"featured_media":0,"parent":32,"menu_order":99670000,"comment_status":"open","ping_status":"open","template":"","meta":{"ngg_post_thumbnail":0,"footnotes":""},"class_list":["post-1892","page","type-page","status-publish","hentry"],"_links":{"self":[{"href":"https:\/\/tsvkuppingen.de\/lauftreff\/site\/index.php?rest_route=\/wp\/v2\/pages\/1892","targetHints":{"allow":["GET"]}}],"collection":[{"href":"https:\/\/tsvkuppingen.de\/lauftreff\/site\/index.php?rest_route=\/wp\/v2\/pages"}],"about":[{"href":"https:\/\/tsvkuppingen.de\/lauftreff\/site\/index.php?rest_route=\/wp\/v2\/types\/page"}],"author":[{"embeddable":true,"href":"https:\/\/tsvkuppingen.de\/lauftreff\/site\/index.php?rest_route=\/wp\/v2\/users\/2"}],"replies":[{"embeddable":true,"href":"https:\/\/tsvkuppingen.de\/lauftreff\/site\/index.php?rest_route=%2Fwp%2Fv2%2Fcomments&post=1892"}],"version-history":[{"count":5,"href":"https:\/\/tsvkuppingen.de\/lauftreff\/site\/index.php?rest_route=\/wp\/v2\/pages\/1892\/revisions"}],"predecessor-version":[{"id":7959,"href":"https:\/\/tsvkuppingen.de\/lauftreff\/site\/index.php?rest_route=\/wp\/v2\/pages\/1892\/revisions\/7959"}],"up":[{"embeddable":true,"href":"https:\/\/tsvkuppingen.de\/lauftreff\/site\/index.php?rest_route=\/wp\/v2\/pages\/32"}],"wp:attachment":[{"href":"https:\/\/tsvkuppingen.de\/lauftreff\/site\/index.php?rest_route=%2Fwp%2Fv2%2Fmedia&parent=1892"}],"curies":[{"name":"wp","href":"https:\/\/api.w.org\/{rel}","templated":true}]}}