{"id":1955,"date":"2011-06-05T13:27:25","date_gmt":"2011-06-05T11:27:25","guid":{"rendered":"http:\/\/tsvkuppingen.de\/lauftreff\/site\/?page_id=1955"},"modified":"2019-09-20T17:53:02","modified_gmt":"2019-09-20T15:53:02","slug":"sportabzeichen","status":"publish","type":"page","link":"https:\/\/tsvkuppingen.de\/lauftreff\/site\/?page_id=1955","title":{"rendered":"Sportabzeichen"},"content":{"rendered":"<p><strong>TSV Lauftreff bietet die Abnahme des Sportabzeichens an<\/strong><\/p>\n<p>In den Sommermonaten (Juni \/ Juli) bietet der Lauftreff die Abnahme des Sportabzeichens f\u00fcr Erwachsene an. Unsere Jugendtrainer Gisela Funk und Thomas Schuker haben jahrelange Erfahrung im Jugendbereich, sind durch entsprechende Lehrg\u00e4nge abnahmeberechtigt und schleusen auch Erwachsene erfolgreich durchs Sportabzeichen-Programm.<\/p>\n<p>Das Deutsche Sportabzeichen ist das erfolgreichste und einzige Auszeichnungssystem au\u00dferhalb des Wettkampfsports, das umfassend die pers\u00f6nliche Fitness \u00fcberpr\u00fcft. Es ist in f\u00fcnf Gruppen mit verschiedenen \u00dcbungen eingeteilt. In jeder Gruppe muss eine \u00dcbung mit der geforderten Bedingung erf\u00fcllt werden. <\/p>\n<p>Die zu leistenden Wurfdisziplinen, Weitsprung, Kurzstrecken und L\u00e4ufe im Ausdauerbereich werden an f\u00fcnf bis sechs Abenden ge\u00fcbt. Die Abnahme erfolgt im laufenden Trainingsbetrieb. Die Schwimm-Disziplin kann zus\u00e4tzlich au\u00dferhalb der Trainingsabende vom zust\u00e4ndigen Bademeister gepr\u00fcft werden.<\/p>\n<p>Die Trainings- und Abnahmeabende finden im Herrenberger Stadion statt.<\/p>\n<p>Die Kosten des Sportabzeichens betragen 3,- bzw. 4,- Euro f\u00fcr Erwachsene. N\u00e4here Informationen \u00fcber geforderte Zeiten bzw. Weiten k\u00f6nnen f\u00fcr jede Altersgruppe aus der Tabelle <a href='https:\/\/tsvkuppingen.de\/lauftreff\/site\/wp-content\/uploads\/2017\/01\/DSA_Leistungskatalog_2017_A4_Erwachsene.pdf'>DOSB Sportabzeichen Leistungstabelle 2017<\/a> entnommen werden.<\/p>\n<p>Zur besseren Ressourcen-Planung bitten wir ab Mai um Anmeldung, entweder per email: <a href=\"mailto:tsvlt@web.de\">tsvlt@web.de<\/a> oder telefonisch bei Thomas Schuker 07032\/35089.<br \/>\n<a href=\"https:\/\/tsvkuppingen.de\/lauftreff\/site\/wp-content\/uploads\/2011\/06\/KirstenBaumannKugelsto\u00dfen.jpg\"><img loading=\"lazy\" decoding=\"async\" src=\"https:\/\/tsvkuppingen.de\/lauftreff\/site\/wp-content\/uploads\/2011\/06\/KirstenBaumannKugelsto\u00dfen-203x300.jpg\" alt=\"KirstenBaumannKugelsto\u00dfen\" title=\"KirstenBaumannKugelsto\u00dfen\" width=\"203\" height=\"300\" class=\"alignnone size-medium wp-image-1951\" srcset=\"https:\/\/tsvkuppingen.de\/lauftreff\/site\/wp-content\/uploads\/2011\/06\/KirstenBaumannKugelsto\u00dfen-203x300.jpg 203w, https:\/\/tsvkuppingen.de\/lauftreff\/site\/wp-content\/uploads\/2011\/06\/KirstenBaumannKugelsto\u00dfen-695x1024.jpg 695w, https:\/\/tsvkuppingen.de\/lauftreff\/site\/wp-content\/uploads\/2011\/06\/KirstenBaumannKugelsto\u00dfen.jpg 1094w\" sizes=\"auto, (max-width: 203px) 100vw, 203px\" \/><\/a><\/p>\n","protected":false},"excerpt":{"rendered":"<p>TSV Lauftreff bietet die Abnahme des Sportabzeichens an In den Sommermonaten (Juni \/ Juli) bietet der Lauftreff die Abnahme des Sportabzeichens f\u00fcr Erwachsene an. Unsere Jugendtrainer Gisela Funk und Thomas Schuker haben jahrelange Erfahrung im Jugendbereich, sind durch entsprechende Lehrg\u00e4nge abnahmeberechtigt und schleusen auch Erwachsene erfolgreich durchs Sportabzeichen-Programm. Das Deutsche Sportabzeichen ist das erfolgreichste und [&hellip;]<\/p>\n","protected":false},"author":2,"featured_media":0,"parent":67,"menu_order":0,"comment_status":"open","ping_status":"open","template":"","meta":{"ngg_post_thumbnail":0,"footnotes":""},"class_list":["post-1955","page","type-page","status-publish","hentry"],"_links":{"self":[{"href":"https:\/\/tsvkuppingen.de\/lauftreff\/site\/index.php?rest_route=\/wp\/v2\/pages\/1955","targetHints":{"allow":["GET"]}}],"collection":[{"href":"https:\/\/tsvkuppingen.de\/lauftreff\/site\/index.php?rest_route=\/wp\/v2\/pages"}],"about":[{"href":"https:\/\/tsvkuppingen.de\/lauftreff\/site\/index.php?rest_route=\/wp\/v2\/types\/page"}],"author":[{"embeddable":true,"href":"https:\/\/tsvkuppingen.de\/lauftreff\/site\/index.php?rest_route=\/wp\/v2\/users\/2"}],"replies":[{"embeddable":true,"href":"https:\/\/tsvkuppingen.de\/lauftreff\/site\/index.php?rest_route=%2Fwp%2Fv2%2Fcomments&post=1955"}],"version-history":[{"count":9,"href":"https:\/\/tsvkuppingen.de\/lauftreff\/site\/index.php?rest_route=\/wp\/v2\/pages\/1955\/revisions"}],"predecessor-version":[{"id":7873,"href":"https:\/\/tsvkuppingen.de\/lauftreff\/site\/index.php?rest_route=\/wp\/v2\/pages\/1955\/revisions\/7873"}],"up":[{"embeddable":true,"href":"https:\/\/tsvkuppingen.de\/lauftreff\/site\/index.php?rest_route=\/wp\/v2\/pages\/67"}],"wp:attachment":[{"href":"https:\/\/tsvkuppingen.de\/lauftreff\/site\/index.php?rest_route=%2Fwp%2Fv2%2Fmedia&parent=1955"}],"curies":[{"name":"wp","href":"https:\/\/api.w.org\/{rel}","templated":true}]}}