{"id":2164,"date":"2011-09-13T17:16:17","date_gmt":"2011-09-13T15:16:17","guid":{"rendered":"http:\/\/tsvkuppingen.de\/lauftreff\/site\/?page_id=2164"},"modified":"2019-09-20T22:34:21","modified_gmt":"2019-09-20T20:34:21","slug":"11-09-2011","status":"publish","type":"page","link":"https:\/\/tsvkuppingen.de\/lauftreff\/site\/?page_id=2164","title":{"rendered":"11.09.2011"},"content":{"rendered":"<p><strong>Heckeng\u00e4u Sterntour \u00fcberzeugt<\/strong><\/p>\n<p>Unter der Streckenleitung von Walkern und L\u00e4ufern des Kuppinger Lauftreffs stand dieses Jahr neben der Lauf- auch eine Walking-Strecke ab Herrenberg auf dem Programm der Heckeng\u00e4u Sterntour.<br \/>\n30 Walker und 20 L\u00e4ufer machten sich vergangenen Sonntag ab dem Herrenberger Marktplatz auf den Weg. Ziel war die G\u00e4rtringer Schwarzwaldhalle mit der Aussicht auf ein Essen von Sternekoch Feckl.<br \/>\nZwischenstation war das Deckenpfronner Tennental. Erfrischungsgetr\u00e4nke, Biokekse und getrocknete Apfelringe bauten die Sportler dort wieder auf. Eine kleine, aber feine F\u00fchrung durch Holger Wilms gab einen Einblick ins Leben der Dorfgemeinschaft. Nach der kurzen Verschnaufpause ging es dann mit einem kleinen Schlenker nach G\u00e4rtringen. Aus allen sechs Standorten der Sterntour kamen die Teilnehmer in die Halle gewalkt, gerannt oder geradelt. Viele zufriedene Gesichter sah man unter den knapp 400 Teilnehmern, was bestimmt auch am gebotenen Essen lag.<br \/>\nDas vom Lauftreff organisierte Kaffee- und Kuchenbuffet fand ebenfalls gro\u00dfen Anklang und war eine Bereicherung f\u00fcr die Veranstaltung.<\/p>\n<p>Herzlichen Dank an die Streckenleiter Gabi und Arthur Kohler, Wilfried Jagusch, Thomas Lohrer, Christoph Kopp, Clivia und Thomas Schuker. Lieben Dank auch allen Kuchenb\u00e4ckern, Liesel Kohler f\u00fcrs Organisieren und Lilo Kopp, Sonja Dietrich und Ute Lohrer f\u00fcrs Verkaufen der vielen leckeren Kuchen!!!<\/p>\n<div id=\"attachment_2162\" style=\"width: 301px\" class=\"wp-caption alignnone\"><a href=\"https:\/\/tsvkuppingen.de\/lauftreff\/site\/wp-content\/uploads\/2011\/09\/Walking+Heckeng\u00e4u+Sterntour.jpg\"><img loading=\"lazy\" decoding=\"async\" aria-describedby=\"caption-attachment-2162\" src=\"https:\/\/tsvkuppingen.de\/lauftreff\/site\/wp-content\/uploads\/2011\/09\/Walking+Heckeng\u00e4u+Sterntour-291x300.jpg\" alt=\"Tolle Resonanz bei der Walking Gruppe ab Herrenberg\" title=\"Walking+Heckeng\u00e4u+Sterntour\" width=\"291\" height=\"300\" class=\"size-medium wp-image-2162\" srcset=\"https:\/\/tsvkuppingen.de\/lauftreff\/site\/wp-content\/uploads\/2011\/09\/Walking+Heckeng\u00e4u+Sterntour-291x300.jpg 291w, https:\/\/tsvkuppingen.de\/lauftreff\/site\/wp-content\/uploads\/2011\/09\/Walking+Heckeng\u00e4u+Sterntour.jpg 467w\" sizes=\"auto, (max-width: 291px) 100vw, 291px\" \/><\/a><p id=\"caption-attachment-2162\" class=\"wp-caption-text\">Tolle Resonanz bei der Walking Gruppe ab Herrenberg<\/p><\/div>\n","protected":false},"excerpt":{"rendered":"<p>Heckeng\u00e4u Sterntour \u00fcberzeugt Unter der Streckenleitung von Walkern und L\u00e4ufern des Kuppinger Lauftreffs stand dieses Jahr neben der Lauf- auch eine Walking-Strecke ab Herrenberg auf dem Programm der Heckeng\u00e4u Sterntour. 30 Walker und 20 L\u00e4ufer machten sich vergangenen Sonntag ab dem Herrenberger Marktplatz auf den Weg. Ziel war die G\u00e4rtringer Schwarzwaldhalle mit der Aussicht auf [&hellip;]<\/p>\n","protected":false},"author":2,"featured_media":0,"parent":32,"menu_order":99660000,"comment_status":"open","ping_status":"open","template":"","meta":{"ngg_post_thumbnail":0,"footnotes":""},"class_list":["post-2164","page","type-page","status-publish","hentry"],"_links":{"self":[{"href":"https:\/\/tsvkuppingen.de\/lauftreff\/site\/index.php?rest_route=\/wp\/v2\/pages\/2164","targetHints":{"allow":["GET"]}}],"collection":[{"href":"https:\/\/tsvkuppingen.de\/lauftreff\/site\/index.php?rest_route=\/wp\/v2\/pages"}],"about":[{"href":"https:\/\/tsvkuppingen.de\/lauftreff\/site\/index.php?rest_route=\/wp\/v2\/types\/page"}],"author":[{"embeddable":true,"href":"https:\/\/tsvkuppingen.de\/lauftreff\/site\/index.php?rest_route=\/wp\/v2\/users\/2"}],"replies":[{"embeddable":true,"href":"https:\/\/tsvkuppingen.de\/lauftreff\/site\/index.php?rest_route=%2Fwp%2Fv2%2Fcomments&post=2164"}],"version-history":[{"count":4,"href":"https:\/\/tsvkuppingen.de\/lauftreff\/site\/index.php?rest_route=\/wp\/v2\/pages\/2164\/revisions"}],"predecessor-version":[{"id":7958,"href":"https:\/\/tsvkuppingen.de\/lauftreff\/site\/index.php?rest_route=\/wp\/v2\/pages\/2164\/revisions\/7958"}],"up":[{"embeddable":true,"href":"https:\/\/tsvkuppingen.de\/lauftreff\/site\/index.php?rest_route=\/wp\/v2\/pages\/32"}],"wp:attachment":[{"href":"https:\/\/tsvkuppingen.de\/lauftreff\/site\/index.php?rest_route=%2Fwp%2Fv2%2Fmedia&parent=2164"}],"curies":[{"name":"wp","href":"https:\/\/api.w.org\/{rel}","templated":true}]}}