{"id":2220,"date":"2011-10-15T12:17:09","date_gmt":"2011-10-15T10:17:09","guid":{"rendered":"http:\/\/tsvkuppingen.de\/lauftreff\/site\/?page_id=2220"},"modified":"2019-09-20T22:27:19","modified_gmt":"2019-09-20T20:27:19","slug":"12-02-2012","status":"publish","type":"page","link":"https:\/\/tsvkuppingen.de\/lauftreff\/site\/?page_id=2220","title":{"rendered":"12.02.2012"},"content":{"rendered":"<p><strong>Tausche Laufschuh gegen Schneeschuh<\/strong><\/p>\n<p>F\u00fcr die meisten war es das erste mal; mit Sicherheit jedoch nicht das letzte mal!<br \/>\nDie L\u00e4ufer und Walker des TSV Kuppingen waren vergangenen Sonntag auf dem Feldberg und kamen begeistert wieder nach Hause. Ute Lohrer hatte die Ausfahrt mit der erfahrenen Familie Oster organisiert und allen einen unvergesslichen Tag beschert \u201eIch war bisher nur zum Ski fahren hier, so kenne ich den Feldberg gar nicht\u201c bekennt Michael Juhasz. \u201eWundersch\u00f6n, super, was f\u00fcr ein Panorama\u201c, Ausspr\u00fcche wie diese waren immer wieder zu h\u00f6ren und endeten in Bernhard Osters Feststellung \u201eMan sieht keinen ohne L\u00e4cheln im Gesicht\u201c. Der Weg \u00fcber den Feldsee, hinauf \u00fcber den Skifernwanderweg Schongau-Belchen war anspruchsvoll, f\u00fcr die gut trainierten Sportler jedoch gut machbar. Die eigens etablierte Kindergruppe w\u00e4hlte eine k\u00fcrzere Strecke, aber auch sie konnten, wie die drei Erwachsenen-Gruppen Natur pur erleben. Winterlandschaft, Bergpanorama und Weitsicht von der sch\u00f6nsten Seite erlebten sie auf 12 Kilometern und 520 H\u00f6henmetern. Die Minusgrade wurden mit richtiger Ausr\u00fcstung und kontinuierlicher Bewegung gut weggesteckt. Kurze Tee- und Vesperpausen wurden an sonnigen und windstillen Passagen gemacht und so waren alle Teilnehmer nach knapp f\u00fcnf Stunden wieder am Bus.<br \/>\n\u201eIch meld mich gleich f\u00fcrs n\u00e4chste Jahr an\u201c, so Markus Speer bei der anschlie\u00dfenden Einkehr. Damit hat er sozusagen die Teilnehmerliste f\u00fcr 2013 er\u00f6ffnet! <\/p>\n<div id=\"attachment_2390\" style=\"width: 310px\" class=\"wp-caption alignnone\"><a href=\"https:\/\/tsvkuppingen.de\/lauftreff\/site\/wp-content\/uploads\/2011\/10\/IMG_07821.JPG\"><img loading=\"lazy\" decoding=\"async\" aria-describedby=\"caption-attachment-2390\" src=\"https:\/\/tsvkuppingen.de\/lauftreff\/site\/wp-content\/uploads\/2011\/10\/IMG_07821-300x225.jpg\" alt=\"Schneeschuhwanderung am Feldberg \u2013 ein Geschenk der Natur\" title=\"Schneeschuhwanderung\" width=\"300\" height=\"225\" class=\"size-medium wp-image-2390\" srcset=\"https:\/\/tsvkuppingen.de\/lauftreff\/site\/wp-content\/uploads\/2011\/10\/IMG_07821-300x225.jpg 300w, https:\/\/tsvkuppingen.de\/lauftreff\/site\/wp-content\/uploads\/2011\/10\/IMG_07821.JPG 640w\" sizes=\"auto, (max-width: 300px) 100vw, 300px\" \/><\/a><p id=\"caption-attachment-2390\" class=\"wp-caption-text\">Schneeschuhwanderung am Feldberg \u2013 ein Geschenk der Natur<\/p><\/div>\n","protected":false},"excerpt":{"rendered":"<p>Tausche Laufschuh gegen Schneeschuh F\u00fcr die meisten war es das erste mal; mit Sicherheit jedoch nicht das letzte mal! Die L\u00e4ufer und Walker des TSV Kuppingen waren vergangenen Sonntag auf dem Feldberg und kamen begeistert wieder nach Hause. Ute Lohrer hatte die Ausfahrt mit der erfahrenen Familie Oster organisiert und allen einen unvergesslichen Tag beschert [&hellip;]<\/p>\n","protected":false},"author":2,"featured_media":0,"parent":32,"menu_order":99560000,"comment_status":"open","ping_status":"open","template":"","meta":{"ngg_post_thumbnail":0,"footnotes":""},"class_list":["post-2220","page","type-page","status-publish","hentry"],"_links":{"self":[{"href":"https:\/\/tsvkuppingen.de\/lauftreff\/site\/index.php?rest_route=\/wp\/v2\/pages\/2220","targetHints":{"allow":["GET"]}}],"collection":[{"href":"https:\/\/tsvkuppingen.de\/lauftreff\/site\/index.php?rest_route=\/wp\/v2\/pages"}],"about":[{"href":"https:\/\/tsvkuppingen.de\/lauftreff\/site\/index.php?rest_route=\/wp\/v2\/types\/page"}],"author":[{"embeddable":true,"href":"https:\/\/tsvkuppingen.de\/lauftreff\/site\/index.php?rest_route=\/wp\/v2\/users\/2"}],"replies":[{"embeddable":true,"href":"https:\/\/tsvkuppingen.de\/lauftreff\/site\/index.php?rest_route=%2Fwp%2Fv2%2Fcomments&post=2220"}],"version-history":[{"count":9,"href":"https:\/\/tsvkuppingen.de\/lauftreff\/site\/index.php?rest_route=\/wp\/v2\/pages\/2220\/revisions"}],"predecessor-version":[{"id":7949,"href":"https:\/\/tsvkuppingen.de\/lauftreff\/site\/index.php?rest_route=\/wp\/v2\/pages\/2220\/revisions\/7949"}],"up":[{"embeddable":true,"href":"https:\/\/tsvkuppingen.de\/lauftreff\/site\/index.php?rest_route=\/wp\/v2\/pages\/32"}],"wp:attachment":[{"href":"https:\/\/tsvkuppingen.de\/lauftreff\/site\/index.php?rest_route=%2Fwp%2Fv2%2Fmedia&parent=2220"}],"curies":[{"name":"wp","href":"https:\/\/api.w.org\/{rel}","templated":true}]}}