{"id":2277,"date":"2011-11-14T20:36:29","date_gmt":"2011-11-14T18:36:29","guid":{"rendered":"http:\/\/tsvkuppingen.de\/lauftreff\/site\/?page_id=2277"},"modified":"2019-09-20T22:29:02","modified_gmt":"2019-09-20T20:29:02","slug":"12-11-2011","status":"publish","type":"page","link":"https:\/\/tsvkuppingen.de\/lauftreff\/site\/?page_id=2277","title":{"rendered":"12.11.2011"},"content":{"rendered":"<p><strong>1. X-Cross-Run Magstadt \u2013 Dirty Running<\/strong><\/p>\n<p>Nichts f\u00fcr zarte Naturen ist der von Axel Stahl neu geschaffene X-Cross Lauf in Magstadt. 8,6 Kilometer, steiles Gel\u00e4nde, 17 zu \u00fcberwindende Hindernisse. Das verlangte den 265 Finishern im Hauptlauf alles ab. Matschl\u00f6cher, Holzpolder, Treppen, Buckelpisten, aufgeschichtete Strohballen oder etwa Johnis Erlebniswelt&#8230; All das geht \u00fcber das normale Ma\u00df eines Volkslaufes hinaus. \u201eLustig aber auch richtig anstrengend\u201c war die einhellige Meinung der Kuppinger Teilnehmer. Thomas Lohrer war bei Kilometer 8 von der Anstrengung stark gezeichnet. Kein Wunder, beim Col de (H)AMMER ging es auch mit 19 % Steigung bergauf. Dem nicht genug, mittendrin mussten die Teilnehmer einen 5 Meter langen Kriechtunnel passieren. Weiter oben noch durch tiefen Nebel in Johnis Welt, dann war das Schlimmste geschafft. Dass die Kuppinger nichts schocken kann beweisen die guten Platzierungen. Ute Lohrer war mit 54:47 Minuten Zweite der Alterklasse W45. Petra Kopp (W50) und ihr j\u00fcngster Sohn Felix (M17) gewannen beide ihre Alterklassen. Felix war gleichzeitig schnellster Kuppinger und landete mit 43:41 Min. wenige Sekunden vor Thomas Schuker auf Gesamtplatz 28.  Olli Zel\u00dfmann und Thomas Lohrer kamen beide nach knapp \u00fcber 50 Minuten ins Ziel.<\/p>\n<div id=\"attachment_2278\" style=\"width: 223px\" class=\"wp-caption alignnone\"><a href=\"https:\/\/tsvkuppingen.de\/lauftreff\/site\/wp-content\/uploads\/2011\/11\/magstadt.jpg\"><img loading=\"lazy\" decoding=\"async\" aria-describedby=\"caption-attachment-2278\" src=\"https:\/\/tsvkuppingen.de\/lauftreff\/site\/wp-content\/uploads\/2011\/11\/magstadt-213x300.jpg\" alt=\"Felix Kopp in Aktion\" title=\"Felix Kopp in Aktion\" width=\"213\" height=\"300\" class=\"size-medium wp-image-2278\" srcset=\"https:\/\/tsvkuppingen.de\/lauftreff\/site\/wp-content\/uploads\/2011\/11\/magstadt-213x300.jpg 213w, https:\/\/tsvkuppingen.de\/lauftreff\/site\/wp-content\/uploads\/2011\/11\/magstadt.jpg 710w\" sizes=\"auto, (max-width: 213px) 100vw, 213px\" \/><\/a><p id=\"caption-attachment-2278\" class=\"wp-caption-text\">Felix Kopp in Aktion<\/p><\/div>\n<p>Stark dabei waren auch unsere Geschwister Schmid. Beide hatten eine mords Gaudi und fanden den ersten X-Cross \u201evoll cool\u201c. Julian und Pascal werden n\u00e4chstes Jahr auf alle F\u00e4lle wieder mit am Start sein. Da gilt es dann auch die dritten Pl\u00e4tze ihrer Alterklassen zu verteidigen! Die Sch\u00fcler h\u00e4tten eigentlich eine Strecke von 1,5 Kilometern inkl. Hindernisse laufen m\u00fcssen. Da jedoch ein Flatterband fehlte hatten sie sich den letzten Wiesen-Parcours und die Buckelpiste sparen k\u00f6nnen und konnten direkt \u00fcber die Strohballen-Burg ins Ziel flitzen.<\/p>\n<div id=\"attachment_2279\" style=\"width: 214px\" class=\"wp-caption alignnone\"><a href=\"https:\/\/tsvkuppingen.de\/lauftreff\/site\/wp-content\/uploads\/2011\/11\/pascal.magstadt.jpg\"><img loading=\"lazy\" decoding=\"async\" aria-describedby=\"caption-attachment-2279\" src=\"https:\/\/tsvkuppingen.de\/lauftreff\/site\/wp-content\/uploads\/2011\/11\/pascal.magstadt-204x300.jpg\" alt=\"Pascal Schmid \u00fcberwindet die Strohburg\" title=\"Pascal Schmid \u00fcberwindet die Strohburg\" width=\"204\" height=\"300\" class=\"size-medium wp-image-2279\" srcset=\"https:\/\/tsvkuppingen.de\/lauftreff\/site\/wp-content\/uploads\/2011\/11\/pascal.magstadt-204x300.jpg 204w, https:\/\/tsvkuppingen.de\/lauftreff\/site\/wp-content\/uploads\/2011\/11\/pascal.magstadt.jpg 680w\" sizes=\"auto, (max-width: 204px) 100vw, 204px\" \/><\/a><p id=\"caption-attachment-2279\" class=\"wp-caption-text\">Pascal Schmid \u00fcberwindet die Strohburg<\/p><\/div>\n","protected":false},"excerpt":{"rendered":"<p>1. X-Cross-Run Magstadt \u2013 Dirty Running Nichts f\u00fcr zarte Naturen ist der von Axel Stahl neu geschaffene X-Cross Lauf in Magstadt. 8,6 Kilometer, steiles Gel\u00e4nde, 17 zu \u00fcberwindende Hindernisse. Das verlangte den 265 Finishern im Hauptlauf alles ab. Matschl\u00f6cher, Holzpolder, Treppen, Buckelpisten, aufgeschichtete Strohballen oder etwa Johnis Erlebniswelt&#8230; All das geht \u00fcber das normale Ma\u00df [&hellip;]<\/p>\n","protected":false},"author":2,"featured_media":0,"parent":32,"menu_order":99620000,"comment_status":"open","ping_status":"open","template":"","meta":{"ngg_post_thumbnail":0,"footnotes":""},"class_list":["post-2277","page","type-page","status-publish","hentry"],"_links":{"self":[{"href":"https:\/\/tsvkuppingen.de\/lauftreff\/site\/index.php?rest_route=\/wp\/v2\/pages\/2277","targetHints":{"allow":["GET"]}}],"collection":[{"href":"https:\/\/tsvkuppingen.de\/lauftreff\/site\/index.php?rest_route=\/wp\/v2\/pages"}],"about":[{"href":"https:\/\/tsvkuppingen.de\/lauftreff\/site\/index.php?rest_route=\/wp\/v2\/types\/page"}],"author":[{"embeddable":true,"href":"https:\/\/tsvkuppingen.de\/lauftreff\/site\/index.php?rest_route=\/wp\/v2\/users\/2"}],"replies":[{"embeddable":true,"href":"https:\/\/tsvkuppingen.de\/lauftreff\/site\/index.php?rest_route=%2Fwp%2Fv2%2Fcomments&post=2277"}],"version-history":[{"count":4,"href":"https:\/\/tsvkuppingen.de\/lauftreff\/site\/index.php?rest_route=\/wp\/v2\/pages\/2277\/revisions"}],"predecessor-version":[{"id":7954,"href":"https:\/\/tsvkuppingen.de\/lauftreff\/site\/index.php?rest_route=\/wp\/v2\/pages\/2277\/revisions\/7954"}],"up":[{"embeddable":true,"href":"https:\/\/tsvkuppingen.de\/lauftreff\/site\/index.php?rest_route=\/wp\/v2\/pages\/32"}],"wp:attachment":[{"href":"https:\/\/tsvkuppingen.de\/lauftreff\/site\/index.php?rest_route=%2Fwp%2Fv2%2Fmedia&parent=2277"}],"curies":[{"name":"wp","href":"https:\/\/api.w.org\/{rel}","templated":true}]}}