{"id":2293,"date":"2011-11-28T23:11:44","date_gmt":"2011-11-28T21:11:44","guid":{"rendered":"http:\/\/tsvkuppingen.de\/lauftreff\/site\/?page_id=2293"},"modified":"2019-09-20T22:28:42","modified_gmt":"2019-09-20T20:28:42","slug":"25-11-2011","status":"publish","type":"page","link":"https:\/\/tsvkuppingen.de\/lauftreff\/site\/?page_id=2293","title":{"rendered":"25.11.2011"},"content":{"rendered":"<p><strong>Volles Haus beim Altstadtlauf Helferfest<\/strong><\/p>\n<p>\u00dcber 120 Helfer waren im Sommer beim vierten Herrenberger Altstadtlauf im Einsatz, der Gro\u00dfteil davon vom Lauftreff des TSV Kuppingen. Sie sorgten f\u00fcr Sicherheit an der Laufstrecke, versorgten die L\u00e4ufer im L\u00e4uferlager, moderierten, organisierten, bauten Absperrungen auf und bauten sie auch wieder ab. All diese flei\u00dfigen Helfern konnten sich vergangenen Freitag im Gasthof Hasen verw\u00f6hnen lassen. Der Gewerbeverein und das Gastronet Herrenberg haben eingeladen und \u00fcber 100 Helfer sind der Einladung gefolgt. <\/p>\n<p>Achim Gack, Vorsitzender des Gewerbevereins und Markus Speer, Organisator des 100 km Altstadtlaufes zeigten erneut ihre Begeisterung und Dankbarkeit. \u201eKeine gute Idee ist etwas wert, wenn nachher keiner da ist, der hilft sie umzusetzen\u201c so Markus Speer in seiner Rede. Besonders begeistert zeigte sich Speer \u00fcber die au\u00dferordentlich harmonische Zusammenarbeit mit den Vertretern der Stadt Herrenberg, der Polizei, DRK, Feuerwehr, den Kirchen, den Einzelh\u00e4ndlern und auch den Sponsoren. \u201eEine solche Veranstaltung bewegt sich im deutlich f\u00fcnfstelligen Bereich. Da ist es klar, das ohne Sponsoren nichts mehr geht.\u201c Die \u201eWin-Win-Situation\u201c ist\u2019s was den Lauf immer wieder ausmacht. Die Stadt, die Gewerbetreibenden, die Kirchen, der Lauftreff und nicht zuletzt nat\u00fcrlich die L\u00e4ufer und Besucher profitieren von der Veranstaltung. Jeder kann sich sein eigenes Sahnet\u00f6rtchen abholen. Doppelt profitiert hat 2011 das DRK Herrenberg. Die von G\u00fcnther Ansel organisierte Promi-Mannschaft sorgte daf\u00fcr, dass Edgar Ziegler einen Scheck \u00fcber 1.500,- Euro in Empfang nehmen konnte. \u201eDieser tolle Betrag hilft uns, unser Einsatzfahrzeug auszustatten, da freuen wir uns.\u201c<\/p>\n<p>Das besondere Highlight des Abends war die Premiere des Altstadtlauf Image-Filmes. In wenigen Minuten wird jedem klar: Der Altstadtlauf mit der langen Einkaufsnacht hat die Bezeichnung \u201eKultveranstaltung\u201c verdient!<\/p>\n<div id=\"attachment_2295\" style=\"width: 281px\" class=\"wp-caption alignnone\"><a href=\"https:\/\/tsvkuppingen.de\/lauftreff\/site\/wp-content\/uploads\/2011\/11\/Scheck\u00fcbergabe.jpg\"><img loading=\"lazy\" decoding=\"async\" aria-describedby=\"caption-attachment-2295\" src=\"https:\/\/tsvkuppingen.de\/lauftreff\/site\/wp-content\/uploads\/2011\/11\/Scheck\u00fcbergabe-271x300.jpg\" alt=\"Promilauf mit Folgen: Edgar Ziegler \u00fcbernimmt einen gro\u00dfen Scheck\" title=\"Scheck\u00fcbergabe\" width=\"271\" height=\"300\" class=\"size-medium wp-image-2295\" srcset=\"https:\/\/tsvkuppingen.de\/lauftreff\/site\/wp-content\/uploads\/2011\/11\/Scheck\u00fcbergabe-271x300.jpg 271w, https:\/\/tsvkuppingen.de\/lauftreff\/site\/wp-content\/uploads\/2011\/11\/Scheck\u00fcbergabe.jpg 435w\" sizes=\"auto, (max-width: 271px) 100vw, 271px\" \/><\/a><p id=\"caption-attachment-2295\" class=\"wp-caption-text\">Promilauf mit Folgen: Edgar Ziegler \u00fcbernimmt einen gro\u00dfen Scheck<\/p><\/div>\n","protected":false},"excerpt":{"rendered":"<p>Volles Haus beim Altstadtlauf Helferfest \u00dcber 120 Helfer waren im Sommer beim vierten Herrenberger Altstadtlauf im Einsatz, der Gro\u00dfteil davon vom Lauftreff des TSV Kuppingen. Sie sorgten f\u00fcr Sicherheit an der Laufstrecke, versorgten die L\u00e4ufer im L\u00e4uferlager, moderierten, organisierten, bauten Absperrungen auf und bauten sie auch wieder ab. All diese flei\u00dfigen Helfern konnten sich vergangenen [&hellip;]<\/p>\n","protected":false},"author":2,"featured_media":0,"parent":32,"menu_order":99600000,"comment_status":"open","ping_status":"open","template":"","meta":{"ngg_post_thumbnail":0,"footnotes":""},"class_list":["post-2293","page","type-page","status-publish","hentry"],"_links":{"self":[{"href":"https:\/\/tsvkuppingen.de\/lauftreff\/site\/index.php?rest_route=\/wp\/v2\/pages\/2293","targetHints":{"allow":["GET"]}}],"collection":[{"href":"https:\/\/tsvkuppingen.de\/lauftreff\/site\/index.php?rest_route=\/wp\/v2\/pages"}],"about":[{"href":"https:\/\/tsvkuppingen.de\/lauftreff\/site\/index.php?rest_route=\/wp\/v2\/types\/page"}],"author":[{"embeddable":true,"href":"https:\/\/tsvkuppingen.de\/lauftreff\/site\/index.php?rest_route=\/wp\/v2\/users\/2"}],"replies":[{"embeddable":true,"href":"https:\/\/tsvkuppingen.de\/lauftreff\/site\/index.php?rest_route=%2Fwp%2Fv2%2Fcomments&post=2293"}],"version-history":[{"count":7,"href":"https:\/\/tsvkuppingen.de\/lauftreff\/site\/index.php?rest_route=\/wp\/v2\/pages\/2293\/revisions"}],"predecessor-version":[{"id":7953,"href":"https:\/\/tsvkuppingen.de\/lauftreff\/site\/index.php?rest_route=\/wp\/v2\/pages\/2293\/revisions\/7953"}],"up":[{"embeddable":true,"href":"https:\/\/tsvkuppingen.de\/lauftreff\/site\/index.php?rest_route=\/wp\/v2\/pages\/32"}],"wp:attachment":[{"href":"https:\/\/tsvkuppingen.de\/lauftreff\/site\/index.php?rest_route=%2Fwp%2Fv2%2Fmedia&parent=2293"}],"curies":[{"name":"wp","href":"https:\/\/api.w.org\/{rel}","templated":true}]}}