{"id":2299,"date":"2011-12-10T20:07:15","date_gmt":"2011-12-10T18:07:15","guid":{"rendered":"http:\/\/tsvkuppingen.de\/lauftreff\/site\/?page_id=2299"},"modified":"2019-09-20T22:28:21","modified_gmt":"2019-09-20T20:28:21","slug":"30-11-2011","status":"publish","type":"page","link":"https:\/\/tsvkuppingen.de\/lauftreff\/site\/?page_id=2299","title":{"rendered":"30.11.2011"},"content":{"rendered":"<p><strong>Ehrenamtsabend der Stadt Herrenberg<br \/>\nLiesel Kohler und Bernd Weimper unter den Geehrten<\/strong><\/p>\n<p>Ausdauer ist alles! Das wei\u00df Liesel Kohler nicht nur vom Marathon laufen, sondern auch von ihren vielen, vielen ehrenamtlichen T\u00e4tigkeiten im Lauftreff des TSV Kuppingen. Beim Ehrenamtsabend der Stadt Herrenberg vergangene Woche wurde sie f\u00fcr ihr langj\u00e4hriges Engagement beim Zigeunerberg- bzw. jetzt Mondf\u00e4ngerlauf, bei den Einsteigerkursen und beim Herrenberger Altstadtlauf geehrt. Au\u00dferdem h\u00e4lt sie seit vielen Jahren als Kassenpr\u00fcferin ein Auge auf die Finanzen des Lauftreffs.<br \/>\nVom TSV Kuppingen beim Ehrungsreigen ebenfalls mit von der Partie war Bernd Weimper. Fast schon als Urgestein k\u00f6nnte man ihn bezeichnen. Zwanzig Jahre hier und da am schaffen, vor allem jedoch im Jugendbereich ist er wie ein Fels in der Brandung.<br \/>\nDass die Stadt Herrenberg sich der Kraft des Ehrenamts bewusst ist und diese voll sch\u00e4tzt, zeigt sich j\u00e4hrlich an diesem Abend. Ehrliche Worte des Dankes von Oberb\u00fcrgermeister Spri\u00dfler, ein Abendessen vom Gemeinderat serviert und ein Unterhaltungsprogramm zum Lachen. Dieses Jahr sorgte das Improtheater Nonsens f\u00fcr kurzweilige Unterhaltung.<\/p>\n<div id=\"attachment_2300\" style=\"width: 310px\" class=\"wp-caption alignnone\"><a href=\"https:\/\/tsvkuppingen.de\/lauftreff\/site\/wp-content\/uploads\/2011\/12\/Ehrung-Liesel.jpg\"><img loading=\"lazy\" decoding=\"async\" aria-describedby=\"caption-attachment-2300\" src=\"https:\/\/tsvkuppingen.de\/lauftreff\/site\/wp-content\/uploads\/2011\/12\/Ehrung-Liesel-300x276.jpg\" alt=\"Thomas Spri\u00dfler ehrt Bernd Weimper (links) und Liesel Kohler f\u00fcr langj\u00e4hriges Engagement beim TSV Kuppingen\" title=\"Ehrung Liesel\" width=\"300\" height=\"276\" class=\"size-medium wp-image-2300\" srcset=\"https:\/\/tsvkuppingen.de\/lauftreff\/site\/wp-content\/uploads\/2011\/12\/Ehrung-Liesel-300x276.jpg 300w, https:\/\/tsvkuppingen.de\/lauftreff\/site\/wp-content\/uploads\/2011\/12\/Ehrung-Liesel.jpg 640w\" sizes=\"auto, (max-width: 300px) 100vw, 300px\" \/><\/a><p id=\"caption-attachment-2300\" class=\"wp-caption-text\">Thomas Spri\u00dfler ehrt Bernd Weimper (links) und Liesel Kohler f\u00fcr langj\u00e4hriges Engagement beim TSV Kuppingen<\/p><\/div>\n","protected":false},"excerpt":{"rendered":"<p>Ehrenamtsabend der Stadt Herrenberg Liesel Kohler und Bernd Weimper unter den Geehrten Ausdauer ist alles! Das wei\u00df Liesel Kohler nicht nur vom Marathon laufen, sondern auch von ihren vielen, vielen ehrenamtlichen T\u00e4tigkeiten im Lauftreff des TSV Kuppingen. Beim Ehrenamtsabend der Stadt Herrenberg vergangene Woche wurde sie f\u00fcr ihr langj\u00e4hriges Engagement beim Zigeunerberg- bzw. jetzt Mondf\u00e4ngerlauf, [&hellip;]<\/p>\n","protected":false},"author":2,"featured_media":0,"parent":32,"menu_order":99590000,"comment_status":"open","ping_status":"open","template":"","meta":{"ngg_post_thumbnail":0,"footnotes":""},"class_list":["post-2299","page","type-page","status-publish","hentry"],"_links":{"self":[{"href":"https:\/\/tsvkuppingen.de\/lauftreff\/site\/index.php?rest_route=\/wp\/v2\/pages\/2299","targetHints":{"allow":["GET"]}}],"collection":[{"href":"https:\/\/tsvkuppingen.de\/lauftreff\/site\/index.php?rest_route=\/wp\/v2\/pages"}],"about":[{"href":"https:\/\/tsvkuppingen.de\/lauftreff\/site\/index.php?rest_route=\/wp\/v2\/types\/page"}],"author":[{"embeddable":true,"href":"https:\/\/tsvkuppingen.de\/lauftreff\/site\/index.php?rest_route=\/wp\/v2\/users\/2"}],"replies":[{"embeddable":true,"href":"https:\/\/tsvkuppingen.de\/lauftreff\/site\/index.php?rest_route=%2Fwp%2Fv2%2Fcomments&post=2299"}],"version-history":[{"count":5,"href":"https:\/\/tsvkuppingen.de\/lauftreff\/site\/index.php?rest_route=\/wp\/v2\/pages\/2299\/revisions"}],"predecessor-version":[{"id":7952,"href":"https:\/\/tsvkuppingen.de\/lauftreff\/site\/index.php?rest_route=\/wp\/v2\/pages\/2299\/revisions\/7952"}],"up":[{"embeddable":true,"href":"https:\/\/tsvkuppingen.de\/lauftreff\/site\/index.php?rest_route=\/wp\/v2\/pages\/32"}],"wp:attachment":[{"href":"https:\/\/tsvkuppingen.de\/lauftreff\/site\/index.php?rest_route=%2Fwp%2Fv2%2Fmedia&parent=2299"}],"curies":[{"name":"wp","href":"https:\/\/api.w.org\/{rel}","templated":true}]}}