{"id":2307,"date":"2011-12-12T22:24:04","date_gmt":"2011-12-12T20:24:04","guid":{"rendered":"http:\/\/tsvkuppingen.de\/lauftreff\/site\/?page_id=2307"},"modified":"2019-09-20T22:27:59","modified_gmt":"2019-09-20T20:27:59","slug":"10-12-2011","status":"publish","type":"page","link":"https:\/\/tsvkuppingen.de\/lauftreff\/site\/?page_id=2307","title":{"rendered":"10.12.2011"},"content":{"rendered":"<p><strong>Nikol\u00e4use und Weihnachtskugeln im Wald unterwegs<\/strong><\/p>\n<p>Eine <strong>Weihnachtsfeier mit vielen Tannenb\u00e4umen, Nikol\u00e4usen und Weihnachtskugeln<\/strong>. So stellten sich die Jugendbetreuer des Kuppinger Lauftreffs die Weihnachtsfeier der beiden j\u00fcngeren Laufgruppen vor.<br \/>\nBis auf die Weihnachtskugeln hat alles geklappt&#8230; Vergangenen Samstag kamen die Nachwuchsl\u00e4ufer geballt mit Nikolausm\u00fctzen aus dem Wald. Dort, bei einer kleinen Wanderung, fand der erste Teil der Weihnachtsfeier statt. Als Weihnachtskugel hatte sich allerdings kein Kind verkleidet, und \u201eso kugelig sind Laufkids von Natur aus zum Gl\u00fcck auch nicht\u201c schmunzelte eine Mutter der Kleinen. Im Wald schon gab es <strong>zwei Weihnachtsgeschichten<\/strong> in Etappen, eine sogar spontan vom 8-j\u00e4hrigen Benedikt Deuschle vorgetragen.<br \/>\nZur\u00fcck am Sportheim warteten im Warmen schon die<strong> hei\u00dfen W\u00fcrstchen und der Punsch<\/strong>. Nach der kleinen St\u00e4rkung nahmen die sportbegeisterten Kinder ihre im Sommer absolvierten <strong>Sportabzeichen<\/strong> in Empfang und waren sichtlich stolz.<br \/>\nViele der Kids haben 2011 auch bei den L\u00e4ufen des <strong>Sch\u00f6nbuchCups<\/strong> teilgenommen. Als Abschluss der Weihnachtsfeier gab es dazu noch einen <strong>Fotor\u00fcckblick<\/strong>. Sch\u00f6n noch mal zu sehen, wie engagiert die jungen TSVler mitmachen!<\/p>\n<div id=\"attachment_2310\" style=\"width: 310px\" class=\"wp-caption alignnone\"><a href=\"https:\/\/tsvkuppingen.de\/lauftreff\/site\/wp-content\/uploads\/2011\/12\/weihnachtsfeierkids.jpg\"><img loading=\"lazy\" decoding=\"async\" aria-describedby=\"caption-attachment-2310\" src=\"https:\/\/tsvkuppingen.de\/lauftreff\/site\/wp-content\/uploads\/2011\/12\/weihnachtsfeierkids-300x233.jpg\" alt=\"Weihnachtsgeschichten im Laufpark\" title=\"weihnachtsfeierkids\" width=\"300\" height=\"233\" class=\"size-medium wp-image-2310\" srcset=\"https:\/\/tsvkuppingen.de\/lauftreff\/site\/wp-content\/uploads\/2011\/12\/weihnachtsfeierkids-300x233.jpg 300w, https:\/\/tsvkuppingen.de\/lauftreff\/site\/wp-content\/uploads\/2011\/12\/weihnachtsfeierkids.jpg 640w\" sizes=\"auto, (max-width: 300px) 100vw, 300px\" \/><\/a><p id=\"caption-attachment-2310\" class=\"wp-caption-text\">Weihnachtsgeschichten im Laufpark<\/p><\/div>\n","protected":false},"excerpt":{"rendered":"<p>Nikol\u00e4use und Weihnachtskugeln im Wald unterwegs Eine Weihnachtsfeier mit vielen Tannenb\u00e4umen, Nikol\u00e4usen und Weihnachtskugeln. So stellten sich die Jugendbetreuer des Kuppinger Lauftreffs die Weihnachtsfeier der beiden j\u00fcngeren Laufgruppen vor. Bis auf die Weihnachtskugeln hat alles geklappt&#8230; Vergangenen Samstag kamen die Nachwuchsl\u00e4ufer geballt mit Nikolausm\u00fctzen aus dem Wald. Dort, bei einer kleinen Wanderung, fand der erste [&hellip;]<\/p>\n","protected":false},"author":2,"featured_media":0,"parent":32,"menu_order":99580000,"comment_status":"open","ping_status":"open","template":"","meta":{"ngg_post_thumbnail":0,"footnotes":""},"class_list":["post-2307","page","type-page","status-publish","hentry"],"_links":{"self":[{"href":"https:\/\/tsvkuppingen.de\/lauftreff\/site\/index.php?rest_route=\/wp\/v2\/pages\/2307","targetHints":{"allow":["GET"]}}],"collection":[{"href":"https:\/\/tsvkuppingen.de\/lauftreff\/site\/index.php?rest_route=\/wp\/v2\/pages"}],"about":[{"href":"https:\/\/tsvkuppingen.de\/lauftreff\/site\/index.php?rest_route=\/wp\/v2\/types\/page"}],"author":[{"embeddable":true,"href":"https:\/\/tsvkuppingen.de\/lauftreff\/site\/index.php?rest_route=\/wp\/v2\/users\/2"}],"replies":[{"embeddable":true,"href":"https:\/\/tsvkuppingen.de\/lauftreff\/site\/index.php?rest_route=%2Fwp%2Fv2%2Fcomments&post=2307"}],"version-history":[{"count":8,"href":"https:\/\/tsvkuppingen.de\/lauftreff\/site\/index.php?rest_route=\/wp\/v2\/pages\/2307\/revisions"}],"predecessor-version":[{"id":7951,"href":"https:\/\/tsvkuppingen.de\/lauftreff\/site\/index.php?rest_route=\/wp\/v2\/pages\/2307\/revisions\/7951"}],"up":[{"embeddable":true,"href":"https:\/\/tsvkuppingen.de\/lauftreff\/site\/index.php?rest_route=\/wp\/v2\/pages\/32"}],"wp:attachment":[{"href":"https:\/\/tsvkuppingen.de\/lauftreff\/site\/index.php?rest_route=%2Fwp%2Fv2%2Fmedia&parent=2307"}],"curies":[{"name":"wp","href":"https:\/\/api.w.org\/{rel}","templated":true}]}}