{"id":2393,"date":"2012-02-16T22:20:30","date_gmt":"2012-02-16T20:20:30","guid":{"rendered":"http:\/\/tsvkuppingen.de\/lauftreff\/site\/?page_id=2393"},"modified":"2019-09-20T22:27:39","modified_gmt":"2019-09-20T20:27:39","slug":"03-02-2012-2","status":"publish","type":"page","link":"https:\/\/tsvkuppingen.de\/lauftreff\/site\/?page_id=2393","title":{"rendered":"03.02.2012"},"content":{"rendered":"<p><strong>Jahreshauptversammlung 2012<br \/>\nDer Abteilungsrat ist wieder komplett<\/strong><\/p>\n<p>Auf ein ereignis- und erfolgreiches Jahr konnte Clivia Schuker und ihr Abteilungsrat zur\u00fcckblicken. Das 75j\u00e4hrige TSV Jubil\u00e4um, eingebettet in die 1050-Jahr-Feier, aber auch Altstadtlauf und Mondf\u00e4ngerlauf waren gro\u00dfartige Veranstaltungen im vergangenen Jahr. Dar\u00fcber hinaus waren die Lauftreffler 570 mal bei Wettk\u00e4mpfen am Start und haben 5625,3 Kilometer absolviert wie Statistiker Markus Weisse berichtet. Ganz oben in der Beliebtheitsskala steht der Mondf\u00e4ngerlauf mit 83 TSV Startern, viele davon auch im Sch\u00fclerbereich. Erfolgreichstes TSV Team beim Altstadtlauf waren die Kuppinger Fu\u00dfballer; von 111 Mannschaften landeten sie auf Platz 9!<br \/>\nDie erfolgreichen Veranstaltungen trugen auch ma\u00dfgeblich dazu bei, dass Kassier Thomas Klisch einen Zuwachs in der Kasse im deutlich vierstelligen Bereich verbuchen konnte. Auch die Mitgliederzahl der Abteilung ist stetig leicht am wachsen, was u.a. an der aktiven Jugendarbeit liegt. In drei unterschiedlichen Altergruppen werden ca. 50 Kinder und Jugendliche von 8 Trainern trainiert. Ein Geheimrezept f\u00fcr das \u201eDranbleiben\u201c muss jedoch noch gefunden werden. Bei der Altersklasse zwischen 20 und 25 scheint der Laufsport wenig attraktiv zu sein. <\/p>\n<p>Neu f\u00fcr den Abteilungsrat konnte Volker Kapp gewonnen werden. Er, selbst ambitionierter L\u00e4ufer, \u00fcbernimmt das seit mehreren Jahren verwaiste Amt des Wettkampfsportwartes. Ihm zur Seite steht ein sechsk\u00f6pfiges Gremium. Sie werden verst\u00e4rkt Teamwettbewerbe wie Volkslauf-Mannschaftsmeisterschaften und gemeinsame Ausfahrten zu breitensportlichen Veranstaltungen koordinieren.<br \/>\nDas erste gr\u00f6\u00dfere Ziel ist der Trollinger Marathon in Heilbronn am 06. Mai, der als Abschluss des Intervall-Trainings angesteuert wird.<\/p>\n<p>Highlight des Jahres wird neben der Schneeschuhwanderung am kommenden Sonntag und dem Mondf\u00e4ngerlauf im Oktober eine mehrt\u00e4gige Ausfahrt zum Beaujolais-Marathon im November sein. Die Ausschreibung dazu wird in den n\u00e4chsten Wochen fertig sein. Bereits ausgeschrieben ist der Staffellauf nach Biberach am 21. Juli.<\/p>\n<p>Ebenfalls neu werden die Abschluss-Tage der Einsteiger-Kurse Walking und Laufen sein. Am 28. April endet der Walking-Kurs mit einem Walking-Tag zu dem Walker aus der Umgebung auf die Spuren von Fuchs und Hase eingeladen werden. Abschluss des L\u00e4ufer-Einsteigerkurses wird ein Hefezopf-Lauf sein. Die Einsteiger werden pro gelaufenem Kilometer mit einen Zentimeter Hefezopf belohnt. Bleibt zu hoffen, dass die Kapazit\u00e4ten von Wuschels Backstube ausgereizt werden k\u00f6nnen!<\/p>\n<div id=\"attachment_2397\" style=\"width: 310px\" class=\"wp-caption alignnone\"><a href=\"https:\/\/tsvkuppingen.de\/lauftreff\/site\/wp-content\/uploads\/2012\/02\/IMG_3081.jpg\"><img loading=\"lazy\" decoding=\"async\" aria-describedby=\"caption-attachment-2397\" src=\"https:\/\/tsvkuppingen.de\/lauftreff\/site\/wp-content\/uploads\/2012\/02\/IMG_3081-300x214.jpg\" alt=\"Wettkampfgremium um Volker Kapp (dritter von rechts)\" title=\"Wettkampfgremium\" width=\"300\" height=\"214\" class=\"size-medium wp-image-2397\" srcset=\"https:\/\/tsvkuppingen.de\/lauftreff\/site\/wp-content\/uploads\/2012\/02\/IMG_3081-300x214.jpg 300w, https:\/\/tsvkuppingen.de\/lauftreff\/site\/wp-content\/uploads\/2012\/02\/IMG_3081.jpg 1000w\" sizes=\"auto, (max-width: 300px) 100vw, 300px\" \/><\/a><p id=\"caption-attachment-2397\" class=\"wp-caption-text\">Wettkampfgremium um Volker Kapp (dritter von rechts)<\/p><\/div>\n","protected":false},"excerpt":{"rendered":"<p>Jahreshauptversammlung 2012 Der Abteilungsrat ist wieder komplett Auf ein ereignis- und erfolgreiches Jahr konnte Clivia Schuker und ihr Abteilungsrat zur\u00fcckblicken. Das 75j\u00e4hrige TSV Jubil\u00e4um, eingebettet in die 1050-Jahr-Feier, aber auch Altstadtlauf und Mondf\u00e4ngerlauf waren gro\u00dfartige Veranstaltungen im vergangenen Jahr. Dar\u00fcber hinaus waren die Lauftreffler 570 mal bei Wettk\u00e4mpfen am Start und haben 5625,3 Kilometer absolviert [&hellip;]<\/p>\n","protected":false},"author":2,"featured_media":0,"parent":32,"menu_order":99570000,"comment_status":"open","ping_status":"open","template":"","meta":{"ngg_post_thumbnail":0,"footnotes":""},"class_list":["post-2393","page","type-page","status-publish","hentry"],"_links":{"self":[{"href":"https:\/\/tsvkuppingen.de\/lauftreff\/site\/index.php?rest_route=\/wp\/v2\/pages\/2393","targetHints":{"allow":["GET"]}}],"collection":[{"href":"https:\/\/tsvkuppingen.de\/lauftreff\/site\/index.php?rest_route=\/wp\/v2\/pages"}],"about":[{"href":"https:\/\/tsvkuppingen.de\/lauftreff\/site\/index.php?rest_route=\/wp\/v2\/types\/page"}],"author":[{"embeddable":true,"href":"https:\/\/tsvkuppingen.de\/lauftreff\/site\/index.php?rest_route=\/wp\/v2\/users\/2"}],"replies":[{"embeddable":true,"href":"https:\/\/tsvkuppingen.de\/lauftreff\/site\/index.php?rest_route=%2Fwp%2Fv2%2Fcomments&post=2393"}],"version-history":[{"count":6,"href":"https:\/\/tsvkuppingen.de\/lauftreff\/site\/index.php?rest_route=\/wp\/v2\/pages\/2393\/revisions"}],"predecessor-version":[{"id":7950,"href":"https:\/\/tsvkuppingen.de\/lauftreff\/site\/index.php?rest_route=\/wp\/v2\/pages\/2393\/revisions\/7950"}],"up":[{"embeddable":true,"href":"https:\/\/tsvkuppingen.de\/lauftreff\/site\/index.php?rest_route=\/wp\/v2\/pages\/32"}],"wp:attachment":[{"href":"https:\/\/tsvkuppingen.de\/lauftreff\/site\/index.php?rest_route=%2Fwp%2Fv2%2Fmedia&parent=2393"}],"curies":[{"name":"wp","href":"https:\/\/api.w.org\/{rel}","templated":true}]}}