{"id":24,"date":"2009-05-11T21:37:17","date_gmt":"2009-05-11T19:37:17","guid":{"rendered":"http:\/\/tsvkuppingen.de\/lauftreff\/site\/?page_id=24"},"modified":"2019-09-20T17:46:50","modified_gmt":"2019-09-20T15:46:50","slug":"ausschreibung","status":"publish","type":"page","link":"https:\/\/tsvkuppingen.de\/lauftreff\/site\/?page_id=24","title":{"rendered":"Ausschreibung 2019"},"content":{"rendered":"<p><img loading=\"lazy\" decoding=\"async\" class=\"alignleft size-thumbnail wp-image-160\" title=\"100km_Logo_CMYK_HiRes\" src=\"https:\/\/tsvkuppingen.de\/lauftreff\/site\/wp-content\/uploads\/2009\/05\/100km_Logo_CMYK_HiRes-150x150.jpg\" alt=\"100km_Logo_CMYK_HiRes\" width=\"150\" height=\"150\" srcset=\"https:\/\/tsvkuppingen.de\/lauftreff\/site\/wp-content\/uploads\/2009\/05\/100km_Logo_CMYK_HiRes-150x150.jpg 150w, https:\/\/tsvkuppingen.de\/lauftreff\/site\/wp-content\/uploads\/2009\/05\/100km_Logo_CMYK_HiRes-300x300.jpg 300w, https:\/\/tsvkuppingen.de\/lauftreff\/site\/wp-content\/uploads\/2009\/05\/100km_Logo_CMYK_HiRes-1024x1024.jpg 1024w\" sizes=\"auto, (max-width: 150px) 100vw, 150px\" \/><\/p>\n<p style=\"text-align: right; color: #ffffff;\">leerzeile<\/p>\n<p style=\"text-align: right;\"><strong>29. Juni 2019<\/strong><\/p>\n<p style=\"text-align: right;\"><strong>100 Kilometer Altstadtlauf<\/strong><\/p>\n<p style=\"text-align: right;\"><strong>Staffellauf \u00fcber 77 x 1,3 km<\/strong><\/p>\n<p style=\"text-align: right; color: #ffffff;\">noch ne leerzeile<\/p>\n<p style=\"margin-top: 0; margin-bottom: 0; padding-top: 0; padding-bottom: 0\">\n<p style=\"MARGIN-TOP: 0px; MARGIN-BOTTOM: 0px; PADDING-BOTTOM: 0px; PADDING-TOP: 0px\">\n<strong><span style=\"font-size: 8pt; font-family: Arial;\"><span style=\"color:#ff0000;\">Ablauf<\/span><\/span><\/strong><\/p>\n<p style=\"MARGIN-TOP: 0px; MARGIN-BOTTOM: 0px; PADDING-BOTTOM: 0px; PADDING-TOP: 0px\">\n<span style=\"font-size: 8pt; font-family: Arial;\">Nach einer gemeinsamen Einf\u00fchrungsrunde, in der alle L\u00e4ufer*innen mitlaufen, wird der Wettbewerb gestartet. Ansonsten l\u00e4uft von jedem Team immer nur ein\/eine L\u00e4ufer*in. Nach jeder Runde muss auf den\/die n\u00e4chste*n L\u00e4ufer*in gewechselt und der Staffelstab \u00fcbergeben werden. Das Rennen ist beendet, wenn das erste Team insgesamt 100 km gelaufen ist. Das sind 77 Runden \u00e0 1.300 m. Die Rangfolge der folgenden Teams ergibt sich aus den bis dahin gelaufenen Runden bzw. Kilometern. Der\/die letzte L\u00e4ufer*in eines jeden Teams l\u00e4uft die Runde zu Ende. Bei Rundengleichheit entscheidet die Reihenfolge des Zieleinlaufs \u00fcber die Platzierung. Die kompletten Teams nehmen danach an der Ehrenrunde teil, bitte bereithalten. <strong>NACH<\/strong> der Ehrenrunde k\u00f6nnen auf der G\u00c4UBOTE-Rampe Mannschaftsfotos gemacht werden.<\/span><\/p>\n<p style=\"text-align: right; color: #ffffff;\">leerzeile<\/p>\n<p style=\"MARGIN-TOP: 0px; MARGIN-BOTTOM: 0px; PADDING-BOTTOM: 0px; PADDING-TOP: 0px\">\n<span style=\"font-size: 8pt; color: #ff0000; font-family: Arial;\"><strong>Anmeldung &#8211; Ummeldung<\/strong><\/span><\/p>\n<p style=\"MARGIN-TOP: 0px; MARGIN-BOTTOM: 0px; PADDING-BOTTOM: 0px; PADDING-TOP: 0px\">\n<span style=\"font-size: 8pt; font-family: Arial;\">im Internet ab <strong>17. M\u00e4rz 2019, 0:00 Uhr \u00fcber www.altstadtlauf-herrenberg.de<\/strong><\/span><\/p>\n<p style=\"MARGIN-TOP: 0px; MARGIN-BOTTOM: 0px; PADDING-BOTTOM: 0px; PADDING-TOP: 0px\">\n<span style=\"font-size: 8pt; font-family: Arial;\">Anzugeben ist bei der ersten Anmeldung nur der Teamname sowie Name und Anschrift des Mannschaftskapit\u00e4ns. Zwischen dem 03.06. und 23. 06. 2019 k\u00f6nnen die Namen der Teilnehmer\/innen gemeldet werden. (Name, Vorname, m\/w, Jahrgang, Verein bzw. Team-Name). Hierzu wird im Internet f\u00fcr diesen Zeitraum ein entsprechendes Anmeldeformular freigeschaltet. Nach dem Ende dieser Anmeldefrist ist bis zum Wettkampftag keine weitere An-\/Ab-\/Ummeldung m\u00f6glich.<br \/>\n<strong>F\u00fcr jede An-\/Ummeldung einer Person am Wettkampftag berechnen wir 10.- \u20ac. <\/strong><\/span><\/p>\n<p><\/p>\n<p style=\"MARGIN-TOP: 0px; MARGIN-BOTTOM: 0px; PADDING-BOTTOM: 0px; PADDING-TOP: 0px\">\n<span style=\"font-size: 8pt; color: #ff0000; font-family: Arial;\"><strong>ACHTUNG:<\/strong> Die Anmeldung gilt erst nach Eingang der Startgeb\u00fchr von 130.- Euro. Vor dem 17. M\u00e4rz 2019 eingehende Zahlungen werden nicht ber\u00fccksichtigt. Bei mehr als 100 Anmeldungen z\u00e4hlt die Reihenfolge des Geldeingangs auf dem unter \u201e<strong>Startgeb\u00fchr<\/strong>\u201c genannten Konto.<\/span><br \/>\n<span style=\"font-size: 8pt; font-family: Arial;\"><\/span> <\/p>\n<p style=\"MARGIN-TOP: 0px; MARGIN-BOTTOM: 0px; PADDING-BOTTOM: 0px; PADDING-TOP: 0px\">\n<p style=\"text-align: right; color: #ffffff;\">leerzeile<\/p>\n<p style=\"MARGIN-TOP: 0px; MARGIN-BOTTOM: 0px; PADDING-BOTTOM: 0px; PADDING-TOP: 0px\">\n<span style=\"font-size: 8pt; color: #ff0000; font-family: Arial;\"><strong>Ansprechpartner<\/strong><\/span><\/p>\n<p style=\"MARGIN-TOP: 0px; MARGIN-BOTTOM: 0px; PADDING-BOTTOM: 0px; PADDING-TOP: 0px\">\n<span style=\"font-size: 8pt; font-family: Arial;\"><strong>Organisation Lauf:<\/strong><a href=\"mailto:clivia.schuker@t-online.de\"> Clivia Schuker<\/a> &#8211; Telefon (07032) 3 50 89 <\/span><\/p>\n<p style=\"MARGIN-TOP: 0px; MARGIN-BOTTOM: 0px; PADDING-BOTTOM: 0px; PADDING-TOP: 0px\">\n<span style=\"font-size: 8pt; font-family: Arial;\"><strong>Organisation EDV, Anmeldung, Zeitnahme, Resultat:<\/strong> <a href=\"mailto:e.kienle@t-online.de\"> Erich Kienle<\/a><\/span><\/p>\n<p style=\"MARGIN-TOP: 0px; MARGIN-BOTTOM: 0px; PADDING-BOTTOM: 0px; PADDING-TOP: 0px\">\n<p style=\"text-align: right; color: #ffffff;\">leerzeile<\/p>\n<p style=\"MARGIN-TOP: 0px; MARGIN-BOTTOM: 0px; PADDING-BOTTOM: 0px; PADDING-TOP: 0px\">\n<span style=\"font-size: 8pt; color: #ff0000; font-family: Arial;\"><strong>Anti-Doping-Code<\/strong><\/span><\/p>\n<p style=\"MARGIN-TOP: 0px; MARGIN-BOTTOM: 0px; PADDING-BOTTOM: 0px; PADDING-TOP: 0px\">\n<span style=\"font-size: 8pt; font-family: Arial;\">Mit seiner\/ihrer Anmeldung erkennt der\/die Teilnehmer*in  ausdr\u00fccklich die Satzungen und Ordnungen des DLV, insbesondere die Deutsche Leichtathletik-Ordnung (DLO), den DLV-Anti-Doping-Code (DLV-ADC) und die Internationalen Wettkampfregeln (IWR) an und unterwirft sich den entsprechenden Bestimmungen.<\/span><\/p>\n<p style=\"MARGIN-TOP: 0px; MARGIN-BOTTOM: 0px; PADDING-BOTTOM: 0px; PADDING-TOP: 0px\">\n<p style=\"text-align: right; color: #ffffff;\">leerzeile<\/p>\n<p style=\"MARGIN-TOP: 0px; MARGIN-BOTTOM: 0px; PADDING-BOTTOM: 0px; PADDING-TOP: 0px\">\n<span style=\"font-size: 8pt; color: #ff0000; font-family: Arial;\"><strong>Ergebnislisten<\/strong><\/span><\/p>\n<p style=\"MARGIN-TOP: 0px; MARGIN-BOTTOM: 0px; PADDING-BOTTOM: 0px; PADDING-TOP: 0px\">\n<span style=\"font-size: 8pt; font-family: Arial;\">werden im Internet ver\u00f6ffentlicht unter <strong>www.altstadtlauf-herrenberg.de<\/strong><\/span><\/p>\n<p style=\"MARGIN-TOP: 0px; MARGIN-BOTTOM: 0px; PADDING-BOTTOM: 0px; PADDING-TOP: 0px\">\n<p style=\"text-align: right; color: #ffffff;\">leerzeile<\/p>\n<p style=\"MARGIN-TOP: 0px; MARGIN-BOTTOM: 0px; PADDING-BOTTOM: 0px; PADDING-TOP: 0px\">\n<span style=\"font-size: 8pt; color: #ff0000; font-family: Arial;\"><strong>Haftung und Datenschutz<\/strong><\/span><\/p>\n<p style=\"MARGIN-TOP: 0px; MARGIN-BOTTOM: 0px; PADDING-BOTTOM: 0px; PADDING-TOP: 0px\">\n<span style=\"font-size: 8pt; font-family: Arial;\">Der Veranstalter \u00fcbernimmt keinerlei Haftung f\u00fcr Unf\u00e4lle oder Diebst\u00e4hle. Jede*r Teilnehmer*in erkennt dies mit seiner\/ihrer Anmeldung an und verzichtet auf jegliche Art von Forderungen und Schadensersatzanspr\u00fcchen. Gleichzeitig erkl\u00e4rt jede*r Teilnehmer*in ihr\/sein Einverst\u00e4ndnis zur Ver\u00f6ffentlichung von pers\u00f6nlichen Daten in Ergebnislisten und Berichten.<\/span><\/p>\n<p style=\"MARGIN-TOP: 0px; MARGIN-BOTTOM: 0px; PADDING-BOTTOM: 0px; PADDING-TOP: 0px\">\n<p style=\"text-align: right; color: #ffffff;\">leerzeile<\/p>\n<p style=\"MARGIN-TOP: 0px; MARGIN-BOTTOM: 0px; PADDING-BOTTOM: 0px; PADDING-TOP: 0px\">\n<span style=\"font-size: 8pt; color: #ff0000; font-family: Arial;\"><strong>Internet<\/strong><\/span><\/p>\n<p style=\"MARGIN-TOP: 0px; MARGIN-BOTTOM: 0px; PADDING-BOTTOM: 0px; PADDING-TOP: 0px\">\n<span style=\"font-size: 8pt; font-family: Arial;\"><strong>www.altstadtlauf-herrenberg.de<\/strong><\/span><\/p>\n<p style=\"MARGIN-TOP: 0px; MARGIN-BOTTOM: 0px; PADDING-BOTTOM: 0px; PADDING-TOP: 0px\">\n<p style=\"text-align: right; color: #ffffff;\">leerzeile<\/p>\n<p style=\"MARGIN-TOP: 0px; MARGIN-BOTTOM: 0px; PADDING-BOTTOM: 0px; PADDING-TOP: 0px\">\n<span style=\"font-size: 8pt; color: #ff0000; font-family: Arial;\"><strong>Mannschaftskapit\u00e4n<\/strong><\/span><\/p>\n<p style=\"MARGIN-TOP: 0px; MARGIN-BOTTOM: 0px; PADDING-BOTTOM: 0px; PADDING-TOP: 0px\">\n<span style=\"font-size: 8pt; font-family: Arial;\">Jedes Team benennt einen Mannschaftskapit\u00e4n, der auch an der Teambesprechung um 14:00 Uhr am Veranstaltungstag teilnimmt (Sporthalle der Albert-Schweitzer-Schule, Bismarckstr. 7).<\/span><\/p>\n<p style=\"MARGIN-TOP: 0px; MARGIN-BOTTOM: 0px; PADDING-BOTTOM: 0px; PADDING-TOP: 0px\">\n<p style=\"text-align: right; color: #ffffff;\">leerzeile<\/p>\n<p style=\"MARGIN-TOP: 0px; MARGIN-BOTTOM: 0px; PADDING-BOTTOM: 0px; PADDING-TOP: 0px\">\n<span style=\"font-size: 8pt; color: #ff0000; font-family: Arial;\"><strong>Meldungen &#8211; Startnummernausgabe<\/strong><\/span><\/p>\n<p style=\"MARGIN-TOP: 0px; MARGIN-BOTTOM: 0px; PADDING-BOTTOM: 0px; PADDING-TOP: 0px\">\n<span style=\"font-size: 8pt; font-family: Arial;\">in der Sporthalle der Albert-Schweitzer-Schule, Bismarckstr.7<\/span><\/p>\n<p style=\"MARGIN-TOP: 0px; MARGIN-BOTTOM: 0px; PADDING-BOTTOM: 0px; PADDING-TOP: 0px\">\n<p style=\"MARGIN-TOP: 0px; MARGIN-BOTTOM: 0px; PADDING-BOTTOM: 0px; PADDING-TOP: 0px\">\n<p style=\"text-align: right; color: #ffffff;\">leerzeile<\/p>\n<p style=\"MARGIN-TOP: 0px; MARGIN-BOTTOM: 0px; PADDING-BOTTOM: 0px; PADDING-TOP: 0px\">\n<span style=\"font-size: 8pt; color: #ff0000; font-family: Arial;\"><strong>Parken<\/strong><\/span><\/p>\n<p style=\"MARGIN-TOP: 0px; MARGIN-BOTTOM: 0px; PADDING-BOTTOM: 0px; PADDING-TOP: 0px\">\n<span style=\"font-size: 8pt; font-family: Arial;\">Bitte benutzen Sie folgende Parkpl\u00e4tze ausserhalb der Herrenberger Altstadt<\/span><\/p>\n<p style=\"MARGIN-TOP: 0px; MARGIN-BOTTOM: 0px; PADDING-BOTTOM: 0px; PADDING-TOP: 0px\">\n<span style=\"font-size: 8pt; font-family: Arial;\"> P6 Stadthalle<\/span><\/p>\n<p style=\"MARGIN-TOP: 0px; MARGIN-BOTTOM: 0px; PADDING-BOTTOM: 0px; PADDING-TOP: 0px\">\n<span style=\"font-size: 8pt; font-family: Arial;\"> P4 Bronntor<\/span><\/p>\n<p style=\"MARGIN-TOP: 0px; MARGIN-BOTTOM: 0px; PADDING-BOTTOM: 0px; PADDING-TOP: 0px\">\n<span style=\"font-size: 8pt; font-family: Arial;\"> P2 Volksbank<\/span><\/p>\n<p style=\"MARGIN-TOP: 0px; MARGIN-BOTTOM: 0px; PADDING-BOTTOM: 0px; PADDING-TOP: 0px\">\n<span style=\"font-size: 8pt; font-family: Arial;\"> P1 Altstadtgarage<\/span><\/p>\n<p style=\"MARGIN-TOP: 0px; MARGIN-BOTTOM: 0px; PADDING-BOTTOM: 0px; PADDING-TOP: 0px\">\n<span style=\"font-size: 8pt; font-family: Arial;\"> P  Kreiskrankenhaus<\/span><\/p>\n<p style=\"MARGIN-TOP: 0px; -BOTTOM: 0px; PADDING-BOTTOM: 0px; PADDING-TOP: 0px\">\n<p style=\"text-align: right; color: #ffffff;\">leerzeile<\/p>\n<p style=\"MARGIN-TOP: 0px; MARGIN-BOTTOM: 0px; PADDING-BOTTOM: 0px; PADDING-TOP: 0px\">\n<span style=\"font-size: 8pt; color: #ff0000; font-family: Arial;\"><strong>Preise<\/strong><\/span><\/p>\n<p style=\"MARGIN-TOP: 0px; MARGIN-BOTTOM: 0px; PADDING-BOTTOM: 0px; PADDING-TOP: 0px\">\n<span style=\"font-size: 8pt; font-family: Arial;\">Sachpreise f\u00fcr die 5 erstplatzierten Mannschaften der Gesamtwertung sowie f\u00fcr die 3 erstplatzierten Mannschaften der Sonderwertungen und f\u00fcr die schnellste gelaufene Runde.<\/span><\/p>\n<p style=\"MARGIN-TOP: 0px; MARGIN-BOTTOM: 0px; PADDING-BOTTOM: 0px; PADDING-TOP: 0px\">\n<p style=\"text-align: right; color: #ffffff;\">leerzeile<\/p>\n<p style=\"MARGIN-TOP: 0px; MARGIN-BOTTOM: 0px; PADDING-BOTTOM: 0px; PADDING-TOP: 0px\">\n<span style=\"font-size: 8pt; color: #ff0000; font-family: Arial;\"><strong>Rundenl\u00e4nge<\/strong><\/span><\/p>\n<p style=\"MARGIN-TOP: 0px; MARGIN-BOTTOM: 0px; PADDING-BOTTOM: 0px; PADDING-TOP: 0px\">\n<span style=\"font-size: 8pt; font-family: Arial;\">ca. 1300 Meter<\/span><\/p>\n<p style=\"MARGIN-TOP: 0px; MARGIN-BOTTOM: 0px; PADDING-BOTTOM: 0px; PADDING-TOP: 0px\">\n<p style=\"text-align: right; color: #ffffff;\">leerzeile<\/p>\n<p style=\"MARGIN-TOP: 0px; MARGIN-BOTTOM: 0px; PADDING-BOTTOM: 0px; PADDING-TOP: 0px\">\n<span style=\"font-size: 8pt; color: #ff0000; font-family: Arial;\"><strong>Start und Ziel &#8211; L\u00e4uferlager &#8211; Verpflegung<\/strong><\/span><\/p>\n<p style=\"MARGIN-TOP: 0px; MARGIN-BOTTOM: 0px; PADDING-BOTTOM: 0px; PADDING-TOP: 0px\">\n<span style=\"font-size: 8pt; font-family: Arial;\">Herrenberg, Auf dem Graben<\/span><\/p>\n<p style=\"MARGIN-TOP: 0px; MARGIN-BOTTOM: 0px; PADDING-BOTTOM: 0px; PADDING-TOP: 0px\">\n<span style=\"font-size: 8pt; font-family: Arial;\">Getr\u00e4nke und Obst kostenlos<\/span><\/p>\n<p style=\"MARGIN-TOP: 0px; MARGIN-BOTTOM: 0px; PADDING-BOTTOM: 0px; PADDING-TOP: 0px\">\n<p style=\"text-align: right; color: #ffffff;\">leerzeile<\/p>\n<p style=\"MARGIN-TOP: 0px; MARGIN-BOTTOM: 0px; PADDING-BOTTOM: 0px; PADDING-TOP: 0px\">\n<span style=\"font-size: 8pt; color: #ff0000; font-family: Arial;\"><strong>Startgeb\u00fchr<\/strong><\/span><\/p>\n<p style=\"MARGIN-TOP: 0px; MARGIN-BOTTOM: 0px; PADDING-BOTTOM: 0px; PADDING-TOP: 0px\">\n<span style=\"font-size: 8pt; \">130<\/span><span style=\"font-size: 8pt; font-family: Arial;\">,- Euro pro Team, zahlbar sofort bei Anmeldung des Teams auf das <strong>Konto xxx<\/strong> unter Angabe des Stichwortes &#8222;Altstadtlauf&#8220; und des Mannschafts-\/Vereinsnamen.<\/span><br \/>\n<span style=\"font-size: 8pt; color: #ff0000; font-family: Arial;\"><strong>ACHTUNG:<\/strong> <!--<\/span) <span style=\"font-size: 8pt; font-family: Arial;\") --> Eine R\u00fcckzahlung der Startgeb\u00fchr bei Abbruch oder Absage der Veranstaltung aus Gr\u00fcnden, die der Veranstalter nicht zu vertreten hat, ist ausgeschlossen.<\/span><\/p>\n<p style=\"MARGIN-TOP: 0px; MARGIN-BOTTOM: 0px; PADDING-BOTTOM: 0px; PADDING-TOP: 0px\">\n<p style=\"text-align: right; color: #ffffff;\">leerzeile<\/p>\n<p style=\"MARGIN-TOP: 0px; MARGIN-BOTTOM: 0px; PADDING-BOTTOM: 0px; PADDING-TOP: 0px\">\n<strong><span style=\"font-size: 8pt; font-family: Arial;\"><span style=\"color:#ff0000;\">Streckenplan<\/span><\/span><\/strong><\/p>\n<p style=\"MARGIN-TOP: 0px; MARGIN-BOTTOM: 0px; PADDING-BOTTOM: 0px; PADDING-TOP: 0px\">\n<img loading=\"lazy\" decoding=\"async\" class=\"alignleft size-medium wp-image-285\" title=\"ASL-Strecke\" src=\"https:\/\/tsvkuppingen.de\/lauftreff\/site\/wp-content\/uploads\/2013\/03\/ASL-Strecke.jpg\" alt=\"ASL-Strecke\" width=\"585\" height=\"390\" \/><\/span><\/span><\/strong><\/p>\n<p style=\"text-align: right; color: #ffffff;\">leerzeile<\/p>\n<p style=\"MARGIN-TOP: 0px; MARGIN-BOTTOM: 0px; PADDING-BOTTOM: 0px; PADDING-TOP: 0px\">\n<span style=\"font-size: 8pt; color: #ff0000; font-family: Arial;\"><strong>Teilnahmebedingungen<\/strong><\/span><\/p>\n<p style=\"MARGIN-TOP: 0px; MARGIN-BOTTOM: 0px; PADDING-BOTTOM: 0px; PADDING-TOP: 0px\">\n<span style=\"font-size: 8pt; font-family: Arial;\">Es sind ausschlie\u00dflich Teams teilnahmeberechtigt. Ein Team besteht aus mindestens 5, maximal 10 L\u00e4ufern*innen. Das Mindestalter ist 14 Jahre (Jahrgang 2005 und \u00e4lter).<\/span><\/p>\n<p style=\"MARGIN-TOP: 0px; MARGIN-BOTTOM: 0px; PADDING-BOTTOM: 0px; PADDING-TOP: 0px\">\n<p style=\"text-align: right; color: #ffffff;\">leerzeile<\/p>\n<p style=\"MARGIN-TOP: 0px; MARGIN-BOTTOM: 0px; PADDING-BOTTOM: 0px; PADDING-TOP: 0px\">\n<span style=\"font-size: 8pt; color: #ff0000; font-family: Arial;\"><strong>Umkleiden und Duschen<\/strong><\/span><\/p>\n<p style=\"MARGIN-TOP: 0px; MARGIN-BOTTOM: 0px; PADDING-BOTTOM: 0px; PADDING-TOP: 0px\">\n<span style=\"font-size: 8pt; font-family: Arial;\"><strong>Frauen:<\/strong> Sporthalle der Albert-Schweitzer-Schule, Bismarck-Str. 7, Herrenberg<\/span><\/p>\n<p style=\"MARGIN-TOP: 0px; MARGIN-BOTTOM: 0px; PADDING-BOTTOM: 0px; PADDING-TOP: 0px\">\n<span style=\"font-size: 8pt; font-family: Arial;\"><strong>M\u00e4nner:<\/strong> Sporthalle der Albert-Schweitzer-Schule, Bismarck-Str. 7, Herrenberg<\/span><\/p>\n<p style=\"MARGIN-TOP: 0px; MARGIN-BOTTOM: 0px; PADDING-BOTTOM: 0px; PADDING-TOP: 0px\">\n<p style=\"text-align: right; color: #ffffff;\">leerzeile<\/p>\n<p style=\"MARGIN-TOP: 0px; MARGIN-BOTTOM: 0px; PADDING-BOTTOM: 0px; PADDING-TOP: 0px\">\n<span style=\"font-size: 8pt; color: #ff0000; font-family: Arial;\"><strong>Wertung<\/strong><\/span><\/p>\n<p style=\"MARGIN-TOP: 0px; MARGIN-BOTTOM: 0px; PADDING-BOTTOM: 0px; PADDING-TOP: 0px\">\n<span style=\"font-size: 8pt; font-family: Arial;\">Ausschlie\u00dflich Mannschaftswertungen<\/span><\/p>\n<p style=\"MARGIN-TOP: 0px; MARGIN-BOTTOM: 0px; PADDING-BOTTOM: 0px; PADDING-TOP: 0px\">\n<span style=\"font-size: 8pt; font-family: Arial;\">Gesamtwertung aller teilnehmenden Teams<\/span><\/p>\n<p style=\"MARGIN-TOP: 0px; MARGIN-BOTTOM: 0px; PADDING-BOTTOM: 0px; PADDING-TOP: 0px\">\n<span style=\"font-size: 8pt; font-family: Arial;\"><strong>Sonderwertungen f\u00fcr<\/strong><\/span><\/p>\n<p style=\"MARGIN-TOP: 0px; MARGIN-BOTTOM: 0px; PADDING-BOTTOM: 0px; PADDING-TOP: 0px\">\n<span style=\"font-size: 8pt; font-family: Arial;\">&#8211; Frauenteams<\/span><\/p>\n<p style=\"MARGIN-TOP: 0px; MARGIN-BOTTOM: 0px; PADDING-BOTTOM: 0px; PADDING-TOP: 0px\">\n<span style=\"font-size: 8pt; font-family: Arial;\">&#8211; Jugendteams (14 &#8211; 19 Jahre, Jahrg\u00e4nge 2000 &#8211; 2005)<\/span><\/p>\n<p style=\"MARGIN-TOP: 0px; MARGIN-BOTTOM: 0px; PADDING-BOTTOM: 0px; PADDING-TOP: 0px\">\n<p style=\"text-align: right; color: #ffffff;\">leerzeile<\/p>\n<p style=\"MARGIN-TOP: 0px; MARGIN-BOTTOM: 0px; PADDING-BOTTOM: 0px; PADDING-TOP: 0px\">\n<span style=\"font-size: 8pt; color: #ff0000; font-family: Arial;\"><strong>Zeitlisten<\/strong><\/span><\/p>\n<p style=\"MARGIN-TOP: 0px; MARGIN-BOTTOM: 0px; PADDING-BOTTOM: 0px; PADDING-TOP: 0px\">\n<span style=\"font-size: 8pt; font-family: Arial;\">Jedes Team erh\u00e4lt eine Liste, auf der zur eigenen Planung und Kontrolle f\u00fcr jede Runde der\/die L\u00e4ufer\/in mit der gelaufenen Zeit eingetragen wird. Der Veranstalter \u00fcberwacht lediglich die Anzahl der gelaufenen Runden pro Team.<\/span><\/p>\n<p style=\"MARGIN-TOP: 0px; MARGIN-BOTTOM: 0px; PADDING-BOTTOM: 0px; PADDING-TOP: 0px\">\n<p style=\"text-align: right; color: #ffffff;\">leerzeile<\/p>\n<p style=\"MARGIN-TOP: 0px; MARGIN-BOTTOM: 0px; PADDING-BOTTOM: 0px; PADDING-TOP: 0px\">\n<span style=\"font-size: 8pt; color: #ff0000; font-family: Arial;\"><strong>Zeitnahme &#8211; Pfand<\/strong><\/span><\/p>\n<p style=\"MARGIN-TOP: 0px; MARGIN-BOTTOM: 0px; PADDING-BOTTOM: 0px; PADDING-TOP: 0px\">\n<span style=\"font-size: 8pt; font-family: Arial;\">Die Zeitmessung erfolgt \u00fcber die Startnummer mit integriertem Transponder-Chip. Es f\u00e4llt kein Pfand an.<\/span><\/p>\n<p style=\"MARGIN-TOP: 0px; MARGIN-BOTTOM: 0px; PADDING-BOTTOM: 0px; PADDING-TOP: 0px\">\n<p style=\"text-align: right; color: #ffffff;\">leerzeile<\/p>\n<p style=\"MARGIN-TOP: 0px; MARGIN-BOTTOM: 0px; PADDING-BOTTOM: 0px; PADDING-TOP: 0px\">\n<span style=\"font-size: 8pt; color: #ff0000; font-family: Arial;\"><strong>Vorl\u00e4ufiger Zeitplan<\/strong><\/span><\/p>\n<table id=\"AutoNumber1\" style=\"border-collapse: collapse; height: 85px;\" border=\"0\" cellspacing=\"0\" cellpadding=\"0\" width=\"490\" bordercolor=\"#111111\">\n<tbody>\n<tr>\n<td><span style=\"font-size: 8pt; font-family: Arial;\">Startnummernausgabe in der Sporthalle der Albert-Schweitzer-Schule ge\u00f6ffnet<\/span><\/td>\n<td align=\"right\"><span style=\"font-size: 8pt; font-family: Arial;\">ab 12:00 Uhr<\/span><\/td>\n<\/tr>\n<tr>\n<td><span style=\"font-size: 8pt; font-family: Arial;\">Glockenkonzert der Stiftskirche<\/span><\/td>\n<td align=\"right\"><span style=\"font-size: 8pt; font-family: Arial;\">12:50 Uhr<\/span><\/td>\n<\/td>\n<tr>\n<td><span style=\"font-size: 8pt; font-family: Arial;\">oekumenischer L\u00e4ufer-Gottesdienst  in der Stiftskirche<\/span><\/td>\n<td align=\"right\"><span style=\"font-size: 8pt; font-family: Arial;\">13:00 Uhr<\/span><\/td>\n<\/tr>\n<tr>\n<td><span style=\"font-size: 8pt; font-family: Arial;\">Besprechung f\u00fcr die Mannschaftskapit\u00e4ne in der Sporthalle der Albert-Schweitzer-Schule<\/span><\/td>\n<td align=\"right\"><span style=\"font-size: 8pt; font-family: Arial;\">14:00 Uhr<\/span><\/td>\n<\/tr>\n<tr>\n<td><span style=\"font-size: 8pt; font-family: Arial;\">Mannschaftspr\u00e4sentation auf dem Marktplatz<\/span><\/td>\n<td align=\"right\"><span style=\"font-size: 8pt; font-family: Arial;\">14:30 Uhr<\/span><\/td>\n<\/tr>\n<tr>\n<td><span style=\"font-size: 8pt;\">anschlie\u00dfend offizieller Start<\/span><\/td>\n<td align=\"right\"><span style=\"font-size: 8pt; font-family: Arial;\">15:00 Uhr<\/span><\/td>\n<\/tr>\n<tr>\n<td><span style=\"font-size: 8pt; font-family: Arial;\">Zieleinlauf <\/span><\/td>\n<td align=\"right\"><span style=\"font-size: 8pt; font-family: Arial;\">ca. 20:15 Uhr<\/span><\/td>\n<\/tr>\n<p><!-- <trX\n<tdX<span style=\"font-size: 8pt; font-family: Arial;\"XTransponderr\u00fcckgabe im XXX Restaurant \"Mauerwerk\"<\/spanX<\/tdX\n\n\n<td align=\"right\"X<span style=\"font-size: 8pt;\"X <\/spanX<span style=\"font-size: 8pt; font-family: Arial;\"Xbis 21:30 Uhr<\/spanX<\/tdX\n<\/trX -->\n<tr>\n<td><span style=\"font-size: 8pt; font-family: Arial;\">Siegerehrung<\/span><\/td>\n<td align=\"right\"><span style=\"font-size: 8pt;\"> <\/span><span style=\"font-size: 8pt; font-family: Arial;\">ca. 21:30 Uhr<\/span><\/td>\n<\/tr>\n<tr>\n<td><span style=\"font-size: 8pt; font-family: Arial;\">Feuerwerk<\/span><\/td>\n<td align=\"right\"><span style=\"font-size: 8pt;\"> <\/span><span style=\"font-size: 8pt; font-family: Arial;\">ca. 23:15 Uhr<\/span><\/td>\n<\/tr>\n<\/tbody>\n<\/table>\n","protected":false},"excerpt":{"rendered":"<p>leerzeile 29. Juni 2019 100 Kilometer Altstadtlauf Staffellauf \u00fcber 77 x 1,3 km noch ne leerzeile Ablauf Nach einer gemeinsamen Einf\u00fchrungsrunde, in der alle L\u00e4ufer*innen mitlaufen, wird der Wettbewerb gestartet. Ansonsten l\u00e4uft von jedem Team immer nur ein\/eine L\u00e4ufer*in. Nach jeder Runde muss auf den\/die n\u00e4chste*n L\u00e4ufer*in gewechselt und der Staffelstab \u00fcbergeben werden. Das Rennen [&hellip;]<\/p>\n","protected":false},"author":1,"featured_media":0,"parent":13,"menu_order":0,"comment_status":"closed","ping_status":"closed","template":"","meta":{"ngg_post_thumbnail":0,"footnotes":""},"class_list":["post-24","page","type-page","status-publish","hentry"],"_links":{"self":[{"href":"https:\/\/tsvkuppingen.de\/lauftreff\/site\/index.php?rest_route=\/wp\/v2\/pages\/24","targetHints":{"allow":["GET"]}}],"collection":[{"href":"https:\/\/tsvkuppingen.de\/lauftreff\/site\/index.php?rest_route=\/wp\/v2\/pages"}],"about":[{"href":"https:\/\/tsvkuppingen.de\/lauftreff\/site\/index.php?rest_route=\/wp\/v2\/types\/page"}],"author":[{"embeddable":true,"href":"https:\/\/tsvkuppingen.de\/lauftreff\/site\/index.php?rest_route=\/wp\/v2\/users\/1"}],"replies":[{"embeddable":true,"href":"https:\/\/tsvkuppingen.de\/lauftreff\/site\/index.php?rest_route=%2Fwp%2Fv2%2Fcomments&post=24"}],"version-history":[{"count":99,"href":"https:\/\/tsvkuppingen.de\/lauftreff\/site\/index.php?rest_route=\/wp\/v2\/pages\/24\/revisions"}],"predecessor-version":[{"id":7865,"href":"https:\/\/tsvkuppingen.de\/lauftreff\/site\/index.php?rest_route=\/wp\/v2\/pages\/24\/revisions\/7865"}],"up":[{"embeddable":true,"href":"https:\/\/tsvkuppingen.de\/lauftreff\/site\/index.php?rest_route=\/wp\/v2\/pages\/13"}],"wp:attachment":[{"href":"https:\/\/tsvkuppingen.de\/lauftreff\/site\/index.php?rest_route=%2Fwp%2Fv2%2Fmedia&parent=24"}],"curies":[{"name":"wp","href":"https:\/\/api.w.org\/{rel}","templated":true}]}}