{"id":2497,"date":"2012-04-29T20:17:42","date_gmt":"2012-04-29T18:17:42","guid":{"rendered":"http:\/\/tsvkuppingen.de\/lauftreff\/site\/?page_id=2497"},"modified":"2019-09-20T22:26:38","modified_gmt":"2019-09-20T20:26:38","slug":"28-04-2012","status":"publish","type":"page","link":"https:\/\/tsvkuppingen.de\/lauftreff\/site\/?page_id=2497","title":{"rendered":"28.04.2012"},"content":{"rendered":"<p><strong>Walking Tag<\/strong><\/p>\n<p>Auf den Spuren von Hase, Fuchs und Hirsch im Kuppinger Wald wandelten die Teilnehmer des<br \/>\nersten Walking Tags des TSV Kuppingen. Zwischen 50 und 60 Walking Begeisterte aus dem G\u00e4u hatten sich am vergangenen Samstag beim Sportheim des TSV eingefunden, dabei war dieser sonnig-warme Tag f\u00fcr etliche der Teilnehmer gleichzeitig der erfolgreiche Abschluss ihres (Nordic-) Walking-Kurses beim dortigen Lauftreff. Teilnehmerst\u00e4rkstes Team waren indes die 15 Mitglieder des Walkingtreff G\u00e4rtringen.<br \/>\nNach der Begr\u00fc\u00dfung durch Walking-Leiterin Petra Mikolaizak, kurzer und stimulierender Aufw\u00e4rm- gymnastik konnten die Teilnehmer aus drei verschieden langen und unterschiedlich schwierigen Rundkursen von 5.4km, 7.5km und 10km ausw\u00e4hlen. Die F\u00fchrung der Gruppen \u00fcbernahmen dabei die  Kuppinger Walking-Betreuerinnen, die mit dem der Strecke entsprechenden Symbol, n\u00e4mlich Hase, Fuchs oder Hirsch gekennzeichnet waren. Nach knapp einer Stunde kehrte die erste Gruppe zum Ausgangspunkt zur\u00fcck, eine gute halbe Stunde sp\u00e4ter die letzte. Am inzwischen errichteten Verpflegungsstand mit kostenlosen Getr\u00e4nken, Obst und kleinen Partybrezeln konnten sich die Teilnehmer wieder erfrischen und ihre Meinung und Eindr\u00fccke austauschen. Allseits gelobt wurden dabei die sch\u00f6nen Strecken des Kuppinger Laufparks.<\/p>\n<div id=\"attachment_2498\" style=\"width: 310px\" class=\"wp-caption alignnone\"><a href=\"https:\/\/tsvkuppingen.de\/lauftreff\/site\/wp-content\/uploads\/2012\/04\/201204291937411_3842.jpg.jpg\"><img loading=\"lazy\" decoding=\"async\" aria-describedby=\"caption-attachment-2498\" src=\"https:\/\/tsvkuppingen.de\/lauftreff\/site\/wp-content\/uploads\/2012\/04\/201204291937411_3842.jpg-300x200.jpg\" alt=\"Ganz sch\u00f6n was los beim ersten Kuppinger Walking Tag\" title=\"Ganz sch\u00f6n was los beim ersten Kuppinger Walking Tag\" width=\"300\" height=\"200\" class=\"size-medium wp-image-2498\" srcset=\"https:\/\/tsvkuppingen.de\/lauftreff\/site\/wp-content\/uploads\/2012\/04\/201204291937411_3842.jpg-300x200.jpg 300w, https:\/\/tsvkuppingen.de\/lauftreff\/site\/wp-content\/uploads\/2012\/04\/201204291937411_3842.jpg.jpg 480w\" sizes=\"auto, (max-width: 300px) 100vw, 300px\" \/><\/a><p id=\"caption-attachment-2498\" class=\"wp-caption-text\">Ganz sch\u00f6n was los beim ersten Kuppinger Walking Tag<\/p><\/div>\n","protected":false},"excerpt":{"rendered":"<p>Walking Tag Auf den Spuren von Hase, Fuchs und Hirsch im Kuppinger Wald wandelten die Teilnehmer des ersten Walking Tags des TSV Kuppingen. Zwischen 50 und 60 Walking Begeisterte aus dem G\u00e4u hatten sich am vergangenen Samstag beim Sportheim des TSV eingefunden, dabei war dieser sonnig-warme Tag f\u00fcr etliche der Teilnehmer gleichzeitig der erfolgreiche Abschluss [&hellip;]<\/p>\n","protected":false},"author":2,"featured_media":0,"parent":32,"menu_order":99540000,"comment_status":"open","ping_status":"open","template":"","meta":{"ngg_post_thumbnail":0,"footnotes":""},"class_list":["post-2497","page","type-page","status-publish","hentry"],"_links":{"self":[{"href":"https:\/\/tsvkuppingen.de\/lauftreff\/site\/index.php?rest_route=\/wp\/v2\/pages\/2497","targetHints":{"allow":["GET"]}}],"collection":[{"href":"https:\/\/tsvkuppingen.de\/lauftreff\/site\/index.php?rest_route=\/wp\/v2\/pages"}],"about":[{"href":"https:\/\/tsvkuppingen.de\/lauftreff\/site\/index.php?rest_route=\/wp\/v2\/types\/page"}],"author":[{"embeddable":true,"href":"https:\/\/tsvkuppingen.de\/lauftreff\/site\/index.php?rest_route=\/wp\/v2\/users\/2"}],"replies":[{"embeddable":true,"href":"https:\/\/tsvkuppingen.de\/lauftreff\/site\/index.php?rest_route=%2Fwp%2Fv2%2Fcomments&post=2497"}],"version-history":[{"count":4,"href":"https:\/\/tsvkuppingen.de\/lauftreff\/site\/index.php?rest_route=\/wp\/v2\/pages\/2497\/revisions"}],"predecessor-version":[{"id":7947,"href":"https:\/\/tsvkuppingen.de\/lauftreff\/site\/index.php?rest_route=\/wp\/v2\/pages\/2497\/revisions\/7947"}],"up":[{"embeddable":true,"href":"https:\/\/tsvkuppingen.de\/lauftreff\/site\/index.php?rest_route=\/wp\/v2\/pages\/32"}],"wp:attachment":[{"href":"https:\/\/tsvkuppingen.de\/lauftreff\/site\/index.php?rest_route=%2Fwp%2Fv2%2Fmedia&parent=2497"}],"curies":[{"name":"wp","href":"https:\/\/api.w.org\/{rel}","templated":true}]}}