{"id":2527,"date":"2012-05-21T17:37:02","date_gmt":"2012-05-21T15:37:02","guid":{"rendered":"http:\/\/tsvkuppingen.de\/lauftreff\/site\/?page_id=2527"},"modified":"2019-09-20T22:25:58","modified_gmt":"2019-09-20T20:25:58","slug":"einsteigerkurs-2012","status":"publish","type":"page","link":"https:\/\/tsvkuppingen.de\/lauftreff\/site\/?page_id=2527","title":{"rendered":"Einsteigerkurs 2012"},"content":{"rendered":"<p>Das eine Ziel des Kuppinger Einsteigerkurses f\u00fcr L\u00e4ufer ist 30 Minuten zu laufen ohne eine Pause zwischendurch. Dieses Jahr gab es erstmalig auch ein zweites: Am Abschlusstag sollte jeder L\u00e4ufer, nach seiner schwei\u00dftreibenden halben Stunde, pro gelaufenem Kilometer einen Zentimeter Hefezopf als Belohnung bekommen.<br \/>\nAchtzehn L\u00e4ufer\/innen hatten sich zum Kurs des TSVs angemeldet. Mit zwei Laufeinheiten pro Woche starteten sie Ende M\u00e4rz mit Lauftrainer Erich Kienle und seinem Betreuerteam. Zwei Teilnehmerinnen konnten nahezu von Anfang an im \u201enormalen\u201c Lauftreff mitlaufen, f\u00fcnf Teilnehmer haben unterwegs zeit- oder krankheitsbedingt abgebrochen. Elf L\u00e4uferinnen und L\u00e4ufer sind jedoch am Ball geblieben und haben mit einem L\u00e4cheln auf den Lippen die 30 Minuten geschafft. In Gesellschaft der L\u00e4ufer und Walker des Lauftreffs konnten sie den verdienten Hefezopf genie\u00dfen und planen, wie sie im Herbst schon die 60 Minuten angreifen. Wie viele Zentimeter Hefezopf sie denn nun erlaufen haben? Zwischen vier und f\u00fcnf hat Erich Kienle ausgerechnet! Ein guter Anfang ist damit gemacht und alle sind sehr gewillt weiterhin dran zu bleiben.<\/p>\n<div id=\"attachment_2528\" style=\"width: 310px\" class=\"wp-caption alignnone\"><a href=\"https:\/\/tsvkuppingen.de\/lauftreff\/site\/wp-content\/uploads\/2012\/05\/Einsteigerkurs-Ende.jpg\"><img loading=\"lazy\" decoding=\"async\" aria-describedby=\"caption-attachment-2528\" src=\"https:\/\/tsvkuppingen.de\/lauftreff\/site\/wp-content\/uploads\/2012\/05\/Einsteigerkurs-Ende-300x210.jpg\" alt=\"Laufeinsteiger verdienen sich den Hefezopf\" title=\"Laufeinsteiger verdienen sich den Hefezopf\" width=\"300\" height=\"210\" class=\"size-medium wp-image-2528\" srcset=\"https:\/\/tsvkuppingen.de\/lauftreff\/site\/wp-content\/uploads\/2012\/05\/Einsteigerkurs-Ende-300x210.jpg 300w, https:\/\/tsvkuppingen.de\/lauftreff\/site\/wp-content\/uploads\/2012\/05\/Einsteigerkurs-Ende.jpg 1000w\" sizes=\"auto, (max-width: 300px) 100vw, 300px\" \/><\/a><p id=\"caption-attachment-2528\" class=\"wp-caption-text\">Laufeinsteiger verdienen sich den Hefezopf<\/p><\/div>\n","protected":false},"excerpt":{"rendered":"<p>Das eine Ziel des Kuppinger Einsteigerkurses f\u00fcr L\u00e4ufer ist 30 Minuten zu laufen ohne eine Pause zwischendurch. Dieses Jahr gab es erstmalig auch ein zweites: Am Abschlusstag sollte jeder L\u00e4ufer, nach seiner schwei\u00dftreibenden halben Stunde, pro gelaufenem Kilometer einen Zentimeter Hefezopf als Belohnung bekommen. Achtzehn L\u00e4ufer\/innen hatten sich zum Kurs des TSVs angemeldet. Mit zwei [&hellip;]<\/p>\n","protected":false},"author":2,"featured_media":0,"parent":32,"menu_order":99520000,"comment_status":"open","ping_status":"open","template":"","meta":{"ngg_post_thumbnail":0,"footnotes":""},"class_list":["post-2527","page","type-page","status-publish","hentry"],"_links":{"self":[{"href":"https:\/\/tsvkuppingen.de\/lauftreff\/site\/index.php?rest_route=\/wp\/v2\/pages\/2527","targetHints":{"allow":["GET"]}}],"collection":[{"href":"https:\/\/tsvkuppingen.de\/lauftreff\/site\/index.php?rest_route=\/wp\/v2\/pages"}],"about":[{"href":"https:\/\/tsvkuppingen.de\/lauftreff\/site\/index.php?rest_route=\/wp\/v2\/types\/page"}],"author":[{"embeddable":true,"href":"https:\/\/tsvkuppingen.de\/lauftreff\/site\/index.php?rest_route=\/wp\/v2\/users\/2"}],"replies":[{"embeddable":true,"href":"https:\/\/tsvkuppingen.de\/lauftreff\/site\/index.php?rest_route=%2Fwp%2Fv2%2Fcomments&post=2527"}],"version-history":[{"count":5,"href":"https:\/\/tsvkuppingen.de\/lauftreff\/site\/index.php?rest_route=\/wp\/v2\/pages\/2527\/revisions"}],"predecessor-version":[{"id":7945,"href":"https:\/\/tsvkuppingen.de\/lauftreff\/site\/index.php?rest_route=\/wp\/v2\/pages\/2527\/revisions\/7945"}],"up":[{"embeddable":true,"href":"https:\/\/tsvkuppingen.de\/lauftreff\/site\/index.php?rest_route=\/wp\/v2\/pages\/32"}],"wp:attachment":[{"href":"https:\/\/tsvkuppingen.de\/lauftreff\/site\/index.php?rest_route=%2Fwp%2Fv2%2Fmedia&parent=2527"}],"curies":[{"name":"wp","href":"https:\/\/api.w.org\/{rel}","templated":true}]}}