{"id":2533,"date":"2012-05-21T17:42:53","date_gmt":"2012-05-21T15:42:53","guid":{"rendered":"http:\/\/tsvkuppingen.de\/lauftreff\/site\/?page_id=2533"},"modified":"2019-09-20T22:26:19","modified_gmt":"2019-09-20T20:26:19","slug":"19-05-2012","status":"publish","type":"page","link":"https:\/\/tsvkuppingen.de\/lauftreff\/site\/?page_id=2533","title":{"rendered":"19.05.2012"},"content":{"rendered":"<p><strong>12. Senioren Berglauf Weltmeisterschaften in B\u00fchlertal<\/strong><\/p>\n<p>Als sich die Kunde verbreitete, dass 2012 die Senioren-Berglaufweltmeisterschaften in Baden W\u00fcrttemberg stattfinden w\u00fcrden, musste unsere kleine Kuppinger Berglauf-Truppe nicht lange \u00fcberlegen: \u201eDa m\u00fcssen wir hin!\u201c<br \/>\nDer Hundseck Berglauf im 80 Km entfernten B\u00fchlertal hatte den Zuschlage f\u00fcr die 12. Senioren-Berglaufweltmeisterschaften erhalten. Die Strecke war durchaus meisterschaftstauglich. Vom Start in B\u00fchlertal f\u00fchrte die Strecke zun\u00e4chst durch den Ort und dann durch den Wald hinauf zum Mehliskopf-Hundseck, insgesamt 776m H\u00f6hendifferenz auf einer Distanz von 9,5 Km. <\/p>\n<p>Um die Wettbewerbe so transparent wie m\u00f6glich zu machen, startete jede Altersklasse f\u00fcr sich mit einem Abstand von jeweils 20 Minuten. Den Beginn machte um 11 Uhr die \u00c4ltesten, die 75-79-j\u00e4hrigen. So war Bruno K\u00f6ngeter um 12:20 Uhr der erste Kuppinger der auf die Strecke durfte. Traditionell geh\u00f6rt die Altersklasse der 55 bis 59 j\u00e4hrigen zu den am teilnehmerst\u00e4rksten. Bruno erreichte den Gipfel auf dem 94. Rang.<br \/>\n40 Minuten sp\u00e4ter wurde Isolde in der Klasse der 45 bis 49-j\u00e4hrigen auf die Strecke geschickt. Sie startete sehr verhalten, konnte sich aber im Verlauf des Rennens langsam nach vorn arbeiten und erreichte als 36. das Ziel.<br \/>\nW\u00e4hrend Bruno und Isolde im Vereinstrikot starteten, hatte sich Uta Groeper mit einem Nationaltrikot ausgestattet. Zudem hatte sie den Vorteil, dass sie die Strecke von den Vorjahren bereits gut kannte. Zu Beginn hielt sie sich taktisch klug zur\u00fcck und rollte dann das Feld von hinten auf. Mit ihrer Zeit von 1:07:44 Stunde lief sie unter die 20 weltbesten Frauen der Klasse 35 bis 39 Jahre. Au\u00dferdem durfte sie sich \u00fcber eine Verbesserung ihrer Vorjahreszeit um rund 3 Minuten freuen.<\/p>\n<p>Alle drei waren so schnell unterwegs, dass sie in das Feld der vor ihnen gestarteten Klasse liefen. Das hei\u00dft, sie nahmen diesen L\u00e4ufern mehr als 20 Minuten ab.<\/p>\n<p>Die Strecke zur\u00fcck ins Tal legten unsere drei nat\u00fcrlich zu Fu\u00df zur\u00fcck. Die Alternative w\u00e4re ein \u00fcberf\u00fcllter Shuttle Bus gewesen. Leider wurde auf dem R\u00fcckweg aus dem Sonnenschein ein kr\u00e4ftiger Schauer, sodass die drei komplett durchn\u00e4sst, aber gl\u00fccklich, den Startort am \u201eHaus des Gastes\u201c in B\u00fchlertal erreichten.<\/p>\n<div id=\"attachment_2534\" style=\"width: 310px\" class=\"wp-caption alignnone\"><a href=\"https:\/\/tsvkuppingen.de\/lauftreff\/site\/wp-content\/uploads\/2012\/05\/P1010389.jpg\"><img loading=\"lazy\" decoding=\"async\" aria-describedby=\"caption-attachment-2534\" src=\"https:\/\/tsvkuppingen.de\/lauftreff\/site\/wp-content\/uploads\/2012\/05\/P1010389-300x225.jpg\" alt=\"Unsere WM Teilnehmer\" title=\"Unsere WM Teilnehmer\" width=\"300\" height=\"225\" class=\"size-medium wp-image-2534\" srcset=\"https:\/\/tsvkuppingen.de\/lauftreff\/site\/wp-content\/uploads\/2012\/05\/P1010389-300x225.jpg 300w, https:\/\/tsvkuppingen.de\/lauftreff\/site\/wp-content\/uploads\/2012\/05\/P1010389.jpg 1000w\" sizes=\"auto, (max-width: 300px) 100vw, 300px\" \/><\/a><p id=\"caption-attachment-2534\" class=\"wp-caption-text\">Unsere WM Teilnehmer<\/p><\/div>\n","protected":false},"excerpt":{"rendered":"<p>12. Senioren Berglauf Weltmeisterschaften in B\u00fchlertal Als sich die Kunde verbreitete, dass 2012 die Senioren-Berglaufweltmeisterschaften in Baden W\u00fcrttemberg stattfinden w\u00fcrden, musste unsere kleine Kuppinger Berglauf-Truppe nicht lange \u00fcberlegen: \u201eDa m\u00fcssen wir hin!\u201c Der Hundseck Berglauf im 80 Km entfernten B\u00fchlertal hatte den Zuschlage f\u00fcr die 12. Senioren-Berglaufweltmeisterschaften erhalten. Die Strecke war durchaus meisterschaftstauglich. Vom Start [&hellip;]<\/p>\n","protected":false},"author":2,"featured_media":0,"parent":32,"menu_order":99530000,"comment_status":"open","ping_status":"open","template":"","meta":{"ngg_post_thumbnail":0,"footnotes":""},"class_list":["post-2533","page","type-page","status-publish","hentry"],"_links":{"self":[{"href":"https:\/\/tsvkuppingen.de\/lauftreff\/site\/index.php?rest_route=\/wp\/v2\/pages\/2533","targetHints":{"allow":["GET"]}}],"collection":[{"href":"https:\/\/tsvkuppingen.de\/lauftreff\/site\/index.php?rest_route=\/wp\/v2\/pages"}],"about":[{"href":"https:\/\/tsvkuppingen.de\/lauftreff\/site\/index.php?rest_route=\/wp\/v2\/types\/page"}],"author":[{"embeddable":true,"href":"https:\/\/tsvkuppingen.de\/lauftreff\/site\/index.php?rest_route=\/wp\/v2\/users\/2"}],"replies":[{"embeddable":true,"href":"https:\/\/tsvkuppingen.de\/lauftreff\/site\/index.php?rest_route=%2Fwp%2Fv2%2Fcomments&post=2533"}],"version-history":[{"count":4,"href":"https:\/\/tsvkuppingen.de\/lauftreff\/site\/index.php?rest_route=\/wp\/v2\/pages\/2533\/revisions"}],"predecessor-version":[{"id":7946,"href":"https:\/\/tsvkuppingen.de\/lauftreff\/site\/index.php?rest_route=\/wp\/v2\/pages\/2533\/revisions\/7946"}],"up":[{"embeddable":true,"href":"https:\/\/tsvkuppingen.de\/lauftreff\/site\/index.php?rest_route=\/wp\/v2\/pages\/32"}],"wp:attachment":[{"href":"https:\/\/tsvkuppingen.de\/lauftreff\/site\/index.php?rest_route=%2Fwp%2Fv2%2Fmedia&parent=2533"}],"curies":[{"name":"wp","href":"https:\/\/api.w.org\/{rel}","templated":true}]}}