{"id":26,"date":"2009-05-11T21:37:28","date_gmt":"2009-05-11T19:37:28","guid":{"rendered":"http:\/\/tsvkuppingen.de\/lauftreff\/site\/?page_id=26"},"modified":"2019-09-20T17:57:21","modified_gmt":"2019-09-20T15:57:21","slug":"anmeldung","status":"publish","type":"page","link":"https:\/\/tsvkuppingen.de\/lauftreff\/site\/?page_id=26","title":{"rendered":"Anmeldung\/Teilnehmer"},"content":{"rendered":"<p><\/p>\n<ul>\n<li>  <span style=\"color: #ff0000;\" mce_style=\"color: #ff0000;\"> <strong> Zum 8. Altstadtlauf Herrenberg k\u00f6nnt ihr euch ab dem 17.03.2019 0:00 Uhr HIER anmelden. <!-- Der 7. Herrenberger Altstadtlauf am 24.06.2017 ist mit \u00fcber 100 Mannschaften ausgebucht. Eine Anmeldung ist leider nicht mehr m\u00f6glich! --> <\/strong> <\/span> Damit die Rundstrecke von 1300m nicht \u00fcberf\u00fcllt ist, gibt es eine <strong>Obergrenze von 100 Mannschaften<\/strong> (zzgl. den Sponsorenmannschaften). <\/li>\n<li> Die <strong>vorangemeldeten Mannschaften<\/strong> k\u00f6nnen vom <strong>03.06. bis zum 23.06. (einschliesslich) <\/strong> ihre Mannschaftmitglieder hier anmelden. <\/li>\n<li> Die <span style=\"color: #ff0000;\"><strong>Teilnehmerliste<\/strong><\/span> wird w\u00e4hrend den Anmeldefristen alle 2-3 Tage aktualisiert.<br \/>\nWer in der Teilnehmerliste aufgef\u00fchrt ist, dessen Anmeldung ist registriert. <!--(Es gibt keine Antwortmail).--><br \/>\nWenn sich in der Spalte &#8222;<strong>Status<\/strong>&#8220; ein gr\u00fcnes Rechteck befindet, ist die Startgeb\u00fchr verbucht und der Startplatz gesichert.<br \/>\n<a href=\"https:\/\/tsvkuppingen.de\/lauftreff\/site\/wp-content\/uploads\/2017\/06\/Teilnehmer.pdf\" target=\"_blank\"> Zur Teilnehmerliste von 2017 <!--Stand 19.06.17  24:00 Uhr) --> &#8230;<\/a><\/li>\n<li> Hier gibt&#8217;s den <span style=\"color: #ff0000;\"><strong>Rundenplaner<\/strong><\/span><br \/>\n<a href=\"https:\/\/tsvkuppingen.de\/lauftreff\/site\/wp-content\/uploads\/2017\/01\/Rundenplaner17-123.pdf\" target=\"_blank\"> Zum Download &#8230;<\/a><\/li>\n<li> Hier gibt&#8217;s den <span style=\"color: #ff0000;\"><strong>Interviewbogen<\/strong><\/span>, den Ihr f\u00fcr die Moderatoren ausf\u00fcllen und an Peter John zur\u00fcck schicken k\u00f6nnt.<br \/>\n<a href=\"https:\/\/tsvkuppingen.de\/lauftreff\/site\/wp-content\/uploads\/2013\/06\/Interview.doc\" target=\"_blank\"> Zum Download &#8230;<\/a><\/li>\n<p><!--\n\t<liX <delX ... und das Formular zum <span style=\"color: #ff0000;\" mce_style=\"color: #ff0000;\"X <strongX  An-, Ab- und Ummelden <\/strongX <\/spanX <\/delX\n\n\n<p style=\"MARGIN-TOP: 0px; MARGIN-BOTTOM: 0px; PADDING-BOTTOM: 0px; PADDING-TOP: 0px\" mce_style=\"MARGIN-TOP: 0px; MARGIN-BOTTOM: 0px; PADDING-BOTTOM: 0px; PADDING-TOP: 0px\"X <strongX <span style=\"font-family: Arial;\" mce_style=\"font-family: Arial;\"X\n\n<a href=\"https:\/\/tsvkuppingen.de\/lauftreff\/site\/wp-content\/uploads\/2011\/07\/AnAbmeldeForm.pdf\" mce_href=\"https:\/\/tsvkuppingen.de\/lauftreff\/site\/wp-content\/uploads\/2011\/07\/AnAbmeldeForm.pdf\" target=\"_blank\"X \/\/--><br \/>\n<!-- Zum Download ... <\/aX <\/spanX <\/strongX    <\/pX <\/liX -->\n<p><!--\t<liX <strongX <span style=\"color: #ff0000;\" mce_style=\"color: #ff0000;\"XEure Urkunden werden in den KWs 27 und 28 an die Mannschaftsf\u00fchrer verschickt! <\/spanX <\/strongX <\/liX  \/\/--><\/ul>\n","protected":false},"excerpt":{"rendered":"<p>Zum 8. Altstadtlauf Herrenberg k\u00f6nnt ihr euch ab dem 17.03.2019 0:00 Uhr HIER anmelden. Damit die Rundstrecke von 1300m nicht \u00fcberf\u00fcllt ist, gibt es eine Obergrenze von 100 Mannschaften (zzgl. den Sponsorenmannschaften). Die vorangemeldeten Mannschaften k\u00f6nnen vom 03.06. bis zum 23.06. (einschliesslich) ihre Mannschaftmitglieder hier anmelden. Die Teilnehmerliste wird w\u00e4hrend den Anmeldefristen alle 2-3 Tage [&hellip;]<\/p>\n","protected":false},"author":1,"featured_media":0,"parent":13,"menu_order":1,"comment_status":"closed","ping_status":"closed","template":"","meta":{"ngg_post_thumbnail":0,"footnotes":""},"class_list":["post-26","page","type-page","status-publish","hentry"],"_links":{"self":[{"href":"https:\/\/tsvkuppingen.de\/lauftreff\/site\/index.php?rest_route=\/wp\/v2\/pages\/26","targetHints":{"allow":["GET"]}}],"collection":[{"href":"https:\/\/tsvkuppingen.de\/lauftreff\/site\/index.php?rest_route=\/wp\/v2\/pages"}],"about":[{"href":"https:\/\/tsvkuppingen.de\/lauftreff\/site\/index.php?rest_route=\/wp\/v2\/types\/page"}],"author":[{"embeddable":true,"href":"https:\/\/tsvkuppingen.de\/lauftreff\/site\/index.php?rest_route=\/wp\/v2\/users\/1"}],"replies":[{"embeddable":true,"href":"https:\/\/tsvkuppingen.de\/lauftreff\/site\/index.php?rest_route=%2Fwp%2Fv2%2Fcomments&post=26"}],"version-history":[{"count":193,"href":"https:\/\/tsvkuppingen.de\/lauftreff\/site\/index.php?rest_route=\/wp\/v2\/pages\/26\/revisions"}],"predecessor-version":[{"id":7880,"href":"https:\/\/tsvkuppingen.de\/lauftreff\/site\/index.php?rest_route=\/wp\/v2\/pages\/26\/revisions\/7880"}],"up":[{"embeddable":true,"href":"https:\/\/tsvkuppingen.de\/lauftreff\/site\/index.php?rest_route=\/wp\/v2\/pages\/13"}],"wp:attachment":[{"href":"https:\/\/tsvkuppingen.de\/lauftreff\/site\/index.php?rest_route=%2Fwp%2Fv2%2Fmedia&parent=26"}],"curies":[{"name":"wp","href":"https:\/\/api.w.org\/{rel}","templated":true}]}}