{"id":2712,"date":"2012-10-14T15:21:11","date_gmt":"2012-10-14T13:21:11","guid":{"rendered":"http:\/\/tsvkuppingen.de\/lauftreff\/site\/?page_id=2712"},"modified":"2019-09-20T22:23:17","modified_gmt":"2019-09-20T20:23:17","slug":"03-11-2012","status":"publish","type":"page","link":"https:\/\/tsvkuppingen.de\/lauftreff\/site\/?page_id=2712","title":{"rendered":"03.11.2012"},"content":{"rendered":"<p><strong> Beim Laufabzeichen ist Ausdauer gefragt<\/strong> <\/p>\n<p>Seit vielen Jahren bietet der Lauftreff die Abnahme des Lauf- und Walking-Abzeichens an. Um die 40 Sportler machten sich auf den Weg um ihre bis zu 120 min langen Runden zu ziehen. Besonders f\u00fcr den L\u00e4ufernachwuchs ist das ein willkommener Anlass die eigene Ausdauer unter Beweis zu stellen. W\u00e4hrend die \u00e4lteren Laufkids beim Magstadter Cross-Run voll in action waren, starteten die j\u00fcngeren auf ihre Tour im Kuppinger Laufpark. 30 Minuten war das Ziel der meisten, 15 Minuten peilten die ganz neuen an. Geschwindigkeit ist hierbei kein Thema, ausschlie\u00dflich die Minuten m\u00fcssen ohne Pause gelaufen werden. Quasi mit links schafften das alle und mussten von ihren Trainerinnen gar nicht motiviert werden.<br \/>\nDass das Wetter mitspielte und der Regen just f\u00fcr die Laufzeit aussetzte, schien f\u00fcr alle Beteiligten schon Motivation genug.<\/p>\n<p>Laufabzeichen 15 Minuten:<\/p>\n<p>Emilia B\u00f6ser             Jahrgang 2006<br \/>\nNina Messner            Jahrgang 2004<\/p>\n<p>Laufabzeichen 30 Minuten:<\/p>\n<p>Hannah Groeper            Jahrgang 2004<br \/>\nAmelie Schuker            Jahrgang 2004<br \/>\nBastian Groeper            Jahrgang 2003<br \/>\nCora B\u00f6ser               Jahrgang 2002<br \/>\nTim Turek                  Jahrgang 2002<br \/>\nJannis Ahlert             Jahrgang 2002<br \/>\nLuis Messner            Jahrgang 2002<br \/>\nMoritz Schuker            Jahrgang 2001<br \/>\nDominique St\u00fcmpel            Jahrgang 1998<\/p>\n<div id=\"attachment_2748\" style=\"width: 310px\" class=\"wp-caption alignnone\"><a href=\"https:\/\/tsvkuppingen.de\/lauftreff\/site\/wp-content\/uploads\/2012\/10\/201211041320331_3842.jpg.jpg\"><img loading=\"lazy\" decoding=\"async\" aria-describedby=\"caption-attachment-2748\" src=\"https:\/\/tsvkuppingen.de\/lauftreff\/site\/wp-content\/uploads\/2012\/10\/201211041320331_3842.jpg-300x279.jpg\" alt=\"Erfolgreich beim Laufabzeichen - Die Kuppinger Laufkids\" title=\"Erfolgreich beim Laufabzeichen - Die Kuppinger Laufkids\" width=\"300\" height=\"279\" class=\"size-medium wp-image-2748\" srcset=\"https:\/\/tsvkuppingen.de\/lauftreff\/site\/wp-content\/uploads\/2012\/10\/201211041320331_3842.jpg-300x279.jpg 300w, https:\/\/tsvkuppingen.de\/lauftreff\/site\/wp-content\/uploads\/2012\/10\/201211041320331_3842.jpg.jpg 480w\" sizes=\"auto, (max-width: 300px) 100vw, 300px\" \/><\/a><p id=\"caption-attachment-2748\" class=\"wp-caption-text\">Erfolgreich beim Laufabzeichen - Die Kuppinger Laufkids<\/p><\/div>\n","protected":false},"excerpt":{"rendered":"<p>Beim Laufabzeichen ist Ausdauer gefragt Seit vielen Jahren bietet der Lauftreff die Abnahme des Lauf- und Walking-Abzeichens an. Um die 40 Sportler machten sich auf den Weg um ihre bis zu 120 min langen Runden zu ziehen. Besonders f\u00fcr den L\u00e4ufernachwuchs ist das ein willkommener Anlass die eigene Ausdauer unter Beweis zu stellen. W\u00e4hrend die [&hellip;]<\/p>\n","protected":false},"author":2,"featured_media":0,"parent":32,"menu_order":99460000,"comment_status":"open","ping_status":"open","template":"","meta":{"ngg_post_thumbnail":0,"footnotes":""},"class_list":["post-2712","page","type-page","status-publish","hentry"],"_links":{"self":[{"href":"https:\/\/tsvkuppingen.de\/lauftreff\/site\/index.php?rest_route=\/wp\/v2\/pages\/2712","targetHints":{"allow":["GET"]}}],"collection":[{"href":"https:\/\/tsvkuppingen.de\/lauftreff\/site\/index.php?rest_route=\/wp\/v2\/pages"}],"about":[{"href":"https:\/\/tsvkuppingen.de\/lauftreff\/site\/index.php?rest_route=\/wp\/v2\/types\/page"}],"author":[{"embeddable":true,"href":"https:\/\/tsvkuppingen.de\/lauftreff\/site\/index.php?rest_route=\/wp\/v2\/users\/2"}],"replies":[{"embeddable":true,"href":"https:\/\/tsvkuppingen.de\/lauftreff\/site\/index.php?rest_route=%2Fwp%2Fv2%2Fcomments&post=2712"}],"version-history":[{"count":5,"href":"https:\/\/tsvkuppingen.de\/lauftreff\/site\/index.php?rest_route=\/wp\/v2\/pages\/2712\/revisions"}],"predecessor-version":[{"id":7939,"href":"https:\/\/tsvkuppingen.de\/lauftreff\/site\/index.php?rest_route=\/wp\/v2\/pages\/2712\/revisions\/7939"}],"up":[{"embeddable":true,"href":"https:\/\/tsvkuppingen.de\/lauftreff\/site\/index.php?rest_route=\/wp\/v2\/pages\/32"}],"wp:attachment":[{"href":"https:\/\/tsvkuppingen.de\/lauftreff\/site\/index.php?rest_route=%2Fwp%2Fv2%2Fmedia&parent=2712"}],"curies":[{"name":"wp","href":"https:\/\/api.w.org\/{rel}","templated":true}]}}