{"id":2717,"date":"2012-10-14T15:35:44","date_gmt":"2012-10-14T13:35:44","guid":{"rendered":"http:\/\/tsvkuppingen.de\/lauftreff\/site\/?page_id=2717"},"modified":"2019-09-20T22:24:32","modified_gmt":"2019-09-20T20:24:32","slug":"26-09-2012","status":"publish","type":"page","link":"https:\/\/tsvkuppingen.de\/lauftreff\/site\/?page_id=2717","title":{"rendered":"26.09.2012"},"content":{"rendered":"<p><strong>Flei\u00dfige Helfer<\/strong><\/p>\n<p>Was es hei\u00dft, ein Laufevent auszurichten, wissen die Kuppinger Lauftreffler aus eigener Erfahrung. Deshalb war die <strong>Nachwuchsgruppe von Gabi Manz<\/strong> auch sofort dabei, als es darum ging, am 26. September abends beim <strong>Flugfeldlauf in B\u00f6blingen<\/strong> mitzuhelfen.<\/p>\n<p>Auf das eigene Training wurde verzichtet \u2013 stattdessen wurden im Zielbereich des Flugfeldlaufs eifrig und mit viel Engagement Flaschen ge\u00f6ffnet und Becher gef\u00fcllt, galt es doch, die durstigen L\u00e4ufer sofort mit \u201eFl\u00fcssigem\u201c \u2013 Sprudel und Saft \u2013 zu versorgen. Erfolg war auf der ganzen Linie da \u2013 kein einziger Sportler musste unverrichteter Dinge den Stand der Kuppinger verlassen.<\/p>\n<p>Der Dank der Sportler kam direkt, der Dank der Veranstalter ebenso. Durch diese Aktion \u201eL\u00e4ufer f\u00fcr L\u00e4ufer\u201c d\u00fcrfen sich die Helfer \u00fcber einen <strong>Beitrag zur Unterst\u00fctzung des Herbsttrainingslagers<\/strong> durch den Stahl-Sportshop freuen.<\/p>\n<p>Allen Teilnehmern auch von Seiten der Betreuer <strong>herzlichen Dank<\/strong>.<\/p>\n<p><a href=\"https:\/\/tsvkuppingen.de\/lauftreff\/site\/wp-content\/uploads\/2012\/10\/201210122215451_3842.jpg.jpg\"><img loading=\"lazy\" decoding=\"async\" src=\"https:\/\/tsvkuppingen.de\/lauftreff\/site\/wp-content\/uploads\/2012\/10\/201210122215451_3842.jpg-300x223.jpg\" alt=\"Helfer\" title=\"Helfer\" width=\"300\" height=\"223\" class=\"alignnone size-medium wp-image-2720\" srcset=\"https:\/\/tsvkuppingen.de\/lauftreff\/site\/wp-content\/uploads\/2012\/10\/201210122215451_3842.jpg-300x223.jpg 300w, https:\/\/tsvkuppingen.de\/lauftreff\/site\/wp-content\/uploads\/2012\/10\/201210122215451_3842.jpg.jpg 480w\" sizes=\"auto, (max-width: 300px) 100vw, 300px\" \/><\/a><\/p>\n","protected":false},"excerpt":{"rendered":"<p>Flei\u00dfige Helfer Was es hei\u00dft, ein Laufevent auszurichten, wissen die Kuppinger Lauftreffler aus eigener Erfahrung. Deshalb war die Nachwuchsgruppe von Gabi Manz auch sofort dabei, als es darum ging, am 26. September abends beim Flugfeldlauf in B\u00f6blingen mitzuhelfen. Auf das eigene Training wurde verzichtet \u2013 stattdessen wurden im Zielbereich des Flugfeldlaufs eifrig und mit viel [&hellip;]<\/p>\n","protected":false},"author":2,"featured_media":0,"parent":32,"menu_order":99490000,"comment_status":"open","ping_status":"open","template":"","meta":{"ngg_post_thumbnail":0,"footnotes":""},"class_list":["post-2717","page","type-page","status-publish","hentry"],"_links":{"self":[{"href":"https:\/\/tsvkuppingen.de\/lauftreff\/site\/index.php?rest_route=\/wp\/v2\/pages\/2717","targetHints":{"allow":["GET"]}}],"collection":[{"href":"https:\/\/tsvkuppingen.de\/lauftreff\/site\/index.php?rest_route=\/wp\/v2\/pages"}],"about":[{"href":"https:\/\/tsvkuppingen.de\/lauftreff\/site\/index.php?rest_route=\/wp\/v2\/types\/page"}],"author":[{"embeddable":true,"href":"https:\/\/tsvkuppingen.de\/lauftreff\/site\/index.php?rest_route=\/wp\/v2\/users\/2"}],"replies":[{"embeddable":true,"href":"https:\/\/tsvkuppingen.de\/lauftreff\/site\/index.php?rest_route=%2Fwp%2Fv2%2Fcomments&post=2717"}],"version-history":[{"count":7,"href":"https:\/\/tsvkuppingen.de\/lauftreff\/site\/index.php?rest_route=\/wp\/v2\/pages\/2717\/revisions"}],"predecessor-version":[{"id":7942,"href":"https:\/\/tsvkuppingen.de\/lauftreff\/site\/index.php?rest_route=\/wp\/v2\/pages\/2717\/revisions\/7942"}],"up":[{"embeddable":true,"href":"https:\/\/tsvkuppingen.de\/lauftreff\/site\/index.php?rest_route=\/wp\/v2\/pages\/32"}],"wp:attachment":[{"href":"https:\/\/tsvkuppingen.de\/lauftreff\/site\/index.php?rest_route=%2Fwp%2Fv2%2Fmedia&parent=2717"}],"curies":[{"name":"wp","href":"https:\/\/api.w.org\/{rel}","templated":true}]}}