{"id":2727,"date":"2012-10-14T16:15:08","date_gmt":"2012-10-14T14:15:08","guid":{"rendered":"http:\/\/tsvkuppingen.de\/lauftreff\/site\/?page_id=2727"},"modified":"2019-09-20T22:23:55","modified_gmt":"2019-09-20T20:23:55","slug":"13-10-2012","status":"publish","type":"page","link":"https:\/\/tsvkuppingen.de\/lauftreff\/site\/?page_id=2727","title":{"rendered":"13.10.2012"},"content":{"rendered":"<p><strong>Der Lauf ist im Ort angekommen<\/strong><\/p>\n<p>\u201eIch war schon auf vielen L\u00e4ufen, aber das hier ist ja wie ein Volksfest!\u201c, so der Kommentar einer Zuschauerin und \u201eLauf-Mama\u201c. Bereits bei den vielen, vielen Kindern am Start herrschte ein buntes Treiben rund um die Gemeindehalle. Zuschauer standen zweireihig im Zielbereich und feuerten die j\u00fcngsten an. Stark vertreten, nicht nur in der Masse, waren wieder die Sportklassen der Jerg Ratgeb Schule. Gek\u00e4mpft und alles gegeben wurde hier auf den zwei, bzw. vier Runden rund um die Gemeindehalle. Allerdings erscheinen manche der Sch\u00fcler\/innen ausschlie\u00dflich in der Realschul-internen Wertung, da sie au\u00dferhalb ihres Jahrgangs gestartet sind. \u201eWir bekommen Noten f\u00fcr den Lauf\u201c verr\u00e4t ein Sch\u00fcler den beiden Moderatoren am Start, und daf\u00fcr gaben einige richtig Vollgas. Das ist schon ein besonderes Engagement der Sportlehrer, die ihre Klassen auch am Wochenende fordern!<br \/>\nOhne Zeitnahme starten die ganz kleinen in der Bambini-Klasse. Manche noch mit Windelhosen, an der Hand von Papa und manchmal ziemlich irritiert was der Menschenauflauf zu bedeuten hat.<br \/>\nMit \u00fcber 300 Sch\u00fclern und Bambini am Start m\u00fcssen sich die Laufveranstalter der Umgebung wohl keine Sorgen um den Nachwuchs machen!<\/p>\n<p>\u00dcber 500 L\u00e4ufer\/innen starteten um 19:00 Uhr in die D\u00e4mmerung hinein. 9,7 km betrug in diesem Jahr die Hauptlaufstrecke. Aufgrund der Baustelle auf der B296 musste die Strecke etwas ge\u00e4ndert werden. Drei Runden f\u00fcr die Hauptl\u00e4ufer, 2 Runden f\u00fcr die Junioren und Jedermannl\u00e4ufer lautete das Pensum f\u00fcr den Samstag Abend. Langeweile kam sicherlich bei keinem L\u00e4ufer auf. Die sechs Stimmungsneschtle zogen die Kuppinger aus ihren H\u00e4usern, machten Musik, verpflegten die Fans und feuerten die Sportler gemeinsam an. Oberb\u00fcrgermeister Thomas Spri\u00dfler war heuer wieder mit am Start und begeistert, was Kuppingen auf die Beine gestellt hat: \u201eAn der ganzen Strecke ist was los, nicht nur in den Stimmungsneschtern. Da wird man richtig angetrieben und muss immer voll laufen\u201c, so sein Fazit direkt nach dem Zieleinlauf. Seine Zeit von 46:38 kann sich auch durchaus sehen lassen!<br \/>\nViele gute Kommentare erhielten die Damen vom L\u00e4ufer-Versorgungsstand rund um Liesel Kohler, die ganz nah am Geschehen sind: \u201eDie kommen ja als erstes zu uns, manche sind total fertig, aber sie freuen sich und sind begeistert, was will man mehr?\u201c und ein Strahlen ist auf ihrem Gesicht zu sehen.<br \/>\nDas ist das Ziel des Kuppinger Lauftreffs: Menschen zum Sport bewegen, Spa\u00df dabei haben und der Gesundheit etwas Gutes tun!<\/p>\n<p>Nat\u00fcrlich waren auch wieder viele schnelle L\u00e4ufer\/innen am Start. Marcus Hauber (Sport-Klos.de Team) lief nach 31:18 min als Erster \u00fcber die Ziellinie. Schnellste Frau war Meike Hess (VFL Ostelsheim) in 39:03 Minuten. Ganz flott waren aber auch die TSV Starter unterwegs. Trotz z.T. ganzt\u00e4gigen Arbeitseinsatz lie\u00dfen Sie es sich nehmen die drei Runden zu drehen und im Anschluss mit dem Abbau zu beginnen.<\/p>\n<p><strong>DANKE<\/strong><br \/>\nEin Lauf dieser Kategorie braucht viele helfende H\u00e4nde, Verst\u00e4ndnis und Unterst\u00fctzung von vielen Seiten.<br \/>\nEin herzliches Dankesch\u00f6n allen Helfern des Lauftreffs. Ohne ein so schlagkr\u00e4ftiges Team w\u00e4re DAS nicht m\u00f6glich. Danke den FFW Affst\u00e4tt und Kuppingen f\u00fcr die professionelle Ausleuchtung, den Sponsoren f\u00fcr alle Unterst\u00fctzung, den Stimmungs-Neschtle f\u00fcr ihren beispielhaften Einsatz, dem DRK, der Polizei und der Stadt Herrenberg.<br \/>\nDanke allen Kuppingern f\u00fcr ihr entgegengebrachtes Verst\u00e4ndnis, dass der Lauftreff einmal im Jahr f\u00fcr 2 Stunden den Flecken zur autofreien Zone macht. Wir wissen, dass das in der momentanen Baustellen-Phase f\u00fcr Kuppingen nicht ganz einfach ist!<\/p>\n<div id=\"attachment_2728\" style=\"width: 210px\" class=\"wp-caption alignnone\"><a href=\"https:\/\/tsvkuppingen.de\/lauftreff\/site\/wp-content\/uploads\/2012\/10\/201210141557031_3842.jpg.jpg\"><img loading=\"lazy\" decoding=\"async\" aria-describedby=\"caption-attachment-2728\" src=\"https:\/\/tsvkuppingen.de\/lauftreff\/site\/wp-content\/uploads\/2012\/10\/201210141557031_3842.jpg-200x300.jpg\" alt=\"Falk Lissner im Ziel des Mondf\u00e4ngerlaufes\" title=\"Falk\" width=\"200\" height=\"300\" class=\"size-medium wp-image-2728\" srcset=\"https:\/\/tsvkuppingen.de\/lauftreff\/site\/wp-content\/uploads\/2012\/10\/201210141557031_3842.jpg-200x300.jpg 200w, https:\/\/tsvkuppingen.de\/lauftreff\/site\/wp-content\/uploads\/2012\/10\/201210141557031_3842.jpg.jpg 321w\" sizes=\"auto, (max-width: 200px) 100vw, 200px\" \/><\/a><p id=\"caption-attachment-2728\" class=\"wp-caption-text\">Falk Lissner im Ziel des Mondf\u00e4ngerlaufes<\/p><\/div>\n","protected":false},"excerpt":{"rendered":"<p>Der Lauf ist im Ort angekommen \u201eIch war schon auf vielen L\u00e4ufen, aber das hier ist ja wie ein Volksfest!\u201c, so der Kommentar einer Zuschauerin und \u201eLauf-Mama\u201c. Bereits bei den vielen, vielen Kindern am Start herrschte ein buntes Treiben rund um die Gemeindehalle. Zuschauer standen zweireihig im Zielbereich und feuerten die j\u00fcngsten an. Stark vertreten, [&hellip;]<\/p>\n","protected":false},"author":2,"featured_media":0,"parent":32,"menu_order":99480000,"comment_status":"open","ping_status":"open","template":"","meta":{"ngg_post_thumbnail":0,"footnotes":""},"class_list":["post-2727","page","type-page","status-publish","hentry"],"_links":{"self":[{"href":"https:\/\/tsvkuppingen.de\/lauftreff\/site\/index.php?rest_route=\/wp\/v2\/pages\/2727","targetHints":{"allow":["GET"]}}],"collection":[{"href":"https:\/\/tsvkuppingen.de\/lauftreff\/site\/index.php?rest_route=\/wp\/v2\/pages"}],"about":[{"href":"https:\/\/tsvkuppingen.de\/lauftreff\/site\/index.php?rest_route=\/wp\/v2\/types\/page"}],"author":[{"embeddable":true,"href":"https:\/\/tsvkuppingen.de\/lauftreff\/site\/index.php?rest_route=\/wp\/v2\/users\/2"}],"replies":[{"embeddable":true,"href":"https:\/\/tsvkuppingen.de\/lauftreff\/site\/index.php?rest_route=%2Fwp%2Fv2%2Fcomments&post=2727"}],"version-history":[{"count":4,"href":"https:\/\/tsvkuppingen.de\/lauftreff\/site\/index.php?rest_route=\/wp\/v2\/pages\/2727\/revisions"}],"predecessor-version":[{"id":7941,"href":"https:\/\/tsvkuppingen.de\/lauftreff\/site\/index.php?rest_route=\/wp\/v2\/pages\/2727\/revisions\/7941"}],"up":[{"embeddable":true,"href":"https:\/\/tsvkuppingen.de\/lauftreff\/site\/index.php?rest_route=\/wp\/v2\/pages\/32"}],"wp:attachment":[{"href":"https:\/\/tsvkuppingen.de\/lauftreff\/site\/index.php?rest_route=%2Fwp%2Fv2%2Fmedia&parent=2727"}],"curies":[{"name":"wp","href":"https:\/\/api.w.org\/{rel}","templated":true}]}}