{"id":2777,"date":"2012-12-02T21:01:09","date_gmt":"2012-12-02T19:01:09","guid":{"rendered":"http:\/\/tsvkuppingen.de\/lauftreff\/site\/?page_id=2777"},"modified":"2019-09-20T22:22:19","modified_gmt":"2019-09-20T20:22:19","slug":"01-12-2012","status":"publish","type":"page","link":"https:\/\/tsvkuppingen.de\/lauftreff\/site\/?page_id=2777","title":{"rendered":"01.12.2012"},"content":{"rendered":"<p><strong>Gl\u00fchweinlauf<\/strong><\/p>\n<p>Rechtzeitig zum ersten Advent kamen die ersten Schneeflocken vom Himmel und verzauberten den Kuppinger Laufpark in eine herrliche Winterlandschaft. Vergangenes Wochenende konnten das die Lauftreffler bei einer kurzen Trainingsrunde genie\u00dfen und sich anschlie\u00dfend bei Wuschels leckerem Gl\u00fchwein aufw\u00e4rmen. Dass die Lauftreffler dieses Angebot sehr sch\u00e4tzen, zeigt die rege Teilnahme und die gute Stimmung! Sch\u00f6n, dass wieder so viele dabei waren, das freut die Organisatoren immer wieder.<\/p>\n<div id=\"attachment_2778\" style=\"width: 310px\" class=\"wp-caption alignnone\"><a href=\"https:\/\/tsvkuppingen.de\/lauftreff\/site\/wp-content\/uploads\/2012\/12\/201212021734271_3842.jpg.jpg\"><img loading=\"lazy\" decoding=\"async\" aria-describedby=\"caption-attachment-2778\" src=\"https:\/\/tsvkuppingen.de\/lauftreff\/site\/wp-content\/uploads\/2012\/12\/201212021734271_3842.jpg-300x200.jpg\" alt=\"Herta und Klaus Wunschik versorgen die Sportler bestens\" title=\"Herta und Klaus versorgen die Sportler bestens\" width=\"300\" height=\"200\" class=\"size-medium wp-image-2778\" srcset=\"https:\/\/tsvkuppingen.de\/lauftreff\/site\/wp-content\/uploads\/2012\/12\/201212021734271_3842.jpg-300x200.jpg 300w, https:\/\/tsvkuppingen.de\/lauftreff\/site\/wp-content\/uploads\/2012\/12\/201212021734271_3842.jpg.jpg 480w\" sizes=\"auto, (max-width: 300px) 100vw, 300px\" \/><\/a><p id=\"caption-attachment-2778\" class=\"wp-caption-text\">Herta und Klaus Wunschik versorgen die Sportler bestens<\/p><\/div>\n","protected":false},"excerpt":{"rendered":"<p>Gl\u00fchweinlauf Rechtzeitig zum ersten Advent kamen die ersten Schneeflocken vom Himmel und verzauberten den Kuppinger Laufpark in eine herrliche Winterlandschaft. Vergangenes Wochenende konnten das die Lauftreffler bei einer kurzen Trainingsrunde genie\u00dfen und sich anschlie\u00dfend bei Wuschels leckerem Gl\u00fchwein aufw\u00e4rmen. Dass die Lauftreffler dieses Angebot sehr sch\u00e4tzen, zeigt die rege Teilnahme und die gute Stimmung! Sch\u00f6n, [&hellip;]<\/p>\n","protected":false},"author":2,"featured_media":0,"parent":32,"menu_order":99430000,"comment_status":"open","ping_status":"open","template":"","meta":{"ngg_post_thumbnail":0,"footnotes":""},"class_list":["post-2777","page","type-page","status-publish","hentry"],"_links":{"self":[{"href":"https:\/\/tsvkuppingen.de\/lauftreff\/site\/index.php?rest_route=\/wp\/v2\/pages\/2777","targetHints":{"allow":["GET"]}}],"collection":[{"href":"https:\/\/tsvkuppingen.de\/lauftreff\/site\/index.php?rest_route=\/wp\/v2\/pages"}],"about":[{"href":"https:\/\/tsvkuppingen.de\/lauftreff\/site\/index.php?rest_route=\/wp\/v2\/types\/page"}],"author":[{"embeddable":true,"href":"https:\/\/tsvkuppingen.de\/lauftreff\/site\/index.php?rest_route=\/wp\/v2\/users\/2"}],"replies":[{"embeddable":true,"href":"https:\/\/tsvkuppingen.de\/lauftreff\/site\/index.php?rest_route=%2Fwp%2Fv2%2Fcomments&post=2777"}],"version-history":[{"count":4,"href":"https:\/\/tsvkuppingen.de\/lauftreff\/site\/index.php?rest_route=\/wp\/v2\/pages\/2777\/revisions"}],"predecessor-version":[{"id":7936,"href":"https:\/\/tsvkuppingen.de\/lauftreff\/site\/index.php?rest_route=\/wp\/v2\/pages\/2777\/revisions\/7936"}],"up":[{"embeddable":true,"href":"https:\/\/tsvkuppingen.de\/lauftreff\/site\/index.php?rest_route=\/wp\/v2\/pages\/32"}],"wp:attachment":[{"href":"https:\/\/tsvkuppingen.de\/lauftreff\/site\/index.php?rest_route=%2Fwp%2Fv2%2Fmedia&parent=2777"}],"curies":[{"name":"wp","href":"https:\/\/api.w.org\/{rel}","templated":true}]}}