{"id":3002,"date":"2013-02-10T22:16:07","date_gmt":"2013-02-10T20:16:07","guid":{"rendered":"http:\/\/tsvkuppingen.de\/lauftreff\/site\/?page_id=3002"},"modified":"2019-09-20T22:21:10","modified_gmt":"2019-09-20T20:21:10","slug":"08-02-2013","status":"publish","type":"page","link":"https:\/\/tsvkuppingen.de\/lauftreff\/site\/?page_id=3002","title":{"rendered":"08.02.2013"},"content":{"rendered":"<p><strong>Abteilungsversammlung<\/strong><\/p>\n<p>Der Abteilungsrat des Lauftreffs Kuppingen hat zur Abteilungsversammlung am 08.02.2013 geladen und \u00fcber 40 Mitglieder folgten der Einladung, trotz widriger Wetterbedingungen und dem Start der Winterferien.<br \/>\nDie jeweiligen Spartenleiter berichteten von ihren Ressorts.<br \/>\nDie Wettk\u00e4mpfer des TSV Kuppingen waren auch 2012 wieder sehr aktiv. Es wurden rund 4500 Wettkampfkilometer gelaufen. Dabei gab auch etliche Titel f\u00fcr die Aktiven. Es wurde bei Kreis- und Regionalmeisterschaften, bei den Senioren-Berglauf-Weltmeisterschaften und bei vielen anderen Veranstaltungen gelaufen.<br \/>\nDas Intervalltraining, gerne genutzt als Vorbereitung f\u00fcr die Wettkampfsaison gab es 2012 und wird es auch 2013 geben. 2013 erstmals mit unterschiedlichen Leistungsniveaus.<br \/>\nWeitere Top Events 2012 waren die Schneeschuhwanderung am Feldberg, die Einsteigerkurse f\u00fcr das Walking mit dem Walking Day als Abschlussveranstaltung und dem Laufeinsteigerkurs mit dem Hefezopflauf als Abschlussevent. Weitere besondere Ereignisse waren der Staffellauf nach Biberach, Mondf\u00e4ngerlauf, Vollmondlauf, Gl\u00fchwein, Silvesterlauf und das Trainingslager in Murrhardt f\u00fcr unsere Jugend.<br \/>\nInsgesamt verf\u00fcgt der Lauftreff \u00fcber eine hervorragende Truppe an Mitgliedern, hervorzuheben ist das gro\u00dfe Engagement der Mitglieder und Freunde des TSV bei der Ausrichtung von Veranstaltungen z. B. dem Mondf\u00e4ngerlauf und dem Altstadtlauf, der 2013 wieder stattfindet.<br \/>\nBesonders Engagement erbringen auch die Kinder- und Jugendtrainer des Lauftreffs.<br \/>\nDie Kasse des Lauftreffs ist wohlgef\u00fcllt und unter Thomas Klisch hervorragend gef\u00fchrt.<br \/>\nAuf der Agenda der Abteilungsversammlung stand die Wiederwahl der Abteilungsleitung, des Pressewarts, der Spartenleiterin Veranstaltungen und der Schriftf\u00fchrerin. Alle wurden einstimmig wiedergew\u00e4hlt.<br \/>\nZum Abschluss der Veranstaltung gab es einen Ausblick auf 2013 und einen R\u00fcckblick auf ein ganz besonders Event, den Beaujolais Marathon 2012.<\/p>\n<div id=\"attachment_3003\" style=\"width: 310px\" class=\"wp-caption alignnone\"><a href=\"https:\/\/tsvkuppingen.de\/lauftreff\/site\/wp-content\/uploads\/2013\/02\/201302092142171_3842.jpg.jpg\"><img loading=\"lazy\" decoding=\"async\" aria-describedby=\"caption-attachment-3003\" src=\"https:\/\/tsvkuppingen.de\/lauftreff\/site\/wp-content\/uploads\/2013\/02\/201302092142171_3842.jpg-300x258.jpg\" alt=\"Super! Clivia Schuker bleibt Lauftreffchefin\" title=\"Clivia\" width=\"300\" height=\"258\" class=\"size-medium wp-image-3003\" srcset=\"https:\/\/tsvkuppingen.de\/lauftreff\/site\/wp-content\/uploads\/2013\/02\/201302092142171_3842.jpg-300x258.jpg 300w, https:\/\/tsvkuppingen.de\/lauftreff\/site\/wp-content\/uploads\/2013\/02\/201302092142171_3842.jpg.jpg 480w\" sizes=\"auto, (max-width: 300px) 100vw, 300px\" \/><\/a><p id=\"caption-attachment-3003\" class=\"wp-caption-text\">Super! Clivia Schuker bleibt Lauftreffchefin<\/p><\/div>\n","protected":false},"excerpt":{"rendered":"<p>Abteilungsversammlung Der Abteilungsrat des Lauftreffs Kuppingen hat zur Abteilungsversammlung am 08.02.2013 geladen und \u00fcber 40 Mitglieder folgten der Einladung, trotz widriger Wetterbedingungen und dem Start der Winterferien. Die jeweiligen Spartenleiter berichteten von ihren Ressorts. Die Wettk\u00e4mpfer des TSV Kuppingen waren auch 2012 wieder sehr aktiv. Es wurden rund 4500 Wettkampfkilometer gelaufen. Dabei gab auch etliche [&hellip;]<\/p>\n","protected":false},"author":2,"featured_media":0,"parent":32,"menu_order":99410000,"comment_status":"open","ping_status":"open","template":"","meta":{"ngg_post_thumbnail":0,"footnotes":""},"class_list":["post-3002","page","type-page","status-publish","hentry"],"_links":{"self":[{"href":"https:\/\/tsvkuppingen.de\/lauftreff\/site\/index.php?rest_route=\/wp\/v2\/pages\/3002","targetHints":{"allow":["GET"]}}],"collection":[{"href":"https:\/\/tsvkuppingen.de\/lauftreff\/site\/index.php?rest_route=\/wp\/v2\/pages"}],"about":[{"href":"https:\/\/tsvkuppingen.de\/lauftreff\/site\/index.php?rest_route=\/wp\/v2\/types\/page"}],"author":[{"embeddable":true,"href":"https:\/\/tsvkuppingen.de\/lauftreff\/site\/index.php?rest_route=\/wp\/v2\/users\/2"}],"replies":[{"embeddable":true,"href":"https:\/\/tsvkuppingen.de\/lauftreff\/site\/index.php?rest_route=%2Fwp%2Fv2%2Fcomments&post=3002"}],"version-history":[{"count":6,"href":"https:\/\/tsvkuppingen.de\/lauftreff\/site\/index.php?rest_route=\/wp\/v2\/pages\/3002\/revisions"}],"predecessor-version":[{"id":7934,"href":"https:\/\/tsvkuppingen.de\/lauftreff\/site\/index.php?rest_route=\/wp\/v2\/pages\/3002\/revisions\/7934"}],"up":[{"embeddable":true,"href":"https:\/\/tsvkuppingen.de\/lauftreff\/site\/index.php?rest_route=\/wp\/v2\/pages\/32"}],"wp:attachment":[{"href":"https:\/\/tsvkuppingen.de\/lauftreff\/site\/index.php?rest_route=%2Fwp%2Fv2%2Fmedia&parent=3002"}],"curies":[{"name":"wp","href":"https:\/\/api.w.org\/{rel}","templated":true}]}}