{"id":3113,"date":"2013-03-21T19:49:15","date_gmt":"2013-03-21T17:49:15","guid":{"rendered":"http:\/\/tsvkuppingen.de\/lauftreff\/site\/?page_id=3113"},"modified":"2019-09-20T22:20:54","modified_gmt":"2019-09-20T20:20:54","slug":"run-brunch-am-sonntag-21-april-2013","status":"publish","type":"page","link":"https:\/\/tsvkuppingen.de\/lauftreff\/site\/?page_id=3113","title":{"rendered":"21.04.2013"},"content":{"rendered":"<p><strong>Run &#038; Brunch<\/strong><\/p>\n<p>Volles Haus im Affst\u00e4tter Sportheim! Der Lauftreff hatte zum sechsten Run &#038; Brunch eingeladen. Die L\u00e4ufer und Walker machten sich um 9:00 Uhr auf den Weg und kamen nach ca. einer bis eineinhalb Stunden Bewegung wieder zur\u00fcck. Die Gruppengr\u00f6\u00dfe hat sich dann bis zum Zeitpunkt der Buffet-Er\u00f6ffnung kurz mal verdoppelt. Kein Wunder &#8211; denn alle Pausierer, Verletzten, G\u00e4ste und Langschl\u00e4fer wissen, dass man sich diesen kulinarischen Genuss nicht entgehen lassen darf. Das flei\u00dfige Helferteam der SV Affst\u00e4tt Skigymnastikgruppe hatte wieder einmal mehr ein Buffet vom Allerfeinsten gezaubert. &#8222;Es gibt nichts, das mir nicht geschmeckt hat&#8220;, &#8222;&#8230;so was von lecker&#8230;&#8220;, &#8222;hast du die Frischk\u00e4sekugeln schon probiert&#8220;&#8230;an jedem Tisch wurde genossen und geschw\u00e4rmt und das Laufen war f\u00fcr eine Weile keinerlei Thema mehr. Die bew\u00e4hrte Kooperation zwischen dem SV Affst\u00e4tt und dem TSV Kuppingen ist einfach nicht zu toppen und begeistert immer wieder mit neuen Leckereien.<\/p>\n<div id=\"attachment_3178\" style=\"width: 310px\" class=\"wp-caption alignnone\"><a href=\"https:\/\/tsvkuppingen.de\/lauftreff\/site\/wp-content\/uploads\/2013\/03\/201304211939391_3842.jpg.jpg\"><img loading=\"lazy\" decoding=\"async\" aria-describedby=\"caption-attachment-3178\" src=\"https:\/\/tsvkuppingen.de\/lauftreff\/site\/wp-content\/uploads\/2013\/03\/201304211939391_3842.jpg-300x218.jpg\" alt=\"Flei\u00dfige Helfer\/innen der Affst\u00e4tter Skigymnastik um TSV L\u00e4uferin Petra Kopp (ganz links)\" title=\"Run&amp;Brunch\" width=\"300\" height=\"218\" class=\"size-medium wp-image-3178\" srcset=\"https:\/\/tsvkuppingen.de\/lauftreff\/site\/wp-content\/uploads\/2013\/03\/201304211939391_3842.jpg-300x218.jpg 300w, https:\/\/tsvkuppingen.de\/lauftreff\/site\/wp-content\/uploads\/2013\/03\/201304211939391_3842.jpg.jpg 480w\" sizes=\"auto, (max-width: 300px) 100vw, 300px\" \/><\/a><p id=\"caption-attachment-3178\" class=\"wp-caption-text\">Flei\u00dfige Helfer\/innen der Affst\u00e4tter Skigymnastik um TSV L\u00e4uferin Petra Kopp (ganz links)<\/p><\/div>\n","protected":false},"excerpt":{"rendered":"<p>Run &#038; Brunch Volles Haus im Affst\u00e4tter Sportheim! Der Lauftreff hatte zum sechsten Run &#038; Brunch eingeladen. Die L\u00e4ufer und Walker machten sich um 9:00 Uhr auf den Weg und kamen nach ca. einer bis eineinhalb Stunden Bewegung wieder zur\u00fcck. Die Gruppengr\u00f6\u00dfe hat sich dann bis zum Zeitpunkt der Buffet-Er\u00f6ffnung kurz mal verdoppelt. Kein Wunder [&hellip;]<\/p>\n","protected":false},"author":2,"featured_media":0,"parent":32,"menu_order":99400000,"comment_status":"open","ping_status":"open","template":"","meta":{"ngg_post_thumbnail":0,"footnotes":""},"class_list":["post-3113","page","type-page","status-publish","hentry"],"_links":{"self":[{"href":"https:\/\/tsvkuppingen.de\/lauftreff\/site\/index.php?rest_route=\/wp\/v2\/pages\/3113","targetHints":{"allow":["GET"]}}],"collection":[{"href":"https:\/\/tsvkuppingen.de\/lauftreff\/site\/index.php?rest_route=\/wp\/v2\/pages"}],"about":[{"href":"https:\/\/tsvkuppingen.de\/lauftreff\/site\/index.php?rest_route=\/wp\/v2\/types\/page"}],"author":[{"embeddable":true,"href":"https:\/\/tsvkuppingen.de\/lauftreff\/site\/index.php?rest_route=\/wp\/v2\/users\/2"}],"replies":[{"embeddable":true,"href":"https:\/\/tsvkuppingen.de\/lauftreff\/site\/index.php?rest_route=%2Fwp%2Fv2%2Fcomments&post=3113"}],"version-history":[{"count":4,"href":"https:\/\/tsvkuppingen.de\/lauftreff\/site\/index.php?rest_route=\/wp\/v2\/pages\/3113\/revisions"}],"predecessor-version":[{"id":7933,"href":"https:\/\/tsvkuppingen.de\/lauftreff\/site\/index.php?rest_route=\/wp\/v2\/pages\/3113\/revisions\/7933"}],"up":[{"embeddable":true,"href":"https:\/\/tsvkuppingen.de\/lauftreff\/site\/index.php?rest_route=\/wp\/v2\/pages\/32"}],"wp:attachment":[{"href":"https:\/\/tsvkuppingen.de\/lauftreff\/site\/index.php?rest_route=%2Fwp%2Fv2%2Fmedia&parent=3113"}],"curies":[{"name":"wp","href":"https:\/\/api.w.org\/{rel}","templated":true}]}}