{"id":3425,"date":"2013-10-13T13:31:12","date_gmt":"2013-10-13T11:31:12","guid":{"rendered":"http:\/\/tsvkuppingen.de\/lauftreff\/site\/?page_id=3425"},"modified":"2016-10-23T22:08:58","modified_gmt":"2016-10-23T20:08:58","slug":"29-09-2013","status":"publish","type":"page","link":"https:\/\/tsvkuppingen.de\/lauftreff\/site\/?page_id=3425","title":{"rendered":"29.09.2013"},"content":{"rendered":"<p><strong>Berlin Marathon<\/strong><\/p>\n<p>Berlin kennt den Mondf\u00e4ngerlauf  \u2013 Freistart mit Freiheitsstatue \u2013 Fahrwerksprobleme<br \/>\n\u00dcber 40000 Teilnehmer sind schon ein Erlebnis \u2013 nicht nur f\u00fcr Erstlinge. F\u00fcr Bernhard war&#8217;s der Erste und er staunte nicht schlecht, als er auf der Strecke von mehreren L\u00e4ufern auf seinen Verein den TSV Kuppingen angesprochen wurde: &#8222;Gr\u00fc\u00dfle ins Schwobel\u00e4ndle&#8220;,  &#8222;super Veranstaltung der Mondf\u00e4ngerlauf&#8220;, &#8222;Gr\u00fc\u00dfe nach Kuppingen&#8220; \u2026<br \/>\nDas Rennen begann mit der Startnummerausgabe in Tempelhof \u2013 mit marathonverd\u00e4chtigen Warteschlangen. Es ging dann aber doch schneller als bef\u00fcrchtet. Die umherfliegenden Sprachfetzen gaben einem das Gef\u00fchl unter mindestens 500 Nationen dabei zu sein.<br \/>\nMicha (er lief den Marathon mal in 2:46) durfte als Jubilee-Teilnehmer und Freistartinhaber \u2013 nach 20 Start&#8217;s &#8211; an den Warteschlangen vorbeirauschen. Daf\u00fcr hatte Micha mit einer laufenden Freiheitsstatue auf der Marathonstrecke zu \u201ek\u00e4mpfen\u201c, an der er gerade so vorbei kam \u2013 ohne sich zu verletzen.<br \/>\nBernhard konnte nach der H\u00e4lfte der Strecke auf eine Zeit um die 4 Stunden hoffen. Leider zwangen ihn Fahrwerksprobleme zu Boxenstopps.  Bruno hatte da wohl den besseren Fahrwerksmechaniker; er lief trotz Probleme in der Feinabstimmung unter der 4 Stundenmarke.<br \/>\nNina und Sebastian liefen wieder einmal v\u00f6llig entspannt und (beinahe) locker durchs Brandenburger Tor ins Ziel. Was Sebastian wohl in seinen Flaschen hatte? Baldrian!?<br \/>\nAnnette musste trotz bester Vorbereitung den Marathon im Fernseher verfolgen. Unregelm\u00e4\u00dfigkeiten des Mentalzentrums zwangen sie dazu.<br \/>\nEs war ein Erlebnis in Berlin zu laufen. Auf den 42 km (f\u00fcr die meisten ohne Ideallinie 44 km) hat das Publikum nicht nachgelassen die Akteure anzufeuern, auch nicht nach  5 Stunden.  Ob es da einen Schichtdienst gab, konnte nicht ermittelt werden. Es war schon ein sch\u00f6nes Gef\u00fchl, wenn die Zuschauer einen freundlich &#8222;anschieben&#8220; und dabei den Vornamen der L\u00e4ufer und L\u00e4uferinnen rufen.<br \/>\nEine Gruppe von Zuschauern, die ein Zuschauerhopping lustvoll zelebrierten, war auszumachen. Mit dem Schild: Das erste Bier in 30 km,  \u2026 in 20 km \u2026. in 3 km (das mit den 3 km habe ich auch noch wahrgenommen: Anmerkung Bernhard).<br \/>\nLeider war das Bier am Erdingerstand ausgegangen.<\/p>\n","protected":false},"excerpt":{"rendered":"<p>Berlin Marathon Berlin kennt den Mondf\u00e4ngerlauf \u2013 Freistart mit Freiheitsstatue \u2013 Fahrwerksprobleme \u00dcber 40000 Teilnehmer sind schon ein Erlebnis \u2013 nicht nur f\u00fcr Erstlinge. F\u00fcr Bernhard war&#8217;s der Erste und er staunte nicht schlecht, als er auf der Strecke von mehreren L\u00e4ufern auf seinen Verein den TSV Kuppingen angesprochen wurde: &#8222;Gr\u00fc\u00dfle ins Schwobel\u00e4ndle&#8220;, &#8222;super Veranstaltung [&hellip;]<\/p>\n","protected":false},"author":2,"featured_media":0,"parent":32,"menu_order":99380000,"comment_status":"open","ping_status":"open","template":"","meta":{"ngg_post_thumbnail":0,"footnotes":""},"class_list":["post-3425","page","type-page","status-publish","hentry"],"_links":{"self":[{"href":"https:\/\/tsvkuppingen.de\/lauftreff\/site\/index.php?rest_route=\/wp\/v2\/pages\/3425","targetHints":{"allow":["GET"]}}],"collection":[{"href":"https:\/\/tsvkuppingen.de\/lauftreff\/site\/index.php?rest_route=\/wp\/v2\/pages"}],"about":[{"href":"https:\/\/tsvkuppingen.de\/lauftreff\/site\/index.php?rest_route=\/wp\/v2\/types\/page"}],"author":[{"embeddable":true,"href":"https:\/\/tsvkuppingen.de\/lauftreff\/site\/index.php?rest_route=\/wp\/v2\/users\/2"}],"replies":[{"embeddable":true,"href":"https:\/\/tsvkuppingen.de\/lauftreff\/site\/index.php?rest_route=%2Fwp%2Fv2%2Fcomments&post=3425"}],"version-history":[{"count":2,"href":"https:\/\/tsvkuppingen.de\/lauftreff\/site\/index.php?rest_route=\/wp\/v2\/pages\/3425\/revisions"}],"predecessor-version":[{"id":5326,"href":"https:\/\/tsvkuppingen.de\/lauftreff\/site\/index.php?rest_route=\/wp\/v2\/pages\/3425\/revisions\/5326"}],"up":[{"embeddable":true,"href":"https:\/\/tsvkuppingen.de\/lauftreff\/site\/index.php?rest_route=\/wp\/v2\/pages\/32"}],"wp:attachment":[{"href":"https:\/\/tsvkuppingen.de\/lauftreff\/site\/index.php?rest_route=%2Fwp%2Fv2%2Fmedia&parent=3425"}],"curies":[{"name":"wp","href":"https:\/\/api.w.org\/{rel}","templated":true}]}}