{"id":3477,"date":"2013-11-17T13:14:50","date_gmt":"2013-11-17T11:14:50","guid":{"rendered":"http:\/\/tsvkuppingen.de\/lauftreff\/site\/?page_id=3477"},"modified":"2019-09-20T22:20:08","modified_gmt":"2019-09-20T20:20:08","slug":"09-11-2013","status":"publish","type":"page","link":"https:\/\/tsvkuppingen.de\/lauftreff\/site\/?page_id=3477","title":{"rendered":"09.11.2013"},"content":{"rendered":"<p><strong>Laufabzeichen<\/strong><\/p>\n<p><strong><em>Die J\u00fcngsten zeigen dass sie was drauf haben!<\/em><\/strong><br \/>\nLaufabzeichen? Was soll das denn? Ganz einfach: Jeder kann seine Ausdauer beim Laufen unter Beweis stellen und unabh\u00e4ngig von Geschwindigkeit und gelaufener Strecke zeigen was er drauf hat. Besonders der L\u00e4ufernachwuchs \u00fcberrascht uns immer wieder und bringt die erfahrenen Hasen zum Staunen. Zwischen 15 und 120 Minuten ohne Pause laufen (oder f\u00fcr das Walkingabzeichen nat\u00fcrlich walken) stand auf dem Programm. Vor allem die Kids lie\u00dfen sich anspornen und machten sich im Kuppinger Laufpark auf den Weg. Unter der Betreuung ihrer Trainer und erfahrenen L\u00e4ufern schafften alle ihr Vorhaben und tauschten anschlie\u00dfend stolz ihre Erfahrungen aus.<\/p>\n<p>Laufabzeichen \u00fcber 15 Minuten:<br \/>\nJannis Kienzle\t\tJG 2005<br \/>\nHannah Groeper\tJG 2004<br \/>\nBastian Groeper\tJG 2003<br \/>\nJamie Henselmann\tJG 2003<br \/>\nKyle Henselmann\tJG 2002<\/p>\n<p>Laufabzeichen \u00fcber 30 Minuten:<br \/>\nEmilia B\u00f6ser\t\tJG 2006<br \/>\nAnnalena Ahlert\tJG 2005<br \/>\nClara Deuschle\t\tJG 2005<br \/>\nAmelie Schuker\t\tJG 2004<br \/>\nJule Kempf\t\tJG 2004<br \/>\nKim Hofmeister\t\tJG 2003<br \/>\nJannis Ahlert\t\tJG 2002<br \/>\nChantal St\u00fcmpel\tJG 2001<br \/>\nMatthias Zel\u00dfmann\tJG 2000<\/p>\n<p>Laufabzeichen \u00fcber 60 Minuten:<br \/>\nBenedikt Deuschle\tJG 2003<br \/>\nHannah Koch\t\tJG 2002<br \/>\nAntonia Schiele\t\tJG 2002<br \/>\nMoritz Schuker\t\tJG 2001<br \/>\nViktoria Zel\u00dfmann\tJG 2000<br \/>\nLuise Schiele\t\tJG 1998<br \/>\nChristine Zel\u00dfmann\tJG 1998<\/p>\n<p>Auch die Walker und \u201ealten Hasen\u201c unter den L\u00e4ufern bildeten eine gro\u00dfe Gruppe, die den Anlass zum einem ausgiebigen Herbstlauf nutzen konnten. <\/p>\n<p><a href=\"https:\/\/tsvkuppingen.de\/lauftreff\/site\/wp-content\/uploads\/2013\/11\/Laufabzeichen.jpg\"><img loading=\"lazy\" decoding=\"async\" src=\"https:\/\/tsvkuppingen.de\/lauftreff\/site\/wp-content\/uploads\/2013\/11\/Laufabzeichen-300x200.jpg\" alt=\"Laufabzeichen\" title=\"Laufabzeichen\" width=\"300\" height=\"200\" class=\"alignnone size-medium wp-image-3479\" srcset=\"https:\/\/tsvkuppingen.de\/lauftreff\/site\/wp-content\/uploads\/2013\/11\/Laufabzeichen-300x200.jpg 300w, https:\/\/tsvkuppingen.de\/lauftreff\/site\/wp-content\/uploads\/2013\/11\/Laufabzeichen.jpg 1000w\" sizes=\"auto, (max-width: 300px) 100vw, 300px\" \/><\/a><\/p>\n<p><strong><em>Gelungener Saisonabschluss mit \u00dcberraschung\u2026<br \/>\n20 Jahre Lauftreff \u2013 eine Erfolgsgeschichte<\/em><\/strong><br \/>\nNach dem Laufabzeichen wird Saisonabschluss gefeiert, auch wenn die L\u00e4ufer und Walker eigentlich keinerlei sportliche Pause haben. Saison-Abschluss &#8211; das hat Tradition! So wie auch der Lauftreff in Kuppingen mittlerweile schon Tradition hat. Auf 20 Jahre Vereinsarbeit blickt man zur\u00fcck und kann mit Fug und Recht behaupten: Es waren <strong>20 erfolgreiche Jahre!<\/strong> Ein gro\u00dfes Fest wollten die Organisatoren um Abteilungsleiterin Clivia Schuker anl\u00e4sslich dieses Jubil\u00e4ums nicht ausrichten, das soll dann in f\u00fcnf Jahren steigen. Aber etwas besonders, etwas das Freude bringt und im Ged\u00e4chtnis bleibt, das sollte schon sein. Ute Lohrer, im Lauftreff verantwortlich f\u00fcr die Organisation von Veranstaltungen, hat sich was ausgedacht und kurzerhand einen <strong>\u00dcberraschungsgast<\/strong> zur Abschluss-Feier angek\u00fcndigt. Die Neugier war allerseits gro\u00df und die Spannung stieg am Abend enorm als der Gast auf sich warten lie\u00df.<\/p>\n<p>Bis dahin nutzte Abteilungsleiterin Clivia Schuker die Gelegenheit auf herausragende Ereignisse der letzten 20 Jahre zur\u00fcckzublicken und konnte die f\u00fcnf anwesenden Gr\u00fcndungsmitglieder ehren. <strong>Ingrid Creyaufm\u00fcller, Gisela Hlawinka, Erich Kienle, Markus Speer und Albrecht Mayer<\/strong> sind von Beginn an Mitglied im Lauftreff und geh\u00f6rten dem ersten Abteilungsrat an. Der Lauftreff, 1993 von Speer und Mayer initiiert, hat aktuell ca. <strong>280 Mitglieder<\/strong> und ist mittlerweile \u00fcber die Kreisgrenzen hinaus bekannt. Das liegt an der enormen R\u00fchrigkeit die von Beginn an von den Verantwortlichen an den Tag gelegt wurde. So ist der Lauftreff Ausrichter des <strong>Kuppinger Mondf\u00e4ngerlaufes<\/strong> sowie des <strong>Herrenberger Altstadtlaufes<\/strong>. Zahlreiche Marathonausfahrten stehen auf der seitenlangen \u201eEvent-Liste\u201c des Lauftreffs. Schwer zu toppendes Highlight war dabei das Projekt <strong>NY City Marathon<\/strong> im Jahr 2000. Aber auch st\u00e4dtepartnerschaftliche Aktionen wie die Teilnahme am <strong>Verdi-Marathon in Fidenz<\/strong>a im Jahr 2003 oder der <strong>Staffellauf nach Tarare<\/strong> im Jahr 2010 geh\u00f6ren zur Erfolgsstory des Kuppinger Lauftreffs. Ein breiter Stamm an Mitstreitern ist daf\u00fcr n\u00f6tig. Und genau hierin liegt die St\u00e4rke der TSV\u2014Abteilung. Ein gro\u00dfes, abwechslungsreiches und qualifiziertes Angebot, v.a. auch im breitensportlichen Bereich, wird nur durch die zahlreichen Ehrenamtlichen m\u00f6glich.<\/p>\n<p>\u00dcber 50 Lauftreffler waren zum Saison-Abschluss im Kuppinger Sportheim erschienen um einen sch\u00f6nen, gem\u00fctlichen Abend mit guter Unterhaltung zu verbringen. Dass der angek\u00fcndigte \u00dcberraschungsgast weiter nicht auftauchte, lie\u00df an manchen Tischen Sorge aufkommen\u2026Die Platten des Hauptgangs waren bereits abger\u00e4umt und kein Gast war in Sicht. Doch gut so! Damit hatten Gisela Funk und Thomas Schuker Gelegenheit, den Sportlern das im Sommer absolvierte Sportabzeichen zu verleihen. 14 Mal Gold und drei Mal Silber, das kann sich sehen lassen!<\/p>\n<p>Nach dem Dessert war es dann soweit! Autolichter auf dem Parkplatz des Sportheims. Das wird nun endlich der Gast sein. Alle Augen waren auf die T\u00fcr gerichtet und mit gro\u00dfem Hallo kam ein altes M\u00fctterle herein: <strong>S\u2019Mariele von d\u2018 Alb<\/strong>! Was nun folgte war eine echte Herausforderung f\u00fcr die Lachmuskeln der Lauftreffler. Jeder bekam sein Fett ab! M\u00e4nnern, die nicht im Haushalt helfen \u00fcberreichte sie mit frechen Spr\u00fcchen Putzt\u00fccher. M\u00e4nnern die Fragen nicht zutreffend beantworten k\u00f6nnen wurde gar ein K\u00fcsschen mit Zungenschlag in Aussicht gestellt. Da das bei der 80 j\u00e4hrigen, zahnlosen Dame eher einer Drohung gleich kam, sorgte nat\u00fcrlich f\u00fcr Lacher. Aber ebenso konnte sie charmant sein \u201eWenn ich dich so anschaue, wei\u00df ich erst was ich zu Hause f\u00fcr einen Kruscht habe\u201c flirtet sie mit einem der L\u00e4ufer. Mit einem lustigen Spruch nach dem anderen, Geschenken aus der hauseigenen Wurstk\u00fcche und dem pers\u00f6nlichen Einbeziehen der Anwesenden lie\u00df s\u2019Mariele den 20sten Saisonabschluss zu einem ganz besonderen werden. Ein weiteres Kapitel der Erfolgsstory\u2026<\/p>\n<p><a href=\"https:\/\/tsvkuppingen.de\/lauftreff\/site\/wp-content\/uploads\/2013\/11\/Saisonabschluss.jpg\"><img loading=\"lazy\" decoding=\"async\" src=\"https:\/\/tsvkuppingen.de\/lauftreff\/site\/wp-content\/uploads\/2013\/11\/Saisonabschluss-300x210.jpg\" alt=\"Saisonabschluss\" title=\"Saisonabschluss\" width=\"300\" height=\"210\" class=\"alignnone size-medium wp-image-3480\" srcset=\"https:\/\/tsvkuppingen.de\/lauftreff\/site\/wp-content\/uploads\/2013\/11\/Saisonabschluss-300x210.jpg 300w, https:\/\/tsvkuppingen.de\/lauftreff\/site\/wp-content\/uploads\/2013\/11\/Saisonabschluss.jpg 1000w\" sizes=\"auto, (max-width: 300px) 100vw, 300px\" \/><\/a><\/p>\n","protected":false},"excerpt":{"rendered":"<p>Laufabzeichen Die J\u00fcngsten zeigen dass sie was drauf haben! Laufabzeichen? Was soll das denn? Ganz einfach: Jeder kann seine Ausdauer beim Laufen unter Beweis stellen und unabh\u00e4ngig von Geschwindigkeit und gelaufener Strecke zeigen was er drauf hat. Besonders der L\u00e4ufernachwuchs \u00fcberrascht uns immer wieder und bringt die erfahrenen Hasen zum Staunen. Zwischen 15 und 120 [&hellip;]<\/p>\n","protected":false},"author":2,"featured_media":0,"parent":32,"menu_order":99370000,"comment_status":"open","ping_status":"open","template":"","meta":{"ngg_post_thumbnail":0,"footnotes":""},"class_list":["post-3477","page","type-page","status-publish","hentry"],"_links":{"self":[{"href":"https:\/\/tsvkuppingen.de\/lauftreff\/site\/index.php?rest_route=\/wp\/v2\/pages\/3477","targetHints":{"allow":["GET"]}}],"collection":[{"href":"https:\/\/tsvkuppingen.de\/lauftreff\/site\/index.php?rest_route=\/wp\/v2\/pages"}],"about":[{"href":"https:\/\/tsvkuppingen.de\/lauftreff\/site\/index.php?rest_route=\/wp\/v2\/types\/page"}],"author":[{"embeddable":true,"href":"https:\/\/tsvkuppingen.de\/lauftreff\/site\/index.php?rest_route=\/wp\/v2\/users\/2"}],"replies":[{"embeddable":true,"href":"https:\/\/tsvkuppingen.de\/lauftreff\/site\/index.php?rest_route=%2Fwp%2Fv2%2Fcomments&post=3477"}],"version-history":[{"count":6,"href":"https:\/\/tsvkuppingen.de\/lauftreff\/site\/index.php?rest_route=\/wp\/v2\/pages\/3477\/revisions"}],"predecessor-version":[{"id":7931,"href":"https:\/\/tsvkuppingen.de\/lauftreff\/site\/index.php?rest_route=\/wp\/v2\/pages\/3477\/revisions\/7931"}],"up":[{"embeddable":true,"href":"https:\/\/tsvkuppingen.de\/lauftreff\/site\/index.php?rest_route=\/wp\/v2\/pages\/32"}],"wp:attachment":[{"href":"https:\/\/tsvkuppingen.de\/lauftreff\/site\/index.php?rest_route=%2Fwp%2Fv2%2Fmedia&parent=3477"}],"curies":[{"name":"wp","href":"https:\/\/api.w.org\/{rel}","templated":true}]}}