{"id":3605,"date":"2014-02-23T22:18:14","date_gmt":"2014-02-23T20:18:14","guid":{"rendered":"http:\/\/tsvkuppingen.de\/lauftreff\/site\/?page_id=3605"},"modified":"2019-09-20T22:19:16","modified_gmt":"2019-09-20T20:19:16","slug":"23-02-2014","status":"publish","type":"page","link":"https:\/\/tsvkuppingen.de\/lauftreff\/site\/?page_id=3605","title":{"rendered":"23.02.2014"},"content":{"rendered":"<p><strong> Kuppinger Lauftreff mit Schneeschuhen unterwegs<\/strong><\/p>\n<p>Auch die zweite Ausfahrt zum Schneeschuhwandern zauberte den Lauftrefflern ein Strahlen ins Gesicht. Ute Lohrer hatte knapp 50 Wintersportler f\u00fcr einen Tag am Feldberg motiviert. Dass das nicht sonderlich schwierig werden w\u00fcrde, war vorherzusehen. Schon die erste Ausfahrt vor zwei Jahren war der Kn\u00fcller. Viele der Teilnehmer waren folglich Wiederholungst\u00e4ter. Dass dieses Erlebnis noch zu toppen war, war die \u00dcberraschung des Tages. Sabine und Bernhard Oster f\u00fchrten uns heuer auf den Gipfel des Herzogenhorns. \u00dcber unber\u00fchrte Schneefelder, unter Schneetannen hindurch galt es 500 H\u00f6henmeter auf 10,4 Kilometer zu \u00fcberwinden. Bei den derzeit herrschenden Fr\u00fchlingstemperaturen kam so manch einer heftig ins Schwitzen. Doch die landschaftlichen Eindr\u00fccke waren so genial, dass sich alle Anstrengung lohnte. Lustig wurde es auf der kurzerhand geschaufelten Schneebr\u00fccke um ein B\u00e4chlein zu \u00fcberwinden. \u201eDie ersten zehn wird sie wohl halten\u201c schmunzelte Bernhard Oster. Bis zum Schluss gab es keine Fehltritte und alle kamen sicher auf die andere Seite. &#8222;Ha da hat sich\u2018s gelohnt um sechs Uhr aufzustehen&#8220;, meinte Petra Egeler, die zum ersten Mal mit dem Lauftreff unterwegs war. Zum Gl\u00fcck haben die Osters noch viele Touren auf Lager, denn im Bus war man sich einig: das war nicht die letzte Schneeschuhwanderung des Lauftreffs.<\/p>\n<div id=\"attachment_3606\" style=\"width: 310px\" class=\"wp-caption alignnone\"><a href=\"https:\/\/tsvkuppingen.de\/lauftreff\/site\/wp-content\/uploads\/2014\/02\/201402231929281_3842.jpg.jpg\"><img loading=\"lazy\" decoding=\"async\" aria-describedby=\"caption-attachment-3606\" src=\"https:\/\/tsvkuppingen.de\/lauftreff\/site\/wp-content\/uploads\/2014\/02\/201402231929281_3842.jpg-300x225.jpg\" alt=\"Mit den Schneeschuhen durch unber\u00fchrte Schneefelder \" title=\"Mit den Schneeschuhen durch unber\u00fchrte Schneefelder \" width=\"300\" height=\"225\" class=\"size-medium wp-image-3606\" srcset=\"https:\/\/tsvkuppingen.de\/lauftreff\/site\/wp-content\/uploads\/2014\/02\/201402231929281_3842.jpg-300x225.jpg 300w, https:\/\/tsvkuppingen.de\/lauftreff\/site\/wp-content\/uploads\/2014\/02\/201402231929281_3842.jpg.jpg 480w\" sizes=\"auto, (max-width: 300px) 100vw, 300px\" \/><\/a><p id=\"caption-attachment-3606\" class=\"wp-caption-text\">Mit den Schneeschuhen durch unber\u00fchrte Schneefelder <\/p><\/div>\n","protected":false},"excerpt":{"rendered":"<p>Kuppinger Lauftreff mit Schneeschuhen unterwegs Auch die zweite Ausfahrt zum Schneeschuhwandern zauberte den Lauftrefflern ein Strahlen ins Gesicht. Ute Lohrer hatte knapp 50 Wintersportler f\u00fcr einen Tag am Feldberg motiviert. Dass das nicht sonderlich schwierig werden w\u00fcrde, war vorherzusehen. Schon die erste Ausfahrt vor zwei Jahren war der Kn\u00fcller. Viele der Teilnehmer waren folglich Wiederholungst\u00e4ter. [&hellip;]<\/p>\n","protected":false},"author":2,"featured_media":0,"parent":32,"menu_order":99350000,"comment_status":"open","ping_status":"open","template":"","meta":{"ngg_post_thumbnail":0,"footnotes":""},"class_list":["post-3605","page","type-page","status-publish","hentry"],"_links":{"self":[{"href":"https:\/\/tsvkuppingen.de\/lauftreff\/site\/index.php?rest_route=\/wp\/v2\/pages\/3605","targetHints":{"allow":["GET"]}}],"collection":[{"href":"https:\/\/tsvkuppingen.de\/lauftreff\/site\/index.php?rest_route=\/wp\/v2\/pages"}],"about":[{"href":"https:\/\/tsvkuppingen.de\/lauftreff\/site\/index.php?rest_route=\/wp\/v2\/types\/page"}],"author":[{"embeddable":true,"href":"https:\/\/tsvkuppingen.de\/lauftreff\/site\/index.php?rest_route=\/wp\/v2\/users\/2"}],"replies":[{"embeddable":true,"href":"https:\/\/tsvkuppingen.de\/lauftreff\/site\/index.php?rest_route=%2Fwp%2Fv2%2Fcomments&post=3605"}],"version-history":[{"count":3,"href":"https:\/\/tsvkuppingen.de\/lauftreff\/site\/index.php?rest_route=\/wp\/v2\/pages\/3605\/revisions"}],"predecessor-version":[{"id":7929,"href":"https:\/\/tsvkuppingen.de\/lauftreff\/site\/index.php?rest_route=\/wp\/v2\/pages\/3605\/revisions\/7929"}],"up":[{"embeddable":true,"href":"https:\/\/tsvkuppingen.de\/lauftreff\/site\/index.php?rest_route=\/wp\/v2\/pages\/32"}],"wp:attachment":[{"href":"https:\/\/tsvkuppingen.de\/lauftreff\/site\/index.php?rest_route=%2Fwp%2Fv2%2Fmedia&parent=3605"}],"curies":[{"name":"wp","href":"https:\/\/api.w.org\/{rel}","templated":true}]}}