{"id":3623,"date":"2014-03-02T18:44:06","date_gmt":"2014-03-02T16:44:06","guid":{"rendered":"http:\/\/tsvkuppingen.de\/lauftreff\/site\/?page_id=3623"},"modified":"2019-09-20T22:18:58","modified_gmt":"2019-09-20T20:18:58","slug":"28-02-2014","status":"publish","type":"page","link":"https:\/\/tsvkuppingen.de\/lauftreff\/site\/?page_id=3623","title":{"rendered":"28.02.2014"},"content":{"rendered":"<p>Zur Abteilungsversammlung des Kuppinger Lauftreffs am 28. Februar konnte die Leiterin <strong>Clivia Schuker<\/strong> rund 40 Mitglieder im TSV Sportheim begr\u00fc\u00dfen, unter ihnen auch den Vorstand des Hauptvereins Andreas Krai\u00df sowie den Ehrenvorsitzenden Arthur Kohler mit Frau. Die jeweiligen Ressortleiter berichteten kurzweilig und mit viel Bildmaterial unterlegt von ihren Aufgabenfeldern.<br \/>\nMehr als zufrieden zeigten sich die Wettk\u00e4mpfer, gab es doch zahlreiche Titel im Kreis, in der Region und sogar von W\u00fcrttembergischen Meisterschaften zu vermelden. Auch beim 5. Herrenberger Altstadtlauf, der innerhalb von 24 Stunden mit 100 Mannschaften komplett ausgebucht war, zeigten sich die Kuppinger L\u00e4ufer und hier vor allem die Jugendlichen von ihrer besten Seite. Die Mannschaft &#8222;<strong>LT Chicken Run<\/strong>&#8220; gewann hier zum 5. Mal in Folge die Jugendwertung.<br \/>\nDie Einsteigerkurse f\u00fcr Laufen und Walking im Fr\u00fchjahr waren gut besucht, wenn man auch inzwischen vom Wunsch der Mitgliedergewinnung etwas Abstand genommen hat.<br \/>\nDie Marathonausfahrt f\u00fcr die erwachsenen L\u00e4ufer zum Ulmer Einstein-Marathon war ebenso ein H\u00f6hepunkt wie das Trainingslager f\u00fcr die Jugend und Junioren in Rottweil.<br \/>\nKassenwart <strong>Thomas Klisch<\/strong> rundete mit seiner Meldung einer kerngesunden finanziellen Bilanz das positive Resumee ab. Nach 10 Jahren akribischer Arbeit steht er leider zuk\u00fcnftig in dieser Funktion nicht mehr zur Verf\u00fcgung und wurde deshalb mit einem Geschenkkorb geehrt. Gl\u00fccklicherweise fand die Abteilungsleitung mit <strong>Andrea Maier<\/strong> eine Nachfolgerin, die bei den anschliessenden Wahlen einstimmig gew\u00e4hlt wurde und der deswegen von Clivia Schuker mit leichtem Augenzwinkern ein Pfund Erbsen \u00fcberreicht wurde.<br \/>\nZus\u00e4tzlich wurden f\u00fcr zwei weitere Jahre (wieder)gew\u00e4hlt: <strong>Erich Kienle<\/strong> (stv. Abteilungsleiter), <strong>Petra Mikolaizak<\/strong> (Walking), <strong>Volker Kapp<\/strong> (Wettkampfsport) und <strong>Christoph Kopp<\/strong> (Jugend). F\u00fcr ein weiteres Jahr wurde <strong>Isolde Weisse<\/strong> (Presse) gew\u00e4hlt. <strong>Andreas Krai\u00df<\/strong>, der die Wahlen durchf\u00fchrte, nahm dies zum Anlass den Ehrenvorsitzenden <strong>Arthur Kohler<\/strong> mit weiteren Auszeichnungen zu ehren. F\u00fcr ihn gab es eine Ehrenurkunde in Gold des WLSB und des Sportkreises B\u00f6blingen.<br \/>\nMit dem sportlichen Ausblick auf 2014 und dem im Juli stattfindenen <strong>5-L\u00e4nder-Staffellauf<\/strong> in die italienische Partnerstadt Fidenza beendete die Abteilungsleiterin unter viel Applaus den offiziellen Teil der Veranstaltung.<\/p>\n<div id=\"attachment_3624\" style=\"width: 310px\" class=\"wp-caption alignnone\"><a href=\"https:\/\/tsvkuppingen.de\/lauftreff\/site\/wp-content\/uploads\/2014\/03\/IMG_3746.jpg\"><img loading=\"lazy\" decoding=\"async\" aria-describedby=\"caption-attachment-3624\" src=\"https:\/\/tsvkuppingen.de\/lauftreff\/site\/wp-content\/uploads\/2014\/03\/IMG_3746-300x200.jpg\" alt=\"Andreas Krai\u00df (rechts) ehrt den ehemaligen Vorsitzenden Arthur Kohler\" title=\"Ehrung\" width=\"300\" height=\"200\" class=\"size-medium wp-image-3624\" srcset=\"https:\/\/tsvkuppingen.de\/lauftreff\/site\/wp-content\/uploads\/2014\/03\/IMG_3746-300x200.jpg 300w, https:\/\/tsvkuppingen.de\/lauftreff\/site\/wp-content\/uploads\/2014\/03\/IMG_3746.jpg 1000w\" sizes=\"auto, (max-width: 300px) 100vw, 300px\" \/><\/a><p id=\"caption-attachment-3624\" class=\"wp-caption-text\">Andreas Krai\u00df (rechts) ehrt den ehemaligen Vorsitzenden Arthur Kohler<\/p><\/div>\n","protected":false},"excerpt":{"rendered":"<p>Zur Abteilungsversammlung des Kuppinger Lauftreffs am 28. Februar konnte die Leiterin Clivia Schuker rund 40 Mitglieder im TSV Sportheim begr\u00fc\u00dfen, unter ihnen auch den Vorstand des Hauptvereins Andreas Krai\u00df sowie den Ehrenvorsitzenden Arthur Kohler mit Frau. Die jeweiligen Ressortleiter berichteten kurzweilig und mit viel Bildmaterial unterlegt von ihren Aufgabenfeldern. Mehr als zufrieden zeigten sich die [&hellip;]<\/p>\n","protected":false},"author":2,"featured_media":0,"parent":32,"menu_order":99340000,"comment_status":"open","ping_status":"open","template":"","meta":{"ngg_post_thumbnail":0,"footnotes":""},"class_list":["post-3623","page","type-page","status-publish","hentry"],"_links":{"self":[{"href":"https:\/\/tsvkuppingen.de\/lauftreff\/site\/index.php?rest_route=\/wp\/v2\/pages\/3623","targetHints":{"allow":["GET"]}}],"collection":[{"href":"https:\/\/tsvkuppingen.de\/lauftreff\/site\/index.php?rest_route=\/wp\/v2\/pages"}],"about":[{"href":"https:\/\/tsvkuppingen.de\/lauftreff\/site\/index.php?rest_route=\/wp\/v2\/types\/page"}],"author":[{"embeddable":true,"href":"https:\/\/tsvkuppingen.de\/lauftreff\/site\/index.php?rest_route=\/wp\/v2\/users\/2"}],"replies":[{"embeddable":true,"href":"https:\/\/tsvkuppingen.de\/lauftreff\/site\/index.php?rest_route=%2Fwp%2Fv2%2Fcomments&post=3623"}],"version-history":[{"count":6,"href":"https:\/\/tsvkuppingen.de\/lauftreff\/site\/index.php?rest_route=\/wp\/v2\/pages\/3623\/revisions"}],"predecessor-version":[{"id":7928,"href":"https:\/\/tsvkuppingen.de\/lauftreff\/site\/index.php?rest_route=\/wp\/v2\/pages\/3623\/revisions\/7928"}],"up":[{"embeddable":true,"href":"https:\/\/tsvkuppingen.de\/lauftreff\/site\/index.php?rest_route=\/wp\/v2\/pages\/32"}],"wp:attachment":[{"href":"https:\/\/tsvkuppingen.de\/lauftreff\/site\/index.php?rest_route=%2Fwp%2Fv2%2Fmedia&parent=3623"}],"curies":[{"name":"wp","href":"https:\/\/api.w.org\/{rel}","templated":true}]}}