{"id":4132,"date":"2014-11-16T19:19:39","date_gmt":"2014-11-16T17:19:39","guid":{"rendered":"http:\/\/tsvkuppingen.de\/lauftreff\/site\/?page_id=4132"},"modified":"2019-09-20T22:11:24","modified_gmt":"2019-09-20T20:11:24","slug":"08-11-2014","status":"publish","type":"page","link":"https:\/\/tsvkuppingen.de\/lauftreff\/site\/?page_id=4132","title":{"rendered":"08.11.2014"},"content":{"rendered":"<p><strong>Laufzeichen &#8211; Im Kuppinger Wald wuselt`s<\/strong><\/p>\n<p>Laufabzeichen? Was soll das denn? Ganz einfach: Jeder kann seine Ausdauer beim Laufen unter Beweis stellen und unabh\u00e4ngig von Geschwindigkeit und gelaufener Strecke zeigen was er drauf hat. W\u00e4hrend sich die Junioren der Kuppinger Lauftreffjugend beim Lauf-Trainingslager in Rottweil befanden, machten sich die J\u00fcngeren im Kuppinger Laufpark auf den Weg. 15, 30 oder 60 Minuten ohne Pause laufen standen auf dem Programm. Dass die Kinder das schaffen stellte niemand in Frage. Unter den wachsamen Augen der Lauftrainer Nicole St\u00fcmpel, Uta Groeper, Gisela Funk und Thomas Schuker zogen sie in Gruppen los. Am allerwichtigsten war es, die Sprinter in Zaum zu halten und von Anfang an mit angemessener Geschwindigkeit zu laufen. Einige der V\u00e4ter haben sich live davon \u00fcberzeugt, sind die Strecke mitgerannt und konnten staunen was ihre Kinder leisten. Toll, dass alle mit strahlenden Gesichtern und voller Stolz aus dem Wald zur\u00fcckkamen.<\/p>\n<p><strong>Laufabzeichen \u00fcber 15 Minuten:<\/strong><br \/>\nLucca Brenner JG 2007<br \/>\nLilly Brenner JG 2007<br \/>\nRomy Henne JG 2007<br \/>\nTill Baumann JG 2008<br \/>\nMareike Baumann JG 2006<br \/>\nJohannes Gr\u00e4ther JG 2005<br \/>\nMarc Pfeiffer JG 2006<br \/>\nPriska Deuschle JG 2008<\/p>\n<p><strong>Laufabzeichen \u00fcber 30 Minuten:<\/strong><br \/>\nEmilia B\u00f6ser JG 2006<br \/>\nAnnalena Ahlert JG 2005<br \/>\nMalin Kempf JG 2007<br \/>\nFranziska Pandl JG 2006<br \/>\nMadeleine Henne JG 2004<br \/>\nHanna Groeper JG 2004<br \/>\nBastian Groeper JG 2003<br \/>\nJannis Ahlert JG 2002<br \/>\nJoel Staiger JG 2002<br \/>\nNaemi Staiger JG 2006<br \/>\nChantal St\u00fcmpel JG 2001<br \/>\nDominique St\u00fcmpel JG 1998<\/p>\n<p><strong>Laufabzeichen \u00fcber 60 Minuten:<\/strong><br \/>\nBenedikt Deuschle JG 2003<br \/>\nClara Deuschle JG 2005<br \/>\nAmelie Schuker JG 2004<br \/>\nJule Kempf JG 2004<br \/>\nTim Turek JG 2002<\/p>\n<p><strong>Laufabzeichen \u00fcber 90 Minuten<\/strong><br \/>\nTim Dietrich JG 1998<\/p>\n<div id=\"attachment_4133\" style=\"width: 310px\" class=\"wp-caption alignnone\"><a href=\"https:\/\/tsvkuppingen.de\/lauftreff\/site\/wp-content\/uploads\/2014\/11\/201411091854261_3842_jpg.jpg\"><img loading=\"lazy\" decoding=\"async\" aria-describedby=\"caption-attachment-4133\" src=\"https:\/\/tsvkuppingen.de\/lauftreff\/site\/wp-content\/uploads\/2014\/11\/201411091854261_3842_jpg-300x213.jpg\" alt=\"Kuppinger Laufkids und ihre Betreuer\" title=\"Kuppinger Laufkids und ihre Betreuer\" width=\"300\" height=\"213\" class=\"size-medium wp-image-4133\" srcset=\"https:\/\/tsvkuppingen.de\/lauftreff\/site\/wp-content\/uploads\/2014\/11\/201411091854261_3842_jpg-300x213.jpg 300w, https:\/\/tsvkuppingen.de\/lauftreff\/site\/wp-content\/uploads\/2014\/11\/201411091854261_3842_jpg.jpg 480w\" sizes=\"auto, (max-width: 300px) 100vw, 300px\" \/><\/a><p id=\"caption-attachment-4133\" class=\"wp-caption-text\">Kuppinger Laufkids und ihre Betreuer<\/p><\/div>\n","protected":false},"excerpt":{"rendered":"<p>Laufzeichen &#8211; Im Kuppinger Wald wuselt`s Laufabzeichen? Was soll das denn? Ganz einfach: Jeder kann seine Ausdauer beim Laufen unter Beweis stellen und unabh\u00e4ngig von Geschwindigkeit und gelaufener Strecke zeigen was er drauf hat. W\u00e4hrend sich die Junioren der Kuppinger Lauftreffjugend beim Lauf-Trainingslager in Rottweil befanden, machten sich die J\u00fcngeren im Kuppinger Laufpark auf den [&hellip;]<\/p>\n","protected":false},"author":2,"featured_media":0,"parent":32,"menu_order":99260000,"comment_status":"open","ping_status":"open","template":"","meta":{"ngg_post_thumbnail":0,"footnotes":""},"class_list":["post-4132","page","type-page","status-publish","hentry"],"_links":{"self":[{"href":"https:\/\/tsvkuppingen.de\/lauftreff\/site\/index.php?rest_route=\/wp\/v2\/pages\/4132","targetHints":{"allow":["GET"]}}],"collection":[{"href":"https:\/\/tsvkuppingen.de\/lauftreff\/site\/index.php?rest_route=\/wp\/v2\/pages"}],"about":[{"href":"https:\/\/tsvkuppingen.de\/lauftreff\/site\/index.php?rest_route=\/wp\/v2\/types\/page"}],"author":[{"embeddable":true,"href":"https:\/\/tsvkuppingen.de\/lauftreff\/site\/index.php?rest_route=\/wp\/v2\/users\/2"}],"replies":[{"embeddable":true,"href":"https:\/\/tsvkuppingen.de\/lauftreff\/site\/index.php?rest_route=%2Fwp%2Fv2%2Fcomments&post=4132"}],"version-history":[{"count":4,"href":"https:\/\/tsvkuppingen.de\/lauftreff\/site\/index.php?rest_route=\/wp\/v2\/pages\/4132\/revisions"}],"predecessor-version":[{"id":7920,"href":"https:\/\/tsvkuppingen.de\/lauftreff\/site\/index.php?rest_route=\/wp\/v2\/pages\/4132\/revisions\/7920"}],"up":[{"embeddable":true,"href":"https:\/\/tsvkuppingen.de\/lauftreff\/site\/index.php?rest_route=\/wp\/v2\/pages\/32"}],"wp:attachment":[{"href":"https:\/\/tsvkuppingen.de\/lauftreff\/site\/index.php?rest_route=%2Fwp%2Fv2%2Fmedia&parent=4132"}],"curies":[{"name":"wp","href":"https:\/\/api.w.org\/{rel}","templated":true}]}}