{"id":4154,"date":"2014-12-07T15:10:07","date_gmt":"2014-12-07T13:10:07","guid":{"rendered":"http:\/\/tsvkuppingen.de\/lauftreff\/site\/?page_id=4154"},"modified":"2019-09-20T22:10:53","modified_gmt":"2019-09-20T20:10:53","slug":"06-12-2014-gluhweinlauf","status":"publish","type":"page","link":"https:\/\/tsvkuppingen.de\/lauftreff\/site\/?page_id=4154","title":{"rendered":"06.12.2014"},"content":{"rendered":"<p><strong>Treibjagd oder Gl\u00fchweinlauf?<\/strong><\/p>\n<p>Diese Frage stellte sich f\u00fcr keinen der knapp <strong>50 Teilnehmer<\/strong> beim kleinen aber feinen Gl\u00fchweinlauf am vergangenen Samstag. Dass Veranstaltungen <strong>mit famili\u00e4rem Charakter<\/strong> ihren eigenen Charme haben, wissen die L\u00e4ufer und Walker des Lauftreffs schon l\u00e4nger, was aber <strong>Liesel Kohler<\/strong> dieses Mal im Kessel anger\u00fchrt hatte, das hatte was von &#8222;<strong>Zaubertrank<\/strong>&#8222;. Nach einer 45min\u00fctigen Genusslauf- bzw. Walking-Runde mit Start und Ziel beim TSV-Sportheim waren die Anwesenden voll des Lobes. Ein T\u00e4sschen Gl\u00fchwein nach dem anderen sch\u00f6pfte Liesel Kohler den Teilnehmern. Dazu reichte sie <strong>Apfel-, Zopfbrot und Stollen<\/strong> vom Feinsten. Eines ist nun ganz sicher, dieser Lauf hat jetzt noch <strong>mehr gl\u00fchende Verehrer<\/strong> &#8211; nicht zu letzt wegen der schmackhaften &#8222;<strong>Zielverpflegung<\/strong>&#8222;. <\/p>\n<div id=\"attachment_4157\" style=\"width: 310px\" class=\"wp-caption alignnone\"><a href=\"https:\/\/tsvkuppingen.de\/lauftreff\/site\/wp-content\/uploads\/2014\/12\/IMG_3079c.jpg\"><img loading=\"lazy\" decoding=\"async\" aria-describedby=\"caption-attachment-4157\" src=\"https:\/\/tsvkuppingen.de\/lauftreff\/site\/wp-content\/uploads\/2014\/12\/IMG_3079c-300x199.jpg\" alt=\"Liesel Kohler sch\u00f6pft pers\u00f6nlich\" title=\"Gl\u00fchweinausschank\" width=\"300\" height=\"199\" class=\"size-medium wp-image-4157\" srcset=\"https:\/\/tsvkuppingen.de\/lauftreff\/site\/wp-content\/uploads\/2014\/12\/IMG_3079c-300x199.jpg 300w, https:\/\/tsvkuppingen.de\/lauftreff\/site\/wp-content\/uploads\/2014\/12\/IMG_3079c-1024x682.jpg 1024w, https:\/\/tsvkuppingen.de\/lauftreff\/site\/wp-content\/uploads\/2014\/12\/IMG_3079c.jpg 1055w\" sizes=\"auto, (max-width: 300px) 100vw, 300px\" \/><\/a><p id=\"caption-attachment-4157\" class=\"wp-caption-text\">Liesel Kohler sch\u00f6pft pers\u00f6nlich<\/p><\/div>\n<p><a href=\"https:\/\/tsvkuppingen.de\/lauftreff\/site\/?page_id=3672&#038;album=10&#038;gallery=111\">mehr Bilder &#8230;<\/a><\/p>\n","protected":false},"excerpt":{"rendered":"<p>Treibjagd oder Gl\u00fchweinlauf? Diese Frage stellte sich f\u00fcr keinen der knapp 50 Teilnehmer beim kleinen aber feinen Gl\u00fchweinlauf am vergangenen Samstag. Dass Veranstaltungen mit famili\u00e4rem Charakter ihren eigenen Charme haben, wissen die L\u00e4ufer und Walker des Lauftreffs schon l\u00e4nger, was aber Liesel Kohler dieses Mal im Kessel anger\u00fchrt hatte, das hatte was von &#8222;Zaubertrank&#8222;. Nach [&hellip;]<\/p>\n","protected":false},"author":2,"featured_media":0,"parent":32,"menu_order":99250000,"comment_status":"open","ping_status":"open","template":"","meta":{"ngg_post_thumbnail":0,"footnotes":""},"class_list":["post-4154","page","type-page","status-publish","hentry"],"_links":{"self":[{"href":"https:\/\/tsvkuppingen.de\/lauftreff\/site\/index.php?rest_route=\/wp\/v2\/pages\/4154","targetHints":{"allow":["GET"]}}],"collection":[{"href":"https:\/\/tsvkuppingen.de\/lauftreff\/site\/index.php?rest_route=\/wp\/v2\/pages"}],"about":[{"href":"https:\/\/tsvkuppingen.de\/lauftreff\/site\/index.php?rest_route=\/wp\/v2\/types\/page"}],"author":[{"embeddable":true,"href":"https:\/\/tsvkuppingen.de\/lauftreff\/site\/index.php?rest_route=\/wp\/v2\/users\/2"}],"replies":[{"embeddable":true,"href":"https:\/\/tsvkuppingen.de\/lauftreff\/site\/index.php?rest_route=%2Fwp%2Fv2%2Fcomments&post=4154"}],"version-history":[{"count":8,"href":"https:\/\/tsvkuppingen.de\/lauftreff\/site\/index.php?rest_route=\/wp\/v2\/pages\/4154\/revisions"}],"predecessor-version":[{"id":7919,"href":"https:\/\/tsvkuppingen.de\/lauftreff\/site\/index.php?rest_route=\/wp\/v2\/pages\/4154\/revisions\/7919"}],"up":[{"embeddable":true,"href":"https:\/\/tsvkuppingen.de\/lauftreff\/site\/index.php?rest_route=\/wp\/v2\/pages\/32"}],"wp:attachment":[{"href":"https:\/\/tsvkuppingen.de\/lauftreff\/site\/index.php?rest_route=%2Fwp%2Fv2%2Fmedia&parent=4154"}],"curies":[{"name":"wp","href":"https:\/\/api.w.org\/{rel}","templated":true}]}}