{"id":5370,"date":"2016-11-06T20:53:21","date_gmt":"2016-11-06T18:53:21","guid":{"rendered":"http:\/\/tsvkuppingen.de\/lauftreff\/site\/?page_id=5370"},"modified":"2019-09-20T22:04:15","modified_gmt":"2019-09-20T20:04:15","slug":"05-11-2016","status":"publish","type":"page","link":"https:\/\/tsvkuppingen.de\/lauftreff\/site\/?page_id=5370","title":{"rendered":"05.11.2016"},"content":{"rendered":"<p><strong>Laufabzeichen<\/strong><\/p>\n<p>Sie trotzten den Regentropfen und lie\u00dfen es sich nicht nehmen 30 bzw. 60 Minuten durch den Wald zu rennen! Das Laufabzeichen stand bei den Kuppinger Nachwuchsl\u00e4ufer\/innen auf dem Programm. Die Distanz ist dabei unerheblich \u2013 eine bestimmt Zeit ohne Pause laufen, das allein ist entscheidend. Bei 30 Minuten mit dabei waren: Hannah und Bastian Groeper, Amelie Schuker, Lynn, Arne und Till B\u00fcchner. 60 Minuten schafften Jule und Malin Kempf, Clara und Prisca Deuschle, Franziska Pandl, Annalena Ahlert. Das Trainergespann Uta Groeper, Katrin Zel\u00dfmann und Thomas Schuker war \u00fcberrascht, dass trotz des Regens einige ihrer Sch\u00fctzlinge mit von der Partie waren und sich den Spa\u00df am Laufen durch den Regen nicht nehmen lie\u00dfen.<\/p>\n<div id=\"attachment_5374\" style=\"width: 310px\" class=\"wp-caption alignnone\"><a href=\"https:\/\/tsvkuppingen.de\/lauftreff\/site\/wp-content\/uploads\/2016\/11\/Laufabzeichen-Kids.jpg\"><img loading=\"lazy\" decoding=\"async\" aria-describedby=\"caption-attachment-5374\" src=\"https:\/\/tsvkuppingen.de\/lauftreff\/site\/wp-content\/uploads\/2016\/11\/Laufabzeichen-Kids-300x206.jpg\" alt=\"Laufabzeichen Kids\" title=\"Laufabzeichen Kids\" width=\"300\" height=\"206\" class=\"size-medium wp-image-5374\" srcset=\"https:\/\/tsvkuppingen.de\/lauftreff\/site\/wp-content\/uploads\/2016\/11\/Laufabzeichen-Kids-300x206.jpg 300w, https:\/\/tsvkuppingen.de\/lauftreff\/site\/wp-content\/uploads\/2016\/11\/Laufabzeichen-Kids-1024x705.jpg 1024w, https:\/\/tsvkuppingen.de\/lauftreff\/site\/wp-content\/uploads\/2016\/11\/Laufabzeichen-Kids.jpg 1231w\" sizes=\"auto, (max-width: 300px) 100vw, 300px\" \/><\/a><p id=\"caption-attachment-5374\" class=\"wp-caption-text\">Laufabzeichen Kids<\/p><\/div>\n<p><strong>Sch\u00f6nbuch-Cup Siegerehrung<\/strong><\/p>\n<p>Am vergangenen Samstag baten die Sch\u00f6nbuch-Organisatoren zur Ehrung der Cup-Gewinner ins Brauhaus nach B\u00f6blingen. Darunter befanden sich auch einige L\u00e4ufer aus Kuppingen und Herrenberg, allen voran Wolfgang Gau\u00df (Altersklasse M50), der Dritter (!) in der Gesamtwertung wurde. Aus Kuppingen konnten zahlreiche Nachwuchs- und Altersklassenl\u00e4ufer punkten. Bei den Juniorinnen (WU 18) siegte Viktoria Zel\u00dfmann und Lea Schuker erk\u00e4mpfte sich in der gleichen Klasse den 3. Rang. Ebenfalls siegreich war Christine Zel\u00dfmann in der Klasse WU 20. Nicht viel schlechter platzierte sich ihr Bruder Matthias Zel\u00dfmann in der MU 20  als Dritter. Vater Hagen Zel\u00dfmann wurde in der extrem starken Klasse M50 Zweiter hinter Wolfgang Gau\u00df. Den Knopf zu machte Falk Lissner als Dritter in der selben Klasse. Mutter Katrin Zel\u00dfmann erreichte trotz gelegentlicher Zwangspausen den 3. Platz in der Altersklasse W50. H\u00e4tte es eine Familienwertung gegeben, w\u00e4re die Familie Zel\u00dfmann wohl unschlagbar gewesen! In den Mannschaftwertungen erlief sich das Herren-Team H. Zel\u00dfmann, F. Lissner, Thomas Lohrer einen beachtlichen 4. Platz.<\/p>\n<div id=\"attachment_5371\" style=\"width: 310px\" class=\"wp-caption alignnone\"><a href=\"https:\/\/tsvkuppingen.de\/lauftreff\/site\/wp-content\/uploads\/2016\/11\/IMG_4123a1.jpg\"><img loading=\"lazy\" decoding=\"async\" aria-describedby=\"caption-attachment-5371\" src=\"https:\/\/tsvkuppingen.de\/lauftreff\/site\/wp-content\/uploads\/2016\/11\/IMG_4123a1-300x199.jpg\" alt=\"Die Schnellsten aus dem G\u00e4u: Hagen Zel\u00dfmann (l), Wolfgang Gau\u00df (m) und Falk Lissner (r) dominierten die Altersklasse M50 \" title=\"Siegerehrung\" width=\"300\" height=\"199\" class=\"size-medium wp-image-5371\" srcset=\"https:\/\/tsvkuppingen.de\/lauftreff\/site\/wp-content\/uploads\/2016\/11\/IMG_4123a1-300x199.jpg 300w, https:\/\/tsvkuppingen.de\/lauftreff\/site\/wp-content\/uploads\/2016\/11\/IMG_4123a1-1024x682.jpg 1024w, https:\/\/tsvkuppingen.de\/lauftreff\/site\/wp-content\/uploads\/2016\/11\/IMG_4123a1.jpg 1219w\" sizes=\"auto, (max-width: 300px) 100vw, 300px\" \/><\/a><p id=\"caption-attachment-5371\" class=\"wp-caption-text\">Die Schnellsten aus dem G\u00e4u: Hagen Zel\u00dfmann (l), Wolfgang Gau\u00df (m) und Falk Lissner (r) dominierten die Altersklasse M50 <\/p><\/div>\n<p><strong>71 Sportabzeichen-Absolventen<\/strong><\/p>\n<p>Nicht nur im reinen Laufen sind die Sportler\/innen des TSV-Lauftreffs vorne mit dabei. 71 Sportwilligen konnten Gisela Funk und Thomas Schuker gemeinsam mit allen Jugendtrainer\/innen das Sportabzeichen bescheinigen. Ca. 50 davon wurden tats\u00e4chlich im Kinder- und Jugendbereich abgeleistet. Seit mehreren Jahren gibt es jedoch auch eine stabile Gruppe Erwachsener, die mit Begeisterung dabei sind. Medizinballwurf, Standweitsprung, Seilspringen in verschiedenen Varianten, das sind z.B Disziplinen, die nebst dem gewohnten Laufen in den unterschiedlichen Kategorien Kraft, Schnelligkeit, Ausdauer und Koordination gepr\u00fcft werden k\u00f6nnen. Bei der Verleihung am j\u00e4hrlich Anfang November stattfindenden Saisonabschluss wurde den anwesenden Erwachsenen die Urkunde \u00fcberreicht.<\/p>\n<div id=\"attachment_5378\" style=\"width: 310px\" class=\"wp-caption alignnone\"><a href=\"https:\/\/tsvkuppingen.de\/lauftreff\/site\/wp-content\/uploads\/2016\/11\/Sportabzeichenverleihung.jpg\"><img loading=\"lazy\" decoding=\"async\" aria-describedby=\"caption-attachment-5378\" src=\"https:\/\/tsvkuppingen.de\/lauftreff\/site\/wp-content\/uploads\/2016\/11\/Sportabzeichenverleihung-300x240.jpg\" alt=\"Sportabzeichenverleihung\" title=\"Sportabzeichenverleihung\" width=\"300\" height=\"240\" class=\"size-medium wp-image-5378\" srcset=\"https:\/\/tsvkuppingen.de\/lauftreff\/site\/wp-content\/uploads\/2016\/11\/Sportabzeichenverleihung-300x240.jpg 300w, https:\/\/tsvkuppingen.de\/lauftreff\/site\/wp-content\/uploads\/2016\/11\/Sportabzeichenverleihung-1024x821.jpg 1024w, https:\/\/tsvkuppingen.de\/lauftreff\/site\/wp-content\/uploads\/2016\/11\/Sportabzeichenverleihung.jpg 1239w\" sizes=\"auto, (max-width: 300px) 100vw, 300px\" \/><\/a><p id=\"caption-attachment-5378\" class=\"wp-caption-text\">Sportabzeichenverleihung<\/p><\/div>\n","protected":false},"excerpt":{"rendered":"<p>Laufabzeichen Sie trotzten den Regentropfen und lie\u00dfen es sich nicht nehmen 30 bzw. 60 Minuten durch den Wald zu rennen! Das Laufabzeichen stand bei den Kuppinger Nachwuchsl\u00e4ufer\/innen auf dem Programm. Die Distanz ist dabei unerheblich \u2013 eine bestimmt Zeit ohne Pause laufen, das allein ist entscheidend. Bei 30 Minuten mit dabei waren: Hannah und Bastian [&hellip;]<\/p>\n","protected":false},"author":2,"featured_media":0,"parent":32,"menu_order":99190000,"comment_status":"open","ping_status":"open","template":"","meta":{"ngg_post_thumbnail":0,"footnotes":""},"class_list":["post-5370","page","type-page","status-publish","hentry"],"_links":{"self":[{"href":"https:\/\/tsvkuppingen.de\/lauftreff\/site\/index.php?rest_route=\/wp\/v2\/pages\/5370","targetHints":{"allow":["GET"]}}],"collection":[{"href":"https:\/\/tsvkuppingen.de\/lauftreff\/site\/index.php?rest_route=\/wp\/v2\/pages"}],"about":[{"href":"https:\/\/tsvkuppingen.de\/lauftreff\/site\/index.php?rest_route=\/wp\/v2\/types\/page"}],"author":[{"embeddable":true,"href":"https:\/\/tsvkuppingen.de\/lauftreff\/site\/index.php?rest_route=\/wp\/v2\/users\/2"}],"replies":[{"embeddable":true,"href":"https:\/\/tsvkuppingen.de\/lauftreff\/site\/index.php?rest_route=%2Fwp%2Fv2%2Fcomments&post=5370"}],"version-history":[{"count":6,"href":"https:\/\/tsvkuppingen.de\/lauftreff\/site\/index.php?rest_route=\/wp\/v2\/pages\/5370\/revisions"}],"predecessor-version":[{"id":7914,"href":"https:\/\/tsvkuppingen.de\/lauftreff\/site\/index.php?rest_route=\/wp\/v2\/pages\/5370\/revisions\/7914"}],"up":[{"embeddable":true,"href":"https:\/\/tsvkuppingen.de\/lauftreff\/site\/index.php?rest_route=\/wp\/v2\/pages\/32"}],"wp:attachment":[{"href":"https:\/\/tsvkuppingen.de\/lauftreff\/site\/index.php?rest_route=%2Fwp%2Fv2%2Fmedia&parent=5370"}],"curies":[{"name":"wp","href":"https:\/\/api.w.org\/{rel}","templated":true}]}}