{"id":5380,"date":"2016-11-06T21:03:30","date_gmt":"2016-11-06T19:03:30","guid":{"rendered":"http:\/\/tsvkuppingen.de\/lauftreff\/site\/?page_id=5380"},"modified":"2019-09-20T22:04:39","modified_gmt":"2019-09-20T20:04:39","slug":"oktober-2016","status":"publish","type":"page","link":"https:\/\/tsvkuppingen.de\/lauftreff\/site\/?page_id=5380","title":{"rendered":"Oktober 2016"},"content":{"rendered":"<p><strong>Kids-Cup Finisher finden Dorie<\/strong><\/p>\n<p>Mit nur drei der f\u00fcnf L\u00e4ufe des Sch\u00f6nbuch Cups konnten sich die Kids 2016 freien Eintritt ins B\u00f6blinger B\u00e4renkino erlaufen! Vergangenen Sonntag war es so weit \u2013 bevor der aktuelle Film \u201eFindet Dorie\u201c die Kids in eine andere Welt mitnahm, wurden im voll besetzten Kinosaal die Sieger\/innen der Pl\u00e4tze 1-5 geehrt. Und der Kuppinger Nachwuchs mitten drin und vorne mit dabei! Sch\u00f6n, dass unsere J\u00fcngsten so aktiv und erfolgreich die Kuppinger Jugendarbeit pr\u00e4sentieren.<\/p>\n<p>2. Lucca Brenner 6 \/ 2. MK U10<br \/>\n11. Marc Pfeiffer 38 \/ 11. MK U12<br \/>\n4. Lilly Brenner 9 \/ 4. WK U10<br \/>\n5. Malin Kempf 12 \/ 5. WK U10<br \/>\n9. Lara Brenner 29 \/ 9. WK U10<br \/>\n5. Franziska Pandl 35 \/ 5. WK U12<br \/>\n5. Jule Kempf 22 \/ 5. WJ U14<br \/>\n7. Hannah Groeper 35 \/ 7. WJ U14<\/p>\n<div id=\"attachment_5381\" style=\"width: 310px\" class=\"wp-caption alignnone\"><a href=\"https:\/\/tsvkuppingen.de\/lauftreff\/site\/wp-content\/uploads\/2016\/11\/kidscup.jpg\"><img loading=\"lazy\" decoding=\"async\" aria-describedby=\"caption-attachment-5381\" src=\"https:\/\/tsvkuppingen.de\/lauftreff\/site\/wp-content\/uploads\/2016\/11\/kidscup-300x185.jpg\" alt=\"Siegerehrung des Kids-Cup\" title=\"Siegerehrung des Kids-Cup\" width=\"300\" height=\"185\" class=\"size-medium wp-image-5381\" srcset=\"https:\/\/tsvkuppingen.de\/lauftreff\/site\/wp-content\/uploads\/2016\/11\/kidscup-300x185.jpg 300w, https:\/\/tsvkuppingen.de\/lauftreff\/site\/wp-content\/uploads\/2016\/11\/kidscup.jpg 480w\" sizes=\"auto, (max-width: 300px) 100vw, 300px\" \/><\/a><p id=\"caption-attachment-5381\" class=\"wp-caption-text\">Siegerehrung des Kids-Cup<\/p><\/div>\n","protected":false},"excerpt":{"rendered":"<p>Kids-Cup Finisher finden Dorie Mit nur drei der f\u00fcnf L\u00e4ufe des Sch\u00f6nbuch Cups konnten sich die Kids 2016 freien Eintritt ins B\u00f6blinger B\u00e4renkino erlaufen! Vergangenen Sonntag war es so weit \u2013 bevor der aktuelle Film \u201eFindet Dorie\u201c die Kids in eine andere Welt mitnahm, wurden im voll besetzten Kinosaal die Sieger\/innen der Pl\u00e4tze 1-5 geehrt. [&hellip;]<\/p>\n","protected":false},"author":2,"featured_media":0,"parent":32,"menu_order":99200000,"comment_status":"open","ping_status":"open","template":"","meta":{"ngg_post_thumbnail":0,"footnotes":""},"class_list":["post-5380","page","type-page","status-publish","hentry"],"_links":{"self":[{"href":"https:\/\/tsvkuppingen.de\/lauftreff\/site\/index.php?rest_route=\/wp\/v2\/pages\/5380","targetHints":{"allow":["GET"]}}],"collection":[{"href":"https:\/\/tsvkuppingen.de\/lauftreff\/site\/index.php?rest_route=\/wp\/v2\/pages"}],"about":[{"href":"https:\/\/tsvkuppingen.de\/lauftreff\/site\/index.php?rest_route=\/wp\/v2\/types\/page"}],"author":[{"embeddable":true,"href":"https:\/\/tsvkuppingen.de\/lauftreff\/site\/index.php?rest_route=\/wp\/v2\/users\/2"}],"replies":[{"embeddable":true,"href":"https:\/\/tsvkuppingen.de\/lauftreff\/site\/index.php?rest_route=%2Fwp%2Fv2%2Fcomments&post=5380"}],"version-history":[{"count":3,"href":"https:\/\/tsvkuppingen.de\/lauftreff\/site\/index.php?rest_route=\/wp\/v2\/pages\/5380\/revisions"}],"predecessor-version":[{"id":7915,"href":"https:\/\/tsvkuppingen.de\/lauftreff\/site\/index.php?rest_route=\/wp\/v2\/pages\/5380\/revisions\/7915"}],"up":[{"embeddable":true,"href":"https:\/\/tsvkuppingen.de\/lauftreff\/site\/index.php?rest_route=\/wp\/v2\/pages\/32"}],"wp:attachment":[{"href":"https:\/\/tsvkuppingen.de\/lauftreff\/site\/index.php?rest_route=%2Fwp%2Fv2%2Fmedia&parent=5380"}],"curies":[{"name":"wp","href":"https:\/\/api.w.org\/{rel}","templated":true}]}}