{"id":5394,"date":"2016-11-26T14:12:09","date_gmt":"2016-11-26T12:12:09","guid":{"rendered":"http:\/\/tsvkuppingen.de\/lauftreff\/site\/?page_id=5394"},"modified":"2019-09-20T22:03:41","modified_gmt":"2019-09-20T20:03:41","slug":"19-11-2016","status":"publish","type":"page","link":"https:\/\/tsvkuppingen.de\/lauftreff\/site\/?page_id=5394","title":{"rendered":"19.11.2016"},"content":{"rendered":"<p><strong>Beaujolais Marathon<\/strong><\/p>\n<p><strong>Genuss- und Spa\u00dfl\u00e4ufer sind die Gewinner<\/strong><\/p>\n<p>Wer den r\u00fchrigen Lauftreff des TSV Kuppingen kennt wei\u00df, dass neben dem Herrenberger Altstadtlauf und dem Kuppinger Mondf\u00e4ngerlauf in regelm\u00e4\u00dfigen Abst\u00e4nden auch Laufreisen auf dem Programm der Organisatoren stehen. Dieses Jahr sollte das Ziel mal wieder der Marathon du Beaujolais in Frankreich sein. Unweit von Herrenbergs Partnerstadt Tarare entfernt, fand vergangenes Wochenende am 19.11.2016 das Laufspektakel in Villefranche statt. F\u00fcr die wenigsten Kuppinger stand der komplette Marathon (42,195 km) auf dem Programm. Vielmehr mischten sie beim Halbmarathon und beim 12 km-Lauf mit. Mit \u00fcber 50 Laufbegeisterten waren sie am Start und bildeten damit die gr\u00f6\u00dfte ausl\u00e4ndische Gruppe beim Marathon international du Beaujolais.<br \/>\nBestzeiten hatte keiner der Sportler im Visier. &#8222;Daf\u00fcr ist die Strecke eh nicht geschaffen&#8220;, meint Thomas Schuker in Anspielung auf die sehr profilierte Route. Steigungen was die Weinberge hergeben, galt es bei allen drei Distanzen zu knacken. Beim Halbmarathon kamen die L\u00e4ufer auf 270 H\u00f6henmeter, teilweise durch trail-artiges Gel\u00e4nde. Dennoch war Schuker beim Halbmarathon nach 1:42 h der schnellste Kuppinger im Ziel. Belohnt wurden die Sportler auf allen Distanzen mit traumhafter Landschaft, stilvollen Anwesen und Schl\u00f6ssern, die teilweise durchlaufen wurden, und nicht zuletzt durch den einen oder anderen Tropfen Beaujolais an den zahlreichen Verpflegungsst\u00e4nden entlang der Strecke. Die Stimmung unterwegs war unglaublich gut &#8211; allerorts fr\u00f6hliche Musik und motivierende Zuschauerrufe. Dazu kommt, dass \u00fcber ein Drittel der insgesamt 12 000 Starter den launigen Wettkampf originell kost\u00fcmiert antrat. Schl\u00fcmpfe, Minions, Schildkr\u00f6ten, Traubenzotter, Cowboys, Ballerinas, Schotten, Matrosen &#8230; Die Kreativit\u00e4t der lustigen Franzosen schien grenzenlos zu sein. Viele davon hat der mitgereiste Lauftreff-Fotograf Erich Kienle gesehen. Bei allen Wettbewerben kniete er am Wegrand oder mitten in den Weinreben um die Kuppinger mit der Kamera in Aktion einzufangen. Um ihm dieses schwierige Unterfangen etwas zu erleichtern, haben alle TSVler ein einheitliches Mondf\u00e4nger Laufshirt getragen. Dass er am Ende des Tages die l\u00e4ngste Zeit auf der Strecke verbrachte, verdient besondere Anerkennung.<br \/>\nLauftreff-Pressewart Hagen Zel\u00dfmann wagte in Villefranche seinen ersten Marathon. Schmerzen ihm Mittelfu\u00dfknochen in den letzten Wochen verschafften ihm eine Trainings- Zwangspause und Sorgen. Ein kurzes, drohendes Zwiegespr\u00e4ch zu Beginn des Laufes, &#8222;entweder du machst mit, oder ich lauf ohne dich&#8220;, schaffte Klarheit. Nach 3:51 h stoppte f\u00fcr Zel\u00dfmann die Uhr an der Ziellinie und lie\u00df ihn den Rest des Tages gl\u00fccklich strahlen.<br \/>\nSeinen ersten Halbmarathon absolvierte TSV Fu\u00dfball-Urgestein Wolfgang Stroh\u00e4ker. Dass er durch und durch Sportler ist, zeigte seine Endzeit von 1:55 h. Sein unbeabsichtigter Versuch, die Ziellinie mit einem Hechtsprung zu passieren, war wohl eher seinen abschweifenden Blicken in die Fan Meile zuzuschreiben. Wertvolle Sekunden hat es ihm nicht gebracht und die anvisierte Zeit \u201eunter zwei Stunden\u201c war ohnehin nicht in Gefahr.<br \/>\nBeim 12 km Lauf hatte manch Kuppinger Lauftreffler besonderen Spa\u00df. Stimmung pur mit kurzen Stopps an den Getr\u00e4nkestationen und das gemeinsame Laufen \u00fcber die Ziellinie war am Ende das i- T\u00fcpfelchen.<br \/>\nAuch eine kleine Gruppe um Clivia Schuker, Christoph Kopp und Ute Lohrer, die das Organisationsteam der Reise bildeten, machten beim Halbmarathon einen kurzen Zwischenstopp. F\u00fcnf Kilometer lang bettelte Kopp nach einer kleinen Pause um, unterwegs wenigstens einmal ein Tr\u00f6pfchen Beaujolais zu genie\u00dfen. Bei km 16 erf\u00fcllten die M\u00e4dels ihm seinen Wunsch. \u201eUnd schau, hier gibt\u00b4s sogar einen Brouilly\u201c rufen sie und freuen sich, dass gerade an diesem Stand Wein aus dem \u201eCru\u201c Cote de Brouilly ausgeschenkt wurde. Zwar bestehen zwischen Luc Brouilly, k\u00fcrzlich erst zum Compagnon du Beaujolais ernannt, keine verwandtschaftlichen Verh\u00e4ltnisse, dennoch dachten die L\u00e4ufer so auch w\u00e4hrend des Laufens an ihn. Der in Kuppingen lebende Brouilly unterst\u00fctzte mit seinen famili\u00e4ren Kontakten nach Villefranche die Lauftreff &#8211; Organisatoren und gestaltete das Rahmenprogramm aktiv mit. Das Gesamtpaket machte die Reise spannend. Warum sollten die Kuppinger sonst zum wiederholten Male \u00fcber 600 Kilometer fahren nur um ein paar Kilometer zu laufen? Auf den Genuss ist auch Busfahrer Manfred Breitling gekommen. Bei dieser Ausfahrt erstmals selbst am Laufstart, konstatierte er auf der Heimfahrt: &#8222;Das macht Lust auf mehr, jetzt bin ich einer von euch!&#8220;<\/p>\n<div id=\"attachment_5395\" style=\"width: 210px\" class=\"wp-caption alignnone\"><a href=\"https:\/\/tsvkuppingen.de\/lauftreff\/site\/wp-content\/uploads\/2016\/11\/beau.jpg\"><img loading=\"lazy\" decoding=\"async\" aria-describedby=\"caption-attachment-5395\" src=\"https:\/\/tsvkuppingen.de\/lauftreff\/site\/wp-content\/uploads\/2016\/11\/beau-200x300.jpg\" alt=\"Flower Power bei Sabine u Manfred Breitling\" title=\"Flower Power\" width=\"200\" height=\"300\" class=\"size-medium wp-image-5395\" srcset=\"https:\/\/tsvkuppingen.de\/lauftreff\/site\/wp-content\/uploads\/2016\/11\/beau-200x300.jpg 200w, https:\/\/tsvkuppingen.de\/lauftreff\/site\/wp-content\/uploads\/2016\/11\/beau.jpg 320w\" sizes=\"auto, (max-width: 200px) 100vw, 200px\" \/><\/a><p id=\"caption-attachment-5395\" class=\"wp-caption-text\">Flower Power bei Sabine u Manfred Breitling<\/p><\/div>\n","protected":false},"excerpt":{"rendered":"<p>Beaujolais Marathon Genuss- und Spa\u00dfl\u00e4ufer sind die Gewinner Wer den r\u00fchrigen Lauftreff des TSV Kuppingen kennt wei\u00df, dass neben dem Herrenberger Altstadtlauf und dem Kuppinger Mondf\u00e4ngerlauf in regelm\u00e4\u00dfigen Abst\u00e4nden auch Laufreisen auf dem Programm der Organisatoren stehen. Dieses Jahr sollte das Ziel mal wieder der Marathon du Beaujolais in Frankreich sein. Unweit von Herrenbergs Partnerstadt [&hellip;]<\/p>\n","protected":false},"author":2,"featured_media":0,"parent":32,"menu_order":99180000,"comment_status":"open","ping_status":"open","template":"","meta":{"ngg_post_thumbnail":0,"footnotes":""},"class_list":["post-5394","page","type-page","status-publish","hentry"],"_links":{"self":[{"href":"https:\/\/tsvkuppingen.de\/lauftreff\/site\/index.php?rest_route=\/wp\/v2\/pages\/5394","targetHints":{"allow":["GET"]}}],"collection":[{"href":"https:\/\/tsvkuppingen.de\/lauftreff\/site\/index.php?rest_route=\/wp\/v2\/pages"}],"about":[{"href":"https:\/\/tsvkuppingen.de\/lauftreff\/site\/index.php?rest_route=\/wp\/v2\/types\/page"}],"author":[{"embeddable":true,"href":"https:\/\/tsvkuppingen.de\/lauftreff\/site\/index.php?rest_route=\/wp\/v2\/users\/2"}],"replies":[{"embeddable":true,"href":"https:\/\/tsvkuppingen.de\/lauftreff\/site\/index.php?rest_route=%2Fwp%2Fv2%2Fcomments&post=5394"}],"version-history":[{"count":5,"href":"https:\/\/tsvkuppingen.de\/lauftreff\/site\/index.php?rest_route=\/wp\/v2\/pages\/5394\/revisions"}],"predecessor-version":[{"id":7913,"href":"https:\/\/tsvkuppingen.de\/lauftreff\/site\/index.php?rest_route=\/wp\/v2\/pages\/5394\/revisions\/7913"}],"up":[{"embeddable":true,"href":"https:\/\/tsvkuppingen.de\/lauftreff\/site\/index.php?rest_route=\/wp\/v2\/pages\/32"}],"wp:attachment":[{"href":"https:\/\/tsvkuppingen.de\/lauftreff\/site\/index.php?rest_route=%2Fwp%2Fv2%2Fmedia&parent=5394"}],"curies":[{"name":"wp","href":"https:\/\/api.w.org\/{rel}","templated":true}]}}