{"id":56,"date":"2009-05-11T21:40:50","date_gmt":"2009-05-11T19:40:50","guid":{"rendered":"http:\/\/tsvkuppingen.de\/lauftreff\/site\/?page_id=56"},"modified":"2022-11-12T21:19:22","modified_gmt":"2022-11-12T20:19:22","slug":"kontakt","status":"publish","type":"page","link":"https:\/\/tsvkuppingen.de\/lauftreff\/site\/?page_id=56","title":{"rendered":"Jugend"},"content":{"rendered":"<p>Die F\u00f6rderung des Nachwuchses liegt uns am Herzen!<\/p>\n<p>Seit 1999 verf\u00fcgt der Lauftreff \u00fcber eine <strong>erfolgreiche und wachsende Jugendarbeit<\/strong>.<\/p>\n<p>Momentan bieten wir <strong>drei Gruppen<\/strong> an, die alters- bzw. leistungshomogen trainiert werden.<\/p>\n<p>Laufbegeisterte Kinder und Jugendliche bauen \u201elaufend\u201c den Schul- und Hausaufgabenstress ab und tun etwas f\u00fcr <strong>Fitness und Gesundheit<\/strong>.<\/p>\n<p>Die Abnahme des <strong>Sportabzeichens<\/strong>, Teilnahme an <strong>Wettk\u00e4mpfen und Meisterschaften<\/strong> in der n\u00e4heren Umgebung machen den Kindern <strong>Spa\u00df<\/strong> und bieten ihnen <strong>erreichbare Ziele<\/strong>.<\/p>\n<table border=\"0\" cellspacing=\"2\" cellpadding=\"5\" width=\"600\">\n<tbody>\n<tr>\n<td width=\"80\" height=\"180\"><a href=\"https:\/\/tsvkuppingen.de\/lauftreff\/site\/wp-content\/uploads\/2009\/05\/Jugend.JPG\"><img loading=\"lazy\" decoding=\"async\" class=\"alignright size-thumbnail wp-image-222\" title=\"Jugend\" src=\"https:\/\/tsvkuppingen.de\/lauftreff\/site\/wp-content\/uploads\/2009\/05\/Jugend-150x150.jpg\" alt=\"Jugend\" width=\"150\" height=\"150\" \/><\/a><\/td>\n<td align=\"left\" valign=\"middle\">Sch\u00fcler B, C und D im Wintertraining 2008<\/td>\n<td width=\"80\" height=\"180\"><a href=\"https:\/\/tsvkuppingen.de\/lauftreff\/site\/wp-content\/uploads\/2009\/05\/ChickenRunASL2009.JPG\"><img loading=\"lazy\" decoding=\"async\" class=\"alignright size-thumbnail wp-image-226\" title=\"ChickenRunASL2009\" src=\"https:\/\/tsvkuppingen.de\/lauftreff\/site\/wp-content\/uploads\/2009\/05\/ChickenRunASL2009-150x150.jpg\" alt=\"ChickenRunASL2009\" width=\"150\" height=\"150\" \/><\/a><\/td>\n<td align=\"left\" valign=\"middle\">TSV Kuppingen ChickenRun &#8211; nicht nur 1. Platz beim Altstadtlauf 2009,<br \/>\nsondern auch 2005, 2007, 2011 und 2013!<br \/>\n(Jugendwertung)<\/td>\n<\/tr>\n<\/tbody>\n<\/table>\n<p><!--\n<span style=\"color: #ff0000; background-color: #ffffff\"X<strongXACHTUNG!\nWir beginnen unser Training im Winterhalbjahr 2021\/2022 am 13.10.2021 (Gruppe 1 und 2) bzw. am 09.11.2021 (Gruppe 3) - selbstverst\u00e4ndlich unter Beachtung der aktuell g\u00fcltigen Corona-Regeln!<\/strong --><br \/>\n<!--\nAuf Grund der aktuellen Situation in der Corona-Krise haben wir ab sofort f\u00fcr alle Gruppen des Kinder- und Jugendlauftreffs unseren Trainingsbetrieb bis mindestens nach den Sommerferien 2020 komplett eingestellt. Bei relevanten Neuigkeiten informieren wir rechtzeitig.<\/strong --> <\/p>\n","protected":false},"excerpt":{"rendered":"<p>Die F\u00f6rderung des Nachwuchses liegt uns am Herzen! Seit 1999 verf\u00fcgt der Lauftreff \u00fcber eine erfolgreiche und wachsende Jugendarbeit. Momentan bieten wir drei Gruppen an, die alters- bzw. leistungshomogen trainiert werden. Laufbegeisterte Kinder und Jugendliche bauen \u201elaufend\u201c den Schul- und Hausaufgabenstress ab und tun etwas f\u00fcr Fitness und Gesundheit. Die Abnahme des Sportabzeichens, Teilnahme an [&hellip;]<\/p>\n","protected":false},"author":1,"featured_media":0,"parent":0,"menu_order":3,"comment_status":"closed","ping_status":"closed","template":"","meta":{"ngg_post_thumbnail":0,"footnotes":""},"class_list":["post-56","page","type-page","status-publish","hentry"],"_links":{"self":[{"href":"https:\/\/tsvkuppingen.de\/lauftreff\/site\/index.php?rest_route=\/wp\/v2\/pages\/56","targetHints":{"allow":["GET"]}}],"collection":[{"href":"https:\/\/tsvkuppingen.de\/lauftreff\/site\/index.php?rest_route=\/wp\/v2\/pages"}],"about":[{"href":"https:\/\/tsvkuppingen.de\/lauftreff\/site\/index.php?rest_route=\/wp\/v2\/types\/page"}],"author":[{"embeddable":true,"href":"https:\/\/tsvkuppingen.de\/lauftreff\/site\/index.php?rest_route=\/wp\/v2\/users\/1"}],"replies":[{"embeddable":true,"href":"https:\/\/tsvkuppingen.de\/lauftreff\/site\/index.php?rest_route=%2Fwp%2Fv2%2Fcomments&post=56"}],"version-history":[{"count":30,"href":"https:\/\/tsvkuppingen.de\/lauftreff\/site\/index.php?rest_route=\/wp\/v2\/pages\/56\/revisions"}],"predecessor-version":[{"id":223,"href":"https:\/\/tsvkuppingen.de\/lauftreff\/site\/index.php?rest_route=\/wp\/v2\/pages\/56\/revisions\/223"}],"wp:attachment":[{"href":"https:\/\/tsvkuppingen.de\/lauftreff\/site\/index.php?rest_route=%2Fwp%2Fv2%2Fmedia&parent=56"}],"curies":[{"name":"wp","href":"https:\/\/api.w.org\/{rel}","templated":true}]}}