{"id":6210,"date":"2017-06-16T18:35:42","date_gmt":"2017-06-16T16:35:42","guid":{"rendered":"http:\/\/tsvkuppingen.de\/lauftreff\/site\/?page_id=6210"},"modified":"2019-09-20T22:00:53","modified_gmt":"2019-09-20T20:00:53","slug":"der-verein","status":"publish","type":"page","link":"https:\/\/tsvkuppingen.de\/lauftreff\/site\/?page_id=6210","title":{"rendered":"Der Verein"},"content":{"rendered":"<p><strong>Altstadtlauf Herrenberg e.V.<\/strong> wurde am 29. Mai 2017 gegr\u00fcndet, um den erfolgreichen Fortbestand des Altstadtlauf Herrenberg f\u00fcr die Zukunft zu sichern. <\/p>\n<p><a href=\"https:\/\/tsvkuppingen.de\/lauftreff\/site\/wp-content\/uploads\/2017\/06\/IMG8031c1.jpg\"><img loading=\"lazy\" decoding=\"async\" src=\"https:\/\/tsvkuppingen.de\/lauftreff\/site\/wp-content\/uploads\/2017\/06\/IMG8031c1.jpg\" alt=\"ASLeV\" title=\"ASLeV\"  class=\"alignnone size-full wp-image-1081\" width=\"600\" height=\"322\"\/><\/a> <\/p>\n<p>Das Foto zeigt die Gr\u00fcndungsmitglieder, die sich ausnahmslos aus dem bisherigen Organisationsteam des Laufs rekrutieren.<br \/>\n<em>Stehend vlnr:<strong> Markus Speer<\/strong> (Beisitzer), <strong>Klaus Haarer<\/strong> (Kassier), <strong>Christoph Kopp<\/strong> (stv. Vorsitzender), <strong>Clivia Schuker<\/strong> (Vorsitzende), <strong>Wolfgang Harmsen<\/strong> (Beisitzer), <strong>Albrecht Mayer<\/strong> (Beisitzer),<strong> Roland N\u00f6lly<\/strong> (Beisitzer) &#8211; Sitzend vlnr: <strong>Erich Kienle<\/strong> (Beisitzer), <strong>Charlotte Tremmel<\/strong> (Beisitzerin), <strong>Claudia Brenner<\/strong> (Schriftf\u00fchrerin), <strong>Liesel Kohler<\/strong> (Beisitzerin) (es fehlt <strong>G\u00fcnther Ansel<\/strong> (Beisitzer)) <\/em><\/p>\n<p>Wer m\u00f6chte, kann ab sofort den Verein mit einer <strong>Mitgliedschaft<\/strong>  unterst\u00fctzen. F\u00fcr Privatpersonen betr\u00e4gt der Jahresbeitrag 10.- EUR, f\u00fcr Firmen, Vereine und Organisationen 100.- EUR. Das Antragsformular gibt es <a href='https:\/\/tsvkuppingen.de\/lauftreff\/site\/wp-content\/uploads\/2018\/12\/Mitgliedschaftsantrag.pdf'>hier zum Download. <\/a> <\/p>\n<p>Die <strong>Satzung<\/strong> des Vereins kann <a href='https:\/\/tsvkuppingen.de\/lauftreff\/site\/wp-content\/uploads\/2017\/06\/ASLeVSatzung-.pdf'> hier gelesen oder heruntergeladen werden.<\/a><\/p>\n","protected":false},"excerpt":{"rendered":"<p>Altstadtlauf Herrenberg e.V. wurde am 29. Mai 2017 gegr\u00fcndet, um den erfolgreichen Fortbestand des Altstadtlauf Herrenberg f\u00fcr die Zukunft zu sichern. Das Foto zeigt die Gr\u00fcndungsmitglieder, die sich ausnahmslos aus dem bisherigen Organisationsteam des Laufs rekrutieren. Stehend vlnr: Markus Speer (Beisitzer), Klaus Haarer (Kassier), Christoph Kopp (stv. Vorsitzender), Clivia Schuker (Vorsitzende), Wolfgang Harmsen (Beisitzer), Albrecht [&hellip;]<\/p>\n","protected":false},"author":4,"featured_media":0,"parent":13,"menu_order":99,"comment_status":"open","ping_status":"open","template":"","meta":{"ngg_post_thumbnail":0,"footnotes":""},"class_list":["post-6210","page","type-page","status-publish","hentry"],"_links":{"self":[{"href":"https:\/\/tsvkuppingen.de\/lauftreff\/site\/index.php?rest_route=\/wp\/v2\/pages\/6210","targetHints":{"allow":["GET"]}}],"collection":[{"href":"https:\/\/tsvkuppingen.de\/lauftreff\/site\/index.php?rest_route=\/wp\/v2\/pages"}],"about":[{"href":"https:\/\/tsvkuppingen.de\/lauftreff\/site\/index.php?rest_route=\/wp\/v2\/types\/page"}],"author":[{"embeddable":true,"href":"https:\/\/tsvkuppingen.de\/lauftreff\/site\/index.php?rest_route=\/wp\/v2\/users\/4"}],"replies":[{"embeddable":true,"href":"https:\/\/tsvkuppingen.de\/lauftreff\/site\/index.php?rest_route=%2Fwp%2Fv2%2Fcomments&post=6210"}],"version-history":[{"count":44,"href":"https:\/\/tsvkuppingen.de\/lauftreff\/site\/index.php?rest_route=\/wp\/v2\/pages\/6210\/revisions"}],"predecessor-version":[{"id":7907,"href":"https:\/\/tsvkuppingen.de\/lauftreff\/site\/index.php?rest_route=\/wp\/v2\/pages\/6210\/revisions\/7907"}],"up":[{"embeddable":true,"href":"https:\/\/tsvkuppingen.de\/lauftreff\/site\/index.php?rest_route=\/wp\/v2\/pages\/13"}],"wp:attachment":[{"href":"https:\/\/tsvkuppingen.de\/lauftreff\/site\/index.php?rest_route=%2Fwp%2Fv2%2Fmedia&parent=6210"}],"curies":[{"name":"wp","href":"https:\/\/api.w.org\/{rel}","templated":true}]}}