{"id":67,"date":"2009-05-11T21:42:31","date_gmt":"2009-05-11T19:42:31","guid":{"rendered":"http:\/\/tsvkuppingen.de\/lauftreff\/site\/?page_id=67"},"modified":"2019-09-20T18:10:42","modified_gmt":"2019-09-20T16:10:42","slug":"walking","status":"publish","type":"page","link":"https:\/\/tsvkuppingen.de\/lauftreff\/site\/?page_id=67","title":{"rendered":"Walking"},"content":{"rendered":"<p>Mit <strong>Walking<\/strong>, was w\u00f6rtlich \u00fcbersetzt \u201eGehen\u201c bedeutet, ist eine Sportart entstanden, die die L\u00fccke zwischen Wandern und Laufen geschlossen hat.<\/p>\n<p><strong>Aktiver Armeinsatz<\/strong> und eine <strong>h\u00f6here Schrittfrequenz<\/strong> machen den Unterschied zum gew\u00f6hnlichen Gehen aus.<\/p>\n<p>Walking ist eine besonders <strong>gesundheitsf\u00f6rdernde Sportart f\u00fcr M\u00e4nner und Frauen<\/strong>, die an Wohlbefinden und gesunder Bewegung interessiert sind.<\/p>\n<p>Der Walking-Bereich ist bereits seit Jahren sehr aktiv und ein <strong>fester Bestandteil<\/strong> im Lauftreff.<\/p>\n<table border=\"0\" cellspacing=\"2\" cellpadding=\"5\" width=\"600\">\n<tbody>\n<tr>\n<td width=\"80\" height=\"180\"><a href=\"https:\/\/tsvkuppingen.de\/lauftreff\/site\/wp-content\/uploads\/2009\/05\/WalkingHeilbronn1.JPG\"><img loading=\"lazy\" decoding=\"async\" class=\"alignleft size-thumbnail wp-image-250\" title=\"WalkingHeilbronn1\" src=\"https:\/\/tsvkuppingen.de\/lauftreff\/site\/wp-content\/uploads\/2009\/05\/WalkingHeilbronn1-150x150.jpg\" alt=\"WalkingHeilbronn1\" width=\"150\" height=\"150\" \/><\/a><\/td>\n<td align=\"left\" valign=\"middle\">Zieleinlauf beim Heilbronn Halbmarathon<\/td>\n<td width=\"80\" height=\"180\"><\/td>\n<td align=\"left\" valign=\"middle\"><\/td>\n<\/tr>\n<\/tbody>\n<\/table>\n","protected":false},"excerpt":{"rendered":"<p>Mit Walking, was w\u00f6rtlich \u00fcbersetzt \u201eGehen\u201c bedeutet, ist eine Sportart entstanden, die die L\u00fccke zwischen Wandern und Laufen geschlossen hat. Aktiver Armeinsatz und eine h\u00f6here Schrittfrequenz machen den Unterschied zum gew\u00f6hnlichen Gehen aus. Walking ist eine besonders gesundheitsf\u00f6rdernde Sportart f\u00fcr M\u00e4nner und Frauen, die an Wohlbefinden und gesunder Bewegung interessiert sind. Der Walking-Bereich ist bereits [&hellip;]<\/p>\n","protected":false},"author":1,"featured_media":0,"parent":0,"menu_order":4,"comment_status":"open","ping_status":"open","template":"","meta":{"ngg_post_thumbnail":0,"footnotes":""},"class_list":["post-67","page","type-page","status-publish","hentry"],"_links":{"self":[{"href":"https:\/\/tsvkuppingen.de\/lauftreff\/site\/index.php?rest_route=\/wp\/v2\/pages\/67","targetHints":{"allow":["GET"]}}],"collection":[{"href":"https:\/\/tsvkuppingen.de\/lauftreff\/site\/index.php?rest_route=\/wp\/v2\/pages"}],"about":[{"href":"https:\/\/tsvkuppingen.de\/lauftreff\/site\/index.php?rest_route=\/wp\/v2\/types\/page"}],"author":[{"embeddable":true,"href":"https:\/\/tsvkuppingen.de\/lauftreff\/site\/index.php?rest_route=\/wp\/v2\/users\/1"}],"replies":[{"embeddable":true,"href":"https:\/\/tsvkuppingen.de\/lauftreff\/site\/index.php?rest_route=%2Fwp%2Fv2%2Fcomments&post=67"}],"version-history":[{"count":13,"href":"https:\/\/tsvkuppingen.de\/lauftreff\/site\/index.php?rest_route=\/wp\/v2\/pages\/67\/revisions"}],"predecessor-version":[{"id":7894,"href":"https:\/\/tsvkuppingen.de\/lauftreff\/site\/index.php?rest_route=\/wp\/v2\/pages\/67\/revisions\/7894"}],"wp:attachment":[{"href":"https:\/\/tsvkuppingen.de\/lauftreff\/site\/index.php?rest_route=%2Fwp%2Fv2%2Fmedia&parent=67"}],"curies":[{"name":"wp","href":"https:\/\/api.w.org\/{rel}","templated":true}]}}