{"id":6719,"date":"2018-02-03T14:43:25","date_gmt":"2018-02-03T12:43:25","guid":{"rendered":"http:\/\/tsvkuppingen.de\/lauftreff\/site\/?page_id=6719"},"modified":"2019-11-03T16:20:52","modified_gmt":"2019-11-03T15:20:52","slug":"2018","status":"publish","type":"page","link":"https:\/\/tsvkuppingen.de\/lauftreff\/site\/?page_id=6719","title":{"rendered":"2018"},"content":{"rendered":"<\/p>\n<p>31.12.2018 <a href=\"https:\/\/www.dropbox.com\/sh\/bag7weriopt0lwz\/AACClsDlaMqYXbe-0MAJaHVKa?dl=0\" target=\"_blank\">Silvesterlauf<\/a><\/p>\n<p>16.12.2018 <a href=\"https:\/\/www.dropbox.com\/sh\/5nt2a7pwm0sanvn\/AAB2eeWnCg9dEvBiZzU79h7wa?dl=0\" target=\"_blank\">Rheinzabern<\/a> &#8211; Winterlaufserie 10 km <\/p>\n<p>01.12.2018 <a href=\"https:\/\/www.dropbox.com\/sh\/iqbrwai15rzcmjf\/AACF2jMdi8xPr9K4Xt0TiQ8Ua?dl=0\" target=\"_blank\">Gl\u00fchweinlauf<\/a><\/p>\n<p>27.10.2018 <a href=\"https:\/\/www.dropbox.com\/sh\/zun1za6a6l5ah73\/AAC0DN_K6KxNcHtFvb4dPKqVa?dl=0\" target=\"_blank\">25 Jahre TSV Kuppingen Lauftreff <\/a> &#8211; Jubil\u00e4umsfeier in der Kuppinger Gemeindehalle<\/p>\n<p>27.10.2018 <a href=\"https:\/\/www.dropbox.com\/sh\/lneflhgw3p6yndl\/AAAPthbz5uI51N3K35U4WDmQa?dl=0\" target=\"_blank\">25 Jahre Sch\u00f6nbuch-Cup <\/a> &#8211; Siegerehrung und Party in Dagersheim<\/p>\n<p>22.10.2018 <a href=\"https:\/\/www.dropbox.com\/sh\/jcta8zd8mgsxm6w\/AAAoDdJ2QTBkdt2b1gXopJB4a?dl=0\" target=\"_blank\">Neuhengstett<\/a> &#8211; letzter Lauf zum Alb-Nagold-Enz-Cup<\/p>\n<p>13.10.2018 <a href=\"https:\/\/www.dropbox.com\/sh\/bpw291nzwhka5b2\/AAC318MQhmISH_K6Tk7HfTT2a?dl=0\" target=\"_blank\">Mondf\u00e4ngerlauf<\/a><\/p>\n<p>07.10.2018 <a href=\"https:\/\/www.dropbox.com\/sh\/lpfgcv2751ll5pt\/AADMiXK5Kdh2falrZqfW5Sg2a?dl=0\" target=\"_blank\">Hildrizhausen<\/a> &#8211; 25 km Sch\u00f6nbuch-Lauf<\/p>\n<p>29.09.2018 <a href=\"https:\/\/www.dropbox.com\/sh\/fqptraxd602zrt3\/AABXPecNUIKT8xzHmIo9W4KBa?dl=0\" target=\"_blank\">Bad Wildbad<\/a> &#8211; Alb-Nagold-Enz-Cup<\/p>\n<p>22.09.2018 <a href=\"https:\/\/www.dropbox.com\/sh\/lytgxladh7zmne9\/AADV5bQ8kNiSyMZVgNegxB7Ma?dl=0\" target=\"_blank\">Heim(at)werkerfestle<\/a><\/p>\n<p>08.09.2018 <a href=\"https:\/\/www.dropbox.com\/sh\/n05xhxy28k8cbfw\/AADlsKXvmRhhMDPJWTFi0xq1a?dl=0\" target=\"_blank\">Dagersheim<\/a> &#8211; Speed race<\/p>\n<p>07.07.2018 <a href=\"https:\/\/www.dropbox.com\/sh\/3cw0cbld5cicr8s\/AACB2m-G4ZS0ahcrC2vZHN9ma?dl=0\" target=\"_blank\">Drachenboot Wochenende am Bodensee<\/a><\/p>\n<p>01.07.2018 <a href=\"https:\/\/www.dropbox.com\/sh\/r8ltu2okwwwqu1v\/AAByqonx9alkhe-jjCjiuV1Ga?dl=0\" target=\"_blank\"> Staffellauf nach Berlin<\/a><\/p>\n<p>06.05.2018 <a href=\"https:\/\/www.dropbox.com\/sh\/5zvl1k36cijr2oh\/AACnalKOfU7nxL2VRo5EpATwa?dl=0\" target=\"_blank\">Sindelfingen<\/a> &#8211; Werkstadt-Lauf<\/p>\n<p>05.05.2018 <a href=\"https:\/\/www.dropbox.com\/sh\/k6c95b0ej9mujpm\/AADNSpx4EneLjvAXF1h2pcHEa?dl=0\" target=\"_blank\">Zigeunerberglauf &#8211; reloaded<\/a><\/p>\n<p>29.04.2018 <a href=\"https:\/\/www.dropbox.com\/sh\/znimd59z46rh3tk\/AADI789PZlXsvXrxG6cElD90a?dl=0\" target=\"_blank\">Sch\u00f6nbuch-Trophy<\/a><\/p>\n<p>15.04.2018 <a href=\"https:\/\/www.dropbox.com\/sh\/960cgfjttoy8cpd\/AABwMzpsprfB-wn17Y6AD6lEa?dl=0\" target=\"_blank\">Weil der Stadt<\/a> &#8211; Riedlauf<\/p>\n<p>23.02.2018 <a href=\"https:\/\/www.dropbox.com\/sh\/hv3u989l1c7sqss\/AADDVzPYsafshJSKCangd8Q3a?dl=0\" target=\"_blank\">Jahreshauptversammlung Lauftreff<\/a><\/p>\n<p>28.01.2018 <a href=\"https:\/\/www.dropbox.com\/sh\/1l2wxiiufrrjrqa\/AADs-fpviP1R0ZsQeWSGS58za?dl=0\" target=\"_blank\">Feldberg<\/a> &#8211; Schneeschuhwanderung<br \/>\n<!-- eckige Klammer auf album id=26 template=compact eckige Klammer zu --><\/p>\n","protected":false},"excerpt":{"rendered":"<p>31.12.2018 Silvesterlauf 16.12.2018 Rheinzabern &#8211; Winterlaufserie 10 km 01.12.2018 Gl\u00fchweinlauf 27.10.2018 25 Jahre TSV Kuppingen Lauftreff &#8211; Jubil\u00e4umsfeier in der Kuppinger Gemeindehalle 27.10.2018 25 Jahre Sch\u00f6nbuch-Cup &#8211; Siegerehrung und Party in Dagersheim 22.10.2018 Neuhengstett &#8211; letzter Lauf zum Alb-Nagold-Enz-Cup 13.10.2018 Mondf\u00e4ngerlauf 07.10.2018 Hildrizhausen &#8211; 25 km Sch\u00f6nbuch-Lauf 29.09.2018 Bad Wildbad &#8211; Alb-Nagold-Enz-Cup 22.09.2018 Heim(at)werkerfestle 08.09.2018 [&hellip;]<\/p>\n","protected":false},"author":4,"featured_media":0,"parent":99,"menu_order":90,"comment_status":"open","ping_status":"open","template":"","meta":{"ngg_post_thumbnail":0,"footnotes":""},"class_list":["post-6719","page","type-page","status-publish","hentry"],"_links":{"self":[{"href":"https:\/\/tsvkuppingen.de\/lauftreff\/site\/index.php?rest_route=\/wp\/v2\/pages\/6719","targetHints":{"allow":["GET"]}}],"collection":[{"href":"https:\/\/tsvkuppingen.de\/lauftreff\/site\/index.php?rest_route=\/wp\/v2\/pages"}],"about":[{"href":"https:\/\/tsvkuppingen.de\/lauftreff\/site\/index.php?rest_route=\/wp\/v2\/types\/page"}],"author":[{"embeddable":true,"href":"https:\/\/tsvkuppingen.de\/lauftreff\/site\/index.php?rest_route=\/wp\/v2\/users\/4"}],"replies":[{"embeddable":true,"href":"https:\/\/tsvkuppingen.de\/lauftreff\/site\/index.php?rest_route=%2Fwp%2Fv2%2Fcomments&post=6719"}],"version-history":[{"count":29,"href":"https:\/\/tsvkuppingen.de\/lauftreff\/site\/index.php?rest_route=\/wp\/v2\/pages\/6719\/revisions"}],"predecessor-version":[{"id":7256,"href":"https:\/\/tsvkuppingen.de\/lauftreff\/site\/index.php?rest_route=\/wp\/v2\/pages\/6719\/revisions\/7256"}],"up":[{"embeddable":true,"href":"https:\/\/tsvkuppingen.de\/lauftreff\/site\/index.php?rest_route=\/wp\/v2\/pages\/99"}],"wp:attachment":[{"href":"https:\/\/tsvkuppingen.de\/lauftreff\/site\/index.php?rest_route=%2Fwp%2Fv2%2Fmedia&parent=6719"}],"curies":[{"name":"wp","href":"https:\/\/api.w.org\/{rel}","templated":true}]}}