{"id":6732,"date":"2018-02-10T00:11:05","date_gmt":"2018-02-09T22:11:05","guid":{"rendered":"http:\/\/tsvkuppingen.de\/lauftreff\/site\/?page_id=6732"},"modified":"2018-02-10T00:11:05","modified_gmt":"2018-02-09T22:11:05","slug":"pressebricht-gaubote-2005","status":"publish","type":"page","link":"https:\/\/tsvkuppingen.de\/lauftreff\/site\/?page_id=6732","title":{"rendered":"Pressebricht G\u00c4UBOTE 2005"},"content":{"rendered":"<p>Herrenberger Altstadtlauf<\/p>\n<p>logo-klein.jpg (26908 Byte)<\/p>\n<p>100 Kilometer<\/p>\n<p>Altstadtlauf<\/p>\n<p>Herrenberg<\/p>\n<p>Sonntag, 19. Juni 2005, Staffellauf<\/p>\n<p>Veranstalter:- Gewerbeverein Herrenberg e.V.<br \/>\n                  &#8211; TSV Kuppingen<br \/>\n                  &#8211; Herrenberger Gastronomen<\/p>\n<p>Ergebnisse:<\/p>\n<p>&#8211; Gesamtergebnis Staffeln<\/p>\n<p>&#8211; Gesamtergebnis Staffeln mit Einzel-Rundenzeiten<\/p>\n<p>&#8211; Einzel-Rundenzeiten nach Zeit<\/p>\n<p>&#8211; Einzel-Rundenzeiten nach Teilnehmern<\/p>\n<p>&#8211; Anzahl Runden pro Teilnehmer<\/p>\n<p>Presseberichte\/Sonstiges:<\/p>\n<p>&#8211; Pressebericht aus dem &#8222;G\u00e4ubote&#8220; (Mo. 20.06.2005): Auf dem ersten Platz: Der Altstadtlauf<\/p>\n<p>&#8211; Pressebericht aus dem &#8222;G\u00e4ubote&#8220; (Mo. 20.06.2005): Nur einige Pflaster ben\u00f6tigt: Alle sind gesund geblieben<\/p>\n<p>&#8211; Streckenverlauf<\/p>\n<p>&#8211; Ausschreibung, Teilnahmebedingungen, Anmeldeliste, etc.<\/p>\n<p>Pressebericht aus dem &#8222;G\u00e4ubote&#8220; (Mo. 20.06.2005):<\/p>\n<p>Auf dem ersten Platz: Der Altstadtlauf<\/p>\n<p>Herrenberg. Das Res\u00fcmee passt zum gestrigen Wetter: Ganz viel Licht und so gut wie kein Schatten. Die Organisatoren, H\u00e4ndler, L\u00e4ufer und Zuschauer sind \u00fcberaus zufrieden mit dem ersten 100-Kilometer Altstadtlauf in Herrenberg und dem angeschlossenen verkaufsoffenen Sonntag. &#8222;Das schreit nach einer Wiederholung&#8220;, findet Achim Gack, Vorsitzender des Gewerbevereins. Zwischenf\u00e4lle gab es zumindest bis zum fr\u00fchen Abend gar keine.<\/p>\n<p>Ob es die von Gack geforderte Neuauflage geben wird? Die Organisatoren aus dem Dunstkreis des Kuppinger Lauftreffs um Markus Speer, Albrecht Mayer und Erich Kienle (siehe Interview mit Markus Speer auf dieser Seite) h\u00fcllen sich in Schweigen. &#8222;Die L\u00e4ufer waren alle voll des Lobes. Ich habe von keinen besonderen Vorkommnissen im negativen Sinne geh\u00f6rt. Viele haben mich gefragt, wann es eine Neuauflage geben wird&#8220;, berichtete Albrecht Mayer unmittelbar nach Beendigung des Rennens gegen\u00fcber dem &#8222;G\u00e4ubote&#8220;.<\/p>\n<p>Aber: Festlegen, das will sich Mayer trotz aller Lobeshymnen nicht. Noch nicht. Erstmal alles vollends \u00fcber die B\u00fchne bringen. Dann intern Man\u00f6verkritik \u00fcben. Und anschlie\u00dfend sich setzen lassen. Zumal so ein Lauf nicht nur f\u00fcr die L\u00e4ufer anstrengend ist, sondern auch f\u00fcr die Organisatoren, die das schlie\u00dflich neben ihren eigentlichen Berufen aus dem Boden gestampft haben und die beinahe unz\u00e4hligen freiwilligen Helfer. &#8222;Mit denen m\u00fcssen wir in der Nachbearbeitung nat\u00fcrlich reden. Die meisten kommen vom TSV Kuppingen und helfen ja auch noch beim Zigeunerberglauf.&#8220;<\/p>\n<p>Toll findet Albrecht Mayer auch, dass sich so mancher Herrenberger, der entlang der Laufstrecke wohnt, etwas Besonderes einfallen lie\u00df zur Feier des Tages: &#8222;Da war einiges gebacken. Beispielsweise haben welche die L\u00e4ufer zur Abk\u00fchlung mit Wasser bespritzt, wenn die damit einverstanden waren. Oder ein anderer hat seine Garage ge\u00f6ffnet und einfach Musik gemacht.&#8220; An diesen Bereich k\u00f6nne man das n\u00e4chste Mal rangehen und noch mehr machen, findet der Kuppinger. Hoppla, ein Versprecher? Also doch ein n\u00e4chstes Mal? &#8222;Eines ist sicher: Im kommenden Jahr zumindest wird es keinen Altstadtlauf geben.&#8220; Zu mehr l\u00e4sst sich der Hobbyl\u00e4ufer dann doch nicht hinrei\u00dfen.<\/p>\n<p>Das werden die H\u00e4ndler nicht unbedingt gerne h\u00f6ren. Denn die meisten stehen dem Event nach seiner ersten Auflage ohne Frage \u00fcberaus wohlwollend gegen\u00fcber auch wenn die Hitze f\u00fcr weniger Frequenz in den Altstadtgassen gesorgt haben mag, als sich so mancher im Vorfeld erhofft hatte. Zeitweise vor allem nach dem ersten Schwung nach den Laden\u00f6ffnungen um 12 Uhr tat sich in den Verkaufsr\u00e4umen der H\u00e4ndler und Dienstleister wenig. Aber wie sagte Organisator Markus Speer im Vorfeld des Spektakels? Altstadtlauf und verkaufsoffener Sonntag seien in erster Linie als Werbeplattform f\u00fcr die Stadt und ihre H\u00e4ndler zu sehen und nicht als Verkaufsveranstaltung. Dass diese Rechnung aus Marketing-Sicht aufgehen k\u00f6nnte, daran zweifelt Achim Gack nicht: &#8222;Ich bin davon \u00fcberzeugt, dass die Verk\u00e4ufe in den kommenden Wochen dann get\u00e4tigt werden.&#8220; Dieses Fazit ziehen auch die meisten H\u00e4ndler und Dienstleister.<\/p>\n<p>Der Tenor der Sportler und der Zaung\u00e4ste f\u00e4llt nicht weniger positiv aus. &#8222;Das hier ist ein oberchefm\u00e4\u00dfiges Event&#8220;, findet der Herrenberger Ralph Adensam, &#8222;das ist einfach genial. So etwas tut Herrenberg sehr gut.&#8220; F\u00fcr Adensam gibt es da gar keine Frage: &#8222;Der 100-Kilometer-Altstadtlauf muss auf jeden Fall wiederholt werden.&#8220; Es sei doch &#8222;einfach sch\u00f6n&#8220;, dass sich derma\u00dfen viele Leute engagierten, dass so viele Leute mitmachten.<\/p>\n<p>Sch\u00f6n auch, dass weder das Deutsche Rote Kreuz noch die Polizei oder die Feuerwehr bis zum Abend von negativen Zwischenf\u00e4llen wissen: kein Sportler musste mit ernsthaften Verletzungen behandelt werden; kein Zuschauer erlitt Blessuren. Und der Verkehr, der rollte wie eh und je durch die G\u00e4ustadt von den Sperrungen im unmittelbaren Innenstadtbereich nat\u00fcrlich abgesehen. &#8222;Es war absolut nichts. Ein ganz ruhiger Sonntag&#8220;, teilte das Herrenberger Polizeirevier gegen\u00fcber dem &#8222;G\u00e4ubote&#8220; mit. Vielleicht, weil die Sicherheitsbeamten w\u00e4hrend der Veranstaltung recht stark vertreten waren allerdings eher auf der Laufstrecke als abseits: Denn das Polizeirevier stellte ein eigenes Laufteam und kam auf einen respektablen 33. Platz.<\/p>\n<p>Auf den ersten Platz schaffte es der haushohe Favorit: Das &#8222;Stahl Sport Shop Team&#8220; des Laufsportgurus Axel Stahl, der \u00fcbrigens moderierte, rang alle anderen Mannschaften klar nieder.<\/p>\n<p>nach oben<\/p>\n<p>Pressebericht aus dem &#8222;G\u00e4ubote&#8220; (Mo. 20.06.2005):<\/p>\n<p>Nur einige Pflaster ben\u00f6tigt: &#8222;Alle sind gesund geblieben&#8220;<\/p>\n<p>Organisator Markus Speer zieht eine positive Bilanz: &#8222;Ich bin hochzufrieden&#8220;<\/p>\n<p>mspeer.jpg (26309 Byte)<\/p>\n<p>GB-Foto: B\u00e4uerle<\/p>\n<p>Herrenberg. Sein wei\u00dfes Organisatoren-Hemd ist durchgeschwitzt, nur mit viel M\u00fche schafft es Markus Speer, f\u00fcnf Minuten auf der Stelle zu stehen. Der Altstadtlauf-Organisator ist auch nach dem Rennen noch im Stress, er muss zur Siegerehrung. Und nimmt sich vorher doch die Zeit, um im &#8222;G\u00e4ubote&#8220;-Interview eine erste Bilanz der Gro\u00dfveranstaltung zu ziehen: &#8222;Super Stimmung. Und am wichtigsten war, dass alle gesund geblieben sind.&#8220;<\/p>\n<p>&#8222;G\u00e4ubote&#8220;: Alle Teilnehmer sind im Ziel. Wie ist es gelaufen?<\/p>\n<p>Markus Speer: &#8222;Ich bin hochzufrieden, es war eine super Veranstaltung. Die Organisation ist sehr gut gewesen, sogar der Startschuss fiel p\u00fcnktlich. Es gab keine Zwischenf\u00e4lle, stattdessen eine Riesenstimmung unter den L\u00e4ufern.&#8220;<\/p>\n<p>Trotz der hohen Temperaturen.?<\/p>\n<p>&#8222;Es ist f\u00fcr L\u00e4ufer sicher um ein paar Grad zu warm gewesen. Deshalb war am wichtigsten, dass alle gesund geblieben sind. Es hat sich auch keiner ernsthaft verletzt, au\u00dfer ein paar Pflastern wurde nichts ben\u00f6tigt.&#8220;<\/p>\n<p>Wie viele Zuschauer waren in der Stadt?<\/p>\n<p>&#8222;Keine Ahnung. An der Strecke war auf jeden Fall eine tolle Atmosph\u00e4re. Doch es h\u00e4tten sicherlich ein paar Leute mehr sein d\u00fcrfen, viele waren halt stattdessen lieber im Freibad. Dennoch: Bei unserer Veranstaltung hat alles geklappt, deshalb k\u00f6nnen auch alle zufrieden sein.&#8220;<\/p>\n<p>Sie waren stundenlang als Sprecher am Mikrofon. Was war Ihr lustigster Satz?<\/p>\n<p>&#8222;Das ist bestimmt ein Verhaspler gewesen, den ich jetzt aber nicht mehr zitieren kann. Das habe ich verdr\u00e4ngt.&#8220;<\/p>\n<p>Was waren die spektakul\u00e4rsten Dinge beim Herrenberger Altstadtlauf?<\/p>\n<p>&#8222;Das sind sicher die Rampe und die Treppe gewesen.&#8220;<\/p>\n<p>An der &#8222;G\u00e4ubote&#8220;-Rampe soll es einen h\u00f6chst interessanten Stabilit\u00e4ts-Test gegeben haben.<\/p>\n<p>&#8222;Richtig. Am Samstag, als die Rampe stand, bin ich mit Ger\u00fcstbauer J\u00fcrgen Postweiler in einer Mercedes-M-Klasse dr\u00fcbergefahren. Die Rampe hat nicht einen Millimeter nachgegeben. Da wussten wir: Sie h\u00e4lt die L\u00e4ufer ganz sicher aus.&#8220;<\/p>\n<p>Was h\u00e4tten Sie gemacht, wenn die Rampe etwas weniger stabil gewesen w\u00e4re?<\/p>\n<p>&#8222;Es war das Auto von J\u00fcrgen Postweiler. Er hat gesagt: Dann habe ich beim Aufbau einen Fehler gemacht und bin selbst schuld.&#8220;<\/p>\n<p>Was m\u00fcssen Sie f\u00fcr den zweiten Altstadtlauf in einem Jahr ver\u00e4ndern?<\/p>\n<p>&#8222;Ein paar M\u00fclleimer mehr besorgen. Ansonsten w\u00fcsste ich nichts.&#8220;<\/p>\n<p>Es wird also eine Neuauflage geben?<br \/>\n&#8222;Da muss ich erst zwei N\u00e4chte dr\u00fcber schlafen. Grunds\u00e4tzlich gilt, dass wir Organisatoren uns erst zur Man\u00f6verkritik treffen m\u00fcssen. Wir werden uns fragen, ob sich der gro\u00dfe Aufwand gelohnt hat. Dann wird entschieden, wies weitergeht.&#8220;<\/p>\n<p>Wie viele Jahre oder Monate Ihres Lebens hat Sie der Altstadtlauf gekostet?<\/p>\n<p>&#8222;Ich war in der letzten Woche beim Friseur, der mir gesagt hat, dass an der Anzahl meiner neuen grauen Haare deutlich zu sehen sei, dass ich den Altstadtlauf organisiere. Der Aufwand war schon immens, ohne die vielen ehrenamtlichen Helfer w\u00e4re das nicht gegangen.&#8220;<\/p>\n<p>K\u00f6nnten Sie sich vorstellen, mit Ihrem Organisations-Team eine solche Veranstaltung nochmals zu stemmen?<\/p>\n<p>&#8222;Ja. Die monatelange Planung und die Zusammenarbeit von TSV Kuppingen und Gewerbeverein waren hervorragend. Dieses Team ist zusammengestanden, jedes Problem wurde erst diskutiert und dann gel\u00f6st. Das Ergebnis war, dass wir alles gebacken bekommen haben.&#8220;<\/p>\n<p>Es gab schon f\u00fcr diesen Lauf eine Warteliste. W\u00e4re es vorstellbar, mit mehr als 100 Mannschaften ins Rennen zu gehen?<\/p>\n<p>&#8222;Schon am 20. Mai war die Veranstaltung voll, das zeigt die tolle Resonanz. Dennoch war die Deckelung bei 100 Teams richtig, die Veranstaltung st\u00f6\u00dft auch so schon an die Grenze des Machbaren. Ich habe lieber Qualit\u00e4t als Quantit\u00e4t. Wenn 20 oder 25 Mannschaften mehr dabei sind und es klappt dann nicht, h\u00e4tten wir auch nichts davon.&#8220;<\/p>\n<p>nach oben<\/p>\n<p>strecke30.jpg (80322 Byte)<\/p>\n<p>nach oben<\/p>\n","protected":false},"excerpt":{"rendered":"<p>Herrenberger Altstadtlauf logo-klein.jpg (26908 Byte) 100 Kilometer Altstadtlauf Herrenberg Sonntag, 19. Juni 2005, Staffellauf Veranstalter:- Gewerbeverein Herrenberg e.V. &#8211; TSV Kuppingen &#8211; Herrenberger Gastronomen Ergebnisse: &#8211; Gesamtergebnis Staffeln &#8211; Gesamtergebnis Staffeln mit Einzel-Rundenzeiten &#8211; Einzel-Rundenzeiten nach Zeit &#8211; Einzel-Rundenzeiten nach Teilnehmern &#8211; Anzahl Runden pro Teilnehmer Presseberichte\/Sonstiges: &#8211; Pressebericht aus dem &#8222;G\u00e4ubote&#8220; (Mo. 20.06.2005): Auf [&hellip;]<\/p>\n","protected":false},"author":4,"featured_media":0,"parent":30,"menu_order":0,"comment_status":"open","ping_status":"open","template":"","meta":{"ngg_post_thumbnail":0,"footnotes":""},"class_list":["post-6732","page","type-page","status-publish","hentry"],"_links":{"self":[{"href":"https:\/\/tsvkuppingen.de\/lauftreff\/site\/index.php?rest_route=\/wp\/v2\/pages\/6732","targetHints":{"allow":["GET"]}}],"collection":[{"href":"https:\/\/tsvkuppingen.de\/lauftreff\/site\/index.php?rest_route=\/wp\/v2\/pages"}],"about":[{"href":"https:\/\/tsvkuppingen.de\/lauftreff\/site\/index.php?rest_route=\/wp\/v2\/types\/page"}],"author":[{"embeddable":true,"href":"https:\/\/tsvkuppingen.de\/lauftreff\/site\/index.php?rest_route=\/wp\/v2\/users\/4"}],"replies":[{"embeddable":true,"href":"https:\/\/tsvkuppingen.de\/lauftreff\/site\/index.php?rest_route=%2Fwp%2Fv2%2Fcomments&post=6732"}],"version-history":[{"count":1,"href":"https:\/\/tsvkuppingen.de\/lauftreff\/site\/index.php?rest_route=\/wp\/v2\/pages\/6732\/revisions"}],"predecessor-version":[{"id":6733,"href":"https:\/\/tsvkuppingen.de\/lauftreff\/site\/index.php?rest_route=\/wp\/v2\/pages\/6732\/revisions\/6733"}],"up":[{"embeddable":true,"href":"https:\/\/tsvkuppingen.de\/lauftreff\/site\/index.php?rest_route=\/wp\/v2\/pages\/30"}],"wp:attachment":[{"href":"https:\/\/tsvkuppingen.de\/lauftreff\/site\/index.php?rest_route=%2Fwp%2Fv2%2Fmedia&parent=6732"}],"curies":[{"name":"wp","href":"https:\/\/api.w.org\/{rel}","templated":true}]}}