{"id":7239,"date":"2018-10-15T20:25:21","date_gmt":"2018-10-15T18:25:21","guid":{"rendered":"http:\/\/tsvkuppingen.de\/lauftreff\/site\/?page_id=7239"},"modified":"2019-10-18T20:25:22","modified_gmt":"2019-10-18T18:25:22","slug":"13-10-2018","status":"publish","type":"page","link":"https:\/\/tsvkuppingen.de\/lauftreff\/site\/?page_id=7239","title":{"rendered":"13.10.2018"},"content":{"rendered":"<p><strong>Besonders gute Stimmung beim 10. Kuppinger Mondf\u00e4ngerlauf<\/strong><\/p>\n<p>Das Wetter spielte dem Kuppinger Lauftreff und all den Stimmungsnestle voll in die Karten! Viele L\u00e4uferinnen und L\u00e4ufer und zahlreiche Besucherinnen und Besucher auf der Strecke toppten alles bisher Dagewesene.<\/p>\n<p><strong>Der erste runde Geburtstag konnte so zu einem kleinen Fest werden. <\/strong><\/p>\n<p>Die Resonanz der Sportler ist durchweg positiv und oft wird das au\u00dferordentliche, ehrenamtliche Engagement aller Beteiligten bestaunt. Nachdem Andreas Raff, ein L\u00e4ufer aus Filderstadt, wieder zuhause war, bedankt er sich per email mit den Worten: \u201e\u2026ich muss wirklich sagen: was ihr da auf die Beine gestellt habt, war wirklich der absolute Hammer. Ich laufe jetzt seit \u00fcber zehn Jahren \u2013 aber was ich heute erleben durfte, war wirklich mit keinem anderen Lauf zu vergleichen. Ein ganz gro\u00dfes Lob an alle Organisatoren und an die Kuppinger Bev\u00f6lkerung, die den Lauf zu etwas Unvergesslichem gemacht haben. Ab jetzt ist der Kuppinger Mondf\u00e4ngerlauf f\u00fcr mich ein Pflichttermin. Vielen Dank nochmals und bis n\u00e4chstes Jahr.\u201c<\/p>\n<p>Ein Dank, den der Kuppinger Lauftreff gerne weitergibt!<\/p>\n<p><strong>Einzigartig ! \u2013 Die Stimmungsnestle<\/strong><br \/>\nNeben der Tatsache, dass ein Nachtlauf etwas ganz Besonderes ist, ist auch die Tatsache, dass auf der Strecke ausgelassene Fan-Stimmung herrscht einzigartig. Mit der Krone, dem Musikverein, der ev. methodischen Kirche, dem Treff am Eck, dem F\u00f6rderverein Fu\u00dfball, der ev. Kirchengemeinde und nat\u00fcrlich auch im Start- und Zielbereich haben wir im ganzen Ort Topp-Stimmung. DAS findet man sonst nur bei Marathon-Veranstaltungen. Auch private Dekorationen und Beleuchtungen an diversen Streckenabschnitten werden von den L\u00e4ufern wahrgenommen und gesch\u00e4tzt. Herzlichen Dank an dieser Stelle f\u00fcr die geniale Zusammenarbeit, das pers\u00f6nliche Engagement und das unkomplizierte Miteinander! <\/p>\n<p><strong>Dank der Helfer und den Sponsoren klappt\u2018s<\/strong><br \/>\nJahr f\u00fcr Jahr greifen die Zahnr\u00e4dchen beim Mondf\u00e4ngerlauf ineinander. Sponsoren unterst\u00fctzen gerne und viele treue Helfer bilden ein gro\u00dfartiges Team!<br \/>\nDas gr\u00f6\u00dfte Dankesch\u00f6n geht an alle Helfer des Lauftreffs. Ohne dieses schaffensfrohe Team w\u00e4re ein Lauf dieser Kategorie nicht m\u00f6glich. Danke auch den FFW Affst\u00e4tt und Kuppingen f\u00fcr die professionelle Ausleuchtung, den Sponsoren f\u00fcr alle Unterst\u00fctzung, dem DRK, der Polizei und besonders auch der Stadt Herrenberg.<br \/>\nDanke allen Kuppingern dass sie sich so mitrei\u00dfen und begeistern lassen. Danke ebenfalls f\u00fcr das breite Verst\u00e4ndnis, dass der Lauftreff einmal im Jahr f\u00fcr 2 Stunden den Flecken zur autofreien Zone macht. Wir wissen, dass das nicht immer einfach ist und sind sehr dankbar f\u00fcr alle Unterst\u00fctzung! <\/p>\n<p><strong>Ein L\u00e4uferbandwurm zieht sich durch Kuppingen<\/strong><br \/>\nDass das Teilnehmerfeld des Hauptlaufs ein gro\u00dfes war, liegt an einem starken Juniorenfeld und auch an den L\u00e4uferinnen und L\u00e4ufern, die das Angebot nutzten \u201enur\u201c zwei Runden zu laufen. Mit \u00fcber 550 Sportbegeisterten auf der Stra\u00dfe ist die Resonanz zum Vorjahr um mehr als 10 % gestiegen.<\/p>\n<p>F\u00fcr die drei Runden ben\u00f6tigte der schnellste L\u00e4ufer gerade mal 32:49 Minuten! Die in Kuppingen besondere Stimmung k\u00f6nnen die L\u00e4uferinnen und L\u00e4ufer l\u00e4nger genie\u00dfen, die sich doppelt so viel Zeit f\u00fcr die 10 Kilometer genommen haben.<\/p>\n<p>Auch so manche Helfer des TSVs haben sich die besondere Stimmung des Laufs geg\u00f6nnt f\u00fcr dessen Erfolg sie vor bzw. nach ihren Arbeitseins\u00e4tzen mit verantwortlich waren.<\/p>\n","protected":false},"excerpt":{"rendered":"<p>Besonders gute Stimmung beim 10. Kuppinger Mondf\u00e4ngerlauf Das Wetter spielte dem Kuppinger Lauftreff und all den Stimmungsnestle voll in die Karten! Viele L\u00e4uferinnen und L\u00e4ufer und zahlreiche Besucherinnen und Besucher auf der Strecke toppten alles bisher Dagewesene. Der erste runde Geburtstag konnte so zu einem kleinen Fest werden. Die Resonanz der Sportler ist durchweg positiv [&hellip;]<\/p>\n","protected":false},"author":4,"featured_media":0,"parent":32,"menu_order":99150000,"comment_status":"open","ping_status":"open","template":"","meta":{"ngg_post_thumbnail":0,"footnotes":""},"class_list":["post-7239","page","type-page","status-publish","hentry"],"_links":{"self":[{"href":"https:\/\/tsvkuppingen.de\/lauftreff\/site\/index.php?rest_route=\/wp\/v2\/pages\/7239","targetHints":{"allow":["GET"]}}],"collection":[{"href":"https:\/\/tsvkuppingen.de\/lauftreff\/site\/index.php?rest_route=\/wp\/v2\/pages"}],"about":[{"href":"https:\/\/tsvkuppingen.de\/lauftreff\/site\/index.php?rest_route=\/wp\/v2\/types\/page"}],"author":[{"embeddable":true,"href":"https:\/\/tsvkuppingen.de\/lauftreff\/site\/index.php?rest_route=\/wp\/v2\/users\/4"}],"replies":[{"embeddable":true,"href":"https:\/\/tsvkuppingen.de\/lauftreff\/site\/index.php?rest_route=%2Fwp%2Fv2%2Fcomments&post=7239"}],"version-history":[{"count":8,"href":"https:\/\/tsvkuppingen.de\/lauftreff\/site\/index.php?rest_route=\/wp\/v2\/pages\/7239\/revisions"}],"predecessor-version":[{"id":7538,"href":"https:\/\/tsvkuppingen.de\/lauftreff\/site\/index.php?rest_route=\/wp\/v2\/pages\/7239\/revisions\/7538"}],"up":[{"embeddable":true,"href":"https:\/\/tsvkuppingen.de\/lauftreff\/site\/index.php?rest_route=\/wp\/v2\/pages\/32"}],"wp:attachment":[{"href":"https:\/\/tsvkuppingen.de\/lauftreff\/site\/index.php?rest_route=%2Fwp%2Fv2%2Fmedia&parent=7239"}],"curies":[{"name":"wp","href":"https:\/\/api.w.org\/{rel}","templated":true}]}}