{"id":73,"date":"2009-05-11T21:44:21","date_gmt":"2009-05-11T19:44:21","guid":{"rendered":"http:\/\/tsvkuppingen.de\/lauftreff\/site\/?page_id=73"},"modified":"2021-09-24T21:43:56","modified_gmt":"2021-09-24T19:43:56","slug":"zeiten","status":"publish","type":"page","link":"https:\/\/tsvkuppingen.de\/lauftreff\/site\/?page_id=73","title":{"rendered":"Zeiten"},"content":{"rendered":"<\/p>\n<p><!--:de--><span style=\"color: #ff0000;\"><strong>Winterhalbjahr (Oktober \u2013 M\u00e4rz) <\/strong><\/span><\/p>\n<table style=\"text-align: left; width: 100%;\" border=\"0\" cellspacing=\"4\" cellpadding=\"2\">\n<tbody> <!--\n<trX\n\n\n<td style=\"vertical-align: top;\"X<strongXMontag:<\/strongX<\/tdX\n\n\n<td colspan=\"2\" align=\"undefined\" valign=\"undefined\"XWalking in unterschiedlichen Gruppen\nab 8:30 Uhr\nKuppingen, TSV Sportanlagen <a href=\"https:\/\/maps.google.de\/maps?f=d&amp;source=embed&amp;saddr=&amp;daddr=Kuppingen,+TSV%20Sportanlagen&amp;geocode=FYCf5QIdRWKGAA&amp;hl=de&amp;mra=mr&amp;sll=48.603177,8.806915&amp;sspn=0.015835,0.034976&amp;ie=UTF8&amp;ll=48.605163,8.806829&amp;spn=0.063339,0.139904&amp;z=13\"X(zur Karte)<\/aX<\/tdX\n<\/trX -->\n<tr>\n<td style=\"vertical-align: top;\"><strong>Dienstag:<\/strong><\/td>\n<td colspan=\"2\" align=\"undefined\" valign=\"undefined\"><a href=\"#hallentraining\">Hallentraining<\/a><br \/>\n19:45 \u2013 21:00 Uhr<br \/>\nKarl-Bissinger-Gemeindehalle <a href=\"https:\/\/maps.google.de\/maps?f=d&#038;source=s_d&#038;saddr=&#038;daddr=Kuppingen,+Gemeindehalle&#038;geocode=FUvF5QIdGtSGAA&#038;hl=de&#038;mra=mr&#038;sll=48.612328,8.840389&#038;sspn=0.007916,0.017488&#038;ie=UTF8&#038;ll=48.613789,8.835754&#038;spn=0.031664,0.069952&#038;z=14\">(zur Karte)<\/a><\/td>\n<\/tr>\n<tr>\n<td style=\"vertical-align: top;\"><strong>Mittwoch:<\/strong><\/td>\n<td colspan=\"2\" align=\"undefined\" valign=\"undefined\">Walking in unterschiedlichen Gruppen<br \/>\n16:00 &#8211; 17:00 Uhr<br \/>\nKuppingen, TSV Sportanlagen <a href=\"https:\/\/maps.google.de\/maps?f=d&amp;source=embed&amp;saddr=&amp;daddr=Kuppingen,+TSV%20Sportanlagen&amp;geocode=FYCf5QIdRWKGAA&amp;hl=de&amp;mra=mr&amp;sll=48.603177,8.806915&amp;sspn=0.015835,0.034976&amp;ie=UTF8&amp;ll=48.605163,8.806829&amp;spn=0.063339,0.139904&amp;z=13\">(zur Karte)<\/a><\/td>\n<\/tr>\n<tr>\n<td style=\"vertical-align: top;\"><strong>Samstag:<\/strong><\/td>\n<td colspan=\"2\" align=\"undefined\" valign=\"undefined\">Walking in unterschiedlichen Gruppen<br \/>\n16:00 &#8211; ~ 17:30 Uhr<br \/>\nKuppingen, TSV Sportanlagen <a href=\"https:\/\/maps.google.de\/maps?f=d&amp;source=embed&amp;saddr=&amp;daddr=Kuppingen,+TSV%20Sportanlagen&amp;geocode=FYCf5QIdRWKGAA&amp;hl=de&amp;mra=mr&amp;sll=48.603177,8.806915&amp;sspn=0.015835,0.034976&amp;ie=UTF8&amp;ll=48.605163,8.806829&amp;spn=0.063339,0.139904&amp;z=13\">(zur Karte)<\/a><\/td>\n<\/tr>\n<\/tbody>\n<\/table>\n<\/p>\n<p><span style=\"color: #ff0000;\"><strong>Sommerhalbjahr (April \u2013 September)<\/strong><\/span><\/p>\n<table style=\"text-align: left; width: 100%;\" border=\"0\" cellspacing=\"3\" cellpadding=\"2\">\n<tbody> <!--\n<trX\n\n\n<td style=\"vertical-align: top;\"X<strongXMontag:<\/strongX<\/tdX\n\n\n<td colspan=\"2\" align=\"undefined\" valign=\"undefined\"XWalking in unterschiedlichen Gruppen\nab 8:30 Uhr\nKuppingen, TSV Sportanlagen <a href=\"https:\/\/maps.google.de\/maps?f=d&amp;source=embed&amp;saddr=&amp;daddr=Kuppingen,+TSV%20Sportanlagen&amp;geocode=FYCf5QIdRWKGAA&amp;hl=de&amp;mra=mr&amp;sll=48.603177,8.806915&amp;sspn=0.015835,0.034976&amp;ie=UTF8&amp;ll=48.605163,8.806829&amp;spn=0.063339,0.139904&amp;z=13\"X (zur Karte)<\/aX<\/tdX \n<\/trX -->\n<tr>\n<td style=\"vertical-align: top;\"><strong>Mittwoch:<\/strong><\/td>\n<td colspan=\"2\" align=\"undefined\" valign=\"undefined\">Walking in unterschiedlichen Gruppen<br \/>\n19:00 \u2013 20:30 Uhr<br \/>\nKuppingen, TSV Sportanlagen <a href=\"https:\/\/maps.google.de\/maps?f=d&amp;source=embed&amp;saddr=&amp;daddr=Kuppingen,+TSV%20Sportanlagen&amp;geocode=FYCf5QIdRWKGAA&amp;hl=de&amp;mra=mr&amp;sll=48.603177,8.806915&amp;sspn=0.015835,0.034976&amp;ie=UTF8&amp;ll=48.605163,8.806829&amp;spn=0.063339,0.139904&amp;z=13\">(zur Karte)<\/a><\/td>\n<\/tr>\n<tr>\n<td style=\"vertical-align: top;\"><strong>Samstag:<\/strong><\/td>\n<td colspan=\"2\" align=\"undefined\" valign=\"undefined\">Walking in unterschiedlichen Gruppen<br \/>\n17:00 &#8211; ~ 18:30 Uhr<br \/>\nKuppingen, TSV Sportanlagen <a href=\"https:\/\/maps.google.de\/maps?f=d&amp;source=embed&amp;saddr=&amp;daddr=Kuppingen,+TSV%20Sportanlagen&amp;geocode=FYCf5QIdRWKGAA&amp;hl=de&amp;mra=mr&amp;sll=48.603177,8.806915&amp;sspn=0.015835,0.034976&amp;ie=UTF8&amp;ll=48.605163,8.806829&amp;spn=0.063339,0.139904&amp;z=13\">(zur Karte)<\/a><\/td>\n<\/tr>\n<\/tbody>\n<\/table>\n<p> <\/br><br \/>\nWeitere Termine nach Absprache<br \/>\nAnsprechpartnerin: <strong>Petra Mikolaizak<\/strong><br \/>\n<a name=\"hallentraining\"><\/a><br \/>\nAls Erg\u00e4nzung zum reinen Lauf- bzw. Walkingtraining werden in der Halle gezielt die vernachl\u00e4ssigten Muskelpartien im Schulter-, Arm-, Rumpf- und Bauchbereich gest\u00e4rkt. Gezielte Dehnungs- und Kr\u00e4ftigungsgymnastik und die Schulung der Koordination sind ein optimaler Ausgleich und helfen L\u00e4ufern und Walkern beweglicher zu bleiben.<!--:--><!--:en--><\/p>\n","protected":false},"excerpt":{"rendered":"<p>Winterhalbjahr (Oktober \u2013 M\u00e4rz) Dienstag: Hallentraining 19:45 \u2013 21:00 Uhr Karl-Bissinger-Gemeindehalle (zur Karte) Mittwoch: Walking in unterschiedlichen Gruppen 16:00 &#8211; 17:00 Uhr Kuppingen, TSV Sportanlagen (zur Karte) Samstag: Walking in unterschiedlichen Gruppen 16:00 &#8211; ~ 17:30 Uhr Kuppingen, TSV Sportanlagen (zur Karte) Sommerhalbjahr (April \u2013 September) Mittwoch: Walking in unterschiedlichen Gruppen 19:00 \u2013 20:30 Uhr [&hellip;]<\/p>\n","protected":false},"author":1,"featured_media":0,"parent":67,"menu_order":0,"comment_status":"open","ping_status":"open","template":"","meta":{"ngg_post_thumbnail":0,"footnotes":""},"class_list":["post-73","page","type-page","status-publish","hentry"],"_links":{"self":[{"href":"https:\/\/tsvkuppingen.de\/lauftreff\/site\/index.php?rest_route=\/wp\/v2\/pages\/73","targetHints":{"allow":["GET"]}}],"collection":[{"href":"https:\/\/tsvkuppingen.de\/lauftreff\/site\/index.php?rest_route=\/wp\/v2\/pages"}],"about":[{"href":"https:\/\/tsvkuppingen.de\/lauftreff\/site\/index.php?rest_route=\/wp\/v2\/types\/page"}],"author":[{"embeddable":true,"href":"https:\/\/tsvkuppingen.de\/lauftreff\/site\/index.php?rest_route=\/wp\/v2\/users\/1"}],"replies":[{"embeddable":true,"href":"https:\/\/tsvkuppingen.de\/lauftreff\/site\/index.php?rest_route=%2Fwp%2Fv2%2Fcomments&post=73"}],"version-history":[{"count":23,"href":"https:\/\/tsvkuppingen.de\/lauftreff\/site\/index.php?rest_route=\/wp\/v2\/pages\/73\/revisions"}],"predecessor-version":[{"id":192,"href":"https:\/\/tsvkuppingen.de\/lauftreff\/site\/index.php?rest_route=\/wp\/v2\/pages\/73\/revisions\/192"}],"up":[{"embeddable":true,"href":"https:\/\/tsvkuppingen.de\/lauftreff\/site\/index.php?rest_route=\/wp\/v2\/pages\/67"}],"wp:attachment":[{"href":"https:\/\/tsvkuppingen.de\/lauftreff\/site\/index.php?rest_route=%2Fwp%2Fv2%2Fmedia&parent=73"}],"curies":[{"name":"wp","href":"https:\/\/api.w.org\/{rel}","templated":true}]}}