{"id":7439,"date":"2019-01-02T23:10:09","date_gmt":"2019-01-02T22:10:09","guid":{"rendered":"http:\/\/tsvkuppingen.de\/lauftreff\/site\/?page_id=7439"},"modified":"2020-01-01T20:33:39","modified_gmt":"2020-01-01T19:33:39","slug":"2019","status":"publish","type":"page","link":"https:\/\/tsvkuppingen.de\/lauftreff\/site\/?page_id=7439","title":{"rendered":"2019"},"content":{"rendered":"<p><!-- ... au scho a bissle neugierig? :-) --><\/p>\n<p>31.12.2019 <a href=\"https:\/\/www.dropbox.com\/sh\/ajq6a42o6kpxoxo\/AAADodgVEeMWf9SaqVxdZ1kWa?dl=0\" target=\"_blank\">Silvesterlauf<\/a><\/p>\n<p>07.12.2019 <a href=\"https:\/\/www.dropbox.com\/sh\/daf3hnmjac6voad\/AADD-p-g0OsL2gmko7C7ilb1a?dl=0\" target=\"_blank\">Gl\u00fchweinlauf<\/a><\/p>\n<p>23.10.2019 <a href=\"https:\/\/www.dropbox.com\/sh\/jd9v4u2o4ccue5g\/AACJ_I6Ug9V4Iws-X3Q-lc1Qa?dl=0\" target=\"_blank\">Verabschiedung von Gabi, Peter und Roland<\/a><\/p>\n<p>12.10.2019 <a href=\"https:\/\/www.dropbox.com\/sh\/9fyd3o0dr69vlh5\/AAAYGCbr2ZxZ7MSSXFZJnRsja?dl=0\" target=\"_blank\">Mondf\u00e4ngerlauf<\/a><\/p>\n<p>06.10.2019 <a href=\"https:\/\/www.dropbox.com\/sh\/wtyyqbqsxsem6dk\/AADChLLGpmIeWOSFJBE0-CUva?dl=0\" target=\"_blank\">Bremen Marathon<\/a><\/p>\n<p>29.09.2019 <a href=\"https:\/\/www.dropbox.com\/sh\/vkpf1yc21023ljx\/AAAvLPE7DEpFplljp7R4Oqyra?dl=0\" target=\"_blank\">Berlin Marathon<\/a><\/p>\n<p>14.09.2019 <a href=\"https:\/\/www.dropbox.com\/sh\/pghm45vjiyu8grd\/AAAUfDRhtCexTAGI5FzN5N4Ka?dl=0\" target=\"_blank\">Dagersheimer Speed Race<\/a><\/p>\n<p>21.07.2019 <a href=\"https:\/\/www.dropbox.com\/sh\/boqq5lh3a24cnxi\/AACQAhobvtnmkx_2W4uaO59za?dl=0\" target=\"_blank\">B\u00f6blinger Stadtlauf<\/a><\/p>\n<p>29.06.2019 <a href=\"https:\/\/www.dropbox.com\/sh\/rhzpa5dl8y52vxr\/AACb_Pt_TibEw1KZIkP7g9c0a?dl=0\" target=\"_blank\">Altstadtlauf Herrenberg<\/a><\/p>\n<p>01.06.2019 <a href=\"https:\/\/www.dropbox.com\/sh\/rgm8ywfbkv4xdy1\/AABN6LTRsyNcjjOELZfYN-lDa?dl=0\" target=\"_blank\">Holzgerlinger Waldtrail<\/a><\/p>\n<p>05.05.2019 <a href=\"https:\/\/www.dropbox.com\/sh\/2rh6czrue4poe1w\/AAA7HCHe1n3yQ5kujA5Cefdva?dl=0\" target=\"_blank\">Sindelfinger Werkstadtlauf<\/a><\/p>\n<p>14.04.2019 <a href=\"https:\/\/www.dropbox.com\/sh\/9kwkpxrkr2oo9wq\/AAAhn0M0W32a80MbikfS_C7ja?dl=0\" target=\"_blank\">Riedlauf<\/a><\/p>\n<p>23.03.2019 <a href=\"https:\/\/www.dropbox.com\/sh\/pnvaxhi09ksivwz\/AADNxSx8TmBgda6IqbC8EKkia?dl=0\" target=\"_blank\">Vollmondlauf<\/a><\/p>\n<p>19.01.2019 <a href=\"https:\/\/www.dropbox.com\/sh\/kc4hwqtmg1s9sau\/AADVdKTe4vJbSxd_-7jZ9WMha?dl=0\" target=\"_blank\">Lauf um die Wurst<\/a><br \/>\n<!--  --><\/p>\n","protected":false},"excerpt":{"rendered":"<p>31.12.2019 Silvesterlauf 07.12.2019 Gl\u00fchweinlauf 23.10.2019 Verabschiedung von Gabi, Peter und Roland 12.10.2019 Mondf\u00e4ngerlauf 06.10.2019 Bremen Marathon 29.09.2019 Berlin Marathon 14.09.2019 Dagersheimer Speed Race 21.07.2019 B\u00f6blinger Stadtlauf 29.06.2019 Altstadtlauf Herrenberg 01.06.2019 Holzgerlinger Waldtrail 05.05.2019 Sindelfinger Werkstadtlauf 14.04.2019 Riedlauf 23.03.2019 Vollmondlauf 19.01.2019 Lauf um die Wurst<\/p>\n","protected":false},"author":4,"featured_media":0,"parent":99,"menu_order":89,"comment_status":"open","ping_status":"open","template":"","meta":{"ngg_post_thumbnail":0,"footnotes":""},"class_list":["post-7439","page","type-page","status-publish","hentry"],"_links":{"self":[{"href":"https:\/\/tsvkuppingen.de\/lauftreff\/site\/index.php?rest_route=\/wp\/v2\/pages\/7439","targetHints":{"allow":["GET"]}}],"collection":[{"href":"https:\/\/tsvkuppingen.de\/lauftreff\/site\/index.php?rest_route=\/wp\/v2\/pages"}],"about":[{"href":"https:\/\/tsvkuppingen.de\/lauftreff\/site\/index.php?rest_route=\/wp\/v2\/types\/page"}],"author":[{"embeddable":true,"href":"https:\/\/tsvkuppingen.de\/lauftreff\/site\/index.php?rest_route=\/wp\/v2\/users\/4"}],"replies":[{"embeddable":true,"href":"https:\/\/tsvkuppingen.de\/lauftreff\/site\/index.php?rest_route=%2Fwp%2Fv2%2Fcomments&post=7439"}],"version-history":[{"count":31,"href":"https:\/\/tsvkuppingen.de\/lauftreff\/site\/index.php?rest_route=\/wp\/v2\/pages\/7439\/revisions"}],"predecessor-version":[{"id":7551,"href":"https:\/\/tsvkuppingen.de\/lauftreff\/site\/index.php?rest_route=\/wp\/v2\/pages\/7439\/revisions\/7551"}],"up":[{"embeddable":true,"href":"https:\/\/tsvkuppingen.de\/lauftreff\/site\/index.php?rest_route=\/wp\/v2\/pages\/99"}],"wp:attachment":[{"href":"https:\/\/tsvkuppingen.de\/lauftreff\/site\/index.php?rest_route=%2Fwp%2Fv2%2Fmedia&parent=7439"}],"curies":[{"name":"wp","href":"https:\/\/api.w.org\/{rel}","templated":true}]}}